{"id":16818,"date":"2026-01-23T06:45:30","date_gmt":"2026-01-23T05:45:30","guid":{"rendered":"https:\/\/www.digiaccess.org\/produkty\/digi-pdfua\/"},"modified":"2026-02-16T02:46:27","modified_gmt":"2026-02-16T01:46:27","slug":"digi-pdfua","status":"publish","type":"page","link":"https:\/\/www.digiaccess.org\/cs\/produkty\/digi-pdfua\/","title":{"rendered":"digi-pdfUA"},"content":{"rendered":"\t\t<div data-elementor-type=\"wp-page\" data-elementor-id=\"16818\" class=\"elementor elementor-16818 elementor-15750\" data-elementor-post-type=\"page\">\n\t\t\t\t<div class=\"elementor-element elementor-element-9a2e16a e-flex e-con-boxed e-con e-parent\" data-id=\"9a2e16a\" data-element_type=\"container\" data-settings=\"{&quot;background_background&quot;:&quot;classic&quot;}\">\n\t\t\t\t\t<div class=\"e-con-inner\">\n\t\t<div class=\"elementor-element elementor-element-f11515e e-con-full e-flex e-con e-child\" data-id=\"f11515e\" data-element_type=\"container\">\n\t\t\t\t<div class=\"elementor-element elementor-element-e304611 elementor-widget elementor-widget-heading\" data-id=\"e304611\" data-element_type=\"widget\" data-widget_type=\"heading.default\">\n\t\t\t\t<div class=\"elementor-widget-container\">\n\t\t\t\t\t<h1 class=\"elementor-heading-title elementor-size-default\">digi-pdfUA<\/h1>\t\t\t\t<\/div>\n\t\t\t\t<\/div>\n\t\t\t\t<div class=\"elementor-element elementor-element-83e9e72 elementor-widget elementor-widget-heading\" data-id=\"83e9e72\" data-element_type=\"widget\" data-widget_type=\"heading.default\">\n\t\t\t\t<div class=\"elementor-widget-container\">\n\t\t\t\t\t<h4 class=\"elementor-heading-title elementor-size-default\">P\u0159ipravte p\u0159\u00edstupn\u00e9 soubory PDF. Zajist\u011bte p\u0159\u00edstupnost. <\/h4>\t\t\t\t<\/div>\n\t\t\t\t<\/div>\n\t\t\t\t<div class=\"elementor-element elementor-element-193f1ef elementor-widget elementor-widget-text-editor\" data-id=\"193f1ef\" data-element_type=\"widget\" data-widget_type=\"text-editor.default\">\n\t\t\t\t<div class=\"elementor-widget-container\">\n\t\t\t\t\t\t\t\t\t<p>digi-pdfUA p\u0159ev\u00e1d\u00ed existuj\u00edc\u00ed dokumenty PDF na p\u0159\u00edstupn\u00e9 PDF v souladu s PDF\/UA.<\/p><p>D\u00edky tomu jsou dokumenty spolehliv\u011b p\u0159\u00edstupn\u00e9 a v souladu s normami &#8211; bez dodate\u010dn\u00fdch redak\u010dn\u00edch prac\u00ed nebo \u00faprav.<\/p><p> <\/p>\t\t\t\t\t\t\t\t<\/div>\n\t\t\t\t<\/div>\n\t\t<div class=\"elementor-element elementor-element-bb514a4 e-grid e-con-full e-con e-child\" data-id=\"bb514a4\" data-element_type=\"container\">\n\t\t\t\t<div class=\"elementor-element elementor-element-15bf5e1 elementor-align-right elementor-widget-mobile__width-inherit elementor-widget elementor-widget-the7_button_widget\" data-id=\"15bf5e1\" data-element_type=\"widget\" data-widget_type=\"the7_button_widget.default\">\n\t\t\t\t<div class=\"elementor-widget-container\">\n\t\t\t\t\t<div class=\"elementor-button-wrapper\"><a href=\"https:\/\/dashboard.digiaccess.org\/auth\/signin\" target=\"_blank\" class=\"box-button elementor-button elementor-size-md\">Objednat digi-pdfUA<\/a><\/div>\t\t\t\t<\/div>\n\t\t\t\t<\/div>\n\t\t\t\t<\/div>\n\t\t\t\t<\/div>\n\t\t<div class=\"elementor-element elementor-element-ea67493 e-con-full e-flex e-con e-child\" data-id=\"ea67493\" data-element_type=\"container\">\n\t\t\t\t<div class=\"elementor-element elementor-element-e2610d8 elementor-widget elementor-widget-image\" data-id=\"e2610d8\" data-element_type=\"widget\" data-widget_type=\"image.default\">\n\t\t\t\t<div class=\"elementor-widget-container\">\n\t\t\t\t\t\t\t\t\t\t\t\t\t\t\t<img fetchpriority=\"high\" decoding=\"async\" width=\"957\" height=\"1024\" src=\"https:\/\/www.digiaccess.org\/wp-content\/uploads\/2026\/02\/digi-pdfUA.png\" class=\"attachment-large size-large wp-image-16695\" alt=\"\" srcset=\"https:\/\/www.digiaccess.org\/wp-content\/uploads\/2026\/02\/digi-pdfUA.png 958w, https:\/\/www.digiaccess.org\/wp-content\/uploads\/2026\/02\/digi-pdfUA-280x300.png 280w, https:\/\/www.digiaccess.org\/wp-content\/uploads\/2026\/02\/digi-pdfUA-768x822.png 768w\" sizes=\"(max-width: 957px) 100vw, 957px\" \/>\t\t\t\t\t\t\t\t\t\t\t\t\t\t\t<\/div>\n\t\t\t\t<\/div>\n\t\t\t\t<\/div>\n\t\t\t\t\t<\/div>\n\t\t\t\t<\/div>\n\t\t<div class=\"elementor-element elementor-element-dbf51ac e-grid e-con-boxed e-con e-parent\" data-id=\"dbf51ac\" data-element_type=\"container\">\n\t\t\t\t\t<div class=\"e-con-inner\">\n\t\t<div class=\"elementor-element elementor-element-918a894 e-con-full e-flex e-con e-child\" data-id=\"918a894\" data-element_type=\"container\">\n\t\t\t\t<div class=\"elementor-element elementor-element-a27ef39 elementor-widget elementor-widget-image\" data-id=\"a27ef39\" data-element_type=\"widget\" data-widget_type=\"image.default\">\n\t\t\t\t<div class=\"elementor-widget-container\">\n\t\t\t\t\t\t\t\t\t\t\t\t\t\t\t<img decoding=\"async\" width=\"1024\" height=\"925\" src=\"https:\/\/www.digiaccess.org\/wp-content\/uploads\/2026\/02\/PDF_EUA-1024x925.png\" class=\"attachment-large size-large wp-image-16417\" alt=\"\" srcset=\"https:\/\/www.digiaccess.org\/wp-content\/uploads\/2026\/02\/PDF_EUA-1024x925.png 1024w, https:\/\/www.digiaccess.org\/wp-content\/uploads\/2026\/02\/PDF_EUA-300x271.png 300w, https:\/\/www.digiaccess.org\/wp-content\/uploads\/2026\/02\/PDF_EUA-768x694.png 768w, https:\/\/www.digiaccess.org\/wp-content\/uploads\/2026\/02\/PDF_EUA.png 1100w\" sizes=\"(max-width: 1024px) 100vw, 1024px\" \/>\t\t\t\t\t\t\t\t\t\t\t\t\t\t\t<\/div>\n\t\t\t\t<\/div>\n\t\t\t\t<\/div>\n\t\t<div class=\"elementor-element elementor-element-92f9088 e-con-full e-flex e-con e-child\" data-id=\"92f9088\" data-element_type=\"container\">\n\t\t\t\t<div class=\"elementor-element elementor-element-5e59c04 elementor-widget elementor-widget-heading\" data-id=\"5e59c04\" data-element_type=\"widget\" data-widget_type=\"heading.default\">\n\t\t\t\t<div class=\"elementor-widget-container\">\n\t\t\t\t\t<h3 class=\"elementor-heading-title elementor-size-default\">Co d\u011bl\u00e1 digi-pdfUA<\/h3>\t\t\t\t<\/div>\n\t\t\t\t<\/div>\n\t\t\t\t<div class=\"elementor-element elementor-element-c986140 elementor-widget elementor-widget-text-editor\" data-id=\"c986140\" data-element_type=\"widget\" data-widget_type=\"text-editor.default\">\n\t\t\t\t<div class=\"elementor-widget-container\">\n\t\t\t\t\t\t\t\t\t<p>Digi-pdfUA zp\u0159\u00edstup\u0148uje dokumenty PDF a zaji\u0161\u0165uje, \u017ee spl\u0148uj\u00ed po\u017eadavky normy PDF\/UA.<\/p><p><strong>Vhodn\u00e9 mimo jin\u00e9 pro:<\/strong><\/p><ul><li><strong>Smlouvy a z\u00e1kony<\/strong><\/li><li><strong>V\u00fdro\u010dn\u00ed zpr\u00e1vy a studie<\/strong><\/li><li><strong>Nab\u00eddky a informa\u010dn\u00ed dokumenty<\/strong><\/li><li><strong>Formul\u00e1\u0159e a interaktivn\u00ed soubory PDF<\/strong><\/li><\/ul><p>V\u0161echny p\u0159eveden\u00e9 dokumenty jsou p\u0159ipraveny tak, aby je bylo mo\u017en\u00e9 snadno pou\u017e\u00edvat pomoc\u00ed ode\u010d\u00edta\u010d\u016f obrazovky a aby k nim bylo mo\u017en\u00e9 p\u0159istupovat strukturovan\u00fdm zp\u016fsobem.<\/p>\t\t\t\t\t\t\t\t<\/div>\n\t\t\t\t<\/div>\n\t\t\t\t<\/div>\n\t\t\t\t\t<\/div>\n\t\t\t\t<\/div>\n\t\t<div class=\"elementor-element elementor-element-5cce4d2 e-grid e-con-boxed e-con e-parent\" data-id=\"5cce4d2\" data-element_type=\"container\">\n\t\t\t\t\t<div class=\"e-con-inner\">\n\t\t<div class=\"elementor-element elementor-element-7277b25 e-con-full e-flex e-con e-child\" data-id=\"7277b25\" data-element_type=\"container\">\n\t\t\t\t<div class=\"elementor-element elementor-element-6c555e7 elementor-widget elementor-widget-heading\" data-id=\"6c555e7\" data-element_type=\"widget\" data-widget_type=\"heading.default\">\n\t\t\t\t<div class=\"elementor-widget-container\">\n\t\t\t\t\t<h3 class=\"elementor-heading-title elementor-size-default\">Jak digi-pdfUA funguje<\/h3>\t\t\t\t<\/div>\n\t\t\t\t<\/div>\n\t\t\t\t<div class=\"elementor-element elementor-element-49a2cbd elementor-widget elementor-widget-text-editor\" data-id=\"49a2cbd\" data-element_type=\"widget\" data-widget_type=\"text-editor.default\">\n\t\t\t\t<div class=\"elementor-widget-container\">\n\t\t\t\t\t\t\t\t\t<p>digi-pdfUA technicky a struktur\u00e1ln\u011b p\u0159iprav\u00ed st\u00e1vaj\u00edc\u00ed PDF podle PDF\/UA.<\/p><ul><li><strong>Spr\u00e1vn\u00e9 ozna\u010dov\u00e1n\u00ed nadpis\u016f, odstavc\u016f a seznam\u016f<\/strong><\/li><li><strong>Logicky strukturovan\u00e1 posloupnost \u010dten\u00ed<\/strong><\/li><li><strong>Alternativn\u00ed texty pro obr\u00e1zky a grafiku<\/strong><\/li><li><strong>Bezbari\u00e9rov\u00e1 implementace odkaz\u016f, formul\u00e1\u0159\u016f a interaktivn\u00edch prvk\u016f<\/strong><\/li><li><strong>Jasn\u00e1 struktura dokumentu<\/strong><\/li><\/ul><p>V\u00fdsledek testu PAC (PDF Accessibility Checker) je poskytov\u00e1n zdarma ke ka\u017ed\u00e9mu p\u0159\u00edstupn\u00e9mu PDF (<a href=\"https:\/\/pac.pdf-accessibility.org\/de\"><strong><em>St\u00e1hn\u011bte si bezplatn\u011b n\u00e1stroj PDF Accessibility Checker<\/em><\/strong><\/a>). T\u00edmto zp\u016fsobem je p\u0159\u00edstupnost dokumentov\u00e1na ov\u011b\u0159iteln\u00fdm a srozumiteln\u00fdm zp\u016fsobem. <\/p>\t\t\t\t\t\t\t\t<\/div>\n\t\t\t\t<\/div>\n\t\t\t\t<\/div>\n\t\t<div class=\"elementor-element elementor-element-8941006 e-con-full e-flex e-con e-child\" data-id=\"8941006\" data-element_type=\"container\">\n\t\t\t\t<div class=\"elementor-element elementor-element-a9b295c elementor-widget elementor-widget-image\" data-id=\"a9b295c\" data-element_type=\"widget\" data-widget_type=\"image.default\">\n\t\t\t\t<div class=\"elementor-widget-container\">\n\t\t\t\t\t\t\t\t\t\t\t\t\t\t\t<img decoding=\"async\" width=\"1024\" height=\"830\" src=\"https:\/\/www.digiaccess.org\/wp-content\/uploads\/2026\/02\/PDF-1024x830.png\" class=\"attachment-large size-large wp-image-16433\" alt=\"\" srcset=\"https:\/\/www.digiaccess.org\/wp-content\/uploads\/2026\/02\/PDF-1024x830.png 1024w, https:\/\/www.digiaccess.org\/wp-content\/uploads\/2026\/02\/PDF-300x243.png 300w, https:\/\/www.digiaccess.org\/wp-content\/uploads\/2026\/02\/PDF-768x623.png 768w, https:\/\/www.digiaccess.org\/wp-content\/uploads\/2026\/02\/PDF-1536x1245.png 1536w, https:\/\/www.digiaccess.org\/wp-content\/uploads\/2026\/02\/PDF-2048x1661.png 2048w\" sizes=\"(max-width: 1024px) 100vw, 1024px\" \/>\t\t\t\t\t\t\t\t\t\t\t\t\t\t\t<\/div>\n\t\t\t\t<\/div>\n\t\t\t\t<\/div>\n\t\t\t\t\t<\/div>\n\t\t\t\t<\/div>\n\t\t<div class=\"elementor-element elementor-element-b6bb331 e-flex e-con-boxed e-con e-parent\" data-id=\"b6bb331\" data-element_type=\"container\">\n\t\t\t\t\t<div class=\"e-con-inner\">\n\t\t<div class=\"elementor-element elementor-element-9ad2469 e-grid e-con-full priceset e-con e-child\" data-id=\"9ad2469\" data-element_type=\"container\">\n\t\t\t\t<div class=\"elementor-element elementor-element-f40a108 elementor-position-left elementor-view-default elementor-mobile-position-top elementor-widget elementor-widget-icon-box\" data-id=\"f40a108\" data-element_type=\"widget\" data-widget_type=\"icon-box.default\">\n\t\t\t\t<div class=\"elementor-widget-container\">\n\t\t\t\t\t\t\t<div class=\"elementor-icon-box-wrapper\">\n\n\t\t\t\t\t\t<div class=\"elementor-icon-box-icon\">\n\t\t\t\t<span  class=\"elementor-icon\">\n\t\t\t\t<svg aria-hidden=\"true\" class=\"e-font-icon-svg e-far-smile\" viewBox=\"0 0 496 512\" xmlns=\"http:\/\/www.w3.org\/2000\/svg\"><path d=\"M248 8C111 8 0 119 0 256s111 248 248 248 248-111 248-248S385 8 248 8zm0 448c-110.3 0-200-89.7-200-200S137.7 56 248 56s200 89.7 200 200-89.7 200-200 200zm-80-216c17.7 0 32-14.3 32-32s-14.3-32-32-32-32 14.3-32 32 14.3 32 32 32zm160 0c17.7 0 32-14.3 32-32s-14.3-32-32-32-32 14.3-32 32 14.3 32 32 32zm4 72.6c-20.8 25-51.5 39.4-84 39.4s-63.2-14.3-84-39.4c-8.5-10.2-23.7-11.5-33.8-3.1-10.2 8.5-11.5 23.6-3.1 33.8 30 36 74.1 56.6 120.9 56.6s90.9-20.6 120.9-56.6c8.5-10.2 7.1-25.3-3.1-33.8-10.1-8.4-25.3-7.1-33.8 3.1z\"><\/path><\/svg>\t\t\t\t<\/span>\n\t\t\t<\/div>\n\t\t\t\n\t\t\t\t\t\t<div class=\"elementor-icon-box-content\">\n\n\t\t\t\t\t\t\t\t\t<h3 class=\"elementor-icon-box-title\">\n\t\t\t\t\t\t<span  >\n\t\t\t\t\t\t\tPevn\u00e1 cena\t\t\t\t\t\t<\/span>\n\t\t\t\t\t<\/h3>\n\t\t\t\t\n\t\t\t\t\n\t\t\t<\/div>\n\t\t\t\n\t\t<\/div>\n\t\t\t\t\t\t<\/div>\n\t\t\t\t<\/div>\n\t\t\t\t<div class=\"elementor-element elementor-element-e561006 elementor-widget elementor-widget-text-editor\" data-id=\"e561006\" data-element_type=\"widget\" data-widget_type=\"text-editor.default\">\n\t\t\t\t<div class=\"elementor-widget-container\">\n\t\t\t\t\t\t\t\t\t<p>   <\/p>\t\t\t\t\t\t\t\t<\/div>\n\t\t\t\t<\/div>\n\t\t\t\t<div class=\"elementor-element elementor-element-bce5bf7 elementor-widget elementor-widget-text-editor\" data-id=\"bce5bf7\" data-element_type=\"widget\" data-widget_type=\"text-editor.default\">\n\t\t\t\t<div class=\"elementor-widget-container\">\n\t\t\t\t\t\t\t\t\t<div class=\"nectar-list-item\" data-text-align=\"left\"><div class=\"nectar-list-item\" data-text-align=\"left\"><p>9,90 \u20ac\/za str\u00e1nku<\/p><\/div><\/div>\t\t\t\t\t\t\t\t<\/div>\n\t\t\t\t<\/div>\n\t\t\t\t<\/div>\n\t\t\t\t\t<\/div>\n\t\t\t\t<\/div>\n\t\t<div class=\"elementor-element elementor-element-ac191fc e-flex e-con-boxed e-con e-parent\" data-id=\"ac191fc\" data-element_type=\"container\" data-settings=\"{&quot;background_background&quot;:&quot;classic&quot;}\">\n\t\t\t\t\t<div class=\"e-con-inner\">\n\t\t\t\t<div class=\"elementor-element elementor-element-e2d9437 elementor-widget elementor-widget-heading\" data-id=\"e2d9437\" data-element_type=\"widget\" data-widget_type=\"heading.default\">\n\t\t\t\t<div class=\"elementor-widget-container\">\n\t\t\t\t\t<h2 class=\"elementor-heading-title elementor-size-default\">M\u00e1te n\u011bjak\u00e9 ot\u00e1zky?<\/h2>\t\t\t\t<\/div>\n\t\t\t\t<\/div>\n\t\t\t\t<div class=\"elementor-element elementor-element-bc049fe elementor-hidden-mobile elementor-widget elementor-widget-text-editor\" data-id=\"bc049fe\" data-element_type=\"widget\" data-widget_type=\"text-editor.default\">\n\t\t\t\t<div class=\"elementor-widget-container\">\n\t\t\t\t\t\t\t\t\t<h4 class=\"vc_custom_heading vc_custom_1673620750774\" data-da-style=\"true\">Na\u0161i odborn\u00edci v\u00e1m r\u00e1di pomohou.<br>Podpo\u0159\u00edme v\u00e1s p\u0159i hled\u00e1n\u00ed nejlep\u0161\u00edho \u0159e\u0161en\u00ed pro va\u0161e pot\u0159eby.<\/h4>\t\t\t\t\t\t\t\t<\/div>\n\t\t\t\t<\/div>\n\t\t\t\t<div class=\"elementor-element elementor-element-2f83d14 elementor-hidden-desktop elementor-hidden-tablet elementor-widget elementor-widget-text-editor\" data-id=\"2f83d14\" data-element_type=\"widget\" data-widget_type=\"text-editor.default\">\n\t\t\t\t<div class=\"elementor-widget-container\">\n\t\t\t\t\t\t\t\t\t<p class=\"vc_custom_heading vc_custom_1673620750774\" style=\"text-align: center;\" data-da-style=\"true\">Na\u0161i odborn\u00edci jsou tu pro v\u00e1s. Podpo\u0159\u00edme v\u00e1s p\u0159i hled\u00e1n\u00ed nejlep\u0161\u00edho \u0159e\u0161en\u00ed pro va\u0161e pot\u0159eby. <\/p>\t\t\t\t\t\t\t\t<\/div>\n\t\t\t\t<\/div>\n\t\t\t\t\t<\/div>\n\t\t\t\t<\/div>\n\t\t\t\t<\/div>\n\t\t","protected":false},"excerpt":{"rendered":"<p>digi-pdfUA P\u0159ipravte p\u0159\u00edstupn\u00e9 soubory PDF. Zajist\u011bte p\u0159\u00edstupnost. digi-pdfUA p\u0159ev\u00e1d\u00ed existuj\u00edc\u00ed dokumenty PDF na p\u0159\u00edstupn\u00e9 PDF v souladu s PDF\/UA. D\u00edky tomu jsou dokumenty spolehliv\u011b p\u0159\u00edstupn\u00e9 a v souladu s normami &#8211; bez dodate\u010dn\u00fdch redak\u010dn\u00edch prac\u00ed nebo \u00faprav. Objednat digi-pdfUA Co d\u011bl\u00e1 digi-pdfUA Digi-pdfUA zp\u0159\u00edstup\u0148uje dokumenty PDF a zaji\u0161\u0165uje, \u017ee spl\u0148uj\u00ed po\u017eadavky normy PDF\/UA. Vhodn\u00e9 mimo&hellip;<\/p>\n","protected":false},"author":13,"featured_media":0,"parent":10069,"menu_order":0,"comment_status":"closed","ping_status":"closed","template":"","meta":{"inline_featured_image":false,"footnotes":""},"class_list":["post-16818","page","type-page","status-publish","hentry"],"yoast_head":"<!-- This site is optimized with the Yoast SEO plugin v26.6 - https:\/\/yoast.com\/wordpress\/plugins\/seo\/ -->\n<title>digi-pdfUA - digi\u00b7access<\/title>\n<meta name=\"description\" content=\"digi\u00b7pdf zp\u0159\u00edstupn\u00ed va\u0161e PDF soubory v souladu se standardem PDF\/UA - v\u010detn\u011b testu PAC pro optim\u00e1ln\u00ed p\u0159\u00edstupnost a u\u017eivatelskou p\u0159\u00edv\u011btivost.\" \/>\n<meta name=\"robots\" content=\"index, follow, max-snippet:-1, max-image-preview:large, max-video-preview:-1\" \/>\n<link rel=\"canonical\" href=\"https:\/\/www.digiaccess.org\/cs\/produkty\/digi-pdfua\/\" \/>\n<meta property=\"og:locale\" content=\"cs_CZ\" \/>\n<meta property=\"og:type\" content=\"article\" \/>\n<meta property=\"og:title\" content=\"digi-pdfUA - digi\u00b7access\" \/>\n<meta property=\"og:description\" content=\"digi\u00b7pdf zp\u0159\u00edstupn\u00ed va\u0161e PDF soubory v souladu se standardem PDF\/UA - v\u010detn\u011b testu PAC pro optim\u00e1ln\u00ed p\u0159\u00edstupnost a u\u017eivatelskou p\u0159\u00edv\u011btivost.\" \/>\n<meta property=\"og:url\" content=\"https:\/\/www.digiaccess.org\/cs\/produkty\/digi-pdfua\/\" \/>\n<meta property=\"og:site_name\" content=\"digi\u00b7access\" \/>\n<meta property=\"article:modified_time\" content=\"2026-02-16T01:46:27+00:00\" \/>\n<meta property=\"og:image\" content=\"https:\/\/www.digiaccess.org\/wp-content\/uploads\/2026\/02\/digi-pdfUA.png\" \/>\n\t<meta property=\"og:image:width\" content=\"958\" \/>\n\t<meta property=\"og:image:height\" content=\"1025\" \/>\n\t<meta property=\"og:image:type\" content=\"image\/png\" \/>\n<meta name=\"twitter:card\" content=\"summary_large_image\" \/>\n<meta name=\"twitter:label1\" content=\"Odhadovan\u00e1 doba \u010dten\u00ed\" \/>\n\t<meta name=\"twitter:data1\" content=\"1 minuta\" \/>\n<script type=\"application\/ld+json\" class=\"yoast-schema-graph\">{\"@context\":\"https:\/\/schema.org\",\"@graph\":[{\"@type\":\"WebPage\",\"@id\":\"https:\/\/www.digiaccess.org\/cs\/produkty\/digi-pdfua\/\",\"url\":\"https:\/\/www.digiaccess.org\/cs\/produkty\/digi-pdfua\/\",\"name\":\"digi-pdfUA - digi\u00b7access\",\"isPartOf\":{\"@id\":\"https:\/\/www.digiaccess.org\/cs\/#website\"},\"primaryImageOfPage\":{\"@id\":\"https:\/\/www.digiaccess.org\/cs\/produkty\/digi-pdfua\/#primaryimage\"},\"image\":{\"@id\":\"https:\/\/www.digiaccess.org\/cs\/produkty\/digi-pdfua\/#primaryimage\"},\"thumbnailUrl\":\"https:\/\/www.digiaccess.org\/wp-content\/uploads\/2026\/02\/digi-pdfUA.png\",\"datePublished\":\"2026-01-23T05:45:30+00:00\",\"dateModified\":\"2026-02-16T01:46:27+00:00\",\"description\":\"digi\u00b7pdf zp\u0159\u00edstupn\u00ed va\u0161e PDF soubory v souladu se standardem PDF\/UA - v\u010detn\u011b testu PAC pro optim\u00e1ln\u00ed p\u0159\u00edstupnost a u\u017eivatelskou p\u0159\u00edv\u011btivost.\",\"breadcrumb\":{\"@id\":\"https:\/\/www.digiaccess.org\/cs\/produkty\/digi-pdfua\/#breadcrumb\"},\"inLanguage\":\"cs\",\"potentialAction\":[{\"@type\":\"ReadAction\",\"target\":[\"https:\/\/www.digiaccess.org\/cs\/produkty\/digi-pdfua\/\"]}]},{\"@type\":\"ImageObject\",\"inLanguage\":\"cs\",\"@id\":\"https:\/\/www.digiaccess.org\/cs\/produkty\/digi-pdfua\/#primaryimage\",\"url\":\"https:\/\/www.digiaccess.org\/wp-content\/uploads\/2026\/02\/digi-pdfUA.png\",\"contentUrl\":\"https:\/\/www.digiaccess.org\/wp-content\/uploads\/2026\/02\/digi-pdfUA.png\"},{\"@type\":\"BreadcrumbList\",\"@id\":\"https:\/\/www.digiaccess.org\/cs\/produkty\/digi-pdfua\/#breadcrumb\",\"itemListElement\":[{\"@type\":\"ListItem\",\"position\":1,\"name\":\"Home\",\"item\":\"https:\/\/www.digiaccess.org\/cs\/\"},{\"@type\":\"ListItem\",\"position\":2,\"name\":\"Produkty\",\"item\":\"https:\/\/www.digiaccess.org\/cs\/produkty\/\"},{\"@type\":\"ListItem\",\"position\":3,\"name\":\"digi-pdfUA\"}]},{\"@type\":\"WebSite\",\"@id\":\"https:\/\/www.digiaccess.org\/cs\/#website\",\"url\":\"https:\/\/www.digiaccess.org\/cs\/\",\"name\":\"digi\u00b7access\",\"description\":\"Digit\u00e1ln\u00ed p\u0159\u00edstupnost\",\"publisher\":{\"@id\":\"https:\/\/www.digiaccess.org\/cs\/#organization\"},\"potentialAction\":[{\"@type\":\"SearchAction\",\"target\":{\"@type\":\"EntryPoint\",\"urlTemplate\":\"https:\/\/www.digiaccess.org\/cs\/?s={search_term_string}\"},\"query-input\":{\"@type\":\"PropertyValueSpecification\",\"valueRequired\":true,\"valueName\":\"search_term_string\"}}],\"inLanguage\":\"cs\"},{\"@type\":\"Organization\",\"@id\":\"https:\/\/www.digiaccess.org\/cs\/#organization\",\"name\":\"digi\u00b7access\",\"url\":\"https:\/\/www.digiaccess.org\/cs\/\",\"logo\":{\"@type\":\"ImageObject\",\"inLanguage\":\"cs\",\"@id\":\"https:\/\/www.digiaccess.org\/cs\/#\/schema\/logo\/image\/\",\"url\":\"https:\/\/www.digiaccess.org\/wp-content\/uploads\/2024\/10\/digi-access_Logo_02_RZ.svg\",\"contentUrl\":\"https:\/\/www.digiaccess.org\/wp-content\/uploads\/2024\/10\/digi-access_Logo_02_RZ.svg\",\"caption\":\"digi\u00b7access\"},\"image\":{\"@id\":\"https:\/\/www.digiaccess.org\/cs\/#\/schema\/logo\/image\/\"}}]}<\/script>\n<!-- \/ Yoast SEO plugin. -->","yoast_head_json":{"title":"digi-pdfUA - digi\u00b7access","description":"digi\u00b7pdf zp\u0159\u00edstupn\u00ed va\u0161e PDF soubory v souladu se standardem PDF\/UA - v\u010detn\u011b testu PAC pro optim\u00e1ln\u00ed p\u0159\u00edstupnost a u\u017eivatelskou p\u0159\u00edv\u011btivost.","robots":{"index":"index","follow":"follow","max-snippet":"max-snippet:-1","max-image-preview":"max-image-preview:large","max-video-preview":"max-video-preview:-1"},"canonical":"https:\/\/www.digiaccess.org\/cs\/produkty\/digi-pdfua\/","og_locale":"cs_CZ","og_type":"article","og_title":"digi-pdfUA - digi\u00b7access","og_description":"digi\u00b7pdf zp\u0159\u00edstupn\u00ed va\u0161e PDF soubory v souladu se standardem PDF\/UA - v\u010detn\u011b testu PAC pro optim\u00e1ln\u00ed p\u0159\u00edstupnost a u\u017eivatelskou p\u0159\u00edv\u011btivost.","og_url":"https:\/\/www.digiaccess.org\/cs\/produkty\/digi-pdfua\/","og_site_name":"digi\u00b7access","article_modified_time":"2026-02-16T01:46:27+00:00","og_image":[{"width":958,"height":1025,"url":"https:\/\/www.digiaccess.org\/wp-content\/uploads\/2026\/02\/digi-pdfUA.png","type":"image\/png"}],"twitter_card":"summary_large_image","twitter_misc":{"Odhadovan\u00e1 doba \u010dten\u00ed":"1 minuta"},"schema":{"@context":"https:\/\/schema.org","@graph":[{"@type":"WebPage","@id":"https:\/\/www.digiaccess.org\/cs\/produkty\/digi-pdfua\/","url":"https:\/\/www.digiaccess.org\/cs\/produkty\/digi-pdfua\/","name":"digi-pdfUA - digi\u00b7access","isPartOf":{"@id":"https:\/\/www.digiaccess.org\/cs\/#website"},"primaryImageOfPage":{"@id":"https:\/\/www.digiaccess.org\/cs\/produkty\/digi-pdfua\/#primaryimage"},"image":{"@id":"https:\/\/www.digiaccess.org\/cs\/produkty\/digi-pdfua\/#primaryimage"},"thumbnailUrl":"https:\/\/www.digiaccess.org\/wp-content\/uploads\/2026\/02\/digi-pdfUA.png","datePublished":"2026-01-23T05:45:30+00:00","dateModified":"2026-02-16T01:46:27+00:00","description":"digi\u00b7pdf zp\u0159\u00edstupn\u00ed va\u0161e PDF soubory v souladu se standardem PDF\/UA - v\u010detn\u011b testu PAC pro optim\u00e1ln\u00ed p\u0159\u00edstupnost a u\u017eivatelskou p\u0159\u00edv\u011btivost.","breadcrumb":{"@id":"https:\/\/www.digiaccess.org\/cs\/produkty\/digi-pdfua\/#breadcrumb"},"inLanguage":"cs","potentialAction":[{"@type":"ReadAction","target":["https:\/\/www.digiaccess.org\/cs\/produkty\/digi-pdfua\/"]}]},{"@type":"ImageObject","inLanguage":"cs","@id":"https:\/\/www.digiaccess.org\/cs\/produkty\/digi-pdfua\/#primaryimage","url":"https:\/\/www.digiaccess.org\/wp-content\/uploads\/2026\/02\/digi-pdfUA.png","contentUrl":"https:\/\/www.digiaccess.org\/wp-content\/uploads\/2026\/02\/digi-pdfUA.png"},{"@type":"BreadcrumbList","@id":"https:\/\/www.digiaccess.org\/cs\/produkty\/digi-pdfua\/#breadcrumb","itemListElement":[{"@type":"ListItem","position":1,"name":"Home","item":"https:\/\/www.digiaccess.org\/cs\/"},{"@type":"ListItem","position":2,"name":"Produkty","item":"https:\/\/www.digiaccess.org\/cs\/produkty\/"},{"@type":"ListItem","position":3,"name":"digi-pdfUA"}]},{"@type":"WebSite","@id":"https:\/\/www.digiaccess.org\/cs\/#website","url":"https:\/\/www.digiaccess.org\/cs\/","name":"digi\u00b7access","description":"Digit\u00e1ln\u00ed p\u0159\u00edstupnost","publisher":{"@id":"https:\/\/www.digiaccess.org\/cs\/#organization"},"potentialAction":[{"@type":"SearchAction","target":{"@type":"EntryPoint","urlTemplate":"https:\/\/www.digiaccess.org\/cs\/?s={search_term_string}"},"query-input":{"@type":"PropertyValueSpecification","valueRequired":true,"valueName":"search_term_string"}}],"inLanguage":"cs"},{"@type":"Organization","@id":"https:\/\/www.digiaccess.org\/cs\/#organization","name":"digi\u00b7access","url":"https:\/\/www.digiaccess.org\/cs\/","logo":{"@type":"ImageObject","inLanguage":"cs","@id":"https:\/\/www.digiaccess.org\/cs\/#\/schema\/logo\/image\/","url":"https:\/\/www.digiaccess.org\/wp-content\/uploads\/2024\/10\/digi-access_Logo_02_RZ.svg","contentUrl":"https:\/\/www.digiaccess.org\/wp-content\/uploads\/2024\/10\/digi-access_Logo_02_RZ.svg","caption":"digi\u00b7access"},"image":{"@id":"https:\/\/www.digiaccess.org\/cs\/#\/schema\/logo\/image\/"}}]}},"_links":{"self":[{"href":"https:\/\/www.digiaccess.org\/cs\/wp-json\/wp\/v2\/pages\/16818","targetHints":{"allow":["GET"]}}],"collection":[{"href":"https:\/\/www.digiaccess.org\/cs\/wp-json\/wp\/v2\/pages"}],"about":[{"href":"https:\/\/www.digiaccess.org\/cs\/wp-json\/wp\/v2\/types\/page"}],"author":[{"embeddable":true,"href":"https:\/\/www.digiaccess.org\/cs\/wp-json\/wp\/v2\/users\/13"}],"replies":[{"embeddable":true,"href":"https:\/\/www.digiaccess.org\/cs\/wp-json\/wp\/v2\/comments?post=16818"}],"version-history":[{"count":1,"href":"https:\/\/www.digiaccess.org\/cs\/wp-json\/wp\/v2\/pages\/16818\/revisions"}],"predecessor-version":[{"id":16819,"href":"https:\/\/www.digiaccess.org\/cs\/wp-json\/wp\/v2\/pages\/16818\/revisions\/16819"}],"up":[{"embeddable":true,"href":"https:\/\/www.digiaccess.org\/cs\/wp-json\/wp\/v2\/pages\/10069"}],"wp:attachment":[{"href":"https:\/\/www.digiaccess.org\/cs\/wp-json\/wp\/v2\/media?parent=16818"}],"curies":[{"name":"wp","href":"https:\/\/api.w.org\/{rel}","templated":true}]}}