{"id":16868,"date":"2026-01-23T06:31:06","date_gmt":"2026-01-23T05:31:06","guid":{"rendered":"https:\/\/www.digiaccess.org\/produkty\/digi%c2%b7assistant\/"},"modified":"2026-02-16T02:57:18","modified_gmt":"2026-02-16T01:57:18","slug":"digi%c2%b7assistant","status":"publish","type":"page","link":"https:\/\/www.digiaccess.org\/cs\/produkty\/digi%c2%b7assistant\/","title":{"rendered":"digi\u00b7assistant"},"content":{"rendered":"\t\t<div data-elementor-type=\"wp-page\" data-elementor-id=\"16868\" class=\"elementor elementor-16868 elementor-15727\" data-elementor-post-type=\"page\">\n\t\t\t\t<div class=\"elementor-element elementor-element-71f993a e-flex e-con-boxed e-con e-parent\" data-id=\"71f993a\" data-element_type=\"container\" data-settings=\"{&quot;background_background&quot;:&quot;classic&quot;}\">\n\t\t\t\t\t<div class=\"e-con-inner\">\n\t\t<div class=\"elementor-element elementor-element-7fce698 e-con-full e-flex e-con e-child\" data-id=\"7fce698\" data-element_type=\"container\">\n\t\t\t\t<div class=\"elementor-element elementor-element-e62dae6 elementor-widget elementor-widget-heading\" data-id=\"e62dae6\" data-element_type=\"widget\" data-widget_type=\"heading.default\">\n\t\t\t\t<div class=\"elementor-widget-container\">\n\t\t\t\t\t<h1 class=\"elementor-heading-title elementor-size-default\">digi\u00b7assistant <\/h1>\t\t\t\t<\/div>\n\t\t\t\t<\/div>\n\t\t\t\t<div class=\"elementor-element elementor-element-57819b0 elementor-widget elementor-widget-heading\" data-id=\"57819b0\" data-element_type=\"widget\" data-widget_type=\"heading.default\">\n\t\t\t\t<div class=\"elementor-widget-container\">\n\t\t\t\t\t<h4 class=\"elementor-heading-title elementor-size-default\">P\u0159izp\u016fsoben\u00ed zobrazen\u00ed. Usnadn\u011bn\u00ed pou\u017e\u00edv\u00e1n\u00ed. <\/h4>\t\t\t\t<\/div>\n\t\t\t\t<\/div>\n\t\t\t\t<div class=\"elementor-element elementor-element-d1c8d4c elementor-widget elementor-widget-text-editor\" data-id=\"d1c8d4c\" data-element_type=\"widget\" data-widget_type=\"text-editor.default\">\n\t\t\t\t<div class=\"elementor-widget-container\">\n\t\t\t\t\t\t\t\t\t<p><strong>digi-assistant<\/strong> nab\u00edz\u00ed n\u00e1v\u0161t\u011bvn\u00edk\u016fm webov\u00fdch str\u00e1nek individu\u00e1ln\u00ed mo\u017enosti p\u0159izp\u016fsoben\u00ed zobrazen\u00ed a ovl\u00e1d\u00e1n\u00ed.<\/p><p>D\u00edky tomu je pou\u017e\u00edv\u00e1n\u00ed va\u0161ich webov\u00fdch str\u00e1nek p\u0159\u00edstupn\u011bj\u0161\u00ed, pohodln\u011bj\u0161\u00ed a l\u00e9pe p\u0159izp\u016fsoben\u00e9 r\u016fzn\u00fdm pot\u0159eb\u00e1m.<\/p>\t\t\t\t\t\t\t\t<\/div>\n\t\t\t\t<\/div>\n\t\t<div class=\"elementor-element elementor-element-0d4ac11 e-grid e-con-full e-con e-child\" data-id=\"0d4ac11\" data-element_type=\"container\">\n\t\t\t\t<div class=\"elementor-element elementor-element-572481f elementor-align-right elementor-mobile-align-center elementor-widget-mobile__width-inherit elementor-widget elementor-widget-the7_button_widget\" data-id=\"572481f\" data-element_type=\"widget\" data-widget_type=\"the7_button_widget.default\">\n\t\t\t\t<div class=\"elementor-widget-container\">\n\t\t\t\t\t<div class=\"elementor-button-wrapper\"><a href=\"https:\/\/dashboard.digiaccess.org\/auth\/free-trial\" target=\"_blank\" class=\"box-button elementor-button elementor-size-md\">objevte digi-assistant<\/a><\/div>\t\t\t\t<\/div>\n\t\t\t\t<\/div>\n\t\t\t\t<\/div>\n\t\t\t\t<\/div>\n\t\t<div class=\"elementor-element elementor-element-1a7af3a e-con-full e-flex e-con e-child\" data-id=\"1a7af3a\" data-element_type=\"container\">\n\t\t\t\t<div class=\"elementor-element elementor-element-9baa348 elementor-widget elementor-widget-image\" data-id=\"9baa348\" data-element_type=\"widget\" data-widget_type=\"image.default\">\n\t\t\t\t<div class=\"elementor-widget-container\">\n\t\t\t\t\t\t\t\t\t\t\t\t\t\t\t<img fetchpriority=\"high\" decoding=\"async\" width=\"958\" height=\"1024\" src=\"https:\/\/www.digiaccess.org\/wp-content\/uploads\/2025\/01\/digi-access_Packshot_assistant-958x1024.png\" class=\"attachment-large size-large wp-image-7645\" alt=\"\" srcset=\"https:\/\/www.digiaccess.org\/wp-content\/uploads\/2025\/01\/digi-access_Packshot_assistant-958x1024.png 958w, https:\/\/www.digiaccess.org\/wp-content\/uploads\/2025\/01\/digi-access_Packshot_assistant-281x300.png 281w, https:\/\/www.digiaccess.org\/wp-content\/uploads\/2025\/01\/digi-access_Packshot_assistant-768x821.png 768w, https:\/\/www.digiaccess.org\/wp-content\/uploads\/2025\/01\/digi-access_Packshot_assistant-1437x1536.png 1437w, https:\/\/www.digiaccess.org\/wp-content\/uploads\/2025\/01\/digi-access_Packshot_assistant-1916x2048.png 1916w\" sizes=\"(max-width: 958px) 100vw, 958px\" \/>\t\t\t\t\t\t\t\t\t\t\t\t\t\t\t<\/div>\n\t\t\t\t<\/div>\n\t\t\t\t<\/div>\n\t\t\t\t\t<\/div>\n\t\t\t\t<\/div>\n\t\t<div class=\"elementor-element elementor-element-fb35b3e e-grid e-con-boxed e-con e-parent\" data-id=\"fb35b3e\" data-element_type=\"container\">\n\t\t\t\t\t<div class=\"e-con-inner\">\n\t\t<div class=\"elementor-element elementor-element-27ab0f7 e-con-fit e-flex e-con e-child\" data-id=\"27ab0f7\" data-element_type=\"container\">\n\t\t\t\t<div class=\"elementor-element elementor-element-2232e54 elementor-widget elementor-widget-image\" data-id=\"2232e54\" data-element_type=\"widget\" data-widget_type=\"image.default\">\n\t\t\t\t<div class=\"elementor-widget-container\">\n\t\t\t\t\t\t\t\t\t\t\t\t\t\t\t<img decoding=\"async\" width=\"685\" height=\"378\" src=\"https:\/\/www.digiaccess.org\/wp-content\/uploads\/2026\/02\/digi-Assistand-1.png\" class=\"attachment-large size-large wp-image-16365\" alt=\"\" srcset=\"https:\/\/www.digiaccess.org\/wp-content\/uploads\/2026\/02\/digi-Assistand-1.png 685w, https:\/\/www.digiaccess.org\/wp-content\/uploads\/2026\/02\/digi-Assistand-1-300x166.png 300w\" sizes=\"(max-width: 685px) 100vw, 685px\" \/>\t\t\t\t\t\t\t\t\t\t\t\t\t\t\t<\/div>\n\t\t\t\t<\/div>\n\t\t\t\t<\/div>\n\t\t<div class=\"elementor-element elementor-element-32165fe e-con-full e-flex e-con e-child\" data-id=\"32165fe\" data-element_type=\"container\">\n\t\t\t\t<div class=\"elementor-element elementor-element-d4ff0ac elementor-widget elementor-widget-heading\" data-id=\"d4ff0ac\" data-element_type=\"widget\" data-widget_type=\"heading.default\">\n\t\t\t\t<div class=\"elementor-widget-container\">\n\t\t\t\t\t<h3 class=\"elementor-heading-title elementor-size-default\">Co d\u011bl\u00e1 digi-assistant<\/h3>\t\t\t\t<\/div>\n\t\t\t\t<\/div>\n\t\t\t\t<div class=\"elementor-element elementor-element-1734dfe elementor-widget elementor-widget-text-editor\" data-id=\"1734dfe\" data-element_type=\"widget\" data-widget_type=\"text-editor.default\">\n\t\t\t\t<div class=\"elementor-widget-container\">\n\t\t\t\t\t\t\t\t\t<p>digi-assistant zlep\u0161uje u\u017eivatelskou p\u0159\u00edv\u011btivost rozhran\u00ed va\u0161ich webov\u00fdch str\u00e1nek a podporuje zejm\u00e9na osoby se zrakov\u00fdm nebo pohybov\u00fdm posti\u017een\u00edm.<\/p><p><strong>Mezi tyto funkce pat\u0159\u00ed mimo jin\u00e9:<\/strong><\/p><ul><li><strong>\u00daprava kontrast\u016f, velikosti p\u00edsma a mezer mezi p\u00edsmeny<\/strong><\/li><li><strong>Optimalizace displeje na stran\u011b u\u017eivatele pro lep\u0161\u00ed \u010ditelnost<\/strong><\/li><li><strong>Integrovan\u00e1 funkce hlasit\u00e9ho \u010dten\u00ed obsahu webov\u00fdch str\u00e1nek s p\u0159izp\u016fsobitelnou rychlost\u00ed<\/strong><\/li><li><strong>Podpora p\u0159\u00edstupn\u00e9ho pou\u017e\u00edv\u00e1n\u00ed bez z\u00e1sahu do obsahu nebo technologie<\/strong><\/li><\/ul><p>V\u0161echny funkce jsou n\u00e1v\u0161t\u011bvn\u00edk\u016fm webu p\u0159\u00edmo k dispozici.<\/p>\t\t\t\t\t\t\t\t<\/div>\n\t\t\t\t<\/div>\n\t\t\t\t<\/div>\n\t\t\t\t\t<\/div>\n\t\t\t\t<\/div>\n\t\t<div class=\"elementor-element elementor-element-69384a0 e-grid e-con-boxed e-con e-parent\" data-id=\"69384a0\" data-element_type=\"container\">\n\t\t\t\t\t<div class=\"e-con-inner\">\n\t\t<div class=\"elementor-element elementor-element-d43749f e-con-full e-flex e-con e-child\" data-id=\"d43749f\" data-element_type=\"container\">\n\t\t\t\t<div class=\"elementor-element elementor-element-e95c8f8 elementor-widget elementor-widget-heading\" data-id=\"e95c8f8\" data-element_type=\"widget\" data-widget_type=\"heading.default\">\n\t\t\t\t<div class=\"elementor-widget-container\">\n\t\t\t\t\t<h3 class=\"elementor-heading-title elementor-size-default\">Jak digi-assistant funguje<\/h3>\t\t\t\t<\/div>\n\t\t\t\t<\/div>\n\t\t\t\t<div class=\"elementor-element elementor-element-43631f1 elementor-widget elementor-widget-text-editor\" data-id=\"43631f1\" data-element_type=\"widget\" data-widget_type=\"text-editor.default\">\n\t\t\t\t<div class=\"elementor-widget-container\">\n\t\t\t\t\t\t\t\t\t<p>Digi-assistant je sou\u010d\u00e1st\u00ed pluginu digi-smartPlugin a je v n\u011bm standardn\u011b obsa\u017een trvale a zdarma.<\/p><ul><li><strong>Dynamick\u00e9 p\u0159izp\u016fsoben\u00ed zobrazen\u00ed pomoc\u00ed CSS<\/strong><\/li><li><strong>U\u017eivatelsk\u00e1 kontrola beze zm\u011bny obsahu webov\u00fdch str\u00e1nek<\/strong><\/li><li><strong>Bezprobl\u00e9mov\u00e1 integrace do st\u00e1vaj\u00edc\u00edch webov\u00fdch str\u00e1nek<\/strong><\/li><\/ul><p>Krom\u011b technick\u00fdch oprav z\u00e1suvn\u00e9ho modulu digi-smart tak vznik\u00e1 flexibiln\u00ed u\u017eivatelsk\u00e9 prost\u0159ed\u00ed s n\u00edzk\u00fdmi bari\u00e9rami.<\/p>\t\t\t\t\t\t\t\t<\/div>\n\t\t\t\t<\/div>\n\t\t\t\t<\/div>\n\t\t<div class=\"elementor-element elementor-element-285d598 e-con-full e-flex e-con e-child\" data-id=\"285d598\" data-element_type=\"container\">\n\t\t\t\t<div class=\"elementor-element elementor-element-b4c10aa elementor-widget elementor-widget-image\" data-id=\"b4c10aa\" data-element_type=\"widget\" data-widget_type=\"image.default\">\n\t\t\t\t<div class=\"elementor-widget-container\">\n\t\t\t\t\t\t\t\t\t\t\t\t\t\t\t<img decoding=\"async\" width=\"768\" height=\"729\" src=\"https:\/\/www.digiaccess.org\/wp-content\/uploads\/2026\/01\/Digi-asistand-768x729.png\" class=\"attachment-medium_large size-medium_large wp-image-15995\" alt=\"\" srcset=\"https:\/\/www.digiaccess.org\/wp-content\/uploads\/2026\/01\/Digi-asistand-768x729.png 768w, https:\/\/www.digiaccess.org\/wp-content\/uploads\/2026\/01\/Digi-asistand-300x285.png 300w, https:\/\/www.digiaccess.org\/wp-content\/uploads\/2026\/01\/Digi-asistand-1024x973.png 1024w, https:\/\/www.digiaccess.org\/wp-content\/uploads\/2026\/01\/Digi-asistand-1536x1459.png 1536w, https:\/\/www.digiaccess.org\/wp-content\/uploads\/2026\/01\/Digi-asistand-2048x1945.png 2048w\" sizes=\"(max-width: 768px) 100vw, 768px\" \/>\t\t\t\t\t\t\t\t\t\t\t\t\t\t\t<\/div>\n\t\t\t\t<\/div>\n\t\t\t\t<\/div>\n\t\t\t\t\t<\/div>\n\t\t\t\t<\/div>\n\t\t<div class=\"elementor-element elementor-element-b81e3d0 e-flex e-con-boxed e-con e-parent\" data-id=\"b81e3d0\" data-element_type=\"container\" data-settings=\"{&quot;background_background&quot;:&quot;classic&quot;}\">\n\t\t\t\t\t<div class=\"e-con-inner\">\n\t\t\t\t<div class=\"elementor-element elementor-element-1749c22 elementor-widget elementor-widget-heading\" data-id=\"1749c22\" data-element_type=\"widget\" data-widget_type=\"heading.default\">\n\t\t\t\t<div class=\"elementor-widget-container\">\n\t\t\t\t\t<h2 class=\"elementor-heading-title elementor-size-default\">M\u00e1te n\u011bjak\u00e9 ot\u00e1zky?<\/h2>\t\t\t\t<\/div>\n\t\t\t\t<\/div>\n\t\t\t\t<div class=\"elementor-element elementor-element-9bf94c6 elementor-hidden-mobile elementor-widget elementor-widget-text-editor\" data-id=\"9bf94c6\" data-element_type=\"widget\" data-widget_type=\"text-editor.default\">\n\t\t\t\t<div class=\"elementor-widget-container\">\n\t\t\t\t\t\t\t\t\t<h4 class=\"vc_custom_heading vc_custom_1673620750774\" data-da-style=\"true\">Na\u0161i odborn\u00edci v\u00e1m r\u00e1di pomohou.<br>Podpo\u0159\u00edme v\u00e1s p\u0159i hled\u00e1n\u00ed nejlep\u0161\u00edho \u0159e\u0161en\u00ed pro va\u0161e pot\u0159eby.<\/h4>\t\t\t\t\t\t\t\t<\/div>\n\t\t\t\t<\/div>\n\t\t\t\t<div class=\"elementor-element elementor-element-5329c76 elementor-hidden-desktop elementor-hidden-tablet elementor-widget elementor-widget-text-editor\" data-id=\"5329c76\" data-element_type=\"widget\" data-widget_type=\"text-editor.default\">\n\t\t\t\t<div class=\"elementor-widget-container\">\n\t\t\t\t\t\t\t\t\t<p class=\"vc_custom_heading vc_custom_1673620750774\" style=\"text-align: center;\" data-da-style=\"true\">Na\u0161i odborn\u00edci jsou tu pro v\u00e1s. Podpo\u0159\u00edme v\u00e1s p\u0159i hled\u00e1n\u00ed nejlep\u0161\u00edho \u0159e\u0161en\u00ed pro va\u0161e pot\u0159eby. <\/p>\t\t\t\t\t\t\t\t<\/div>\n\t\t\t\t<\/div>\n\t\t\t\t\t<\/div>\n\t\t\t\t<\/div>\n\t\t\t\t<\/div>\n\t\t","protected":false},"excerpt":{"rendered":"<p>digi\u00b7assistant P\u0159izp\u016fsoben\u00ed zobrazen\u00ed. Usnadn\u011bn\u00ed pou\u017e\u00edv\u00e1n\u00ed. digi-assistant nab\u00edz\u00ed n\u00e1v\u0161t\u011bvn\u00edk\u016fm webov\u00fdch str\u00e1nek individu\u00e1ln\u00ed mo\u017enosti p\u0159izp\u016fsoben\u00ed zobrazen\u00ed a ovl\u00e1d\u00e1n\u00ed. D\u00edky tomu je pou\u017e\u00edv\u00e1n\u00ed va\u0161ich webov\u00fdch str\u00e1nek p\u0159\u00edstupn\u011bj\u0161\u00ed, pohodln\u011bj\u0161\u00ed a l\u00e9pe p\u0159izp\u016fsoben\u00e9 r\u016fzn\u00fdm pot\u0159eb\u00e1m. objevte digi-assistant Co d\u011bl\u00e1 digi-assistant digi-assistant zlep\u0161uje u\u017eivatelskou p\u0159\u00edv\u011btivost rozhran\u00ed va\u0161ich webov\u00fdch str\u00e1nek a podporuje zejm\u00e9na osoby se zrakov\u00fdm nebo pohybov\u00fdm posti\u017een\u00edm. Mezi tyto funkce&hellip;<\/p>\n","protected":false},"author":13,"featured_media":0,"parent":10069,"menu_order":0,"comment_status":"closed","ping_status":"closed","template":"","meta":{"inline_featured_image":false,"footnotes":""},"class_list":["post-16868","page","type-page","status-publish","hentry"],"yoast_head":"<!-- This site is optimized with the Yoast SEO plugin v26.6 - https:\/\/yoast.com\/wordpress\/plugins\/seo\/ -->\n<title>digi\u00b7assistant - digi\u00b7access<\/title>\n<meta name=\"description\" content=\"digi\u00b7assistant optimalizuje CSS, kontrasty, velikosti p\u00edsma a nab\u00edz\u00ed funkce pro hlasit\u00e9 \u010dten\u00ed, aby byl web u\u017eivatelsky p\u0159\u00edv\u011btiv\u00fd a bez bari\u00e9r.\" \/>\n<meta name=\"robots\" content=\"index, follow, max-snippet:-1, max-image-preview:large, max-video-preview:-1\" \/>\n<link rel=\"canonical\" href=\"https:\/\/www.digiaccess.org\/cs\/produkty\/digi%c2%b7assistant\/\" \/>\n<meta property=\"og:locale\" content=\"cs_CZ\" \/>\n<meta property=\"og:type\" content=\"article\" \/>\n<meta property=\"og:title\" content=\"digi\u00b7assistant - digi\u00b7access\" \/>\n<meta property=\"og:description\" content=\"digi\u00b7assistant optimalizuje CSS, kontrasty, velikosti p\u00edsma a nab\u00edz\u00ed funkce pro hlasit\u00e9 \u010dten\u00ed, aby byl web u\u017eivatelsky p\u0159\u00edv\u011btiv\u00fd a bez bari\u00e9r.\" \/>\n<meta property=\"og:url\" content=\"https:\/\/www.digiaccess.org\/cs\/produkty\/digi%c2%b7assistant\/\" \/>\n<meta property=\"og:site_name\" content=\"digi\u00b7access\" \/>\n<meta property=\"article:modified_time\" content=\"2026-02-16T01:57:18+00:00\" \/>\n<meta property=\"og:image\" content=\"https:\/\/www.digiaccess.org\/wp-content\/uploads\/2025\/01\/digi-access_Packshot_assistant-958x1024.png\" \/>\n\t<meta property=\"og:image:width\" content=\"958\" \/>\n\t<meta property=\"og:image:height\" content=\"1024\" \/>\n\t<meta property=\"og:image:type\" content=\"image\/png\" \/>\n<meta name=\"twitter:card\" content=\"summary_large_image\" \/>\n<meta name=\"twitter:label1\" content=\"Odhadovan\u00e1 doba \u010dten\u00ed\" \/>\n\t<meta name=\"twitter:data1\" content=\"1 minuta\" \/>\n<script type=\"application\/ld+json\" class=\"yoast-schema-graph\">{\"@context\":\"https:\/\/schema.org\",\"@graph\":[{\"@type\":\"WebPage\",\"@id\":\"https:\/\/www.digiaccess.org\/cs\/produkty\/digi%c2%b7assistant\/\",\"url\":\"https:\/\/www.digiaccess.org\/cs\/produkty\/digi%c2%b7assistant\/\",\"name\":\"digi\u00b7assistant - digi\u00b7access\",\"isPartOf\":{\"@id\":\"https:\/\/www.digiaccess.org\/cs\/#website\"},\"primaryImageOfPage\":{\"@id\":\"https:\/\/www.digiaccess.org\/cs\/produkty\/digi%c2%b7assistant\/#primaryimage\"},\"image\":{\"@id\":\"https:\/\/www.digiaccess.org\/cs\/produkty\/digi%c2%b7assistant\/#primaryimage\"},\"thumbnailUrl\":\"https:\/\/www.digiaccess.org\/wp-content\/uploads\/2025\/01\/digi-access_Packshot_assistant-958x1024.png\",\"datePublished\":\"2026-01-23T05:31:06+00:00\",\"dateModified\":\"2026-02-16T01:57:18+00:00\",\"description\":\"digi\u00b7assistant optimalizuje CSS, kontrasty, velikosti p\u00edsma a nab\u00edz\u00ed funkce pro hlasit\u00e9 \u010dten\u00ed, aby byl web u\u017eivatelsky p\u0159\u00edv\u011btiv\u00fd a bez bari\u00e9r.\",\"breadcrumb\":{\"@id\":\"https:\/\/www.digiaccess.org\/cs\/produkty\/digi%c2%b7assistant\/#breadcrumb\"},\"inLanguage\":\"cs\",\"potentialAction\":[{\"@type\":\"ReadAction\",\"target\":[\"https:\/\/www.digiaccess.org\/cs\/produkty\/digi%c2%b7assistant\/\"]}]},{\"@type\":\"ImageObject\",\"inLanguage\":\"cs\",\"@id\":\"https:\/\/www.digiaccess.org\/cs\/produkty\/digi%c2%b7assistant\/#primaryimage\",\"url\":\"https:\/\/www.digiaccess.org\/wp-content\/uploads\/2025\/01\/digi-access_Packshot_assistant-958x1024.png\",\"contentUrl\":\"https:\/\/www.digiaccess.org\/wp-content\/uploads\/2025\/01\/digi-access_Packshot_assistant-958x1024.png\"},{\"@type\":\"BreadcrumbList\",\"@id\":\"https:\/\/www.digiaccess.org\/cs\/produkty\/digi%c2%b7assistant\/#breadcrumb\",\"itemListElement\":[{\"@type\":\"ListItem\",\"position\":1,\"name\":\"Home\",\"item\":\"https:\/\/www.digiaccess.org\/cs\/\"},{\"@type\":\"ListItem\",\"position\":2,\"name\":\"Produkty\",\"item\":\"https:\/\/www.digiaccess.org\/cs\/produkty\/\"},{\"@type\":\"ListItem\",\"position\":3,\"name\":\"digi\u00b7assistant\"}]},{\"@type\":\"WebSite\",\"@id\":\"https:\/\/www.digiaccess.org\/cs\/#website\",\"url\":\"https:\/\/www.digiaccess.org\/cs\/\",\"name\":\"digi\u00b7access\",\"description\":\"Digit\u00e1ln\u00ed p\u0159\u00edstupnost\",\"publisher\":{\"@id\":\"https:\/\/www.digiaccess.org\/cs\/#organization\"},\"potentialAction\":[{\"@type\":\"SearchAction\",\"target\":{\"@type\":\"EntryPoint\",\"urlTemplate\":\"https:\/\/www.digiaccess.org\/cs\/?s={search_term_string}\"},\"query-input\":{\"@type\":\"PropertyValueSpecification\",\"valueRequired\":true,\"valueName\":\"search_term_string\"}}],\"inLanguage\":\"cs\"},{\"@type\":\"Organization\",\"@id\":\"https:\/\/www.digiaccess.org\/cs\/#organization\",\"name\":\"digi\u00b7access\",\"url\":\"https:\/\/www.digiaccess.org\/cs\/\",\"logo\":{\"@type\":\"ImageObject\",\"inLanguage\":\"cs\",\"@id\":\"https:\/\/www.digiaccess.org\/cs\/#\/schema\/logo\/image\/\",\"url\":\"https:\/\/www.digiaccess.org\/wp-content\/uploads\/2024\/10\/digi-access_Logo_02_RZ.svg\",\"contentUrl\":\"https:\/\/www.digiaccess.org\/wp-content\/uploads\/2024\/10\/digi-access_Logo_02_RZ.svg\",\"caption\":\"digi\u00b7access\"},\"image\":{\"@id\":\"https:\/\/www.digiaccess.org\/cs\/#\/schema\/logo\/image\/\"}}]}<\/script>\n<!-- \/ Yoast SEO plugin. -->","yoast_head_json":{"title":"digi\u00b7assistant - digi\u00b7access","description":"digi\u00b7assistant optimalizuje CSS, kontrasty, velikosti p\u00edsma a nab\u00edz\u00ed funkce pro hlasit\u00e9 \u010dten\u00ed, aby byl web u\u017eivatelsky p\u0159\u00edv\u011btiv\u00fd a bez bari\u00e9r.","robots":{"index":"index","follow":"follow","max-snippet":"max-snippet:-1","max-image-preview":"max-image-preview:large","max-video-preview":"max-video-preview:-1"},"canonical":"https:\/\/www.digiaccess.org\/cs\/produkty\/digi%c2%b7assistant\/","og_locale":"cs_CZ","og_type":"article","og_title":"digi\u00b7assistant - digi\u00b7access","og_description":"digi\u00b7assistant optimalizuje CSS, kontrasty, velikosti p\u00edsma a nab\u00edz\u00ed funkce pro hlasit\u00e9 \u010dten\u00ed, aby byl web u\u017eivatelsky p\u0159\u00edv\u011btiv\u00fd a bez bari\u00e9r.","og_url":"https:\/\/www.digiaccess.org\/cs\/produkty\/digi%c2%b7assistant\/","og_site_name":"digi\u00b7access","article_modified_time":"2026-02-16T01:57:18+00:00","og_image":[{"width":958,"height":1024,"url":"https:\/\/www.digiaccess.org\/wp-content\/uploads\/2025\/01\/digi-access_Packshot_assistant-958x1024.png","type":"image\/png"}],"twitter_card":"summary_large_image","twitter_misc":{"Odhadovan\u00e1 doba \u010dten\u00ed":"1 minuta"},"schema":{"@context":"https:\/\/schema.org","@graph":[{"@type":"WebPage","@id":"https:\/\/www.digiaccess.org\/cs\/produkty\/digi%c2%b7assistant\/","url":"https:\/\/www.digiaccess.org\/cs\/produkty\/digi%c2%b7assistant\/","name":"digi\u00b7assistant - digi\u00b7access","isPartOf":{"@id":"https:\/\/www.digiaccess.org\/cs\/#website"},"primaryImageOfPage":{"@id":"https:\/\/www.digiaccess.org\/cs\/produkty\/digi%c2%b7assistant\/#primaryimage"},"image":{"@id":"https:\/\/www.digiaccess.org\/cs\/produkty\/digi%c2%b7assistant\/#primaryimage"},"thumbnailUrl":"https:\/\/www.digiaccess.org\/wp-content\/uploads\/2025\/01\/digi-access_Packshot_assistant-958x1024.png","datePublished":"2026-01-23T05:31:06+00:00","dateModified":"2026-02-16T01:57:18+00:00","description":"digi\u00b7assistant optimalizuje CSS, kontrasty, velikosti p\u00edsma a nab\u00edz\u00ed funkce pro hlasit\u00e9 \u010dten\u00ed, aby byl web u\u017eivatelsky p\u0159\u00edv\u011btiv\u00fd a bez bari\u00e9r.","breadcrumb":{"@id":"https:\/\/www.digiaccess.org\/cs\/produkty\/digi%c2%b7assistant\/#breadcrumb"},"inLanguage":"cs","potentialAction":[{"@type":"ReadAction","target":["https:\/\/www.digiaccess.org\/cs\/produkty\/digi%c2%b7assistant\/"]}]},{"@type":"ImageObject","inLanguage":"cs","@id":"https:\/\/www.digiaccess.org\/cs\/produkty\/digi%c2%b7assistant\/#primaryimage","url":"https:\/\/www.digiaccess.org\/wp-content\/uploads\/2025\/01\/digi-access_Packshot_assistant-958x1024.png","contentUrl":"https:\/\/www.digiaccess.org\/wp-content\/uploads\/2025\/01\/digi-access_Packshot_assistant-958x1024.png"},{"@type":"BreadcrumbList","@id":"https:\/\/www.digiaccess.org\/cs\/produkty\/digi%c2%b7assistant\/#breadcrumb","itemListElement":[{"@type":"ListItem","position":1,"name":"Home","item":"https:\/\/www.digiaccess.org\/cs\/"},{"@type":"ListItem","position":2,"name":"Produkty","item":"https:\/\/www.digiaccess.org\/cs\/produkty\/"},{"@type":"ListItem","position":3,"name":"digi\u00b7assistant"}]},{"@type":"WebSite","@id":"https:\/\/www.digiaccess.org\/cs\/#website","url":"https:\/\/www.digiaccess.org\/cs\/","name":"digi\u00b7access","description":"Digit\u00e1ln\u00ed p\u0159\u00edstupnost","publisher":{"@id":"https:\/\/www.digiaccess.org\/cs\/#organization"},"potentialAction":[{"@type":"SearchAction","target":{"@type":"EntryPoint","urlTemplate":"https:\/\/www.digiaccess.org\/cs\/?s={search_term_string}"},"query-input":{"@type":"PropertyValueSpecification","valueRequired":true,"valueName":"search_term_string"}}],"inLanguage":"cs"},{"@type":"Organization","@id":"https:\/\/www.digiaccess.org\/cs\/#organization","name":"digi\u00b7access","url":"https:\/\/www.digiaccess.org\/cs\/","logo":{"@type":"ImageObject","inLanguage":"cs","@id":"https:\/\/www.digiaccess.org\/cs\/#\/schema\/logo\/image\/","url":"https:\/\/www.digiaccess.org\/wp-content\/uploads\/2024\/10\/digi-access_Logo_02_RZ.svg","contentUrl":"https:\/\/www.digiaccess.org\/wp-content\/uploads\/2024\/10\/digi-access_Logo_02_RZ.svg","caption":"digi\u00b7access"},"image":{"@id":"https:\/\/www.digiaccess.org\/cs\/#\/schema\/logo\/image\/"}}]}},"_links":{"self":[{"href":"https:\/\/www.digiaccess.org\/cs\/wp-json\/wp\/v2\/pages\/16868","targetHints":{"allow":["GET"]}}],"collection":[{"href":"https:\/\/www.digiaccess.org\/cs\/wp-json\/wp\/v2\/pages"}],"about":[{"href":"https:\/\/www.digiaccess.org\/cs\/wp-json\/wp\/v2\/types\/page"}],"author":[{"embeddable":true,"href":"https:\/\/www.digiaccess.org\/cs\/wp-json\/wp\/v2\/users\/13"}],"replies":[{"embeddable":true,"href":"https:\/\/www.digiaccess.org\/cs\/wp-json\/wp\/v2\/comments?post=16868"}],"version-history":[{"count":1,"href":"https:\/\/www.digiaccess.org\/cs\/wp-json\/wp\/v2\/pages\/16868\/revisions"}],"predecessor-version":[{"id":16870,"href":"https:\/\/www.digiaccess.org\/cs\/wp-json\/wp\/v2\/pages\/16868\/revisions\/16870"}],"up":[{"embeddable":true,"href":"https:\/\/www.digiaccess.org\/cs\/wp-json\/wp\/v2\/pages\/10069"}],"wp:attachment":[{"href":"https:\/\/www.digiaccess.org\/cs\/wp-json\/wp\/v2\/media?parent=16868"}],"curies":[{"name":"wp","href":"https:\/\/api.w.org\/{rel}","templated":true}]}}