{"id":9444,"date":"2025-03-10T10:32:24","date_gmt":"2025-03-10T09:32:24","guid":{"rendered":"https:\/\/www.digiaccess.org\/dekuji\/"},"modified":"2025-10-21T11:22:43","modified_gmt":"2025-10-21T09:22:43","slug":"dekuji","status":"publish","type":"page","link":"https:\/\/www.digiaccess.org\/cs\/dekuji\/","title":{"rendered":"D\u011bkuji"},"content":{"rendered":"\t\t<div data-elementor-type=\"wp-page\" data-elementor-id=\"9444\" class=\"elementor elementor-9444 elementor-9378\" data-elementor-post-type=\"page\">\n\t\t\t\t<div class=\"elementor-element elementor-element-86ce89e e-flex e-con-boxed e-con e-parent\" data-id=\"86ce89e\" data-element_type=\"container\">\n\t\t\t\t\t<div class=\"e-con-inner\">\n\t\t\t\t<div class=\"elementor-element elementor-element-741b44f elementor-widget elementor-widget-text-editor\" data-id=\"741b44f\" data-element_type=\"widget\" data-widget_type=\"text-editor.default\">\n\t\t\t\t<div class=\"elementor-widget-container\">\n\t\t\t\t\t\t\t\t\t<p style=\"text-align: center;\">D\u011bkujeme v\u00e1m za zpr\u00e1vu!<br>V\u00e1\u0161 dotaz jsme obdr\u017eeli a co nejd\u0159\u00edve se v\u00e1m ozveme.<\/p>\t\t\t\t\t\t\t\t<\/div>\n\t\t\t\t<\/div>\n\t\t\t\t\t<\/div>\n\t\t\t\t<\/div>\n\t\t\t\t<\/div>\n\t\t","protected":false},"excerpt":{"rendered":"<p>D\u011bkujeme v\u00e1m za zpr\u00e1vu!V\u00e1\u0161 dotaz jsme obdr\u017eeli a co nejd\u0159\u00edve se v\u00e1m ozveme.<\/p>\n","protected":false},"author":2,"featured_media":0,"parent":0,"menu_order":0,"comment_status":"closed","ping_status":"closed","template":"","meta":{"inline_featured_image":false,"footnotes":""},"class_list":["post-9444","page","type-page","status-publish","hentry"],"yoast_head":"<!-- This site is optimized with the Yoast SEO plugin v26.6 - https:\/\/yoast.com\/wordpress\/plugins\/seo\/ -->\n<title>D\u011bkuji - digi\u00b7access<\/title>\n<meta name=\"description\" content=\"D\u011bkujeme v\u00e1m za zpr\u00e1vu! V\u00e1\u0161 dotaz jsme obdr\u017eeli a co nejd\u0159\u00edve se v\u00e1m ozveme.\" \/>\n<meta name=\"robots\" content=\"index, follow, max-snippet:-1, max-image-preview:large, max-video-preview:-1\" \/>\n<link rel=\"canonical\" href=\"https:\/\/www.digiaccess.org\/cs\/dekuji\/\" \/>\n<meta property=\"og:locale\" content=\"cs_CZ\" \/>\n<meta property=\"og:type\" content=\"article\" \/>\n<meta property=\"og:title\" content=\"D\u011bkuji - digi\u00b7access\" \/>\n<meta property=\"og:description\" content=\"D\u011bkujeme v\u00e1m za zpr\u00e1vu! V\u00e1\u0161 dotaz jsme obdr\u017eeli a co nejd\u0159\u00edve se v\u00e1m ozveme.\" \/>\n<meta property=\"og:url\" content=\"https:\/\/www.digiaccess.org\/cs\/dekuji\/\" \/>\n<meta property=\"og:site_name\" content=\"digi\u00b7access\" \/>\n<meta property=\"article:modified_time\" content=\"2025-10-21T09:22:43+00:00\" \/>\n<meta name=\"twitter:card\" content=\"summary_large_image\" \/>\n<script type=\"application\/ld+json\" class=\"yoast-schema-graph\">{\"@context\":\"https:\/\/schema.org\",\"@graph\":[{\"@type\":\"WebPage\",\"@id\":\"https:\/\/www.digiaccess.org\/cs\/dekuji\/\",\"url\":\"https:\/\/www.digiaccess.org\/cs\/dekuji\/\",\"name\":\"D\u011bkuji - digi\u00b7access\",\"isPartOf\":{\"@id\":\"https:\/\/www.digiaccess.org\/cs\/#website\"},\"datePublished\":\"2025-03-10T09:32:24+00:00\",\"dateModified\":\"2025-10-21T09:22:43+00:00\",\"description\":\"D\u011bkujeme v\u00e1m za zpr\u00e1vu! V\u00e1\u0161 dotaz jsme obdr\u017eeli a co nejd\u0159\u00edve se v\u00e1m ozveme.\",\"breadcrumb\":{\"@id\":\"https:\/\/www.digiaccess.org\/cs\/dekuji\/#breadcrumb\"},\"inLanguage\":\"cs\",\"potentialAction\":[{\"@type\":\"ReadAction\",\"target\":[\"https:\/\/www.digiaccess.org\/cs\/dekuji\/\"]}]},{\"@type\":\"BreadcrumbList\",\"@id\":\"https:\/\/www.digiaccess.org\/cs\/dekuji\/#breadcrumb\",\"itemListElement\":[{\"@type\":\"ListItem\",\"position\":1,\"name\":\"Home\",\"item\":\"https:\/\/www.digiaccess.org\/cs\/\"},{\"@type\":\"ListItem\",\"position\":2,\"name\":\"D\u011bkuji\"}]},{\"@type\":\"WebSite\",\"@id\":\"https:\/\/www.digiaccess.org\/cs\/#website\",\"url\":\"https:\/\/www.digiaccess.org\/cs\/\",\"name\":\"digi\u00b7access\",\"description\":\"Digit\u00e1ln\u00ed p\u0159\u00edstupnost\",\"publisher\":{\"@id\":\"https:\/\/www.digiaccess.org\/cs\/#organization\"},\"potentialAction\":[{\"@type\":\"SearchAction\",\"target\":{\"@type\":\"EntryPoint\",\"urlTemplate\":\"https:\/\/www.digiaccess.org\/cs\/?s={search_term_string}\"},\"query-input\":{\"@type\":\"PropertyValueSpecification\",\"valueRequired\":true,\"valueName\":\"search_term_string\"}}],\"inLanguage\":\"cs\"},{\"@type\":\"Organization\",\"@id\":\"https:\/\/www.digiaccess.org\/cs\/#organization\",\"name\":\"digi\u00b7access\",\"url\":\"https:\/\/www.digiaccess.org\/cs\/\",\"logo\":{\"@type\":\"ImageObject\",\"inLanguage\":\"cs\",\"@id\":\"https:\/\/www.digiaccess.org\/cs\/#\/schema\/logo\/image\/\",\"url\":\"https:\/\/www.digiaccess.org\/wp-content\/uploads\/2024\/10\/digi-access_Logo_02_RZ.svg\",\"contentUrl\":\"https:\/\/www.digiaccess.org\/wp-content\/uploads\/2024\/10\/digi-access_Logo_02_RZ.svg\",\"caption\":\"digi\u00b7access\"},\"image\":{\"@id\":\"https:\/\/www.digiaccess.org\/cs\/#\/schema\/logo\/image\/\"}}]}<\/script>\n<!-- \/ Yoast SEO plugin. -->","yoast_head_json":{"title":"D\u011bkuji - digi\u00b7access","description":"D\u011bkujeme v\u00e1m za zpr\u00e1vu! V\u00e1\u0161 dotaz jsme obdr\u017eeli a co nejd\u0159\u00edve se v\u00e1m ozveme.","robots":{"index":"index","follow":"follow","max-snippet":"max-snippet:-1","max-image-preview":"max-image-preview:large","max-video-preview":"max-video-preview:-1"},"canonical":"https:\/\/www.digiaccess.org\/cs\/dekuji\/","og_locale":"cs_CZ","og_type":"article","og_title":"D\u011bkuji - digi\u00b7access","og_description":"D\u011bkujeme v\u00e1m za zpr\u00e1vu! V\u00e1\u0161 dotaz jsme obdr\u017eeli a co nejd\u0159\u00edve se v\u00e1m ozveme.","og_url":"https:\/\/www.digiaccess.org\/cs\/dekuji\/","og_site_name":"digi\u00b7access","article_modified_time":"2025-10-21T09:22:43+00:00","twitter_card":"summary_large_image","schema":{"@context":"https:\/\/schema.org","@graph":[{"@type":"WebPage","@id":"https:\/\/www.digiaccess.org\/cs\/dekuji\/","url":"https:\/\/www.digiaccess.org\/cs\/dekuji\/","name":"D\u011bkuji - digi\u00b7access","isPartOf":{"@id":"https:\/\/www.digiaccess.org\/cs\/#website"},"datePublished":"2025-03-10T09:32:24+00:00","dateModified":"2025-10-21T09:22:43+00:00","description":"D\u011bkujeme v\u00e1m za zpr\u00e1vu! V\u00e1\u0161 dotaz jsme obdr\u017eeli a co nejd\u0159\u00edve se v\u00e1m ozveme.","breadcrumb":{"@id":"https:\/\/www.digiaccess.org\/cs\/dekuji\/#breadcrumb"},"inLanguage":"cs","potentialAction":[{"@type":"ReadAction","target":["https:\/\/www.digiaccess.org\/cs\/dekuji\/"]}]},{"@type":"BreadcrumbList","@id":"https:\/\/www.digiaccess.org\/cs\/dekuji\/#breadcrumb","itemListElement":[{"@type":"ListItem","position":1,"name":"Home","item":"https:\/\/www.digiaccess.org\/cs\/"},{"@type":"ListItem","position":2,"name":"D\u011bkuji"}]},{"@type":"WebSite","@id":"https:\/\/www.digiaccess.org\/cs\/#website","url":"https:\/\/www.digiaccess.org\/cs\/","name":"digi\u00b7access","description":"Digit\u00e1ln\u00ed p\u0159\u00edstupnost","publisher":{"@id":"https:\/\/www.digiaccess.org\/cs\/#organization"},"potentialAction":[{"@type":"SearchAction","target":{"@type":"EntryPoint","urlTemplate":"https:\/\/www.digiaccess.org\/cs\/?s={search_term_string}"},"query-input":{"@type":"PropertyValueSpecification","valueRequired":true,"valueName":"search_term_string"}}],"inLanguage":"cs"},{"@type":"Organization","@id":"https:\/\/www.digiaccess.org\/cs\/#organization","name":"digi\u00b7access","url":"https:\/\/www.digiaccess.org\/cs\/","logo":{"@type":"ImageObject","inLanguage":"cs","@id":"https:\/\/www.digiaccess.org\/cs\/#\/schema\/logo\/image\/","url":"https:\/\/www.digiaccess.org\/wp-content\/uploads\/2024\/10\/digi-access_Logo_02_RZ.svg","contentUrl":"https:\/\/www.digiaccess.org\/wp-content\/uploads\/2024\/10\/digi-access_Logo_02_RZ.svg","caption":"digi\u00b7access"},"image":{"@id":"https:\/\/www.digiaccess.org\/cs\/#\/schema\/logo\/image\/"}}]}},"_links":{"self":[{"href":"https:\/\/www.digiaccess.org\/cs\/wp-json\/wp\/v2\/pages\/9444","targetHints":{"allow":["GET"]}}],"collection":[{"href":"https:\/\/www.digiaccess.org\/cs\/wp-json\/wp\/v2\/pages"}],"about":[{"href":"https:\/\/www.digiaccess.org\/cs\/wp-json\/wp\/v2\/types\/page"}],"author":[{"embeddable":true,"href":"https:\/\/www.digiaccess.org\/cs\/wp-json\/wp\/v2\/users\/2"}],"replies":[{"embeddable":true,"href":"https:\/\/www.digiaccess.org\/cs\/wp-json\/wp\/v2\/comments?post=9444"}],"version-history":[{"count":1,"href":"https:\/\/www.digiaccess.org\/cs\/wp-json\/wp\/v2\/pages\/9444\/revisions"}],"predecessor-version":[{"id":9446,"href":"https:\/\/www.digiaccess.org\/cs\/wp-json\/wp\/v2\/pages\/9444\/revisions\/9446"}],"wp:attachment":[{"href":"https:\/\/www.digiaccess.org\/cs\/wp-json\/wp\/v2\/media?parent=9444"}],"curies":[{"name":"wp","href":"https:\/\/api.w.org\/{rel}","templated":true}]}}