{"id":16828,"date":"2026-01-23T06:45:30","date_gmt":"2026-01-23T05:45:30","guid":{"rendered":"https:\/\/www.digiaccess.org\/productos\/digi-pdfua\/"},"modified":"2026-02-16T02:47:45","modified_gmt":"2026-02-16T01:47:45","slug":"digi-pdfua","status":"publish","type":"page","link":"https:\/\/www.digiaccess.org\/es\/productos\/digi-pdfua\/","title":{"rendered":"digi-pdfUA"},"content":{"rendered":"\t\t<div data-elementor-type=\"wp-page\" data-elementor-id=\"16828\" class=\"elementor elementor-16828 elementor-15750\" data-elementor-post-type=\"page\">\n\t\t\t\t<div class=\"elementor-element elementor-element-9a2e16a e-flex e-con-boxed e-con e-parent\" data-id=\"9a2e16a\" data-element_type=\"container\" data-settings=\"{&quot;background_background&quot;:&quot;classic&quot;}\">\n\t\t\t\t\t<div class=\"e-con-inner\">\n\t\t<div class=\"elementor-element elementor-element-f11515e e-con-full e-flex e-con e-child\" data-id=\"f11515e\" data-element_type=\"container\">\n\t\t\t\t<div class=\"elementor-element elementor-element-e304611 elementor-widget elementor-widget-heading\" data-id=\"e304611\" data-element_type=\"widget\" data-widget_type=\"heading.default\">\n\t\t\t\t<div class=\"elementor-widget-container\">\n\t\t\t\t\t<h1 class=\"elementor-heading-title elementor-size-default\">digi-pdfUA<\/h1>\t\t\t\t<\/div>\n\t\t\t\t<\/div>\n\t\t\t\t<div class=\"elementor-element elementor-element-83e9e72 elementor-widget elementor-widget-heading\" data-id=\"83e9e72\" data-element_type=\"widget\" data-widget_type=\"heading.default\">\n\t\t\t\t<div class=\"elementor-widget-container\">\n\t\t\t\t\t<h4 class=\"elementor-heading-title elementor-size-default\">Prepara PDF accesibles. Garantizar la accesibilidad. <\/h4>\t\t\t\t<\/div>\n\t\t\t\t<\/div>\n\t\t\t\t<div class=\"elementor-element elementor-element-193f1ef elementor-widget elementor-widget-text-editor\" data-id=\"193f1ef\" data-element_type=\"widget\" data-widget_type=\"text-editor.default\">\n\t\t\t\t<div class=\"elementor-widget-container\">\n\t\t\t\t\t\t\t\t\t<p>digi-pdfUA convierte los documentos PDF existentes en PDF accesibles de acuerdo con PDF\/UA.<\/p><p>Esto garantiza que los documentos sean accesibles de forma fiable y cumplan las normas, sin trabajo adicional de redacci\u00f3n o maquetaci\u00f3n.<\/p><p> <\/p>\t\t\t\t\t\t\t\t<\/div>\n\t\t\t\t<\/div>\n\t\t<div class=\"elementor-element elementor-element-bb514a4 e-grid e-con-full e-con e-child\" data-id=\"bb514a4\" data-element_type=\"container\">\n\t\t\t\t<div class=\"elementor-element elementor-element-15bf5e1 elementor-align-right elementor-widget-mobile__width-inherit elementor-widget elementor-widget-the7_button_widget\" data-id=\"15bf5e1\" data-element_type=\"widget\" data-widget_type=\"the7_button_widget.default\">\n\t\t\t\t<div class=\"elementor-widget-container\">\n\t\t\t\t\t<div class=\"elementor-button-wrapper\"><a href=\"https:\/\/dashboard.digiaccess.org\/auth\/signin\" target=\"_blank\" class=\"box-button elementor-button elementor-size-md\">Encargar digi-pdfUA<\/a><\/div>\t\t\t\t<\/div>\n\t\t\t\t<\/div>\n\t\t\t\t<\/div>\n\t\t\t\t<\/div>\n\t\t<div class=\"elementor-element elementor-element-ea67493 e-con-full e-flex e-con e-child\" data-id=\"ea67493\" data-element_type=\"container\">\n\t\t\t\t<div class=\"elementor-element elementor-element-e2610d8 elementor-widget elementor-widget-image\" data-id=\"e2610d8\" data-element_type=\"widget\" data-widget_type=\"image.default\">\n\t\t\t\t<div class=\"elementor-widget-container\">\n\t\t\t\t\t\t\t\t\t\t\t\t\t\t\t<img fetchpriority=\"high\" decoding=\"async\" width=\"957\" height=\"1024\" src=\"https:\/\/www.digiaccess.org\/wp-content\/uploads\/2026\/02\/digi-pdfUA.png\" class=\"attachment-large size-large wp-image-16695\" alt=\"\" srcset=\"https:\/\/www.digiaccess.org\/wp-content\/uploads\/2026\/02\/digi-pdfUA.png 958w, https:\/\/www.digiaccess.org\/wp-content\/uploads\/2026\/02\/digi-pdfUA-280x300.png 280w, https:\/\/www.digiaccess.org\/wp-content\/uploads\/2026\/02\/digi-pdfUA-768x822.png 768w\" sizes=\"(max-width: 957px) 100vw, 957px\" \/>\t\t\t\t\t\t\t\t\t\t\t\t\t\t\t<\/div>\n\t\t\t\t<\/div>\n\t\t\t\t<\/div>\n\t\t\t\t\t<\/div>\n\t\t\t\t<\/div>\n\t\t<div class=\"elementor-element elementor-element-dbf51ac e-grid e-con-boxed e-con e-parent\" data-id=\"dbf51ac\" data-element_type=\"container\">\n\t\t\t\t\t<div class=\"e-con-inner\">\n\t\t<div class=\"elementor-element elementor-element-918a894 e-con-full e-flex e-con e-child\" data-id=\"918a894\" data-element_type=\"container\">\n\t\t\t\t<div class=\"elementor-element elementor-element-a27ef39 elementor-widget elementor-widget-image\" data-id=\"a27ef39\" data-element_type=\"widget\" data-widget_type=\"image.default\">\n\t\t\t\t<div class=\"elementor-widget-container\">\n\t\t\t\t\t\t\t\t\t\t\t\t\t\t\t<img decoding=\"async\" width=\"1024\" height=\"925\" src=\"https:\/\/www.digiaccess.org\/wp-content\/uploads\/2026\/02\/PDF_EUA-1024x925.png\" class=\"attachment-large size-large wp-image-16417\" alt=\"\" srcset=\"https:\/\/www.digiaccess.org\/wp-content\/uploads\/2026\/02\/PDF_EUA-1024x925.png 1024w, https:\/\/www.digiaccess.org\/wp-content\/uploads\/2026\/02\/PDF_EUA-300x271.png 300w, https:\/\/www.digiaccess.org\/wp-content\/uploads\/2026\/02\/PDF_EUA-768x694.png 768w, https:\/\/www.digiaccess.org\/wp-content\/uploads\/2026\/02\/PDF_EUA.png 1100w\" sizes=\"(max-width: 1024px) 100vw, 1024px\" \/>\t\t\t\t\t\t\t\t\t\t\t\t\t\t\t<\/div>\n\t\t\t\t<\/div>\n\t\t\t\t<\/div>\n\t\t<div class=\"elementor-element elementor-element-92f9088 e-con-full e-flex e-con e-child\" data-id=\"92f9088\" data-element_type=\"container\">\n\t\t\t\t<div class=\"elementor-element elementor-element-5e59c04 elementor-widget elementor-widget-heading\" data-id=\"5e59c04\" data-element_type=\"widget\" data-widget_type=\"heading.default\">\n\t\t\t\t<div class=\"elementor-widget-container\">\n\t\t\t\t\t<h3 class=\"elementor-heading-title elementor-size-default\">Qu\u00e9 hace digi-pdfUA<\/h3>\t\t\t\t<\/div>\n\t\t\t\t<\/div>\n\t\t\t\t<div class=\"elementor-element elementor-element-c986140 elementor-widget elementor-widget-text-editor\" data-id=\"c986140\" data-element_type=\"widget\" data-widget_type=\"text-editor.default\">\n\t\t\t\t<div class=\"elementor-widget-container\">\n\t\t\t\t\t\t\t\t\t<p>Digi-pdfUA hace accesibles los documentos PDF y garantiza que cumplen los requisitos de la norma PDF\/UA.<\/p><p><strong>Adecuado, entre otros, para<\/strong><\/p><ul><li><strong>Contratos y estatutos<\/strong><\/li><li><strong>Informes y estudios anuales<\/strong><\/li><li><strong>Licitaciones y documentos informativos<\/strong><\/li><li><strong>Formularios y PDF interactivos<\/strong><\/li><\/ul><p>Todos los documentos convertidos se preparan de forma que puedan utilizarse f\u00e1cilmente con lectores de pantalla y se pueda acceder a ellos de forma estructurada.<\/p>\t\t\t\t\t\t\t\t<\/div>\n\t\t\t\t<\/div>\n\t\t\t\t<\/div>\n\t\t\t\t\t<\/div>\n\t\t\t\t<\/div>\n\t\t<div class=\"elementor-element elementor-element-5cce4d2 e-grid e-con-boxed e-con e-parent\" data-id=\"5cce4d2\" data-element_type=\"container\">\n\t\t\t\t\t<div class=\"e-con-inner\">\n\t\t<div class=\"elementor-element elementor-element-7277b25 e-con-full e-flex e-con e-child\" data-id=\"7277b25\" data-element_type=\"container\">\n\t\t\t\t<div class=\"elementor-element elementor-element-6c555e7 elementor-widget elementor-widget-heading\" data-id=\"6c555e7\" data-element_type=\"widget\" data-widget_type=\"heading.default\">\n\t\t\t\t<div class=\"elementor-widget-container\">\n\t\t\t\t\t<h3 class=\"elementor-heading-title elementor-size-default\">C\u00f3mo funciona digi-pdfUA<\/h3>\t\t\t\t<\/div>\n\t\t\t\t<\/div>\n\t\t\t\t<div class=\"elementor-element elementor-element-49a2cbd elementor-widget elementor-widget-text-editor\" data-id=\"49a2cbd\" data-element_type=\"widget\" data-widget_type=\"text-editor.default\">\n\t\t\t\t<div class=\"elementor-widget-container\">\n\t\t\t\t\t\t\t\t\t<p>digi-pdfUA prepara los PDF existentes t\u00e9cnica y estructuralmente seg\u00fan PDF\/UA.<\/p><ul><li><strong>Etiquetado correcto de t\u00edtulos, p\u00e1rrafos y listas<\/strong><\/li><li><strong>Secuencia de lectura l\u00f3gicamente estructurada<\/strong><\/li><li><strong>Textos alternativos para im\u00e1genes y gr\u00e1ficos<\/strong><\/li><li><strong>Implementaci\u00f3n sin barreras de enlaces, formularios y elementos interactivos<\/strong><\/li><li><strong>Estructura clara del documento<\/strong><\/li><\/ul><p>El resultado de la prueba PAC (PDF Accessibility Checker) se proporciona gratuitamente para cada PDF accesible (<a href=\"https:\/\/pac.pdf-accessibility.org\/de\"><strong><em>Descargar gratuitamente el Comprobador de Accesibilidad PDF<\/em><\/strong><\/a>). De este modo, la accesibilidad queda documentada de forma verificable y comprensible. <\/p>\t\t\t\t\t\t\t\t<\/div>\n\t\t\t\t<\/div>\n\t\t\t\t<\/div>\n\t\t<div class=\"elementor-element elementor-element-8941006 e-con-full e-flex e-con e-child\" data-id=\"8941006\" data-element_type=\"container\">\n\t\t\t\t<div class=\"elementor-element elementor-element-a9b295c elementor-widget elementor-widget-image\" data-id=\"a9b295c\" data-element_type=\"widget\" data-widget_type=\"image.default\">\n\t\t\t\t<div class=\"elementor-widget-container\">\n\t\t\t\t\t\t\t\t\t\t\t\t\t\t\t<img decoding=\"async\" width=\"1024\" height=\"830\" src=\"https:\/\/www.digiaccess.org\/wp-content\/uploads\/2026\/02\/PDF-1024x830.png\" class=\"attachment-large size-large wp-image-16433\" alt=\"\" srcset=\"https:\/\/www.digiaccess.org\/wp-content\/uploads\/2026\/02\/PDF-1024x830.png 1024w, https:\/\/www.digiaccess.org\/wp-content\/uploads\/2026\/02\/PDF-300x243.png 300w, https:\/\/www.digiaccess.org\/wp-content\/uploads\/2026\/02\/PDF-768x623.png 768w, https:\/\/www.digiaccess.org\/wp-content\/uploads\/2026\/02\/PDF-1536x1245.png 1536w, https:\/\/www.digiaccess.org\/wp-content\/uploads\/2026\/02\/PDF-2048x1661.png 2048w\" sizes=\"(max-width: 1024px) 100vw, 1024px\" \/>\t\t\t\t\t\t\t\t\t\t\t\t\t\t\t<\/div>\n\t\t\t\t<\/div>\n\t\t\t\t<\/div>\n\t\t\t\t\t<\/div>\n\t\t\t\t<\/div>\n\t\t<div class=\"elementor-element elementor-element-b6bb331 e-flex e-con-boxed e-con e-parent\" data-id=\"b6bb331\" data-element_type=\"container\">\n\t\t\t\t\t<div class=\"e-con-inner\">\n\t\t<div class=\"elementor-element elementor-element-9ad2469 e-grid e-con-full priceset e-con e-child\" data-id=\"9ad2469\" data-element_type=\"container\">\n\t\t\t\t<div class=\"elementor-element elementor-element-f40a108 elementor-position-left elementor-view-default elementor-mobile-position-top elementor-widget elementor-widget-icon-box\" data-id=\"f40a108\" data-element_type=\"widget\" data-widget_type=\"icon-box.default\">\n\t\t\t\t<div class=\"elementor-widget-container\">\n\t\t\t\t\t\t\t<div class=\"elementor-icon-box-wrapper\">\n\n\t\t\t\t\t\t<div class=\"elementor-icon-box-icon\">\n\t\t\t\t<span  class=\"elementor-icon\">\n\t\t\t\t<svg aria-hidden=\"true\" class=\"e-font-icon-svg e-far-smile\" viewBox=\"0 0 496 512\" xmlns=\"http:\/\/www.w3.org\/2000\/svg\"><path d=\"M248 8C111 8 0 119 0 256s111 248 248 248 248-111 248-248S385 8 248 8zm0 448c-110.3 0-200-89.7-200-200S137.7 56 248 56s200 89.7 200 200-89.7 200-200 200zm-80-216c17.7 0 32-14.3 32-32s-14.3-32-32-32-32 14.3-32 32 14.3 32 32 32zm160 0c17.7 0 32-14.3 32-32s-14.3-32-32-32-32 14.3-32 32 14.3 32 32 32zm4 72.6c-20.8 25-51.5 39.4-84 39.4s-63.2-14.3-84-39.4c-8.5-10.2-23.7-11.5-33.8-3.1-10.2 8.5-11.5 23.6-3.1 33.8 30 36 74.1 56.6 120.9 56.6s90.9-20.6 120.9-56.6c8.5-10.2 7.1-25.3-3.1-33.8-10.1-8.4-25.3-7.1-33.8 3.1z\"><\/path><\/svg>\t\t\t\t<\/span>\n\t\t\t<\/div>\n\t\t\t\n\t\t\t\t\t\t<div class=\"elementor-icon-box-content\">\n\n\t\t\t\t\t\t\t\t\t<h3 class=\"elementor-icon-box-title\">\n\t\t\t\t\t\t<span  >\n\t\t\t\t\t\t\tPrecio fijo\t\t\t\t\t\t<\/span>\n\t\t\t\t\t<\/h3>\n\t\t\t\t\n\t\t\t\t\n\t\t\t<\/div>\n\t\t\t\n\t\t<\/div>\n\t\t\t\t\t\t<\/div>\n\t\t\t\t<\/div>\n\t\t\t\t<div class=\"elementor-element elementor-element-e561006 elementor-widget elementor-widget-text-editor\" data-id=\"e561006\" data-element_type=\"widget\" data-widget_type=\"text-editor.default\">\n\t\t\t\t<div class=\"elementor-widget-container\">\n\t\t\t\t\t\t\t\t\t<p>   <\/p>\t\t\t\t\t\t\t\t<\/div>\n\t\t\t\t<\/div>\n\t\t\t\t<div class=\"elementor-element elementor-element-bce5bf7 elementor-widget elementor-widget-text-editor\" data-id=\"bce5bf7\" data-element_type=\"widget\" data-widget_type=\"text-editor.default\">\n\t\t\t\t<div class=\"elementor-widget-container\">\n\t\t\t\t\t\t\t\t\t<div class=\"nectar-list-item\" data-text-align=\"left\"><div class=\"nectar-list-item\" data-text-align=\"left\"><p>9,90 \u20ac\/por p\u00e1gina<\/p><\/div><\/div>\t\t\t\t\t\t\t\t<\/div>\n\t\t\t\t<\/div>\n\t\t\t\t<\/div>\n\t\t\t\t\t<\/div>\n\t\t\t\t<\/div>\n\t\t<div class=\"elementor-element elementor-element-ac191fc e-flex e-con-boxed e-con e-parent\" data-id=\"ac191fc\" data-element_type=\"container\" data-settings=\"{&quot;background_background&quot;:&quot;classic&quot;}\">\n\t\t\t\t\t<div class=\"e-con-inner\">\n\t\t\t\t<div class=\"elementor-element elementor-element-e2d9437 elementor-widget elementor-widget-heading\" data-id=\"e2d9437\" data-element_type=\"widget\" data-widget_type=\"heading.default\">\n\t\t\t\t<div class=\"elementor-widget-container\">\n\t\t\t\t\t<h2 class=\"elementor-heading-title elementor-size-default\">\u00bfTienes alguna pregunta?<\/h2>\t\t\t\t<\/div>\n\t\t\t\t<\/div>\n\t\t\t\t<div class=\"elementor-element elementor-element-bc049fe elementor-hidden-mobile elementor-widget elementor-widget-text-editor\" data-id=\"bc049fe\" data-element_type=\"widget\" data-widget_type=\"text-editor.default\">\n\t\t\t\t<div class=\"elementor-widget-container\">\n\t\t\t\t\t\t\t\t\t<h4 class=\"vc_custom_heading vc_custom_1673620750774\" data-da-style=\"true\">Nuestros expertos estar\u00e1n encantados de ayudarte.<br>Te ayudamos a encontrar la mejor soluci\u00f3n para tus necesidades.<\/h4>\t\t\t\t\t\t\t\t<\/div>\n\t\t\t\t<\/div>\n\t\t\t\t<div class=\"elementor-element elementor-element-2f83d14 elementor-hidden-desktop elementor-hidden-tablet elementor-widget elementor-widget-text-editor\" data-id=\"2f83d14\" data-element_type=\"widget\" data-widget_type=\"text-editor.default\">\n\t\t\t\t<div class=\"elementor-widget-container\">\n\t\t\t\t\t\t\t\t\t<p class=\"vc_custom_heading vc_custom_1673620750774\" style=\"text-align: center;\" data-da-style=\"true\">Nuestros expertos est\u00e1n a tu disposici\u00f3n. Te ayudaremos a encontrar la mejor soluci\u00f3n para tus necesidades. <\/p>\t\t\t\t\t\t\t\t<\/div>\n\t\t\t\t<\/div>\n\t\t\t\t\t<\/div>\n\t\t\t\t<\/div>\n\t\t\t\t<\/div>\n\t\t","protected":false},"excerpt":{"rendered":"<p>digi-pdfUA Prepara PDF accesibles. Garantizar la accesibilidad. digi-pdfUA convierte los documentos PDF existentes en PDF accesibles de acuerdo con PDF\/UA. Esto garantiza que los documentos sean accesibles de forma fiable y cumplan las normas, sin trabajo adicional de redacci\u00f3n o maquetaci\u00f3n. Encargar digi-pdfUA Qu\u00e9 hace digi-pdfUA Digi-pdfUA hace accesibles los documentos PDF y garantiza que&hellip;<\/p>\n","protected":false},"author":13,"featured_media":0,"parent":10048,"menu_order":0,"comment_status":"closed","ping_status":"closed","template":"","meta":{"inline_featured_image":false,"footnotes":""},"class_list":["post-16828","page","type-page","status-publish","hentry"],"yoast_head":"<!-- This site is optimized with the Yoast SEO plugin v26.6 - https:\/\/yoast.com\/wordpress\/plugins\/seo\/ -->\n<title>digi-pdfUA - digi\u00b7access<\/title>\n<meta name=\"description\" content=\"digi\u00b7pdf hace que tus PDF sean accesibles de acuerdo con la norma PDF\/UA, incluida una prueba PAC para una accesibilidad y facilidad de uso \u00f3ptimas.\" \/>\n<meta name=\"robots\" content=\"index, follow, max-snippet:-1, max-image-preview:large, max-video-preview:-1\" \/>\n<link rel=\"canonical\" href=\"https:\/\/www.digiaccess.org\/es\/productos\/digi-pdfua\/\" \/>\n<meta property=\"og:locale\" content=\"es_ES\" \/>\n<meta property=\"og:type\" content=\"article\" \/>\n<meta property=\"og:title\" content=\"digi-pdfUA - digi\u00b7access\" \/>\n<meta property=\"og:description\" content=\"digi\u00b7pdf hace que tus PDF sean accesibles de acuerdo con la norma PDF\/UA, incluida una prueba PAC para una accesibilidad y facilidad de uso \u00f3ptimas.\" \/>\n<meta property=\"og:url\" content=\"https:\/\/www.digiaccess.org\/es\/productos\/digi-pdfua\/\" \/>\n<meta property=\"og:site_name\" content=\"digi\u00b7access\" \/>\n<meta property=\"article:modified_time\" content=\"2026-02-16T01:47:45+00:00\" \/>\n<meta property=\"og:image\" content=\"https:\/\/www.digiaccess.org\/wp-content\/uploads\/2026\/02\/digi-pdfUA.png\" \/>\n\t<meta property=\"og:image:width\" content=\"958\" \/>\n\t<meta property=\"og:image:height\" content=\"1025\" \/>\n\t<meta property=\"og:image:type\" content=\"image\/png\" \/>\n<meta name=\"twitter:card\" content=\"summary_large_image\" \/>\n<meta name=\"twitter:label1\" content=\"Tiempo de lectura\" \/>\n\t<meta name=\"twitter:data1\" content=\"1 minuto\" \/>\n<script type=\"application\/ld+json\" class=\"yoast-schema-graph\">{\"@context\":\"https:\/\/schema.org\",\"@graph\":[{\"@type\":\"WebPage\",\"@id\":\"https:\/\/www.digiaccess.org\/es\/productos\/digi-pdfua\/\",\"url\":\"https:\/\/www.digiaccess.org\/es\/productos\/digi-pdfua\/\",\"name\":\"digi-pdfUA - digi\u00b7access\",\"isPartOf\":{\"@id\":\"https:\/\/www.digiaccess.org\/es\/#website\"},\"primaryImageOfPage\":{\"@id\":\"https:\/\/www.digiaccess.org\/es\/productos\/digi-pdfua\/#primaryimage\"},\"image\":{\"@id\":\"https:\/\/www.digiaccess.org\/es\/productos\/digi-pdfua\/#primaryimage\"},\"thumbnailUrl\":\"https:\/\/www.digiaccess.org\/wp-content\/uploads\/2026\/02\/digi-pdfUA.png\",\"datePublished\":\"2026-01-23T05:45:30+00:00\",\"dateModified\":\"2026-02-16T01:47:45+00:00\",\"description\":\"digi\u00b7pdf hace que tus PDF sean accesibles de acuerdo con la norma PDF\/UA, incluida una prueba PAC para una accesibilidad y facilidad de uso \u00f3ptimas.\",\"breadcrumb\":{\"@id\":\"https:\/\/www.digiaccess.org\/es\/productos\/digi-pdfua\/#breadcrumb\"},\"inLanguage\":\"es\",\"potentialAction\":[{\"@type\":\"ReadAction\",\"target\":[\"https:\/\/www.digiaccess.org\/es\/productos\/digi-pdfua\/\"]}]},{\"@type\":\"ImageObject\",\"inLanguage\":\"es\",\"@id\":\"https:\/\/www.digiaccess.org\/es\/productos\/digi-pdfua\/#primaryimage\",\"url\":\"https:\/\/www.digiaccess.org\/wp-content\/uploads\/2026\/02\/digi-pdfUA.png\",\"contentUrl\":\"https:\/\/www.digiaccess.org\/wp-content\/uploads\/2026\/02\/digi-pdfUA.png\"},{\"@type\":\"BreadcrumbList\",\"@id\":\"https:\/\/www.digiaccess.org\/es\/productos\/digi-pdfua\/#breadcrumb\",\"itemListElement\":[{\"@type\":\"ListItem\",\"position\":1,\"name\":\"Home\",\"item\":\"https:\/\/www.digiaccess.org\/es\/\"},{\"@type\":\"ListItem\",\"position\":2,\"name\":\"Productos\",\"item\":\"https:\/\/www.digiaccess.org\/es\/productos\/\"},{\"@type\":\"ListItem\",\"position\":3,\"name\":\"digi-pdfUA\"}]},{\"@type\":\"WebSite\",\"@id\":\"https:\/\/www.digiaccess.org\/es\/#website\",\"url\":\"https:\/\/www.digiaccess.org\/es\/\",\"name\":\"digi\u00b7access\",\"description\":\"Accesibilidad digital\",\"publisher\":{\"@id\":\"https:\/\/www.digiaccess.org\/es\/#organization\"},\"potentialAction\":[{\"@type\":\"SearchAction\",\"target\":{\"@type\":\"EntryPoint\",\"urlTemplate\":\"https:\/\/www.digiaccess.org\/es\/?s={search_term_string}\"},\"query-input\":{\"@type\":\"PropertyValueSpecification\",\"valueRequired\":true,\"valueName\":\"search_term_string\"}}],\"inLanguage\":\"es\"},{\"@type\":\"Organization\",\"@id\":\"https:\/\/www.digiaccess.org\/es\/#organization\",\"name\":\"digi\u00b7access\",\"url\":\"https:\/\/www.digiaccess.org\/es\/\",\"logo\":{\"@type\":\"ImageObject\",\"inLanguage\":\"es\",\"@id\":\"https:\/\/www.digiaccess.org\/es\/#\/schema\/logo\/image\/\",\"url\":\"https:\/\/www.digiaccess.org\/wp-content\/uploads\/2024\/10\/digi-access_Logo_02_RZ.svg\",\"contentUrl\":\"https:\/\/www.digiaccess.org\/wp-content\/uploads\/2024\/10\/digi-access_Logo_02_RZ.svg\",\"caption\":\"digi\u00b7access\"},\"image\":{\"@id\":\"https:\/\/www.digiaccess.org\/es\/#\/schema\/logo\/image\/\"}}]}<\/script>\n<!-- \/ Yoast SEO plugin. -->","yoast_head_json":{"title":"digi-pdfUA - digi\u00b7access","description":"digi\u00b7pdf hace que tus PDF sean accesibles de acuerdo con la norma PDF\/UA, incluida una prueba PAC para una accesibilidad y facilidad de uso \u00f3ptimas.","robots":{"index":"index","follow":"follow","max-snippet":"max-snippet:-1","max-image-preview":"max-image-preview:large","max-video-preview":"max-video-preview:-1"},"canonical":"https:\/\/www.digiaccess.org\/es\/productos\/digi-pdfua\/","og_locale":"es_ES","og_type":"article","og_title":"digi-pdfUA - digi\u00b7access","og_description":"digi\u00b7pdf hace que tus PDF sean accesibles de acuerdo con la norma PDF\/UA, incluida una prueba PAC para una accesibilidad y facilidad de uso \u00f3ptimas.","og_url":"https:\/\/www.digiaccess.org\/es\/productos\/digi-pdfua\/","og_site_name":"digi\u00b7access","article_modified_time":"2026-02-16T01:47:45+00:00","og_image":[{"width":958,"height":1025,"url":"https:\/\/www.digiaccess.org\/wp-content\/uploads\/2026\/02\/digi-pdfUA.png","type":"image\/png"}],"twitter_card":"summary_large_image","twitter_misc":{"Tiempo de lectura":"1 minuto"},"schema":{"@context":"https:\/\/schema.org","@graph":[{"@type":"WebPage","@id":"https:\/\/www.digiaccess.org\/es\/productos\/digi-pdfua\/","url":"https:\/\/www.digiaccess.org\/es\/productos\/digi-pdfua\/","name":"digi-pdfUA - digi\u00b7access","isPartOf":{"@id":"https:\/\/www.digiaccess.org\/es\/#website"},"primaryImageOfPage":{"@id":"https:\/\/www.digiaccess.org\/es\/productos\/digi-pdfua\/#primaryimage"},"image":{"@id":"https:\/\/www.digiaccess.org\/es\/productos\/digi-pdfua\/#primaryimage"},"thumbnailUrl":"https:\/\/www.digiaccess.org\/wp-content\/uploads\/2026\/02\/digi-pdfUA.png","datePublished":"2026-01-23T05:45:30+00:00","dateModified":"2026-02-16T01:47:45+00:00","description":"digi\u00b7pdf hace que tus PDF sean accesibles de acuerdo con la norma PDF\/UA, incluida una prueba PAC para una accesibilidad y facilidad de uso \u00f3ptimas.","breadcrumb":{"@id":"https:\/\/www.digiaccess.org\/es\/productos\/digi-pdfua\/#breadcrumb"},"inLanguage":"es","potentialAction":[{"@type":"ReadAction","target":["https:\/\/www.digiaccess.org\/es\/productos\/digi-pdfua\/"]}]},{"@type":"ImageObject","inLanguage":"es","@id":"https:\/\/www.digiaccess.org\/es\/productos\/digi-pdfua\/#primaryimage","url":"https:\/\/www.digiaccess.org\/wp-content\/uploads\/2026\/02\/digi-pdfUA.png","contentUrl":"https:\/\/www.digiaccess.org\/wp-content\/uploads\/2026\/02\/digi-pdfUA.png"},{"@type":"BreadcrumbList","@id":"https:\/\/www.digiaccess.org\/es\/productos\/digi-pdfua\/#breadcrumb","itemListElement":[{"@type":"ListItem","position":1,"name":"Home","item":"https:\/\/www.digiaccess.org\/es\/"},{"@type":"ListItem","position":2,"name":"Productos","item":"https:\/\/www.digiaccess.org\/es\/productos\/"},{"@type":"ListItem","position":3,"name":"digi-pdfUA"}]},{"@type":"WebSite","@id":"https:\/\/www.digiaccess.org\/es\/#website","url":"https:\/\/www.digiaccess.org\/es\/","name":"digi\u00b7access","description":"Accesibilidad digital","publisher":{"@id":"https:\/\/www.digiaccess.org\/es\/#organization"},"potentialAction":[{"@type":"SearchAction","target":{"@type":"EntryPoint","urlTemplate":"https:\/\/www.digiaccess.org\/es\/?s={search_term_string}"},"query-input":{"@type":"PropertyValueSpecification","valueRequired":true,"valueName":"search_term_string"}}],"inLanguage":"es"},{"@type":"Organization","@id":"https:\/\/www.digiaccess.org\/es\/#organization","name":"digi\u00b7access","url":"https:\/\/www.digiaccess.org\/es\/","logo":{"@type":"ImageObject","inLanguage":"es","@id":"https:\/\/www.digiaccess.org\/es\/#\/schema\/logo\/image\/","url":"https:\/\/www.digiaccess.org\/wp-content\/uploads\/2024\/10\/digi-access_Logo_02_RZ.svg","contentUrl":"https:\/\/www.digiaccess.org\/wp-content\/uploads\/2024\/10\/digi-access_Logo_02_RZ.svg","caption":"digi\u00b7access"},"image":{"@id":"https:\/\/www.digiaccess.org\/es\/#\/schema\/logo\/image\/"}}]}},"_links":{"self":[{"href":"https:\/\/www.digiaccess.org\/es\/wp-json\/wp\/v2\/pages\/16828","targetHints":{"allow":["GET"]}}],"collection":[{"href":"https:\/\/www.digiaccess.org\/es\/wp-json\/wp\/v2\/pages"}],"about":[{"href":"https:\/\/www.digiaccess.org\/es\/wp-json\/wp\/v2\/types\/page"}],"author":[{"embeddable":true,"href":"https:\/\/www.digiaccess.org\/es\/wp-json\/wp\/v2\/users\/13"}],"replies":[{"embeddable":true,"href":"https:\/\/www.digiaccess.org\/es\/wp-json\/wp\/v2\/comments?post=16828"}],"version-history":[{"count":1,"href":"https:\/\/www.digiaccess.org\/es\/wp-json\/wp\/v2\/pages\/16828\/revisions"}],"predecessor-version":[{"id":16829,"href":"https:\/\/www.digiaccess.org\/es\/wp-json\/wp\/v2\/pages\/16828\/revisions\/16829"}],"up":[{"embeddable":true,"href":"https:\/\/www.digiaccess.org\/es\/wp-json\/wp\/v2\/pages\/10048"}],"wp:attachment":[{"href":"https:\/\/www.digiaccess.org\/es\/wp-json\/wp\/v2\/media?parent=16828"}],"curies":[{"name":"wp","href":"https:\/\/api.w.org\/{rel}","templated":true}]}}