{"id":9701,"date":"2021-09-16T18:10:36","date_gmt":"2021-09-16T16:10:36","guid":{"rendered":"https:\/\/www.digiaccess.org\/blog\/"},"modified":"2025-10-21T10:00:51","modified_gmt":"2025-10-21T08:00:51","slug":"blog","status":"publish","type":"page","link":"https:\/\/www.digiaccess.org\/es\/blog\/","title":{"rendered":"Blog"},"content":{"rendered":"\t\t<div data-elementor-type=\"wp-page\" data-elementor-id=\"9701\" class=\"elementor elementor-9701 elementor-1646\" data-elementor-post-type=\"page\">\n\t\t\t\t<div class=\"elementor-element elementor-element-9a3d434 e-flex e-con-boxed e-con e-parent\" data-id=\"9a3d434\" data-element_type=\"container\" data-settings=\"{&quot;background_background&quot;:&quot;classic&quot;}\">\n\t\t\t\t\t<div class=\"e-con-inner\">\n\t\t<div class=\"elementor-element elementor-element-ab93010 e-con-full e-flex e-con e-child\" data-id=\"ab93010\" data-element_type=\"container\">\n\t\t\t\t<div class=\"elementor-element elementor-element-62fd08a elementor-widget-mobile__width-inherit elementor-widget elementor-widget-text-editor\" data-id=\"62fd08a\" data-element_type=\"widget\" data-widget_type=\"text-editor.default\">\n\t\t\t\t<div class=\"elementor-widget-container\">\n\t\t\t\t\t\t\t\t\t<h1 class=\"vc_custom_heading vc_custom_1697468147211\" data-da-style=\"true\">digi\u00b7blog<\/h1><div class=\"wpb_text_column wpb_content_element vc_custom_1697632028066 vc_hidden-sm vc_hidden-xs\"><div class=\"wpb_wrapper\"> <\/div><\/div>\t\t\t\t\t\t\t\t<\/div>\n\t\t\t\t<\/div>\n\t\t\t\t<\/div>\n\t\t\t\t\t<\/div>\n\t\t\t\t<\/div>\n\t\t\t\t<section class=\"elementor-section elementor-top-section elementor-element elementor-element-f786690 elementor-section-boxed elementor-section-height-default elementor-section-height-default\" data-id=\"f786690\" data-element_type=\"section\" data-settings=\"{&quot;background_background&quot;:&quot;classic&quot;}\">\n\t\t\t\t\t\t<div class=\"elementor-container elementor-column-gap-wider\">\n\t\t\t\t\t<div class=\"elementor-column elementor-col-100 elementor-top-column elementor-element elementor-element-2cfd46f\" data-id=\"2cfd46f\" data-element_type=\"column\">\n\t\t\t<div class=\"elementor-widget-wrap elementor-element-populated\">\n\t\t\t\t\t\t<div class=\"elementor-element elementor-element-48b79f1 img-align-top img-align-mobile-top image-vertical-align-center icon-box-vertical-align-top preserve-img-ratio-cover slide-h-position-left elementor-widget elementor-widget-the7-elements-simple-posts\" data-id=\"48b79f1\" data-element_type=\"widget\" data-widget_type=\"the7-elements-simple-posts.default\">\n\t\t\t\t<div class=\"elementor-widget-container\">\n\t\t\t\t\t<div class=\"the7-simple-widget-posts the7-elementor-widget the7-elements-simple-posts-48b79f1 jquery-filter jquery-filter\" data-post-limit=\"-1\" data-pagination-mode=\"none\" data-scroll-offset=\"\" aria-live=\"assertive\">\t\t\t<div class=\"dt-css-grid custom-pagination-handler\" data-columns=\"{&quot;d&quot;:3,&quot;t&quot;:2,&quot;p&quot;:1,&quot;wd&quot;:&quot;&quot;}\">\n\t\t\t\t\t\t\t\t\t<div class=\"wf-cell visible \">\n\t\t\t\t\t\t<article class=\"post visible wrapper no-img post-11021 type-post status-publish format-standard hentry category-sin-categoria\">\n\n\t\t\t\t\t\t\t<div class=\"post-content-wrapper\">\n\t\t\t\t\t\t\t\t\t\t\t\t\t\t\t\t<div class=\"post-entry-content\">\n\t\t\t\t\t\t\t\t\t<h5 class=\"heading\"><a href=\"https:\/\/www.digiaccess.org\/es\/2025\/03\/04\/implementacion-de-google-tag-manager\/\" rel=\"bookmark\" title=\"Implementaci\u00f3n de Google Tag Manager\" class=\"post-title\">Implementaci\u00f3n de Google Tag Manager<\/a><\/h5><div class=\"entry-meta\"><a href=\"https:\/\/www.digiaccess.org\/es\/2025\/03\/04\/\" title=\"15:01\" class=\"meta-item data-link\" rel=\"bookmark\"><time class=\"entry-date updated\" datetime=\"2025-03-04T15:01:00+01:00\">4. marzo 2025<\/time><\/a><\/div><p class=\"short-description\">Para integrar DIGIaccess en tu sitio web a trav\u00e9s de Google Tag Manager, inicia sesi\u00f3n en la interfaz de tu cuenta. Ahora encontrar\u00e1s la pesta\u00f1a \u00abEtiquetas\u00bb en el lado izquierdo, abre la pesta\u00f1a y haz clic en el bot\u00f3n azul&hellip;<\/p><a href=\"https:\/\/www.digiaccess.org\/es\/2025\/03\/04\/implementacion-de-google-tag-manager\/\" target=\"\" aria-label=\"Read more about Implementaci\u00f3n de Google Tag Manager\" class=\"box-button elementor-button elementor-size-md\">saber m\u00e1s<\/a>\t\t\t\t\t\t\t\t<\/div>\n\t\t\t\t\t\t\t<\/div>\n\t\t\t\t\t\t<\/article>\n\t\t\t\t\t<\/div>\t\t\t\t\t\t\t\t\t\t<div class=\"wf-cell visible \">\n\t\t\t\t\t\t<article class=\"post visible wrapper no-img post-11659 type-post status-publish format-standard hentry category-sin-categoria\">\n\n\t\t\t\t\t\t\t<div class=\"post-content-wrapper\">\n\t\t\t\t\t\t\t\t\t\t\t\t\t\t\t\t<div class=\"post-entry-content\">\n\t\t\t\t\t\t\t\t\t<h5 class=\"heading\"><a href=\"https:\/\/www.digiaccess.org\/es\/2025\/02\/12\/tiendas-online-sin-barreras\/\" rel=\"bookmark\" title=\"Tiendas online sin barreras\" class=\"post-title\">Tiendas online sin barreras<\/a><\/h5><div class=\"entry-meta\"><a href=\"https:\/\/www.digiaccess.org\/es\/2025\/02\/12\/\" title=\"13:01\" class=\"meta-item data-link\" rel=\"bookmark\"><time class=\"entry-date updated\" datetime=\"2025-02-12T13:01:09+01:00\">12. febrero 2025<\/time><\/a><\/div><p class=\"short-description\">ESTUDIO DE CAPTERRA: EL 38 % DE LAS EMPRESAS REGISTRAN MAYORES VENTAS CON SITIOS WEB ACCESIBLES 54 % MEJORAN LA ACCESIBILIDAD DIGITAL CON KI A partir de junio de 2025, los sitios web y las tiendas online deber\u00e1n ser accesibles,&hellip;<\/p><a href=\"https:\/\/www.digiaccess.org\/es\/2025\/02\/12\/tiendas-online-sin-barreras\/\" target=\"\" aria-label=\"Read more about Tiendas online sin barreras\" class=\"box-button elementor-button elementor-size-md\">saber m\u00e1s<\/a>\t\t\t\t\t\t\t\t<\/div>\n\t\t\t\t\t\t\t<\/div>\n\t\t\t\t\t\t<\/article>\n\t\t\t\t\t<\/div>\t\t\t\t\t\t\t\t\t\t<div class=\"wf-cell visible \">\n\t\t\t\t\t\t<article class=\"post visible wrapper no-img post-11689 type-post status-publish format-standard hentry category-sin-categoria\">\n\n\t\t\t\t\t\t\t<div class=\"post-content-wrapper\">\n\t\t\t\t\t\t\t\t\t\t\t\t\t\t\t\t<div class=\"post-entry-content\">\n\t\t\t\t\t\t\t\t\t<h5 class=\"heading\"><a href=\"https:\/\/www.digiaccess.org\/es\/2025\/01\/28\/herramientas-de-comprobacion-tecnica-de-la-accesibilidad\/\" rel=\"bookmark\" title=\"Herramientas de comprobaci\u00f3n t\u00e9cnica de la accesibilidad\" class=\"post-title\">Herramientas de comprobaci\u00f3n t\u00e9cnica de la accesibilidad<\/a><\/h5><div class=\"entry-meta\"><a href=\"https:\/\/www.digiaccess.org\/es\/2025\/01\/28\/\" title=\"13:04\" class=\"meta-item data-link\" rel=\"bookmark\"><time class=\"entry-date updated\" datetime=\"2025-01-28T13:04:13+01:00\">28. enero 2025<\/time><\/a><\/div><p class=\"short-description\">Comparaci\u00f3n de herramientas de comprobaci\u00f3n t\u00e9cnica de la accesibilidad digital: Wave WebAIM es nuestra primera opci\u00f3n El mundo digital crece constantemente, y con \u00e9l la responsabilidad de hacer que los sitios web y los contenidos digitales sean accesibles para todos.&hellip;<\/p><a href=\"https:\/\/www.digiaccess.org\/es\/2025\/01\/28\/herramientas-de-comprobacion-tecnica-de-la-accesibilidad\/\" target=\"\" aria-label=\"Read more about Herramientas de comprobaci\u00f3n t\u00e9cnica de la accesibilidad\" class=\"box-button elementor-button elementor-size-md\">saber m\u00e1s<\/a>\t\t\t\t\t\t\t\t<\/div>\n\t\t\t\t\t\t\t<\/div>\n\t\t\t\t\t\t<\/article>\n\t\t\t\t\t<\/div>\t\t\t\t\t\t\t\t\t\t<div class=\"wf-cell visible \">\n\t\t\t\t\t\t<article class=\"post visible wrapper no-img post-11722 type-post status-publish format-standard hentry category-sin-categoria\">\n\n\t\t\t\t\t\t\t<div class=\"post-content-wrapper\">\n\t\t\t\t\t\t\t\t\t\t\t\t\t\t\t\t<div class=\"post-entry-content\">\n\t\t\t\t\t\t\t\t\t<h5 class=\"heading\"><a href=\"https:\/\/www.digiaccess.org\/es\/2025\/01\/10\/que-es-un-pdf-accesible\/\" rel=\"bookmark\" title=\"\u00bfQu\u00e9 es un PDF accesible?\" class=\"post-title\">\u00bfQu\u00e9 es un PDF accesible?<\/a><\/h5><div class=\"entry-meta\"><a href=\"https:\/\/www.digiaccess.org\/es\/2025\/01\/10\/\" title=\"13:07\" class=\"meta-item data-link\" rel=\"bookmark\"><time class=\"entry-date updated\" datetime=\"2025-01-10T13:07:20+01:00\">10. enero 2025<\/time><\/a><\/div><p class=\"short-description\">\u00bfQu\u00e9 es un PDF accesible y c\u00f3mo lo implementamos con digi-pdf? En un mundo digital en el que la informaci\u00f3n debe ser accesible para todos, los PDF accesibles son indispensables. Garantizan que las personas con discapacidad puedan leer, comprender y&hellip;<\/p><a href=\"https:\/\/www.digiaccess.org\/es\/2025\/01\/10\/que-es-un-pdf-accesible\/\" target=\"\" aria-label=\"Read more about \u00bfQu\u00e9 es un PDF accesible?\" class=\"box-button elementor-button elementor-size-md\">saber m\u00e1s<\/a>\t\t\t\t\t\t\t\t<\/div>\n\t\t\t\t\t\t\t<\/div>\n\t\t\t\t\t\t<\/article>\n\t\t\t\t\t<\/div>\t\t\t\t\t\t\t\t\t\t<div class=\"wf-cell visible \">\n\t\t\t\t\t\t<article class=\"post visible wrapper no-img post-11709 type-post status-publish format-standard hentry category-sin-categoria\">\n\n\t\t\t\t\t\t\t<div class=\"post-content-wrapper\">\n\t\t\t\t\t\t\t\t\t\t\t\t\t\t\t\t<div class=\"post-entry-content\">\n\t\t\t\t\t\t\t\t\t<h5 class=\"heading\"><a href=\"https:\/\/www.digiaccess.org\/es\/2025\/01\/07\/que-es-una-superposicion\/\" rel=\"bookmark\" title=\"Qu\u00e9 es una superposici\u00f3n\" class=\"post-title\">Qu\u00e9 es una superposici\u00f3n<\/a><\/h5><div class=\"entry-meta\"><a href=\"https:\/\/www.digiaccess.org\/es\/2025\/01\/07\/\" title=\"13:10\" class=\"meta-item data-link\" rel=\"bookmark\"><time class=\"entry-date updated\" datetime=\"2025-01-07T13:10:13+01:00\">7. enero 2025<\/time><\/a><\/div><p class=\"short-description\">\u00bfQu\u00e9 es una superposici\u00f3n? El t\u00e9rmino \u00absuperposici\u00f3n\u00bb se utiliza para describir una tecnolog\u00eda que consta de dos componentes principales: tecnolog\u00edas de correcci\u00f3n automatizada y herramientas de ayuda basadas en el navegador. Estos componentes permiten mejorar eficazmente la accesibilidad de los&hellip;<\/p><a href=\"https:\/\/www.digiaccess.org\/es\/2025\/01\/07\/que-es-una-superposicion\/\" target=\"\" aria-label=\"Read more about Qu\u00e9 es una superposici\u00f3n\" class=\"box-button elementor-button elementor-size-md\">saber m\u00e1s<\/a>\t\t\t\t\t\t\t\t<\/div>\n\t\t\t\t\t\t\t<\/div>\n\t\t\t\t\t\t<\/article>\n\t\t\t\t\t<\/div>\t\t\t\t\t\t\t\t\t\t<div class=\"wf-cell visible \">\n\t\t\t\t\t\t<article class=\"post visible wrapper no-img post-11028 type-post status-publish format-standard hentry category-sin-categoria\">\n\n\t\t\t\t\t\t\t<div class=\"post-content-wrapper\">\n\t\t\t\t\t\t\t\t\t\t\t\t\t\t\t\t<div class=\"post-entry-content\">\n\t\t\t\t\t\t\t\t\t<h5 class=\"heading\"><a href=\"https:\/\/www.digiaccess.org\/es\/2024\/12\/18\/implementacion-de-typo3\/\" rel=\"bookmark\" title=\"Implementaci\u00f3n de TYPO3\" class=\"post-title\">Implementaci\u00f3n de TYPO3<\/a><\/h5><div class=\"entry-meta\"><a href=\"https:\/\/www.digiaccess.org\/es\/2024\/12\/18\/\" title=\"15:01\" class=\"meta-item data-link\" rel=\"bookmark\"><time class=\"entry-date updated\" datetime=\"2024-12-18T15:01:02+01:00\">18. diciembre 2024<\/time><\/a><\/div><p class=\"short-description\">Para integrar DIGIaccess correctamente en tu sitio web Typo3, debes insertar el script generado antes de la etiqueta de cierre. A continuaci\u00f3n hemos elaborado una gu\u00eda paso a paso que explica detalladamente el procedimiento. Paso 1 Accede a tu panel&hellip;<\/p><a href=\"https:\/\/www.digiaccess.org\/es\/2024\/12\/18\/implementacion-de-typo3\/\" target=\"\" aria-label=\"Read more about Implementaci\u00f3n de TYPO3\" class=\"box-button elementor-button elementor-size-md\">saber m\u00e1s<\/a>\t\t\t\t\t\t\t\t<\/div>\n\t\t\t\t\t\t\t<\/div>\n\t\t\t\t\t\t<\/article>\n\t\t\t\t\t<\/div>\t\t\t\t\t\t\t\t\t\t<div class=\"wf-cell visible \">\n\t\t\t\t\t\t<article class=\"post visible wrapper no-img post-11056 type-post status-publish format-standard hentry category-sin-categoria\">\n\n\t\t\t\t\t\t\t<div class=\"post-content-wrapper\">\n\t\t\t\t\t\t\t\t\t\t\t\t\t\t\t\t<div class=\"post-entry-content\">\n\t\t\t\t\t\t\t\t\t<h5 class=\"heading\"><a href=\"https:\/\/www.digiaccess.org\/es\/2024\/11\/28\/implementacion-de-joomla\/\" rel=\"bookmark\" title=\"Implementaci\u00f3n de Joomla\" class=\"post-title\">Implementaci\u00f3n de Joomla<\/a><\/h5><div class=\"entry-meta\"><a href=\"https:\/\/www.digiaccess.org\/es\/2024\/11\/28\/\" title=\"15:01\" class=\"meta-item data-link\" rel=\"bookmark\"><time class=\"entry-date updated\" datetime=\"2024-11-28T15:01:04+01:00\">28. noviembre 2024<\/time><\/a><\/div><p class=\"short-description\">Para integrar DIGIaccess correctamente en tu sitio web Joomla, debes insertar el script generado antes de la etiqueta. Si tu tema no proporciona una opci\u00f3n para esto y no tienes un plugin que proporcione esta funci\u00f3n, ve al backend de&hellip;<\/p><a href=\"https:\/\/www.digiaccess.org\/es\/2024\/11\/28\/implementacion-de-joomla\/\" target=\"\" aria-label=\"Read more about Implementaci\u00f3n de Joomla\" class=\"box-button elementor-button elementor-size-md\">saber m\u00e1s<\/a>\t\t\t\t\t\t\t\t<\/div>\n\t\t\t\t\t\t\t<\/div>\n\t\t\t\t\t\t<\/article>\n\t\t\t\t\t<\/div>\t\t\t\t\t\t\t\t\t\t<div class=\"wf-cell visible \">\n\t\t\t\t\t\t<article class=\"post visible wrapper no-img post-11013 type-post status-publish format-standard hentry category-sin-categoria\">\n\n\t\t\t\t\t\t\t<div class=\"post-content-wrapper\">\n\t\t\t\t\t\t\t\t\t\t\t\t\t\t\t\t<div class=\"post-entry-content\">\n\t\t\t\t\t\t\t\t\t<h5 class=\"heading\"><a href=\"https:\/\/www.digiaccess.org\/es\/2024\/11\/12\/implementacion-de-wordpress\/\" rel=\"bookmark\" title=\"Implementaci\u00f3n de WordPress\" class=\"post-title\">Implementaci\u00f3n de WordPress<\/a><\/h5><div class=\"entry-meta\"><a href=\"https:\/\/www.digiaccess.org\/es\/2024\/11\/12\/\" title=\"15:00\" class=\"meta-item data-link\" rel=\"bookmark\"><time class=\"entry-date updated\" datetime=\"2024-11-12T15:00:27+01:00\">12. noviembre 2024<\/time><\/a><\/div><p class=\"short-description\">Para integrar correctamente DIGIaccess en tu sitio web WordPress, debes insertar el script generado antes de la etiqueta de cierre. Si tu tema no proporciona una opci\u00f3n para ello y no tienes un plugin que ofrezca esta funci\u00f3n, te recomendamos&hellip;<\/p><a href=\"https:\/\/www.digiaccess.org\/es\/2024\/11\/12\/implementacion-de-wordpress\/\" target=\"\" aria-label=\"Read more about Implementaci\u00f3n de WordPress\" class=\"box-button elementor-button elementor-size-md\">saber m\u00e1s<\/a>\t\t\t\t\t\t\t\t<\/div>\n\t\t\t\t\t\t\t<\/div>\n\t\t\t\t\t\t<\/article>\n\t\t\t\t\t<\/div>\t\t\t\t\t\t\t\t<\/div>\n\t\t<\/div>\t\t\t\t<\/div>\n\t\t\t\t<\/div>\n\t\t\t\t\t<\/div>\n\t\t<\/div>\n\t\t\t\t\t<\/div>\n\t\t<\/section>\n\t\t<div class=\"elementor-element elementor-element-03512a7 e-flex e-con-boxed e-con e-parent\" data-id=\"03512a7\" data-element_type=\"container\" data-settings=\"{&quot;background_background&quot;:&quot;classic&quot;}\">\n\t\t\t\t\t<div class=\"e-con-inner\">\n\t\t\t\t<div class=\"elementor-element elementor-element-27b5763 elementor-widget elementor-widget-heading\" data-id=\"27b5763\" data-element_type=\"widget\" data-widget_type=\"heading.default\">\n\t\t\t\t<div class=\"elementor-widget-container\">\n\t\t\t\t\t<h2 class=\"elementor-heading-title elementor-size-default\">\u00bfTienes alguna pregunta?<\/h2>\t\t\t\t<\/div>\n\t\t\t\t<\/div>\n\t\t\t\t<div class=\"elementor-element elementor-element-86aa4d4 elementor-hidden-mobile elementor-widget elementor-widget-text-editor\" data-id=\"86aa4d4\" data-element_type=\"widget\" data-widget_type=\"text-editor.default\">\n\t\t\t\t<div class=\"elementor-widget-container\">\n\t\t\t\t\t\t\t\t\t<h4 class=\"vc_custom_heading vc_custom_1673620750774\" style=\"text-align: center;\" data-da-style=\"true\">Nuestros expertos estar\u00e1n encantados de ayudarte.<br>Te ayudamos a encontrar la mejor soluci\u00f3n para tus necesidades.<\/h4>\t\t\t\t\t\t\t\t<\/div>\n\t\t\t\t<\/div>\n\t\t\t\t<div class=\"elementor-element elementor-element-85378e4 elementor-hidden-desktop elementor-hidden-tablet elementor-widget elementor-widget-text-editor\" data-id=\"85378e4\" data-element_type=\"widget\" data-widget_type=\"text-editor.default\">\n\t\t\t\t<div class=\"elementor-widget-container\">\n\t\t\t\t\t\t\t\t\t<p class=\"vc_custom_heading vc_custom_1673620750774\" style=\"text-align: center;\" data-da-style=\"true\">Nuestros expertos est\u00e1n a tu disposici\u00f3n. Te ayudaremos a encontrar la mejor soluci\u00f3n para tus necesidades. <\/p>\t\t\t\t\t\t\t\t<\/div>\n\t\t\t\t<\/div>\n\t\t\t\t\t<\/div>\n\t\t\t\t<\/div>\n\t\t\t\t<\/div>\n\t\t","protected":false},"excerpt":{"rendered":"<p>digi\u00b7blog Barrierefreiheitsst\u00e4rkungsgesetz (BFSG) \u2013 Ein Meilenstein f\u00fcr mehr Inklusion 26. M\u00e4rz 2025 Am 28. Juni 2025 tritt das Barrierefreiheitsst\u00e4rkungsgesetz (BFSG) in Kraft \u2013 ein bedeutender Schritt f\u00fcr mehr gesellschaftliche Teilhabe und Inklusion. Dieses Gesetz verpflichtet Unternehmen, zahlreiche Produkte und Dienstleistungen barrierefrei zu gestalten. Besonders betroffen sind Webseitenbetreiber und kleine bis mittlere Unternehmen&hellip; saber m\u00e1s Google&hellip;<\/p>\n","protected":false},"author":2,"featured_media":11573,"parent":0,"menu_order":25,"comment_status":"closed","ping_status":"closed","template":"","meta":{"inline_featured_image":false,"footnotes":""},"class_list":["post-9701","page","type-page","status-publish","has-post-thumbnail","hentry"],"yoast_head":"<!-- This site is optimized with the Yoast SEO plugin v26.6 - https:\/\/yoast.com\/wordpress\/plugins\/seo\/ -->\n<title>Blog - digi\u00b7access<\/title>\n<meta name=\"description\" content=\"Descubre la informaci\u00f3n m\u00e1s reciente sobre accesibilidad en el blog digi\u00b7access: leyes, soluciones t\u00e9cnicas y consejos para sitios web inclusivos.\" \/>\n<meta name=\"robots\" content=\"index, follow, max-snippet:-1, max-image-preview:large, max-video-preview:-1\" \/>\n<link rel=\"canonical\" href=\"https:\/\/www.digiaccess.org\/es\/blog\/\" \/>\n<meta property=\"og:locale\" content=\"es_ES\" \/>\n<meta property=\"og:type\" content=\"article\" \/>\n<meta property=\"og:title\" content=\"Blog - digi\u00b7access\" \/>\n<meta property=\"og:description\" content=\"Descubre la informaci\u00f3n m\u00e1s reciente sobre accesibilidad en el blog digi\u00b7access: leyes, soluciones t\u00e9cnicas y consejos para sitios web inclusivos.\" \/>\n<meta property=\"og:url\" content=\"https:\/\/www.digiaccess.org\/es\/blog\/\" \/>\n<meta property=\"og:site_name\" content=\"digi\u00b7access\" \/>\n<meta property=\"article:modified_time\" content=\"2025-10-21T08:00:51+00:00\" \/>\n<meta property=\"og:image\" content=\"https:\/\/www.digiaccess.org\/wp-content\/uploads\/2020\/02\/cons004.jpg\" \/>\n\t<meta property=\"og:image:width\" content=\"1500\" \/>\n\t<meta property=\"og:image:height\" content=\"1000\" \/>\n\t<meta property=\"og:image:type\" content=\"image\/jpeg\" \/>\n<meta name=\"twitter:card\" content=\"summary_large_image\" \/>\n<meta name=\"twitter:label1\" content=\"Tiempo de lectura\" \/>\n\t<meta name=\"twitter:data1\" content=\"3 minutos\" \/>\n<script type=\"application\/ld+json\" class=\"yoast-schema-graph\">{\"@context\":\"https:\/\/schema.org\",\"@graph\":[{\"@type\":\"WebPage\",\"@id\":\"https:\/\/www.digiaccess.org\/es\/blog\/\",\"url\":\"https:\/\/www.digiaccess.org\/es\/blog\/\",\"name\":\"Blog - digi\u00b7access\",\"isPartOf\":{\"@id\":\"https:\/\/www.digiaccess.org\/es\/#website\"},\"primaryImageOfPage\":{\"@id\":\"https:\/\/www.digiaccess.org\/es\/blog\/#primaryimage\"},\"image\":{\"@id\":\"https:\/\/www.digiaccess.org\/es\/blog\/#primaryimage\"},\"thumbnailUrl\":\"https:\/\/www.digiaccess.org\/wp-content\/uploads\/2020\/02\/cons004.jpg\",\"datePublished\":\"2021-09-16T16:10:36+00:00\",\"dateModified\":\"2025-10-21T08:00:51+00:00\",\"description\":\"Descubre la informaci\u00f3n m\u00e1s reciente sobre accesibilidad en el blog digi\u00b7access: leyes, soluciones t\u00e9cnicas y consejos para sitios web inclusivos.\",\"breadcrumb\":{\"@id\":\"https:\/\/www.digiaccess.org\/es\/blog\/#breadcrumb\"},\"inLanguage\":\"es\",\"potentialAction\":[{\"@type\":\"ReadAction\",\"target\":[\"https:\/\/www.digiaccess.org\/es\/blog\/\"]}]},{\"@type\":\"ImageObject\",\"inLanguage\":\"es\",\"@id\":\"https:\/\/www.digiaccess.org\/es\/blog\/#primaryimage\",\"url\":\"https:\/\/www.digiaccess.org\/wp-content\/uploads\/2020\/02\/cons004.jpg\",\"contentUrl\":\"https:\/\/www.digiaccess.org\/wp-content\/uploads\/2020\/02\/cons004.jpg\",\"width\":1500,\"height\":1000},{\"@type\":\"BreadcrumbList\",\"@id\":\"https:\/\/www.digiaccess.org\/es\/blog\/#breadcrumb\",\"itemListElement\":[{\"@type\":\"ListItem\",\"position\":1,\"name\":\"Home\",\"item\":\"https:\/\/www.digiaccess.org\/es\/\"},{\"@type\":\"ListItem\",\"position\":2,\"name\":\"Blog\"}]},{\"@type\":\"WebSite\",\"@id\":\"https:\/\/www.digiaccess.org\/es\/#website\",\"url\":\"https:\/\/www.digiaccess.org\/es\/\",\"name\":\"digi\u00b7access\",\"description\":\"Accesibilidad digital\",\"publisher\":{\"@id\":\"https:\/\/www.digiaccess.org\/es\/#organization\"},\"potentialAction\":[{\"@type\":\"SearchAction\",\"target\":{\"@type\":\"EntryPoint\",\"urlTemplate\":\"https:\/\/www.digiaccess.org\/es\/?s={search_term_string}\"},\"query-input\":{\"@type\":\"PropertyValueSpecification\",\"valueRequired\":true,\"valueName\":\"search_term_string\"}}],\"inLanguage\":\"es\"},{\"@type\":\"Organization\",\"@id\":\"https:\/\/www.digiaccess.org\/es\/#organization\",\"name\":\"digi\u00b7access\",\"url\":\"https:\/\/www.digiaccess.org\/es\/\",\"logo\":{\"@type\":\"ImageObject\",\"inLanguage\":\"es\",\"@id\":\"https:\/\/www.digiaccess.org\/es\/#\/schema\/logo\/image\/\",\"url\":\"https:\/\/www.digiaccess.org\/wp-content\/uploads\/2024\/10\/digi-access_Logo_02_RZ.svg\",\"contentUrl\":\"https:\/\/www.digiaccess.org\/wp-content\/uploads\/2024\/10\/digi-access_Logo_02_RZ.svg\",\"caption\":\"digi\u00b7access\"},\"image\":{\"@id\":\"https:\/\/www.digiaccess.org\/es\/#\/schema\/logo\/image\/\"}}]}<\/script>\n<!-- \/ Yoast SEO plugin. -->","yoast_head_json":{"title":"Blog - digi\u00b7access","description":"Descubre la informaci\u00f3n m\u00e1s reciente sobre accesibilidad en el blog digi\u00b7access: leyes, soluciones t\u00e9cnicas y consejos para sitios web inclusivos.","robots":{"index":"index","follow":"follow","max-snippet":"max-snippet:-1","max-image-preview":"max-image-preview:large","max-video-preview":"max-video-preview:-1"},"canonical":"https:\/\/www.digiaccess.org\/es\/blog\/","og_locale":"es_ES","og_type":"article","og_title":"Blog - digi\u00b7access","og_description":"Descubre la informaci\u00f3n m\u00e1s reciente sobre accesibilidad en el blog digi\u00b7access: leyes, soluciones t\u00e9cnicas y consejos para sitios web inclusivos.","og_url":"https:\/\/www.digiaccess.org\/es\/blog\/","og_site_name":"digi\u00b7access","article_modified_time":"2025-10-21T08:00:51+00:00","og_image":[{"width":1500,"height":1000,"url":"https:\/\/www.digiaccess.org\/wp-content\/uploads\/2020\/02\/cons004.jpg","type":"image\/jpeg"}],"twitter_card":"summary_large_image","twitter_misc":{"Tiempo de lectura":"3 minutos"},"schema":{"@context":"https:\/\/schema.org","@graph":[{"@type":"WebPage","@id":"https:\/\/www.digiaccess.org\/es\/blog\/","url":"https:\/\/www.digiaccess.org\/es\/blog\/","name":"Blog - digi\u00b7access","isPartOf":{"@id":"https:\/\/www.digiaccess.org\/es\/#website"},"primaryImageOfPage":{"@id":"https:\/\/www.digiaccess.org\/es\/blog\/#primaryimage"},"image":{"@id":"https:\/\/www.digiaccess.org\/es\/blog\/#primaryimage"},"thumbnailUrl":"https:\/\/www.digiaccess.org\/wp-content\/uploads\/2020\/02\/cons004.jpg","datePublished":"2021-09-16T16:10:36+00:00","dateModified":"2025-10-21T08:00:51+00:00","description":"Descubre la informaci\u00f3n m\u00e1s reciente sobre accesibilidad en el blog digi\u00b7access: leyes, soluciones t\u00e9cnicas y consejos para sitios web inclusivos.","breadcrumb":{"@id":"https:\/\/www.digiaccess.org\/es\/blog\/#breadcrumb"},"inLanguage":"es","potentialAction":[{"@type":"ReadAction","target":["https:\/\/www.digiaccess.org\/es\/blog\/"]}]},{"@type":"ImageObject","inLanguage":"es","@id":"https:\/\/www.digiaccess.org\/es\/blog\/#primaryimage","url":"https:\/\/www.digiaccess.org\/wp-content\/uploads\/2020\/02\/cons004.jpg","contentUrl":"https:\/\/www.digiaccess.org\/wp-content\/uploads\/2020\/02\/cons004.jpg","width":1500,"height":1000},{"@type":"BreadcrumbList","@id":"https:\/\/www.digiaccess.org\/es\/blog\/#breadcrumb","itemListElement":[{"@type":"ListItem","position":1,"name":"Home","item":"https:\/\/www.digiaccess.org\/es\/"},{"@type":"ListItem","position":2,"name":"Blog"}]},{"@type":"WebSite","@id":"https:\/\/www.digiaccess.org\/es\/#website","url":"https:\/\/www.digiaccess.org\/es\/","name":"digi\u00b7access","description":"Accesibilidad digital","publisher":{"@id":"https:\/\/www.digiaccess.org\/es\/#organization"},"potentialAction":[{"@type":"SearchAction","target":{"@type":"EntryPoint","urlTemplate":"https:\/\/www.digiaccess.org\/es\/?s={search_term_string}"},"query-input":{"@type":"PropertyValueSpecification","valueRequired":true,"valueName":"search_term_string"}}],"inLanguage":"es"},{"@type":"Organization","@id":"https:\/\/www.digiaccess.org\/es\/#organization","name":"digi\u00b7access","url":"https:\/\/www.digiaccess.org\/es\/","logo":{"@type":"ImageObject","inLanguage":"es","@id":"https:\/\/www.digiaccess.org\/es\/#\/schema\/logo\/image\/","url":"https:\/\/www.digiaccess.org\/wp-content\/uploads\/2024\/10\/digi-access_Logo_02_RZ.svg","contentUrl":"https:\/\/www.digiaccess.org\/wp-content\/uploads\/2024\/10\/digi-access_Logo_02_RZ.svg","caption":"digi\u00b7access"},"image":{"@id":"https:\/\/www.digiaccess.org\/es\/#\/schema\/logo\/image\/"}}]}},"_links":{"self":[{"href":"https:\/\/www.digiaccess.org\/es\/wp-json\/wp\/v2\/pages\/9701","targetHints":{"allow":["GET"]}}],"collection":[{"href":"https:\/\/www.digiaccess.org\/es\/wp-json\/wp\/v2\/pages"}],"about":[{"href":"https:\/\/www.digiaccess.org\/es\/wp-json\/wp\/v2\/types\/page"}],"author":[{"embeddable":true,"href":"https:\/\/www.digiaccess.org\/es\/wp-json\/wp\/v2\/users\/2"}],"replies":[{"embeddable":true,"href":"https:\/\/www.digiaccess.org\/es\/wp-json\/wp\/v2\/comments?post=9701"}],"version-history":[{"count":8,"href":"https:\/\/www.digiaccess.org\/es\/wp-json\/wp\/v2\/pages\/9701\/revisions"}],"predecessor-version":[{"id":14660,"href":"https:\/\/www.digiaccess.org\/es\/wp-json\/wp\/v2\/pages\/9701\/revisions\/14660"}],"wp:featuredmedia":[{"embeddable":true,"href":"https:\/\/www.digiaccess.org\/es\/wp-json\/wp\/v2\/media\/11573"}],"wp:attachment":[{"href":"https:\/\/www.digiaccess.org\/es\/wp-json\/wp\/v2\/media?parent=9701"}],"curies":[{"name":"wp","href":"https:\/\/api.w.org\/{rel}","templated":true}]}}