{"id":9802,"date":"2024-10-30T09:37:14","date_gmt":"2024-10-30T08:37:14","guid":{"rendered":"https:\/\/www.digiaccess.org\/pie-de-imprenta\/"},"modified":"2025-10-21T10:32:58","modified_gmt":"2025-10-21T08:32:58","slug":"pie-de-imprenta","status":"publish","type":"page","link":"https:\/\/www.digiaccess.org\/es\/pie-de-imprenta\/","title":{"rendered":"Pie de imprenta"},"content":{"rendered":"\t\t<div data-elementor-type=\"wp-page\" data-elementor-id=\"9802\" class=\"elementor elementor-9802 elementor-4916\" data-elementor-post-type=\"page\">\n\t\t\t\t<div class=\"elementor-element elementor-element-f27c028 e-flex e-con-boxed e-con e-parent\" data-id=\"f27c028\" data-element_type=\"container\">\n\t\t\t\t\t<div class=\"e-con-inner\">\n\t\t\t\t<div class=\"elementor-element elementor-element-4d55966 elementor-widget elementor-widget-text-editor\" data-id=\"4d55966\" data-element_type=\"widget\" data-widget_type=\"text-editor.default\">\n\t\t\t\t<div class=\"elementor-widget-container\">\n\t\t\t\t\t\t\t\t\t<div><div data-padding-pos=\"all\" data-has-bg-color=\"false\" data-bg-color=\"\" data-bg-opacity=\"1\" data-animation=\"\" data-delay=\"0\"><div><div><h2 data-da-style=\"true\"><span data-olk-copy-source=\"MessageBody\">Proveedor de servicios responsable seg\u00fan \u00a7 5 DDG<\/span>:<\/h2><div><p>digi\u00b7access GmbH<br>Quarzstr. 4<br>51371 Leverkusen<br>Tel\u00e9fono: <a href=\"http:\/\/+4921732003760\" data-da-link-item=\"true\" data-da-id=\"122\" data-da-next=\"123\" data-da-prev=\"121\" data-da-focused=\"false\" data-da-down=\"123\" data-da-up=\"121\" data-wplink-url-error=\"true\">+492173 2003760<\/a><br>Correo electr\u00f3nico: <a href=\"mailto:%20hallo@digiaccess.org\" target=\"_blank\" rel=\"noopener\" data-da-link-item=\"true\" data-da-id=\"123\" data-da-next=\"124\" data-da-prev=\"122\" data-da-focused=\"false\" data-da-down=\"124\" data-da-up=\"122\">hallo@digiaccess.org<\/a><\/p><\/div><h3 data-da-style=\"true\"> <\/h3><h3 data-da-style=\"true\"><span data-olk-copy-source=\"MessageBody\">Director general autorizado para representar a la empresa:<\/span> <\/h3><div class=\"nectar-responsive-text font_line_height_1-6\"><p>Thomas Brumloop<\/p><\/div><h3 data-da-style=\"true\"><span data-olk-copy-source=\"MessageBody\">Registro mercantil<\/span>:<\/h3><div><p>Tribunal de registro: Tribunal Local de Colonia<br>N\u00famero de registro: HRB 119996<\/p><h3 data-da-style=\"true\"><span data-olk-copy-source=\"MessageBody\">N\u00famero de identificaci\u00f3n fiscal seg\u00fan \u00a7 27a UStG:<\/span><\/h3><p><span data-da-styleinline=\"true\">CIF: DE328948451<\/span><\/p><\/div><h3 data-da-style=\"true\"><span data-olk-copy-source=\"MessageBody\">Responsable del contenido seg\u00fan \u00a7 18 Abs. 2 MStV: <\/span><\/h3><p data-da-style=\"true\">Thomas Brumloop<br>Quarzstra\u00dfe 4<br>51371 Leverkusen<\/p><p data-da-style=\"true\"> <\/p><\/div><\/div><\/div><\/div><h3 data-da-style=\"true\"><span data-olk-copy-source=\"MessageBody\">Nota seg\u00fan \u00a7 14 BGB:<\/span><\/h3><p>Los servicios ofrecidos se dirigen exclusivamente a empresarios en el sentido del art\u00edculo 14 del BGB.<br>No se ofrecen servicios para consumidores en el sentido del art\u00edculo 13 del BGB.<\/p><div><div data-padding-pos=\"all\" data-has-bg-color=\"false\" data-bg-color=\"\" data-bg-opacity=\"1\" data-animation=\"\" data-delay=\"0\"><div><div><h3 data-da-style=\"true\">Resoluci\u00f3n de conflictos:<\/h3><div><p>La Comisi\u00f3n Europea ofrece una plataforma de resoluci\u00f3n de litigios en l\u00ednea (OS): https:\/\/ec.europa.eu\/consumers\/odr<\/p><p>Encontrar\u00e1s nuestra direcci\u00f3n de correo electr\u00f3nico en el pie de imprenta. No estamos dispuestos ni obligados a participar en procedimientos de resoluci\u00f3n de litigios ante una junta de arbitraje de consumo.<\/p><\/div><h2 data-da-style=\"true\">Responsabilidad<\/h2><h3 data-da-style=\"true\">Para los contenidos<\/h3><div><p>Como proveedor de servicios, somos responsables de nuestro propio contenido en estas p\u00e1ginas de acuerdo con el art\u00edculo 7 (1) de la TMG (Ley alemana de Telemedios) y la legislaci\u00f3n general. Sin embargo, seg\u00fan los \u00a7\u00a7 8 a 10 de la TMG, como proveedor de servicios no estamos obligados a controlar la informaci\u00f3n de terceros transmitida o almacenada, ni a investigar circunstancias que indiquen una actividad ilegal. Esto no afecta a las obligaciones de eliminar o bloquear el uso de informaci\u00f3n de acuerdo con la legislaci\u00f3n general. Sin embargo, la responsabilidad a este respecto s\u00f3lo es posible a partir del momento en que se tiene conocimiento de una infracci\u00f3n concreta. Tan pronto como tengamos conocimiento de tales infracciones, eliminaremos este contenido inmediatamente.     <\/p><\/div><h3 data-da-style=\"true\">Responsabilidad de los enlaces<\/h3><div><p>Nuestro sitio web contiene enlaces a sitios web externos de terceros sobre cuyo contenido no tenemos ninguna influencia. Por lo tanto, no podemos aceptar ninguna responsabilidad por este contenido de terceros. El respectivo proveedor u operador de las p\u00e1ginas es siempre responsable del contenido de las p\u00e1ginas enlazadas. Las p\u00e1ginas enlazadas se comprobaron en el momento de enlazarlas para detectar posibles infracciones legales. No se reconocieron contenidos ilegales en el momento de establecer el enlace. Sin embargo, la supervisi\u00f3n permanente del contenido de las p\u00e1ginas enlazadas no es razonable sin pruebas concretas de una infracci\u00f3n. Si tenemos conocimiento de alguna infracci\u00f3n legal, eliminaremos dichos enlaces inmediatamente.      <\/p><\/div><h3 data-da-style=\"true\">Derechos de autor<\/h3><div><p>El contenido y las obras creadas por los operadores del sitio en estas p\u00e1ginas est\u00e1n sujetos a la legislaci\u00f3n alemana sobre derechos de autor. La duplicaci\u00f3n, procesamiento, distribuci\u00f3n y cualquier tipo de utilizaci\u00f3n fuera de los l\u00edmites de la ley de derechos de autor requieren el consentimiento por escrito del autor o creador respectivo. Las descargas y copias de este sitio s\u00f3lo est\u00e1n permitidas para uso privado y no comercial. En la medida en que el contenido de este sitio no haya sido creado por el operador, se respetan los derechos de autor de terceros. En particular, el contenido de terceros est\u00e1 etiquetado como tal. No obstante, si tuvieras conocimiento de una infracci\u00f3n de los derechos de autor, te rogamos que nos lo comuniques. Si tenemos conocimiento de alguna infracci\u00f3n, eliminaremos dicho contenido inmediatamente.      <\/p><p>Fuente: <a href=\"https:\/\/www.e-recht24.de\/impressumgenerator.html\" target=\"_blank\" rel=\"noopener\" data-da-link-item=\"true\" data-da-id=\"131\" data-da-next=\"132\" data-da-prev=\"130\" data-da-focused=\"false\" data-da-down=\"134\" data-da-up=\"130\">https:\/\/www.e-recht24.de\/impressumgenerator.html<\/a><\/p><h3><span style=\"color: var(--textcolor,var(--the7-h3-color)); letter-spacing: var(--the7-h3-letter-spacing); text-transform: var(--the7-h3-text-transform); word-spacing: var(--the7-h3-word-spacing); text-align: var(--text-align); background-color: rgba(255, 255, 255, 0);\">Realizaci\u00f3n t\u00e9cnica<\/span><\/h3><p><a href=\"https:\/\/www.diemedialen.de\/\">Medialen GmbH<\/a><br><span style=\"text-align: var(--text-align); background-color: rgba(255, 255, 255, 0); color: var(--the7-base-color); letter-spacing: var(--the7-base-letter-spacing); text-transform: var(--the7-base-text-transform); word-spacing: normal;\">Colmantstra\u00dfe 39<br><\/span><span style=\"text-align: var(--text-align); background-color: rgba(255, 255, 255, 0); color: var(--the7-base-color); letter-spacing: var(--the7-base-letter-spacing); text-transform: var(--the7-base-text-transform); word-spacing: normal;\">53115 Bonn<br><\/span><span style=\"text-align: var(--text-align); background-color: rgba(255, 255, 255, 0); color: var(--the7-base-color); letter-spacing: var(--the7-base-letter-spacing); text-transform: var(--the7-base-text-transform); word-spacing: normal;\">Tel\u00e9fono: 0049 (0)228 90822-0<br><\/span><span style=\"text-align: var(--text-align); background-color: rgba(255, 255, 255, 0); color: var(--the7-base-color); letter-spacing: var(--the7-base-letter-spacing); text-transform: var(--the7-base-text-transform); word-spacing: normal;\">Fax: 0049 (0)228 90822-10<br><\/span><span style=\"text-align: var(--text-align); background-color: rgba(255, 255, 255, 0); color: var(--the7-base-color); letter-spacing: var(--the7-base-letter-spacing); text-transform: var(--the7-base-text-transform); word-spacing: normal;\">Correo electr\u00f3nico: <a href=\"mailto:%20info@diemedialen.de\">info@diemedialen.de<\/a><\/span><\/p><\/div><\/div><\/div><\/div><\/div>\t\t\t\t\t\t\t\t<\/div>\n\t\t\t\t<\/div>\n\t\t\t\t\t<\/div>\n\t\t\t\t<\/div>\n\t\t\t\t<\/div>\n\t\t","protected":false},"excerpt":{"rendered":"<p>Proveedor de servicios responsable seg\u00fan \u00a7 5 DDG: digi\u00b7access GmbHQuarzstr. 451371 LeverkusenTel\u00e9fono: +492173 2003760Correo electr\u00f3nico: hallo@digiaccess.org Director general autorizado para representar a la empresa: Thomas Brumloop Registro mercantil: Tribunal de registro: Tribunal Local de ColoniaN\u00famero de registro: HRB 119996 N\u00famero de identificaci\u00f3n fiscal seg\u00fan \u00a7 27a UStG: CIF: DE328948451 Responsable del contenido seg\u00fan \u00a7 18&hellip;<\/p>\n","protected":false},"author":2,"featured_media":0,"parent":0,"menu_order":0,"comment_status":"closed","ping_status":"closed","template":"","meta":{"inline_featured_image":false,"footnotes":""},"class_list":["post-9802","page","type-page","status-publish","hentry"],"yoast_head":"<!-- This site is optimized with the Yoast SEO plugin v26.6 - https:\/\/yoast.com\/wordpress\/plugins\/seo\/ -->\n<title>Pie de imprenta - digi\u00b7access<\/title>\n<meta name=\"description\" content=\"digi\u00b7access GmbH - Tu socio para la accesibilidad digital. Pie de imprenta, contacto e informaci\u00f3n legal sobre nuestra empresa.\" \/>\n<meta name=\"robots\" content=\"index, follow, max-snippet:-1, max-image-preview:large, max-video-preview:-1\" \/>\n<link rel=\"canonical\" href=\"https:\/\/www.digiaccess.org\/es\/pie-de-imprenta\/\" \/>\n<meta property=\"og:locale\" content=\"es_ES\" \/>\n<meta property=\"og:type\" content=\"article\" \/>\n<meta property=\"og:title\" content=\"Pie de imprenta - digi\u00b7access\" \/>\n<meta property=\"og:description\" content=\"digi\u00b7access GmbH - Tu socio para la accesibilidad digital. Pie de imprenta, contacto e informaci\u00f3n legal sobre nuestra empresa.\" \/>\n<meta property=\"og:url\" content=\"https:\/\/www.digiaccess.org\/es\/pie-de-imprenta\/\" \/>\n<meta property=\"og:site_name\" content=\"digi\u00b7access\" \/>\n<meta property=\"article:modified_time\" content=\"2025-10-21T08:32:58+00:00\" \/>\n<meta name=\"twitter:card\" content=\"summary_large_image\" \/>\n<meta name=\"twitter:label1\" content=\"Tiempo de lectura\" \/>\n\t<meta name=\"twitter:data1\" content=\"3 minutos\" \/>\n<script type=\"application\/ld+json\" class=\"yoast-schema-graph\">{\"@context\":\"https:\/\/schema.org\",\"@graph\":[{\"@type\":\"WebPage\",\"@id\":\"https:\/\/www.digiaccess.org\/es\/pie-de-imprenta\/\",\"url\":\"https:\/\/www.digiaccess.org\/es\/pie-de-imprenta\/\",\"name\":\"Pie de imprenta - digi\u00b7access\",\"isPartOf\":{\"@id\":\"https:\/\/www.digiaccess.org\/es\/#website\"},\"datePublished\":\"2024-10-30T08:37:14+00:00\",\"dateModified\":\"2025-10-21T08:32:58+00:00\",\"description\":\"digi\u00b7access GmbH - Tu socio para la accesibilidad digital. Pie de imprenta, contacto e informaci\u00f3n legal sobre nuestra empresa.\",\"breadcrumb\":{\"@id\":\"https:\/\/www.digiaccess.org\/es\/pie-de-imprenta\/#breadcrumb\"},\"inLanguage\":\"es\",\"potentialAction\":[{\"@type\":\"ReadAction\",\"target\":[\"https:\/\/www.digiaccess.org\/es\/pie-de-imprenta\/\"]}]},{\"@type\":\"BreadcrumbList\",\"@id\":\"https:\/\/www.digiaccess.org\/es\/pie-de-imprenta\/#breadcrumb\",\"itemListElement\":[{\"@type\":\"ListItem\",\"position\":1,\"name\":\"Home\",\"item\":\"https:\/\/www.digiaccess.org\/es\/\"},{\"@type\":\"ListItem\",\"position\":2,\"name\":\"Pie de imprenta\"}]},{\"@type\":\"WebSite\",\"@id\":\"https:\/\/www.digiaccess.org\/es\/#website\",\"url\":\"https:\/\/www.digiaccess.org\/es\/\",\"name\":\"digi\u00b7access\",\"description\":\"Accesibilidad digital\",\"publisher\":{\"@id\":\"https:\/\/www.digiaccess.org\/es\/#organization\"},\"potentialAction\":[{\"@type\":\"SearchAction\",\"target\":{\"@type\":\"EntryPoint\",\"urlTemplate\":\"https:\/\/www.digiaccess.org\/es\/?s={search_term_string}\"},\"query-input\":{\"@type\":\"PropertyValueSpecification\",\"valueRequired\":true,\"valueName\":\"search_term_string\"}}],\"inLanguage\":\"es\"},{\"@type\":\"Organization\",\"@id\":\"https:\/\/www.digiaccess.org\/es\/#organization\",\"name\":\"digi\u00b7access\",\"url\":\"https:\/\/www.digiaccess.org\/es\/\",\"logo\":{\"@type\":\"ImageObject\",\"inLanguage\":\"es\",\"@id\":\"https:\/\/www.digiaccess.org\/es\/#\/schema\/logo\/image\/\",\"url\":\"https:\/\/www.digiaccess.org\/wp-content\/uploads\/2024\/10\/digi-access_Logo_02_RZ.svg\",\"contentUrl\":\"https:\/\/www.digiaccess.org\/wp-content\/uploads\/2024\/10\/digi-access_Logo_02_RZ.svg\",\"caption\":\"digi\u00b7access\"},\"image\":{\"@id\":\"https:\/\/www.digiaccess.org\/es\/#\/schema\/logo\/image\/\"}}]}<\/script>\n<!-- \/ Yoast SEO plugin. -->","yoast_head_json":{"title":"Pie de imprenta - digi\u00b7access","description":"digi\u00b7access GmbH - Tu socio para la accesibilidad digital. Pie de imprenta, contacto e informaci\u00f3n legal sobre nuestra empresa.","robots":{"index":"index","follow":"follow","max-snippet":"max-snippet:-1","max-image-preview":"max-image-preview:large","max-video-preview":"max-video-preview:-1"},"canonical":"https:\/\/www.digiaccess.org\/es\/pie-de-imprenta\/","og_locale":"es_ES","og_type":"article","og_title":"Pie de imprenta - digi\u00b7access","og_description":"digi\u00b7access GmbH - Tu socio para la accesibilidad digital. Pie de imprenta, contacto e informaci\u00f3n legal sobre nuestra empresa.","og_url":"https:\/\/www.digiaccess.org\/es\/pie-de-imprenta\/","og_site_name":"digi\u00b7access","article_modified_time":"2025-10-21T08:32:58+00:00","twitter_card":"summary_large_image","twitter_misc":{"Tiempo de lectura":"3 minutos"},"schema":{"@context":"https:\/\/schema.org","@graph":[{"@type":"WebPage","@id":"https:\/\/www.digiaccess.org\/es\/pie-de-imprenta\/","url":"https:\/\/www.digiaccess.org\/es\/pie-de-imprenta\/","name":"Pie de imprenta - digi\u00b7access","isPartOf":{"@id":"https:\/\/www.digiaccess.org\/es\/#website"},"datePublished":"2024-10-30T08:37:14+00:00","dateModified":"2025-10-21T08:32:58+00:00","description":"digi\u00b7access GmbH - Tu socio para la accesibilidad digital. Pie de imprenta, contacto e informaci\u00f3n legal sobre nuestra empresa.","breadcrumb":{"@id":"https:\/\/www.digiaccess.org\/es\/pie-de-imprenta\/#breadcrumb"},"inLanguage":"es","potentialAction":[{"@type":"ReadAction","target":["https:\/\/www.digiaccess.org\/es\/pie-de-imprenta\/"]}]},{"@type":"BreadcrumbList","@id":"https:\/\/www.digiaccess.org\/es\/pie-de-imprenta\/#breadcrumb","itemListElement":[{"@type":"ListItem","position":1,"name":"Home","item":"https:\/\/www.digiaccess.org\/es\/"},{"@type":"ListItem","position":2,"name":"Pie de imprenta"}]},{"@type":"WebSite","@id":"https:\/\/www.digiaccess.org\/es\/#website","url":"https:\/\/www.digiaccess.org\/es\/","name":"digi\u00b7access","description":"Accesibilidad digital","publisher":{"@id":"https:\/\/www.digiaccess.org\/es\/#organization"},"potentialAction":[{"@type":"SearchAction","target":{"@type":"EntryPoint","urlTemplate":"https:\/\/www.digiaccess.org\/es\/?s={search_term_string}"},"query-input":{"@type":"PropertyValueSpecification","valueRequired":true,"valueName":"search_term_string"}}],"inLanguage":"es"},{"@type":"Organization","@id":"https:\/\/www.digiaccess.org\/es\/#organization","name":"digi\u00b7access","url":"https:\/\/www.digiaccess.org\/es\/","logo":{"@type":"ImageObject","inLanguage":"es","@id":"https:\/\/www.digiaccess.org\/es\/#\/schema\/logo\/image\/","url":"https:\/\/www.digiaccess.org\/wp-content\/uploads\/2024\/10\/digi-access_Logo_02_RZ.svg","contentUrl":"https:\/\/www.digiaccess.org\/wp-content\/uploads\/2024\/10\/digi-access_Logo_02_RZ.svg","caption":"digi\u00b7access"},"image":{"@id":"https:\/\/www.digiaccess.org\/es\/#\/schema\/logo\/image\/"}}]}},"_links":{"self":[{"href":"https:\/\/www.digiaccess.org\/es\/wp-json\/wp\/v2\/pages\/9802","targetHints":{"allow":["GET"]}}],"collection":[{"href":"https:\/\/www.digiaccess.org\/es\/wp-json\/wp\/v2\/pages"}],"about":[{"href":"https:\/\/www.digiaccess.org\/es\/wp-json\/wp\/v2\/types\/page"}],"author":[{"embeddable":true,"href":"https:\/\/www.digiaccess.org\/es\/wp-json\/wp\/v2\/users\/2"}],"replies":[{"embeddable":true,"href":"https:\/\/www.digiaccess.org\/es\/wp-json\/wp\/v2\/comments?post=9802"}],"version-history":[{"count":6,"href":"https:\/\/www.digiaccess.org\/es\/wp-json\/wp\/v2\/pages\/9802\/revisions"}],"predecessor-version":[{"id":15027,"href":"https:\/\/www.digiaccess.org\/es\/wp-json\/wp\/v2\/pages\/9802\/revisions\/15027"}],"wp:attachment":[{"href":"https:\/\/www.digiaccess.org\/es\/wp-json\/wp\/v2\/media?parent=9802"}],"curies":[{"name":"wp","href":"https:\/\/api.w.org\/{rel}","templated":true}]}}