{"id":10812,"date":"2024-11-13T10:15:06","date_gmt":"2024-11-13T09:15:06","guid":{"rendered":"https:\/\/www.digiaccess.org\/produits\/digi-accessscan\/"},"modified":"2025-10-21T10:15:04","modified_gmt":"2025-10-21T08:15:04","slug":"digi-scan","status":"publish","type":"page","link":"https:\/\/www.digiaccess.org\/fr\/produits\/digi-scan\/","title":{"rendered":"digi\u00b7Scan"},"content":{"rendered":"\t\t<div data-elementor-type=\"wp-page\" data-elementor-id=\"10812\" class=\"elementor elementor-10812 elementor-5930\" data-elementor-post-type=\"page\">\n\t\t\t\t<div class=\"elementor-element elementor-element-e2ec29f e-flex e-con-boxed e-con e-parent\" data-id=\"e2ec29f\" data-element_type=\"container\" data-settings=\"{&quot;background_background&quot;:&quot;classic&quot;}\">\n\t\t\t\t\t<div class=\"e-con-inner\">\n\t\t<div class=\"elementor-element elementor-element-002d367 e-con-full e-flex e-con e-child\" data-id=\"002d367\" data-element_type=\"container\">\n\t\t\t\t<div class=\"elementor-element elementor-element-862ac8c elementor-widget elementor-widget-heading\" data-id=\"862ac8c\" data-element_type=\"widget\" data-widget_type=\"heading.default\">\n\t\t\t\t<div class=\"elementor-widget-container\">\n\t\t\t\t\t<h1 class=\"elementor-heading-title elementor-size-default\">digi\u00b7Scan<\/h1>\t\t\t\t<\/div>\n\t\t\t\t<\/div>\n\t\t\t\t<div class=\"elementor-element elementor-element-0bd5e91 elementor-widget elementor-widget-heading\" data-id=\"0bd5e91\" data-element_type=\"widget\" data-widget_type=\"heading.default\">\n\t\t\t\t<div class=\"elementor-widget-container\">\n\t\t\t\t\t<h4 class=\"elementor-heading-title elementor-size-default\">digi\u00b7Scan v\u00e9rifie que votre site Web est conforme aux normes techniques d'accessibilit\u00e9. <\/h4>\t\t\t\t<\/div>\n\t\t\t\t<\/div>\n\t\t\t\t<div class=\"elementor-element elementor-element-3e29236 elementor-widget elementor-widget-text-editor\" data-id=\"3e29236\" data-element_type=\"widget\" data-widget_type=\"text-editor.default\">\n\t\t\t\t<div class=\"elementor-widget-container\">\n\t\t\t\t\t\t\t\t\t<div class=\"flex max-w-full flex-col flex-grow\"><div class=\"min-h-8 text-message flex w-full flex-col items-end gap-2 whitespace-normal break-words text-start [.text-message+&amp;]:mt-5\" dir=\"auto\" data-message-author-role=\"assistant\" data-message-id=\"ad76f75c-b4bd-402e-9ad6-9240b7af4008\" data-message-model-slug=\"gpt-4o\"><div class=\"flex w-full flex-col gap-1 empty:hidden first:pt-[3px]\"><div class=\"markdown prose w-full break-words dark:prose-invert light\"><p>Identifie pour vous les probl\u00e8mes d&rsquo;accessibilit\u00e9 et les r\u00e9sume dans un rapport clair et concis. Ainsi, digi\u00b7Scan vous aide \u00e0 am\u00e9liorer l&rsquo;accessibilit\u00e9 num\u00e9rique de votre site Web et \u00e0 le rendre accessible \u00e0 tous les utilisateurs. Ce rapport vous montre \u00e9galement avec quelle efficacit\u00e9 nous r\u00e9solvons les probl\u00e8mes d&rsquo;accessibilit\u00e9 existants pour vous, si vous \u00eates d\u00e9j\u00e0 notre client. Ou si vous \u00eates en train de devenir notre client.    <\/p><\/div><\/div><\/div><\/div>\t\t\t\t\t\t\t\t<\/div>\n\t\t\t\t<\/div>\n\t\t\t\t<\/div>\n\t\t<div class=\"elementor-element elementor-element-fe0c612 e-con-full e-flex e-con e-child\" data-id=\"fe0c612\" data-element_type=\"container\">\n\t\t\t\t<div class=\"elementor-element elementor-element-e2c36fd elementor-widget elementor-widget-image\" data-id=\"e2c36fd\" data-element_type=\"widget\" data-widget_type=\"image.default\">\n\t\t\t\t<div class=\"elementor-widget-container\">\n\t\t\t\t\t\t\t\t\t\t\t\t\t\t\t<img fetchpriority=\"high\" decoding=\"async\" width=\"958\" height=\"1024\" src=\"https:\/\/www.digiaccess.org\/wp-content\/uploads\/2025\/06\/digi-access_Packshot_Scan-1-958x1024.png\" class=\"attachment-large size-large wp-image-12632\" alt=\"\" srcset=\"https:\/\/www.digiaccess.org\/wp-content\/uploads\/2025\/06\/digi-access_Packshot_Scan-1-958x1024.png 958w, https:\/\/www.digiaccess.org\/wp-content\/uploads\/2025\/06\/digi-access_Packshot_Scan-1-281x300.png 281w, https:\/\/www.digiaccess.org\/wp-content\/uploads\/2025\/06\/digi-access_Packshot_Scan-1-768x821.png 768w, https:\/\/www.digiaccess.org\/wp-content\/uploads\/2025\/06\/digi-access_Packshot_Scan-1-1437x1536.png 1437w, https:\/\/www.digiaccess.org\/wp-content\/uploads\/2025\/06\/digi-access_Packshot_Scan-1-1916x2048.png 1916w\" sizes=\"(max-width: 958px) 100vw, 958px\" \/>\t\t\t\t\t\t\t\t\t\t\t\t\t\t\t<\/div>\n\t\t\t\t<\/div>\n\t\t\t\t<\/div>\n\t\t\t\t\t<\/div>\n\t\t\t\t<\/div>\n\t\t<div class=\"elementor-element elementor-element-8c976f5 e-flex e-con-boxed e-con e-parent\" data-id=\"8c976f5\" data-element_type=\"container\" data-settings=\"{&quot;background_background&quot;:&quot;classic&quot;}\">\n\t\t\t\t\t<div class=\"e-con-inner\">\n\t\t<div class=\"elementor-element elementor-element-8db07d4 e-con-full e-flex e-con e-child\" data-id=\"8db07d4\" data-element_type=\"container\">\n\t\t<div class=\"elementor-element elementor-element-63dcb41 e-grid e-con-full e-con e-child\" data-id=\"63dcb41\" data-element_type=\"container\">\n\t\t\t\t<div class=\"elementor-element elementor-element-cd2a830 elementor-widget-mobile__width-inherit elementor-widget elementor-widget-text-editor\" data-id=\"cd2a830\" data-element_type=\"widget\" data-widget_type=\"text-editor.default\">\n\t\t\t\t<div class=\"elementor-widget-container\">\n\t\t\t\t\t\t\t\t\t<h3>Demander digi\u00b7Scan gratuitement<\/h3>\t\t\t\t\t\t\t\t<\/div>\n\t\t\t\t<\/div>\n\t\t\t\t<div class=\"elementor-element elementor-element-76808fb elementor-widget__width-initial elementor-button-align-stretch elementor-widget elementor-widget-form\" data-id=\"76808fb\" data-element_type=\"widget\" data-settings=\"{&quot;step_next_label&quot;:&quot;Suivant&quot;,&quot;step_previous_label&quot;:&quot;Previous&quot;,&quot;button_width&quot;:&quot;100&quot;,&quot;step_type&quot;:&quot;number_text&quot;,&quot;step_icon_shape&quot;:&quot;circle&quot;}\" data-widget_type=\"form.default\">\n\t\t\t\t<div class=\"elementor-widget-container\">\n\t\t\t\t\t\t\t<form class=\"elementor-form\" method=\"post\" name=\"Nouvelle forme\" aria-label=\"Nouvelle forme\">\n\t\t\t<input type=\"hidden\" name=\"post_id\" value=\"10812\"\/>\n\t\t\t<input type=\"hidden\" name=\"form_id\" value=\"76808fb\"\/>\n\t\t\t<input type=\"hidden\" name=\"referer_title\" value=\"digi\u00b7Scan - digi\u00b7access\" \/>\n\n\t\t\t\t\t\t\t<input type=\"hidden\" name=\"queried_id\" value=\"10812\"\/>\n\t\t\t\n\t\t\t<div class=\"elementor-form-fields-wrapper elementor-labels-\">\n\t\t\t\t\t\t\t\t<div class=\"elementor-field-type-email elementor-field-group elementor-column elementor-field-group-field_1f79d6e elementor-col-50 elementor-field-required\">\n\t\t\t\t\t\t\t\t\t\t\t\t<label for=\"form-field-field_1f79d6e\" class=\"elementor-field-label elementor-screen-only\">\n\t\t\t\t\t\t\t\tAdresse \u00e9lectronique\t\t\t\t\t\t\t<\/label>\n\t\t\t\t\t\t\t\t\t\t\t\t\t\t<input size=\"1\" type=\"email\" name=\"form_fields[field_1f79d6e]\" id=\"form-field-field_1f79d6e\" class=\"elementor-field elementor-size-lg  elementor-field-textual\" placeholder=\"Adresse \u00e9lectronique\" required=\"required\">\n\t\t\t\t\t\t\t\t\t\t\t<\/div>\n\t\t\t\t\t\t\t\t<div class=\"elementor-field-type-url elementor-field-group elementor-column elementor-field-group-field_deffdac elementor-col-50 elementor-field-required\">\n\t\t\t\t\t\t\t\t\t\t\t\t<label for=\"form-field-field_deffdac\" class=\"elementor-field-label elementor-screen-only\">\n\t\t\t\t\t\t\t\tDomaine\t\t\t\t\t\t\t<\/label>\n\t\t\t\t\t\t\t\t\t\t\t\t\t\t<input size=\"1\" type=\"url\" name=\"form_fields[field_deffdac]\" id=\"form-field-field_deffdac\" class=\"elementor-field elementor-size-lg  elementor-field-textual\" placeholder=\"Domaine\" required=\"required\">\n\t\t\t\t\t\t\t\t\t\t\t<\/div>\n\t\t\t\t\t\t\t\t<div class=\"elementor-field-group elementor-column elementor-field-type-submit elementor-col-100 e-form__buttons\">\n\t\t\t\t\t<button class=\"elementor-button elementor-size-lg\" type=\"submit\">\n\t\t\t\t\t\t<span class=\"elementor-button-content-wrapper\">\n\t\t\t\t\t\t\t\t\t\t\t\t\t\t\t\t\t\t\t\t\t\t<span class=\"elementor-button-text\">Lancer l'analyse<\/span>\n\t\t\t\t\t\t\t\t\t\t\t\t\t<\/span>\n\t\t\t\t\t<\/button>\n\t\t\t\t<\/div>\n\t\t\t<\/div>\n\t\t<\/form>\n\t\t\t\t\t\t<\/div>\n\t\t\t\t<\/div>\n\t\t\t\t<\/div>\n\t\t\t\t<\/div>\n\t\t\t\t\t<\/div>\n\t\t\t\t<\/div>\n\t\t<div class=\"elementor-element elementor-element-c1599db elementor-hidden-desktop elementor-hidden-tablet elementor-hidden-mobile e-flex e-con-boxed e-con e-parent\" data-id=\"c1599db\" data-element_type=\"container\" data-settings=\"{&quot;background_background&quot;:&quot;classic&quot;}\">\n\t\t\t\t\t<div class=\"e-con-inner\">\n\t\t<div class=\"elementor-element elementor-element-8ce7722 e-con-full e-flex e-con e-child\" data-id=\"8ce7722\" data-element_type=\"container\">\n\t\t\t\t<div class=\"elementor-element elementor-element-c7c718b elementor-widget elementor-widget-heading\" data-id=\"c7c718b\" data-element_type=\"widget\" data-widget_type=\"heading.default\">\n\t\t\t\t<div class=\"elementor-widget-container\">\n\t\t\t\t\t<h4 class=\"elementor-heading-title elementor-size-default\">Audit automatis\u00e9 et rapports clairs<\/h4>\t\t\t\t<\/div>\n\t\t\t\t<\/div>\n\t\t\t\t<div class=\"elementor-element elementor-element-8d6d987 elementor-widget elementor-widget-text-editor\" data-id=\"8d6d987\" data-element_type=\"widget\" data-widget_type=\"text-editor.default\">\n\t\t\t\t<div class=\"elementor-widget-container\">\n\t\t\t\t\t\t\t\t\t<p>Apr\u00e8s chaque analyse, vous recevez un rapport de contr\u00f4le complet au format PDF. Ce rapport est facile \u00e0 comprendre, contient des r\u00e9sultats concrets et fournit des explications claires pour chaque erreur identifi\u00e9e. De plus, il propose des suggestions d&rsquo;am\u00e9lioration sp\u00e9cifiques afin que vous puissiez prendre des mesures cibl\u00e9es pour optimiser votre site.  <\/p>\t\t\t\t\t\t\t\t<\/div>\n\t\t\t\t<\/div>\n\t\t\t\t<div class=\"elementor-element elementor-element-d4b0393 elementor-widget elementor-widget-heading\" data-id=\"d4b0393\" data-element_type=\"widget\" data-widget_type=\"heading.default\">\n\t\t\t\t<div class=\"elementor-widget-container\">\n\t\t\t\t\t<h4 class=\"elementor-heading-title elementor-size-default\">Actuel et conforme aux normes internationales<\/h4>\t\t\t\t<\/div>\n\t\t\t\t<\/div>\n\t\t\t\t<div class=\"elementor-element elementor-element-e76ef17 elementor-widget elementor-widget-text-editor\" data-id=\"e76ef17\" data-element_type=\"widget\" data-widget_type=\"text-editor.default\">\n\t\t\t\t<div class=\"elementor-widget-container\">\n\t\t\t\t\t\t\t\t\t<p>digi\u00b7accessScan est r\u00e9guli\u00e8rement mis \u00e0 jour pour r\u00e9pondre aux derni\u00e8res normes et exigences l\u00e9gales en mati\u00e8re d&rsquo;accessibilit\u00e9. Vous \u00eates ainsi toujours en conformit\u00e9 avec les directives internationales telles que les WCAG et autres normes reconnues. <\/p>\t\t\t\t\t\t\t\t<\/div>\n\t\t\t\t<\/div>\n\t\t\t\t<div class=\"elementor-element elementor-element-21258a2 elementor-widget elementor-widget-heading\" data-id=\"21258a2\" data-element_type=\"widget\" data-widget_type=\"heading.default\">\n\t\t\t\t<div class=\"elementor-widget-container\">\n\t\t\t\t\t<h4 class=\"elementor-heading-title elementor-size-default\">Un gain de temps et d'argent efficace<\/h4>\t\t\t\t<\/div>\n\t\t\t\t<\/div>\n\t\t\t\t<div class=\"elementor-element elementor-element-5f03133 elementor-widget elementor-widget-text-editor\" data-id=\"5f03133\" data-element_type=\"widget\" data-widget_type=\"text-editor.default\">\n\t\t\t\t<div class=\"elementor-widget-container\">\n\t\t\t\t\t\t\t\t\t<p>Notre logiciel r\u00e9duit le processus de v\u00e9rification \u00e0 quelques minutes, ce qui vous permet d&rsquo;effectuer une v\u00e9rification efficace de l&rsquo;accessibilit\u00e9 sans les contraintes des tests manuels. Cela permet non seulement de gagner du temps, mais aussi de r\u00e9duire les co\u00fbts et de faciliter l&rsquo;acc\u00e8s \u00e0 un site Web enti\u00e8rement optimis\u00e9 et accessible. <\/p><p>Avec digi\u00b7accessScan, rendez votre site web accessible \u00e0 tous &#8211; rapidement, facilement et efficacement.<\/p>\t\t\t\t\t\t\t\t<\/div>\n\t\t\t\t<\/div>\n\t\t<div class=\"elementor-element elementor-element-40b1107 e-grid e-con-full e-con e-child\" data-id=\"40b1107\" data-element_type=\"container\">\n\t\t\t\t<\/div>\n\t\t\t\t<\/div>\n\t\t\t\t\t<\/div>\n\t\t\t\t<\/div>\n\t\t<div class=\"elementor-element elementor-element-30e0dbb e-flex e-con-boxed e-con e-parent\" data-id=\"30e0dbb\" data-element_type=\"container\" data-settings=\"{&quot;background_background&quot;:&quot;classic&quot;}\">\n\t\t\t\t\t<div class=\"e-con-inner\">\n\t\t\t\t<div class=\"elementor-element elementor-element-f7ee2ca elementor-widget elementor-widget-heading\" data-id=\"f7ee2ca\" data-element_type=\"widget\" data-widget_type=\"heading.default\">\n\t\t\t\t<div class=\"elementor-widget-container\">\n\t\t\t\t\t<h2 class=\"elementor-heading-title elementor-size-default\">Vous avez des questions ?<\/h2>\t\t\t\t<\/div>\n\t\t\t\t<\/div>\n\t\t\t\t<div class=\"elementor-element elementor-element-e357b04 elementor-hidden-mobile elementor-widget elementor-widget-text-editor\" data-id=\"e357b04\" data-element_type=\"widget\" data-widget_type=\"text-editor.default\">\n\t\t\t\t<div class=\"elementor-widget-container\">\n\t\t\t\t\t\t\t\t\t<h4 class=\"vc_custom_heading vc_custom_1673620750774\" style=\"text-align: center;\" data-da-style=\"true\">Nos experts sont \u00e0 votre disposition.<br>Nous vous aidons \u00e0 trouver la meilleure solution \u00e0 votre probl\u00e8me.<\/h4>\t\t\t\t\t\t\t\t<\/div>\n\t\t\t\t<\/div>\n\t\t\t\t<div class=\"elementor-element elementor-element-9ed1801 elementor-hidden-desktop elementor-hidden-tablet elementor-widget elementor-widget-text-editor\" data-id=\"9ed1801\" data-element_type=\"widget\" data-widget_type=\"text-editor.default\">\n\t\t\t\t<div class=\"elementor-widget-container\">\n\t\t\t\t\t\t\t\t\t<p class=\"vc_custom_heading vc_custom_1673620750774\" style=\"text-align: center;\" data-da-style=\"true\">Nos experts sont \u00e0 votre disposition. Nous vous aiderons \u00e0 trouver la meilleure solution \u00e0 votre probl\u00e8me. <\/p>\t\t\t\t\t\t\t\t<\/div>\n\t\t\t\t<\/div>\n\t\t\t\t\t<\/div>\n\t\t\t\t<\/div>\n\t\t\t\t<\/div>\n\t\t","protected":false},"excerpt":{"rendered":"<p>digi\u00b7Scan digi\u00b7Scan v\u00e9rifie que votre site Web est conforme aux normes techniques d&rsquo;accessibilit\u00e9. Identifie pour vous les probl\u00e8mes d&rsquo;accessibilit\u00e9 et les r\u00e9sume dans un rapport clair et concis. Ainsi, digi\u00b7Scan vous aide \u00e0 am\u00e9liorer l&rsquo;accessibilit\u00e9 num\u00e9rique de votre site Web et \u00e0 le rendre accessible \u00e0 tous les utilisateurs. Ce rapport vous montre \u00e9galement avec&hellip;<\/p>\n","protected":false},"author":2,"featured_media":0,"parent":10002,"menu_order":0,"comment_status":"closed","ping_status":"closed","template":"","meta":{"inline_featured_image":false,"footnotes":""},"class_list":["post-10812","page","type-page","status-publish","hentry"],"yoast_head":"<!-- This site is optimized with the Yoast SEO plugin v26.6 - https:\/\/yoast.com\/wordpress\/plugins\/seo\/ -->\n<title>digi\u00b7Scan - digi\u00b7access<\/title>\n<meta name=\"description\" content=\"digi\u00b7Scan v\u00e9rifie l&#039;accessibilit\u00e9 de votre site Web, identifie les probl\u00e8mes d&#039;accessibilit\u00e9 et fournit un rapport d&#039;optimisation clair.\" \/>\n<meta name=\"robots\" content=\"index, follow, max-snippet:-1, max-image-preview:large, max-video-preview:-1\" \/>\n<link rel=\"canonical\" href=\"https:\/\/www.digiaccess.org\/fr\/produits\/digi-scan\/\" \/>\n<meta property=\"og:locale\" content=\"fr_FR\" \/>\n<meta property=\"og:type\" content=\"article\" \/>\n<meta property=\"og:title\" content=\"digi\u00b7Scan - digi\u00b7access\" \/>\n<meta property=\"og:description\" content=\"digi\u00b7Scan v\u00e9rifie l&#039;accessibilit\u00e9 de votre site Web, identifie les probl\u00e8mes d&#039;accessibilit\u00e9 et fournit un rapport d&#039;optimisation clair.\" \/>\n<meta property=\"og:url\" content=\"https:\/\/www.digiaccess.org\/fr\/produits\/digi-scan\/\" \/>\n<meta property=\"og:site_name\" content=\"digi\u00b7access\" \/>\n<meta property=\"article:modified_time\" content=\"2025-10-21T08:15:04+00:00\" \/>\n<meta property=\"og:image\" content=\"https:\/\/www.digiaccess.org\/wp-content\/uploads\/2025\/06\/digi-access_Packshot_Scan-1-scaled.png\" \/>\n\t<meta property=\"og:image:width\" content=\"2395\" \/>\n\t<meta property=\"og:image:height\" content=\"2560\" \/>\n\t<meta property=\"og:image:type\" content=\"image\/png\" \/>\n<meta name=\"twitter:card\" content=\"summary_large_image\" \/>\n<meta name=\"twitter:label1\" content=\"Dur\u00e9e de lecture estim\u00e9e\" \/>\n\t<meta name=\"twitter:data1\" content=\"2 minutes\" \/>\n<script type=\"application\/ld+json\" class=\"yoast-schema-graph\">{\"@context\":\"https:\/\/schema.org\",\"@graph\":[{\"@type\":\"WebPage\",\"@id\":\"https:\/\/www.digiaccess.org\/fr\/produits\/digi-scan\/\",\"url\":\"https:\/\/www.digiaccess.org\/fr\/produits\/digi-scan\/\",\"name\":\"digi\u00b7Scan - digi\u00b7access\",\"isPartOf\":{\"@id\":\"https:\/\/www.digiaccess.org\/fr\/#website\"},\"primaryImageOfPage\":{\"@id\":\"https:\/\/www.digiaccess.org\/fr\/produits\/digi-scan\/#primaryimage\"},\"image\":{\"@id\":\"https:\/\/www.digiaccess.org\/fr\/produits\/digi-scan\/#primaryimage\"},\"thumbnailUrl\":\"https:\/\/www.digiaccess.org\/wp-content\/uploads\/2025\/06\/digi-access_Packshot_Scan-1-958x1024.png\",\"datePublished\":\"2024-11-13T09:15:06+00:00\",\"dateModified\":\"2025-10-21T08:15:04+00:00\",\"description\":\"digi\u00b7Scan v\u00e9rifie l'accessibilit\u00e9 de votre site Web, identifie les probl\u00e8mes d'accessibilit\u00e9 et fournit un rapport d'optimisation clair.\",\"breadcrumb\":{\"@id\":\"https:\/\/www.digiaccess.org\/fr\/produits\/digi-scan\/#breadcrumb\"},\"inLanguage\":\"fr-FR\",\"potentialAction\":[{\"@type\":\"ReadAction\",\"target\":[\"https:\/\/www.digiaccess.org\/fr\/produits\/digi-scan\/\"]}]},{\"@type\":\"ImageObject\",\"inLanguage\":\"fr-FR\",\"@id\":\"https:\/\/www.digiaccess.org\/fr\/produits\/digi-scan\/#primaryimage\",\"url\":\"https:\/\/www.digiaccess.org\/wp-content\/uploads\/2025\/06\/digi-access_Packshot_Scan-1-958x1024.png\",\"contentUrl\":\"https:\/\/www.digiaccess.org\/wp-content\/uploads\/2025\/06\/digi-access_Packshot_Scan-1-958x1024.png\"},{\"@type\":\"BreadcrumbList\",\"@id\":\"https:\/\/www.digiaccess.org\/fr\/produits\/digi-scan\/#breadcrumb\",\"itemListElement\":[{\"@type\":\"ListItem\",\"position\":1,\"name\":\"Home\",\"item\":\"https:\/\/www.digiaccess.org\/fr\/\"},{\"@type\":\"ListItem\",\"position\":2,\"name\":\"Produits\",\"item\":\"https:\/\/www.digiaccess.org\/fr\/produits\/\"},{\"@type\":\"ListItem\",\"position\":3,\"name\":\"digi\u00b7Scan\"}]},{\"@type\":\"WebSite\",\"@id\":\"https:\/\/www.digiaccess.org\/fr\/#website\",\"url\":\"https:\/\/www.digiaccess.org\/fr\/\",\"name\":\"digi\u00b7access\",\"description\":\"Accessibilit\u00e9 num\u00e9rique\",\"publisher\":{\"@id\":\"https:\/\/www.digiaccess.org\/fr\/#organization\"},\"potentialAction\":[{\"@type\":\"SearchAction\",\"target\":{\"@type\":\"EntryPoint\",\"urlTemplate\":\"https:\/\/www.digiaccess.org\/fr\/?s={search_term_string}\"},\"query-input\":{\"@type\":\"PropertyValueSpecification\",\"valueRequired\":true,\"valueName\":\"search_term_string\"}}],\"inLanguage\":\"fr-FR\"},{\"@type\":\"Organization\",\"@id\":\"https:\/\/www.digiaccess.org\/fr\/#organization\",\"name\":\"digi\u00b7access\",\"url\":\"https:\/\/www.digiaccess.org\/fr\/\",\"logo\":{\"@type\":\"ImageObject\",\"inLanguage\":\"fr-FR\",\"@id\":\"https:\/\/www.digiaccess.org\/fr\/#\/schema\/logo\/image\/\",\"url\":\"https:\/\/www.digiaccess.org\/wp-content\/uploads\/2024\/10\/digi-access_Logo_02_RZ.svg\",\"contentUrl\":\"https:\/\/www.digiaccess.org\/wp-content\/uploads\/2024\/10\/digi-access_Logo_02_RZ.svg\",\"caption\":\"digi\u00b7access\"},\"image\":{\"@id\":\"https:\/\/www.digiaccess.org\/fr\/#\/schema\/logo\/image\/\"}}]}<\/script>\n<!-- \/ Yoast SEO plugin. -->","yoast_head_json":{"title":"digi\u00b7Scan - digi\u00b7access","description":"digi\u00b7Scan v\u00e9rifie l'accessibilit\u00e9 de votre site Web, identifie les probl\u00e8mes d'accessibilit\u00e9 et fournit un rapport d'optimisation clair.","robots":{"index":"index","follow":"follow","max-snippet":"max-snippet:-1","max-image-preview":"max-image-preview:large","max-video-preview":"max-video-preview:-1"},"canonical":"https:\/\/www.digiaccess.org\/fr\/produits\/digi-scan\/","og_locale":"fr_FR","og_type":"article","og_title":"digi\u00b7Scan - digi\u00b7access","og_description":"digi\u00b7Scan v\u00e9rifie l'accessibilit\u00e9 de votre site Web, identifie les probl\u00e8mes d'accessibilit\u00e9 et fournit un rapport d'optimisation clair.","og_url":"https:\/\/www.digiaccess.org\/fr\/produits\/digi-scan\/","og_site_name":"digi\u00b7access","article_modified_time":"2025-10-21T08:15:04+00:00","og_image":[{"width":2395,"height":2560,"url":"https:\/\/www.digiaccess.org\/wp-content\/uploads\/2025\/06\/digi-access_Packshot_Scan-1-scaled.png","type":"image\/png"}],"twitter_card":"summary_large_image","twitter_misc":{"Dur\u00e9e de lecture estim\u00e9e":"2 minutes"},"schema":{"@context":"https:\/\/schema.org","@graph":[{"@type":"WebPage","@id":"https:\/\/www.digiaccess.org\/fr\/produits\/digi-scan\/","url":"https:\/\/www.digiaccess.org\/fr\/produits\/digi-scan\/","name":"digi\u00b7Scan - digi\u00b7access","isPartOf":{"@id":"https:\/\/www.digiaccess.org\/fr\/#website"},"primaryImageOfPage":{"@id":"https:\/\/www.digiaccess.org\/fr\/produits\/digi-scan\/#primaryimage"},"image":{"@id":"https:\/\/www.digiaccess.org\/fr\/produits\/digi-scan\/#primaryimage"},"thumbnailUrl":"https:\/\/www.digiaccess.org\/wp-content\/uploads\/2025\/06\/digi-access_Packshot_Scan-1-958x1024.png","datePublished":"2024-11-13T09:15:06+00:00","dateModified":"2025-10-21T08:15:04+00:00","description":"digi\u00b7Scan v\u00e9rifie l'accessibilit\u00e9 de votre site Web, identifie les probl\u00e8mes d'accessibilit\u00e9 et fournit un rapport d'optimisation clair.","breadcrumb":{"@id":"https:\/\/www.digiaccess.org\/fr\/produits\/digi-scan\/#breadcrumb"},"inLanguage":"fr-FR","potentialAction":[{"@type":"ReadAction","target":["https:\/\/www.digiaccess.org\/fr\/produits\/digi-scan\/"]}]},{"@type":"ImageObject","inLanguage":"fr-FR","@id":"https:\/\/www.digiaccess.org\/fr\/produits\/digi-scan\/#primaryimage","url":"https:\/\/www.digiaccess.org\/wp-content\/uploads\/2025\/06\/digi-access_Packshot_Scan-1-958x1024.png","contentUrl":"https:\/\/www.digiaccess.org\/wp-content\/uploads\/2025\/06\/digi-access_Packshot_Scan-1-958x1024.png"},{"@type":"BreadcrumbList","@id":"https:\/\/www.digiaccess.org\/fr\/produits\/digi-scan\/#breadcrumb","itemListElement":[{"@type":"ListItem","position":1,"name":"Home","item":"https:\/\/www.digiaccess.org\/fr\/"},{"@type":"ListItem","position":2,"name":"Produits","item":"https:\/\/www.digiaccess.org\/fr\/produits\/"},{"@type":"ListItem","position":3,"name":"digi\u00b7Scan"}]},{"@type":"WebSite","@id":"https:\/\/www.digiaccess.org\/fr\/#website","url":"https:\/\/www.digiaccess.org\/fr\/","name":"digi\u00b7access","description":"Accessibilit\u00e9 num\u00e9rique","publisher":{"@id":"https:\/\/www.digiaccess.org\/fr\/#organization"},"potentialAction":[{"@type":"SearchAction","target":{"@type":"EntryPoint","urlTemplate":"https:\/\/www.digiaccess.org\/fr\/?s={search_term_string}"},"query-input":{"@type":"PropertyValueSpecification","valueRequired":true,"valueName":"search_term_string"}}],"inLanguage":"fr-FR"},{"@type":"Organization","@id":"https:\/\/www.digiaccess.org\/fr\/#organization","name":"digi\u00b7access","url":"https:\/\/www.digiaccess.org\/fr\/","logo":{"@type":"ImageObject","inLanguage":"fr-FR","@id":"https:\/\/www.digiaccess.org\/fr\/#\/schema\/logo\/image\/","url":"https:\/\/www.digiaccess.org\/wp-content\/uploads\/2024\/10\/digi-access_Logo_02_RZ.svg","contentUrl":"https:\/\/www.digiaccess.org\/wp-content\/uploads\/2024\/10\/digi-access_Logo_02_RZ.svg","caption":"digi\u00b7access"},"image":{"@id":"https:\/\/www.digiaccess.org\/fr\/#\/schema\/logo\/image\/"}}]}},"_links":{"self":[{"href":"https:\/\/www.digiaccess.org\/fr\/wp-json\/wp\/v2\/pages\/10812","targetHints":{"allow":["GET"]}}],"collection":[{"href":"https:\/\/www.digiaccess.org\/fr\/wp-json\/wp\/v2\/pages"}],"about":[{"href":"https:\/\/www.digiaccess.org\/fr\/wp-json\/wp\/v2\/types\/page"}],"author":[{"embeddable":true,"href":"https:\/\/www.digiaccess.org\/fr\/wp-json\/wp\/v2\/users\/2"}],"replies":[{"embeddable":true,"href":"https:\/\/www.digiaccess.org\/fr\/wp-json\/wp\/v2\/comments?post=10812"}],"version-history":[{"count":14,"href":"https:\/\/www.digiaccess.org\/fr\/wp-json\/wp\/v2\/pages\/10812\/revisions"}],"predecessor-version":[{"id":14811,"href":"https:\/\/www.digiaccess.org\/fr\/wp-json\/wp\/v2\/pages\/10812\/revisions\/14811"}],"up":[{"embeddable":true,"href":"https:\/\/www.digiaccess.org\/fr\/wp-json\/wp\/v2\/pages\/10002"}],"wp:attachment":[{"href":"https:\/\/www.digiaccess.org\/fr\/wp-json\/wp\/v2\/media?parent=10812"}],"curies":[{"name":"wp","href":"https:\/\/api.w.org\/{rel}","templated":true}]}}