{"id":9750,"date":"2024-10-29T13:21:50","date_gmt":"2024-10-29T12:21:50","guid":{"rendered":"https:\/\/www.digiaccess.org\/declaration-daccessibilite\/"},"modified":"2025-10-21T11:28:57","modified_gmt":"2025-10-21T09:28:57","slug":"declaration-daccessibilite","status":"publish","type":"page","link":"https:\/\/www.digiaccess.org\/fr\/declaration-daccessibilite\/","title":{"rendered":"D\u00e9claration d&rsquo;accessibilit\u00e9"},"content":{"rendered":"\t\t<div data-elementor-type=\"wp-page\" data-elementor-id=\"9750\" class=\"elementor elementor-9750 elementor-4830\" data-elementor-post-type=\"page\">\n\t\t\t\t<div class=\"elementor-element elementor-element-2f7cbf7 e-flex e-con-boxed e-con e-parent\" data-id=\"2f7cbf7\" data-element_type=\"container\">\n\t\t\t\t\t<div class=\"e-con-inner\">\n\t\t\t\t<div class=\"elementor-element elementor-element-f5be017 elementor-widget elementor-widget-text-editor\" data-id=\"f5be017\" data-element_type=\"widget\" data-widget_type=\"text-editor.default\">\n\t\t\t\t<div class=\"elementor-widget-container\">\n\t\t\t\t\t\t\t\t\t<div class=\"nectar-responsive-text font_line_height_1-6\">\n<p>digi\u00b7access rend le site <a href=\"https:\/\/www.digiaccess.org\/fr\/\">www.digiaccess.org<\/a> accessible \u00e0 tous, conform\u00e9ment \u00e0 la l\u00e9gislation nationale mettant en \u0153uvre la directive (UE) 2016\/2102 du Parlement europ\u00e9en et du Conseil. Les exigences techniques en mati\u00e8re d&rsquo;accessibilit\u00e9 d\u00e9coulent des Directives pour l&rsquo;accessibilit\u00e9 aux contenus Web (WCAG). <\/p>\n<p>Cette d\u00e9claration d&rsquo;accessibilit\u00e9 num\u00e9rique s&rsquo;applique \u00e0 l&rsquo;offre du site Internet de digi\u00b7access GmbH.<\/p>\n<p>Elle a \u00e9t\u00e9 r\u00e9vis\u00e9e pour la derni\u00e8re fois le 14 mars 2025.<\/p>\n<p>La v\u00e9rification de l&rsquo;accessibilit\u00e9 num\u00e9rique a \u00e9t\u00e9 effectu\u00e9e par nos soins.<\/p>\n<\/div>\t\t\t\t\t\t\t\t<\/div>\n\t\t\t\t<\/div>\n\t\t\t\t<div class=\"elementor-element elementor-element-bc7ccf0 elementor-widget elementor-widget-heading\" data-id=\"bc7ccf0\" data-element_type=\"widget\" data-widget_type=\"heading.default\">\n\t\t\t\t<div class=\"elementor-widget-container\">\n\t\t\t\t\t<h2 class=\"elementor-heading-title elementor-size-default\">signaler les obstacles et demander des informations sur l'accessibilit\u00e9 de ce site Web<\/h2>\t\t\t\t<\/div>\n\t\t\t\t<\/div>\n\t\t\t\t<div class=\"elementor-element elementor-element-598a357 elementor-widget elementor-widget-text-editor\" data-id=\"598a357\" data-element_type=\"widget\" data-widget_type=\"text-editor.default\">\n\t\t\t\t<div class=\"elementor-widget-container\">\n\t\t\t\t\t\t\t\t\t<div class=\"nectar-responsive-text font_line_height_1-6\"><p>Vous souhaitez nous faire part des obstacles existants ou nous demander des informations sur la mise en \u0153uvre de l&rsquo;accessibilit\u00e9 ? Pour nous faire part de vos commentaires ou pour toute autre information, contactez nos responsables \u00e0 l&rsquo;adresse <a href=\"mailto:hallo@digiaccess.org\">hallo@digiaccess.org<\/a>. <\/p><h4>est l&rsquo;interlocuteur pour l&rsquo;accessibilit\u00e9 :<\/h4><p>digi\u00b7access GmbH<br>+49 2173-2003760<br>Quarzstr. 4<br>51371 Leverkusen<\/p><p><a href=\"http:\/\/www.digiaccess.org\">www.digiaccess.org<\/a><\/p><\/div>\t\t\t\t\t\t\t\t<\/div>\n\t\t\t\t<\/div>\n\t\t\t\t\t<\/div>\n\t\t\t\t<\/div>\n\t\t\t\t<\/div>\n\t\t","protected":false},"excerpt":{"rendered":"<p>digi\u00b7access rend le site www.digiaccess.org accessible \u00e0 tous, conform\u00e9ment \u00e0 la l\u00e9gislation nationale mettant en \u0153uvre la directive (UE) 2016\/2102 du Parlement europ\u00e9en et du Conseil. Les exigences techniques en mati\u00e8re d&rsquo;accessibilit\u00e9 d\u00e9coulent des Directives pour l&rsquo;accessibilit\u00e9 aux contenus Web (WCAG). Cette d\u00e9claration d&rsquo;accessibilit\u00e9 num\u00e9rique s&rsquo;applique \u00e0 l&rsquo;offre du site Internet de digi\u00b7access GmbH. Elle&hellip;<\/p>\n","protected":false},"author":2,"featured_media":0,"parent":0,"menu_order":0,"comment_status":"closed","ping_status":"closed","template":"","meta":{"inline_featured_image":false,"footnotes":""},"class_list":["post-9750","page","type-page","status-publish","hentry"],"yoast_head":"<!-- This site is optimized with the Yoast SEO plugin v26.6 - https:\/\/yoast.com\/wordpress\/plugins\/seo\/ -->\n<title>D\u00e9claration d&#039;accessibilit\u00e9 - digi\u00b7access<\/title>\n<meta name=\"description\" content=\"DIGIaccess garantit l&#039;accessibilit\u00e9 des sites Web conform\u00e9ment \u00e0 la directive europ\u00e9enne 2016\/2102 et aux normes WCAG. N&#039;h\u00e9sitez pas \u00e0 nous faire part de vos commentaires et informations !\" \/>\n<meta name=\"robots\" content=\"index, follow, max-snippet:-1, max-image-preview:large, max-video-preview:-1\" \/>\n<link rel=\"canonical\" href=\"https:\/\/www.digiaccess.org\/fr\/declaration-daccessibilite\/\" \/>\n<meta property=\"og:locale\" content=\"fr_FR\" \/>\n<meta property=\"og:type\" content=\"article\" \/>\n<meta property=\"og:title\" content=\"D\u00e9claration d&#039;accessibilit\u00e9 - digi\u00b7access\" \/>\n<meta property=\"og:description\" content=\"DIGIaccess garantit l&#039;accessibilit\u00e9 des sites Web conform\u00e9ment \u00e0 la directive europ\u00e9enne 2016\/2102 et aux normes WCAG. N&#039;h\u00e9sitez pas \u00e0 nous faire part de vos commentaires et informations !\" \/>\n<meta property=\"og:url\" content=\"https:\/\/www.digiaccess.org\/fr\/declaration-daccessibilite\/\" \/>\n<meta property=\"og:site_name\" content=\"digi\u00b7access\" \/>\n<meta property=\"article:modified_time\" content=\"2025-10-21T09:28:57+00:00\" \/>\n<meta name=\"twitter:card\" content=\"summary_large_image\" \/>\n<meta name=\"twitter:label1\" content=\"Dur\u00e9e de lecture estim\u00e9e\" \/>\n\t<meta name=\"twitter:data1\" content=\"1 minute\" \/>\n<script type=\"application\/ld+json\" class=\"yoast-schema-graph\">{\"@context\":\"https:\/\/schema.org\",\"@graph\":[{\"@type\":\"WebPage\",\"@id\":\"https:\/\/www.digiaccess.org\/fr\/declaration-daccessibilite\/\",\"url\":\"https:\/\/www.digiaccess.org\/fr\/declaration-daccessibilite\/\",\"name\":\"D\u00e9claration d'accessibilit\u00e9 - digi\u00b7access\",\"isPartOf\":{\"@id\":\"https:\/\/www.digiaccess.org\/fr\/#website\"},\"datePublished\":\"2024-10-29T12:21:50+00:00\",\"dateModified\":\"2025-10-21T09:28:57+00:00\",\"description\":\"DIGIaccess garantit l'accessibilit\u00e9 des sites Web conform\u00e9ment \u00e0 la directive europ\u00e9enne 2016\/2102 et aux normes WCAG. N'h\u00e9sitez pas \u00e0 nous faire part de vos commentaires et informations !\",\"breadcrumb\":{\"@id\":\"https:\/\/www.digiaccess.org\/fr\/declaration-daccessibilite\/#breadcrumb\"},\"inLanguage\":\"fr-FR\",\"potentialAction\":[{\"@type\":\"ReadAction\",\"target\":[\"https:\/\/www.digiaccess.org\/fr\/declaration-daccessibilite\/\"]}]},{\"@type\":\"BreadcrumbList\",\"@id\":\"https:\/\/www.digiaccess.org\/fr\/declaration-daccessibilite\/#breadcrumb\",\"itemListElement\":[{\"@type\":\"ListItem\",\"position\":1,\"name\":\"Home\",\"item\":\"https:\/\/www.digiaccess.org\/fr\/\"},{\"@type\":\"ListItem\",\"position\":2,\"name\":\"D\u00e9claration d&rsquo;accessibilit\u00e9\"}]},{\"@type\":\"WebSite\",\"@id\":\"https:\/\/www.digiaccess.org\/fr\/#website\",\"url\":\"https:\/\/www.digiaccess.org\/fr\/\",\"name\":\"digi\u00b7access\",\"description\":\"Accessibilit\u00e9 num\u00e9rique\",\"publisher\":{\"@id\":\"https:\/\/www.digiaccess.org\/fr\/#organization\"},\"potentialAction\":[{\"@type\":\"SearchAction\",\"target\":{\"@type\":\"EntryPoint\",\"urlTemplate\":\"https:\/\/www.digiaccess.org\/fr\/?s={search_term_string}\"},\"query-input\":{\"@type\":\"PropertyValueSpecification\",\"valueRequired\":true,\"valueName\":\"search_term_string\"}}],\"inLanguage\":\"fr-FR\"},{\"@type\":\"Organization\",\"@id\":\"https:\/\/www.digiaccess.org\/fr\/#organization\",\"name\":\"digi\u00b7access\",\"url\":\"https:\/\/www.digiaccess.org\/fr\/\",\"logo\":{\"@type\":\"ImageObject\",\"inLanguage\":\"fr-FR\",\"@id\":\"https:\/\/www.digiaccess.org\/fr\/#\/schema\/logo\/image\/\",\"url\":\"https:\/\/www.digiaccess.org\/wp-content\/uploads\/2024\/10\/digi-access_Logo_02_RZ.svg\",\"contentUrl\":\"https:\/\/www.digiaccess.org\/wp-content\/uploads\/2024\/10\/digi-access_Logo_02_RZ.svg\",\"caption\":\"digi\u00b7access\"},\"image\":{\"@id\":\"https:\/\/www.digiaccess.org\/fr\/#\/schema\/logo\/image\/\"}}]}<\/script>\n<!-- \/ Yoast SEO plugin. -->","yoast_head_json":{"title":"D\u00e9claration d'accessibilit\u00e9 - digi\u00b7access","description":"DIGIaccess garantit l'accessibilit\u00e9 des sites Web conform\u00e9ment \u00e0 la directive europ\u00e9enne 2016\/2102 et aux normes WCAG. N'h\u00e9sitez pas \u00e0 nous faire part de vos commentaires et informations !","robots":{"index":"index","follow":"follow","max-snippet":"max-snippet:-1","max-image-preview":"max-image-preview:large","max-video-preview":"max-video-preview:-1"},"canonical":"https:\/\/www.digiaccess.org\/fr\/declaration-daccessibilite\/","og_locale":"fr_FR","og_type":"article","og_title":"D\u00e9claration d'accessibilit\u00e9 - digi\u00b7access","og_description":"DIGIaccess garantit l'accessibilit\u00e9 des sites Web conform\u00e9ment \u00e0 la directive europ\u00e9enne 2016\/2102 et aux normes WCAG. N'h\u00e9sitez pas \u00e0 nous faire part de vos commentaires et informations !","og_url":"https:\/\/www.digiaccess.org\/fr\/declaration-daccessibilite\/","og_site_name":"digi\u00b7access","article_modified_time":"2025-10-21T09:28:57+00:00","twitter_card":"summary_large_image","twitter_misc":{"Dur\u00e9e de lecture estim\u00e9e":"1 minute"},"schema":{"@context":"https:\/\/schema.org","@graph":[{"@type":"WebPage","@id":"https:\/\/www.digiaccess.org\/fr\/declaration-daccessibilite\/","url":"https:\/\/www.digiaccess.org\/fr\/declaration-daccessibilite\/","name":"D\u00e9claration d'accessibilit\u00e9 - digi\u00b7access","isPartOf":{"@id":"https:\/\/www.digiaccess.org\/fr\/#website"},"datePublished":"2024-10-29T12:21:50+00:00","dateModified":"2025-10-21T09:28:57+00:00","description":"DIGIaccess garantit l'accessibilit\u00e9 des sites Web conform\u00e9ment \u00e0 la directive europ\u00e9enne 2016\/2102 et aux normes WCAG. N'h\u00e9sitez pas \u00e0 nous faire part de vos commentaires et informations !","breadcrumb":{"@id":"https:\/\/www.digiaccess.org\/fr\/declaration-daccessibilite\/#breadcrumb"},"inLanguage":"fr-FR","potentialAction":[{"@type":"ReadAction","target":["https:\/\/www.digiaccess.org\/fr\/declaration-daccessibilite\/"]}]},{"@type":"BreadcrumbList","@id":"https:\/\/www.digiaccess.org\/fr\/declaration-daccessibilite\/#breadcrumb","itemListElement":[{"@type":"ListItem","position":1,"name":"Home","item":"https:\/\/www.digiaccess.org\/fr\/"},{"@type":"ListItem","position":2,"name":"D\u00e9claration d&rsquo;accessibilit\u00e9"}]},{"@type":"WebSite","@id":"https:\/\/www.digiaccess.org\/fr\/#website","url":"https:\/\/www.digiaccess.org\/fr\/","name":"digi\u00b7access","description":"Accessibilit\u00e9 num\u00e9rique","publisher":{"@id":"https:\/\/www.digiaccess.org\/fr\/#organization"},"potentialAction":[{"@type":"SearchAction","target":{"@type":"EntryPoint","urlTemplate":"https:\/\/www.digiaccess.org\/fr\/?s={search_term_string}"},"query-input":{"@type":"PropertyValueSpecification","valueRequired":true,"valueName":"search_term_string"}}],"inLanguage":"fr-FR"},{"@type":"Organization","@id":"https:\/\/www.digiaccess.org\/fr\/#organization","name":"digi\u00b7access","url":"https:\/\/www.digiaccess.org\/fr\/","logo":{"@type":"ImageObject","inLanguage":"fr-FR","@id":"https:\/\/www.digiaccess.org\/fr\/#\/schema\/logo\/image\/","url":"https:\/\/www.digiaccess.org\/wp-content\/uploads\/2024\/10\/digi-access_Logo_02_RZ.svg","contentUrl":"https:\/\/www.digiaccess.org\/wp-content\/uploads\/2024\/10\/digi-access_Logo_02_RZ.svg","caption":"digi\u00b7access"},"image":{"@id":"https:\/\/www.digiaccess.org\/fr\/#\/schema\/logo\/image\/"}}]}},"_links":{"self":[{"href":"https:\/\/www.digiaccess.org\/fr\/wp-json\/wp\/v2\/pages\/9750","targetHints":{"allow":["GET"]}}],"collection":[{"href":"https:\/\/www.digiaccess.org\/fr\/wp-json\/wp\/v2\/pages"}],"about":[{"href":"https:\/\/www.digiaccess.org\/fr\/wp-json\/wp\/v2\/types\/page"}],"author":[{"embeddable":true,"href":"https:\/\/www.digiaccess.org\/fr\/wp-json\/wp\/v2\/users\/2"}],"replies":[{"embeddable":true,"href":"https:\/\/www.digiaccess.org\/fr\/wp-json\/wp\/v2\/comments?post=9750"}],"version-history":[{"count":4,"href":"https:\/\/www.digiaccess.org\/fr\/wp-json\/wp\/v2\/pages\/9750\/revisions"}],"predecessor-version":[{"id":15127,"href":"https:\/\/www.digiaccess.org\/fr\/wp-json\/wp\/v2\/pages\/9750\/revisions\/15127"}],"wp:attachment":[{"href":"https:\/\/www.digiaccess.org\/fr\/wp-json\/wp\/v2\/media?parent=9750"}],"curies":[{"name":"wp","href":"https:\/\/api.w.org\/{rel}","templated":true}]}}