{"id":16872,"date":"2026-01-23T06:31:06","date_gmt":"2026-01-23T05:31:06","guid":{"rendered":"https:\/\/www.digiaccess.org\/prodotti\/digi%c2%b7assistant\/"},"modified":"2026-02-16T02:57:31","modified_gmt":"2026-02-16T01:57:31","slug":"digi%c2%b7assistant","status":"publish","type":"page","link":"https:\/\/www.digiaccess.org\/it\/prodotti\/digi%c2%b7assistant\/","title":{"rendered":"digi\u00b7assistant"},"content":{"rendered":"\t\t<div data-elementor-type=\"wp-page\" data-elementor-id=\"16872\" class=\"elementor elementor-16872 elementor-15727\" data-elementor-post-type=\"page\">\n\t\t\t\t<div class=\"elementor-element elementor-element-71f993a e-flex e-con-boxed e-con e-parent\" data-id=\"71f993a\" data-element_type=\"container\" data-settings=\"{&quot;background_background&quot;:&quot;classic&quot;}\">\n\t\t\t\t\t<div class=\"e-con-inner\">\n\t\t<div class=\"elementor-element elementor-element-7fce698 e-con-full e-flex e-con e-child\" data-id=\"7fce698\" data-element_type=\"container\">\n\t\t\t\t<div class=\"elementor-element elementor-element-e62dae6 elementor-widget elementor-widget-heading\" data-id=\"e62dae6\" data-element_type=\"widget\" data-widget_type=\"heading.default\">\n\t\t\t\t<div class=\"elementor-widget-container\">\n\t\t\t\t\t<h1 class=\"elementor-heading-title elementor-size-default\">digi\u00b7assistant <\/h1>\t\t\t\t<\/div>\n\t\t\t\t<\/div>\n\t\t\t\t<div class=\"elementor-element elementor-element-57819b0 elementor-widget elementor-widget-heading\" data-id=\"57819b0\" data-element_type=\"widget\" data-widget_type=\"heading.default\">\n\t\t\t\t<div class=\"elementor-widget-container\">\n\t\t\t\t\t<h4 class=\"elementor-heading-title elementor-size-default\">Personalizza la visualizzazione. Facilita l'utilizzo. <\/h4>\t\t\t\t<\/div>\n\t\t\t\t<\/div>\n\t\t\t\t<div class=\"elementor-element elementor-element-d1c8d4c elementor-widget elementor-widget-text-editor\" data-id=\"d1c8d4c\" data-element_type=\"widget\" data-widget_type=\"text-editor.default\">\n\t\t\t\t<div class=\"elementor-widget-container\">\n\t\t\t\t\t\t\t\t\t<p><strong>digi-assistant<\/strong> offre ai visitatori del sito web opzioni di personalizzazione individuali per la visualizzazione e il funzionamento.<\/p><p>Questo rende l&#8217;uso del tuo sito web pi\u00f9 accessibile, pi\u00f9 comodo e pi\u00f9 adatto alle diverse esigenze.<\/p>\t\t\t\t\t\t\t\t<\/div>\n\t\t\t\t<\/div>\n\t\t<div class=\"elementor-element elementor-element-0d4ac11 e-grid e-con-full e-con e-child\" data-id=\"0d4ac11\" data-element_type=\"container\">\n\t\t\t\t<div class=\"elementor-element elementor-element-572481f elementor-align-right elementor-mobile-align-center elementor-widget-mobile__width-inherit elementor-widget elementor-widget-the7_button_widget\" data-id=\"572481f\" data-element_type=\"widget\" data-widget_type=\"the7_button_widget.default\">\n\t\t\t\t<div class=\"elementor-widget-container\">\n\t\t\t\t\t<div class=\"elementor-button-wrapper\"><a href=\"https:\/\/dashboard.digiaccess.org\/auth\/free-trial\" target=\"_blank\" class=\"box-button elementor-button elementor-size-md\">scopri il digi-assistant<\/a><\/div>\t\t\t\t<\/div>\n\t\t\t\t<\/div>\n\t\t\t\t<\/div>\n\t\t\t\t<\/div>\n\t\t<div class=\"elementor-element elementor-element-1a7af3a e-con-full e-flex e-con e-child\" data-id=\"1a7af3a\" data-element_type=\"container\">\n\t\t\t\t<div class=\"elementor-element elementor-element-9baa348 elementor-widget elementor-widget-image\" data-id=\"9baa348\" data-element_type=\"widget\" data-widget_type=\"image.default\">\n\t\t\t\t<div class=\"elementor-widget-container\">\n\t\t\t\t\t\t\t\t\t\t\t\t\t\t\t<img fetchpriority=\"high\" decoding=\"async\" width=\"958\" height=\"1024\" src=\"https:\/\/www.digiaccess.org\/wp-content\/uploads\/2025\/01\/digi-access_Packshot_assistant-958x1024.png\" class=\"attachment-large size-large wp-image-7645\" alt=\"\" srcset=\"https:\/\/www.digiaccess.org\/wp-content\/uploads\/2025\/01\/digi-access_Packshot_assistant-958x1024.png 958w, https:\/\/www.digiaccess.org\/wp-content\/uploads\/2025\/01\/digi-access_Packshot_assistant-281x300.png 281w, https:\/\/www.digiaccess.org\/wp-content\/uploads\/2025\/01\/digi-access_Packshot_assistant-768x821.png 768w, https:\/\/www.digiaccess.org\/wp-content\/uploads\/2025\/01\/digi-access_Packshot_assistant-1437x1536.png 1437w, https:\/\/www.digiaccess.org\/wp-content\/uploads\/2025\/01\/digi-access_Packshot_assistant-1916x2048.png 1916w\" sizes=\"(max-width: 958px) 100vw, 958px\" \/>\t\t\t\t\t\t\t\t\t\t\t\t\t\t\t<\/div>\n\t\t\t\t<\/div>\n\t\t\t\t<\/div>\n\t\t\t\t\t<\/div>\n\t\t\t\t<\/div>\n\t\t<div class=\"elementor-element elementor-element-fb35b3e e-grid e-con-boxed e-con e-parent\" data-id=\"fb35b3e\" data-element_type=\"container\">\n\t\t\t\t\t<div class=\"e-con-inner\">\n\t\t<div class=\"elementor-element elementor-element-27ab0f7 e-con-fit e-flex e-con e-child\" data-id=\"27ab0f7\" data-element_type=\"container\">\n\t\t\t\t<div class=\"elementor-element elementor-element-2232e54 elementor-widget elementor-widget-image\" data-id=\"2232e54\" data-element_type=\"widget\" data-widget_type=\"image.default\">\n\t\t\t\t<div class=\"elementor-widget-container\">\n\t\t\t\t\t\t\t\t\t\t\t\t\t\t\t<img decoding=\"async\" width=\"685\" height=\"378\" src=\"https:\/\/www.digiaccess.org\/wp-content\/uploads\/2026\/02\/digi-Assistand-1.png\" class=\"attachment-large size-large wp-image-16365\" alt=\"\" srcset=\"https:\/\/www.digiaccess.org\/wp-content\/uploads\/2026\/02\/digi-Assistand-1.png 685w, https:\/\/www.digiaccess.org\/wp-content\/uploads\/2026\/02\/digi-Assistand-1-300x166.png 300w\" sizes=\"(max-width: 685px) 100vw, 685px\" \/>\t\t\t\t\t\t\t\t\t\t\t\t\t\t\t<\/div>\n\t\t\t\t<\/div>\n\t\t\t\t<\/div>\n\t\t<div class=\"elementor-element elementor-element-32165fe e-con-full e-flex e-con e-child\" data-id=\"32165fe\" data-element_type=\"container\">\n\t\t\t\t<div class=\"elementor-element elementor-element-d4ff0ac elementor-widget elementor-widget-heading\" data-id=\"d4ff0ac\" data-element_type=\"widget\" data-widget_type=\"heading.default\">\n\t\t\t\t<div class=\"elementor-widget-container\">\n\t\t\t\t\t<h3 class=\"elementor-heading-title elementor-size-default\">Cosa fa il digi-assistant<\/h3>\t\t\t\t<\/div>\n\t\t\t\t<\/div>\n\t\t\t\t<div class=\"elementor-element elementor-element-1734dfe elementor-widget elementor-widget-text-editor\" data-id=\"1734dfe\" data-element_type=\"widget\" data-widget_type=\"text-editor.default\">\n\t\t\t\t<div class=\"elementor-widget-container\">\n\t\t\t\t\t\t\t\t\t<p>digi-assistant migliora la facilit\u00e0 d&#8217;uso dell&#8217;interfaccia del tuo sito web e supporta in particolare le persone con problemi visivi o motori.<\/p><p><strong>Le funzioni includono, tra l&#8217;altro:<\/strong><\/p><ul><li><strong>Regolazione dei contrasti, delle dimensioni e della spaziatura dei caratteri<\/strong><\/li><li><strong>Ottimizzazione del display lato utente per una migliore leggibilit\u00e0<\/strong><\/li><li><strong>Funzione di lettura ad alta voce integrata per i contenuti del sito web con velocit\u00e0 personalizzabile<\/strong><\/li><li><strong>Supporto per l&#8217;uso accessibile senza interferire con i contenuti o la tecnologia.<\/strong><\/li><\/ul><p>Tutte le funzioni sono direttamente disponibili per i visitatori del sito.<\/p>\t\t\t\t\t\t\t\t<\/div>\n\t\t\t\t<\/div>\n\t\t\t\t<\/div>\n\t\t\t\t\t<\/div>\n\t\t\t\t<\/div>\n\t\t<div class=\"elementor-element elementor-element-69384a0 e-grid e-con-boxed e-con e-parent\" data-id=\"69384a0\" data-element_type=\"container\">\n\t\t\t\t\t<div class=\"e-con-inner\">\n\t\t<div class=\"elementor-element elementor-element-d43749f e-con-full e-flex e-con e-child\" data-id=\"d43749f\" data-element_type=\"container\">\n\t\t\t\t<div class=\"elementor-element elementor-element-e95c8f8 elementor-widget elementor-widget-heading\" data-id=\"e95c8f8\" data-element_type=\"widget\" data-widget_type=\"heading.default\">\n\t\t\t\t<div class=\"elementor-widget-container\">\n\t\t\t\t\t<h3 class=\"elementor-heading-title elementor-size-default\">Come funziona il digi-assistant<\/h3>\t\t\t\t<\/div>\n\t\t\t\t<\/div>\n\t\t\t\t<div class=\"elementor-element elementor-element-43631f1 elementor-widget elementor-widget-text-editor\" data-id=\"43631f1\" data-element_type=\"widget\" data-widget_type=\"text-editor.default\">\n\t\t\t\t<div class=\"elementor-widget-container\">\n\t\t\t\t\t\t\t\t\t<p>Il digi-assistant fa parte del digi-smartPlugin ed \u00e8 incluso in modo permanente e gratuito come standard.<\/p><ul><li><strong>Personalizzazione dinamica della visualizzazione tramite CSS<\/strong><\/li><li><strong>Controllo dell&#8217;utente senza modificare il contenuto del sito web<\/strong><\/li><li><strong>Integrazione perfetta nei siti web esistenti<\/strong><\/li><\/ul><p>Questo crea un&#8217;esperienza utente flessibile e senza barriere, oltre alle correzioni tecniche del plugin digi-smart.<\/p>\t\t\t\t\t\t\t\t<\/div>\n\t\t\t\t<\/div>\n\t\t\t\t<\/div>\n\t\t<div class=\"elementor-element elementor-element-285d598 e-con-full e-flex e-con e-child\" data-id=\"285d598\" data-element_type=\"container\">\n\t\t\t\t<div class=\"elementor-element elementor-element-b4c10aa elementor-widget elementor-widget-image\" data-id=\"b4c10aa\" data-element_type=\"widget\" data-widget_type=\"image.default\">\n\t\t\t\t<div class=\"elementor-widget-container\">\n\t\t\t\t\t\t\t\t\t\t\t\t\t\t\t<img decoding=\"async\" width=\"768\" height=\"729\" src=\"https:\/\/www.digiaccess.org\/wp-content\/uploads\/2026\/01\/Digi-asistand-768x729.png\" class=\"attachment-medium_large size-medium_large wp-image-15995\" alt=\"\" srcset=\"https:\/\/www.digiaccess.org\/wp-content\/uploads\/2026\/01\/Digi-asistand-768x729.png 768w, https:\/\/www.digiaccess.org\/wp-content\/uploads\/2026\/01\/Digi-asistand-300x285.png 300w, https:\/\/www.digiaccess.org\/wp-content\/uploads\/2026\/01\/Digi-asistand-1024x973.png 1024w, https:\/\/www.digiaccess.org\/wp-content\/uploads\/2026\/01\/Digi-asistand-1536x1459.png 1536w, https:\/\/www.digiaccess.org\/wp-content\/uploads\/2026\/01\/Digi-asistand-2048x1945.png 2048w\" sizes=\"(max-width: 768px) 100vw, 768px\" \/>\t\t\t\t\t\t\t\t\t\t\t\t\t\t\t<\/div>\n\t\t\t\t<\/div>\n\t\t\t\t<\/div>\n\t\t\t\t\t<\/div>\n\t\t\t\t<\/div>\n\t\t<div class=\"elementor-element elementor-element-b81e3d0 e-flex e-con-boxed e-con e-parent\" data-id=\"b81e3d0\" data-element_type=\"container\" data-settings=\"{&quot;background_background&quot;:&quot;classic&quot;}\">\n\t\t\t\t\t<div class=\"e-con-inner\">\n\t\t\t\t<div class=\"elementor-element elementor-element-1749c22 elementor-widget elementor-widget-heading\" data-id=\"1749c22\" data-element_type=\"widget\" data-widget_type=\"heading.default\">\n\t\t\t\t<div class=\"elementor-widget-container\">\n\t\t\t\t\t<h2 class=\"elementor-heading-title elementor-size-default\">Hai qualche domanda?<\/h2>\t\t\t\t<\/div>\n\t\t\t\t<\/div>\n\t\t\t\t<div class=\"elementor-element elementor-element-9bf94c6 elementor-hidden-mobile elementor-widget elementor-widget-text-editor\" data-id=\"9bf94c6\" data-element_type=\"widget\" data-widget_type=\"text-editor.default\">\n\t\t\t\t<div class=\"elementor-widget-container\">\n\t\t\t\t\t\t\t\t\t<h4 class=\"vc_custom_heading vc_custom_1673620750774\" data-da-style=\"true\">I nostri esperti sono felici di aiutarti.<br>Ti aiutiamo a trovare la soluzione migliore per le tue esigenze.<\/h4>\t\t\t\t\t\t\t\t<\/div>\n\t\t\t\t<\/div>\n\t\t\t\t<div class=\"elementor-element elementor-element-5329c76 elementor-hidden-desktop elementor-hidden-tablet elementor-widget elementor-widget-text-editor\" data-id=\"5329c76\" data-element_type=\"widget\" data-widget_type=\"text-editor.default\">\n\t\t\t\t<div class=\"elementor-widget-container\">\n\t\t\t\t\t\t\t\t\t<p class=\"vc_custom_heading vc_custom_1673620750774\" style=\"text-align: center;\" data-da-style=\"true\">I nostri esperti sono qui per te. Ti aiuteremo a trovare la soluzione migliore per le tue esigenze. <\/p>\t\t\t\t\t\t\t\t<\/div>\n\t\t\t\t<\/div>\n\t\t\t\t\t<\/div>\n\t\t\t\t<\/div>\n\t\t\t\t<\/div>\n\t\t","protected":false},"excerpt":{"rendered":"<p>digi\u00b7assistant Personalizza la visualizzazione. Facilita l&#8217;utilizzo. digi-assistant offre ai visitatori del sito web opzioni di personalizzazione individuali per la visualizzazione e il funzionamento. Questo rende l&#8217;uso del tuo sito web pi\u00f9 accessibile, pi\u00f9 comodo e pi\u00f9 adatto alle diverse esigenze. scopri il digi-assistant Cosa fa il digi-assistant digi-assistant migliora la facilit\u00e0 d&#8217;uso dell&#8217;interfaccia del tuo&hellip;<\/p>\n","protected":false},"author":13,"featured_media":0,"parent":10083,"menu_order":0,"comment_status":"closed","ping_status":"closed","template":"","meta":{"inline_featured_image":false,"footnotes":""},"class_list":["post-16872","page","type-page","status-publish","hentry"],"yoast_head":"<!-- This site is optimized with the Yoast SEO plugin v26.6 - https:\/\/yoast.com\/wordpress\/plugins\/seo\/ -->\n<title>digi\u00b7assistant - digi\u00b7access<\/title>\n<meta name=\"description\" content=\"digi\u00b7assistant ottimizza i CSS, i contrasti, le dimensioni dei caratteri e offre funzioni di lettura ad alta voce per un&#039;esperienza web facile e senza barriere.\" \/>\n<meta name=\"robots\" content=\"index, follow, max-snippet:-1, max-image-preview:large, max-video-preview:-1\" \/>\n<link rel=\"canonical\" href=\"https:\/\/www.digiaccess.org\/it\/prodotti\/digi%c2%b7assistant\/\" \/>\n<meta property=\"og:locale\" content=\"it_IT\" \/>\n<meta property=\"og:type\" content=\"article\" \/>\n<meta property=\"og:title\" content=\"digi\u00b7assistant - digi\u00b7access\" \/>\n<meta property=\"og:description\" content=\"digi\u00b7assistant ottimizza i CSS, i contrasti, le dimensioni dei caratteri e offre funzioni di lettura ad alta voce per un&#039;esperienza web facile e senza barriere.\" \/>\n<meta property=\"og:url\" content=\"https:\/\/www.digiaccess.org\/it\/prodotti\/digi%c2%b7assistant\/\" \/>\n<meta property=\"og:site_name\" content=\"digi\u00b7access\" \/>\n<meta property=\"article:modified_time\" content=\"2026-02-16T01:57:31+00:00\" \/>\n<meta property=\"og:image\" content=\"https:\/\/www.digiaccess.org\/wp-content\/uploads\/2025\/01\/digi-access_Packshot_assistant-958x1024.png\" \/>\n\t<meta property=\"og:image:width\" content=\"958\" \/>\n\t<meta property=\"og:image:height\" content=\"1024\" \/>\n\t<meta property=\"og:image:type\" content=\"image\/png\" \/>\n<meta name=\"twitter:card\" content=\"summary_large_image\" \/>\n<meta name=\"twitter:label1\" content=\"Tempo di lettura stimato\" \/>\n\t<meta name=\"twitter:data1\" content=\"1 minuto\" \/>\n<script type=\"application\/ld+json\" class=\"yoast-schema-graph\">{\"@context\":\"https:\/\/schema.org\",\"@graph\":[{\"@type\":\"WebPage\",\"@id\":\"https:\/\/www.digiaccess.org\/it\/prodotti\/digi%c2%b7assistant\/\",\"url\":\"https:\/\/www.digiaccess.org\/it\/prodotti\/digi%c2%b7assistant\/\",\"name\":\"digi\u00b7assistant - digi\u00b7access\",\"isPartOf\":{\"@id\":\"https:\/\/www.digiaccess.org\/it\/#website\"},\"primaryImageOfPage\":{\"@id\":\"https:\/\/www.digiaccess.org\/it\/prodotti\/digi%c2%b7assistant\/#primaryimage\"},\"image\":{\"@id\":\"https:\/\/www.digiaccess.org\/it\/prodotti\/digi%c2%b7assistant\/#primaryimage\"},\"thumbnailUrl\":\"https:\/\/www.digiaccess.org\/wp-content\/uploads\/2025\/01\/digi-access_Packshot_assistant-958x1024.png\",\"datePublished\":\"2026-01-23T05:31:06+00:00\",\"dateModified\":\"2026-02-16T01:57:31+00:00\",\"description\":\"digi\u00b7assistant ottimizza i CSS, i contrasti, le dimensioni dei caratteri e offre funzioni di lettura ad alta voce per un'esperienza web facile e senza barriere.\",\"breadcrumb\":{\"@id\":\"https:\/\/www.digiaccess.org\/it\/prodotti\/digi%c2%b7assistant\/#breadcrumb\"},\"inLanguage\":\"it-IT\",\"potentialAction\":[{\"@type\":\"ReadAction\",\"target\":[\"https:\/\/www.digiaccess.org\/it\/prodotti\/digi%c2%b7assistant\/\"]}]},{\"@type\":\"ImageObject\",\"inLanguage\":\"it-IT\",\"@id\":\"https:\/\/www.digiaccess.org\/it\/prodotti\/digi%c2%b7assistant\/#primaryimage\",\"url\":\"https:\/\/www.digiaccess.org\/wp-content\/uploads\/2025\/01\/digi-access_Packshot_assistant-958x1024.png\",\"contentUrl\":\"https:\/\/www.digiaccess.org\/wp-content\/uploads\/2025\/01\/digi-access_Packshot_assistant-958x1024.png\"},{\"@type\":\"BreadcrumbList\",\"@id\":\"https:\/\/www.digiaccess.org\/it\/prodotti\/digi%c2%b7assistant\/#breadcrumb\",\"itemListElement\":[{\"@type\":\"ListItem\",\"position\":1,\"name\":\"Home\",\"item\":\"https:\/\/www.digiaccess.org\/it\/\"},{\"@type\":\"ListItem\",\"position\":2,\"name\":\"Prodotti\",\"item\":\"https:\/\/www.digiaccess.org\/it\/prodotti\/\"},{\"@type\":\"ListItem\",\"position\":3,\"name\":\"digi\u00b7assistant\"}]},{\"@type\":\"WebSite\",\"@id\":\"https:\/\/www.digiaccess.org\/it\/#website\",\"url\":\"https:\/\/www.digiaccess.org\/it\/\",\"name\":\"digi\u00b7access\",\"description\":\"Accessibilit\u00e0 digitale\",\"publisher\":{\"@id\":\"https:\/\/www.digiaccess.org\/it\/#organization\"},\"potentialAction\":[{\"@type\":\"SearchAction\",\"target\":{\"@type\":\"EntryPoint\",\"urlTemplate\":\"https:\/\/www.digiaccess.org\/it\/?s={search_term_string}\"},\"query-input\":{\"@type\":\"PropertyValueSpecification\",\"valueRequired\":true,\"valueName\":\"search_term_string\"}}],\"inLanguage\":\"it-IT\"},{\"@type\":\"Organization\",\"@id\":\"https:\/\/www.digiaccess.org\/it\/#organization\",\"name\":\"digi\u00b7access\",\"url\":\"https:\/\/www.digiaccess.org\/it\/\",\"logo\":{\"@type\":\"ImageObject\",\"inLanguage\":\"it-IT\",\"@id\":\"https:\/\/www.digiaccess.org\/it\/#\/schema\/logo\/image\/\",\"url\":\"https:\/\/www.digiaccess.org\/wp-content\/uploads\/2024\/10\/digi-access_Logo_02_RZ.svg\",\"contentUrl\":\"https:\/\/www.digiaccess.org\/wp-content\/uploads\/2024\/10\/digi-access_Logo_02_RZ.svg\",\"caption\":\"digi\u00b7access\"},\"image\":{\"@id\":\"https:\/\/www.digiaccess.org\/it\/#\/schema\/logo\/image\/\"}}]}<\/script>\n<!-- \/ Yoast SEO plugin. -->","yoast_head_json":{"title":"digi\u00b7assistant - digi\u00b7access","description":"digi\u00b7assistant ottimizza i CSS, i contrasti, le dimensioni dei caratteri e offre funzioni di lettura ad alta voce per un'esperienza web facile e senza barriere.","robots":{"index":"index","follow":"follow","max-snippet":"max-snippet:-1","max-image-preview":"max-image-preview:large","max-video-preview":"max-video-preview:-1"},"canonical":"https:\/\/www.digiaccess.org\/it\/prodotti\/digi%c2%b7assistant\/","og_locale":"it_IT","og_type":"article","og_title":"digi\u00b7assistant - digi\u00b7access","og_description":"digi\u00b7assistant ottimizza i CSS, i contrasti, le dimensioni dei caratteri e offre funzioni di lettura ad alta voce per un'esperienza web facile e senza barriere.","og_url":"https:\/\/www.digiaccess.org\/it\/prodotti\/digi%c2%b7assistant\/","og_site_name":"digi\u00b7access","article_modified_time":"2026-02-16T01:57:31+00:00","og_image":[{"width":958,"height":1024,"url":"https:\/\/www.digiaccess.org\/wp-content\/uploads\/2025\/01\/digi-access_Packshot_assistant-958x1024.png","type":"image\/png"}],"twitter_card":"summary_large_image","twitter_misc":{"Tempo di lettura stimato":"1 minuto"},"schema":{"@context":"https:\/\/schema.org","@graph":[{"@type":"WebPage","@id":"https:\/\/www.digiaccess.org\/it\/prodotti\/digi%c2%b7assistant\/","url":"https:\/\/www.digiaccess.org\/it\/prodotti\/digi%c2%b7assistant\/","name":"digi\u00b7assistant - digi\u00b7access","isPartOf":{"@id":"https:\/\/www.digiaccess.org\/it\/#website"},"primaryImageOfPage":{"@id":"https:\/\/www.digiaccess.org\/it\/prodotti\/digi%c2%b7assistant\/#primaryimage"},"image":{"@id":"https:\/\/www.digiaccess.org\/it\/prodotti\/digi%c2%b7assistant\/#primaryimage"},"thumbnailUrl":"https:\/\/www.digiaccess.org\/wp-content\/uploads\/2025\/01\/digi-access_Packshot_assistant-958x1024.png","datePublished":"2026-01-23T05:31:06+00:00","dateModified":"2026-02-16T01:57:31+00:00","description":"digi\u00b7assistant ottimizza i CSS, i contrasti, le dimensioni dei caratteri e offre funzioni di lettura ad alta voce per un'esperienza web facile e senza barriere.","breadcrumb":{"@id":"https:\/\/www.digiaccess.org\/it\/prodotti\/digi%c2%b7assistant\/#breadcrumb"},"inLanguage":"it-IT","potentialAction":[{"@type":"ReadAction","target":["https:\/\/www.digiaccess.org\/it\/prodotti\/digi%c2%b7assistant\/"]}]},{"@type":"ImageObject","inLanguage":"it-IT","@id":"https:\/\/www.digiaccess.org\/it\/prodotti\/digi%c2%b7assistant\/#primaryimage","url":"https:\/\/www.digiaccess.org\/wp-content\/uploads\/2025\/01\/digi-access_Packshot_assistant-958x1024.png","contentUrl":"https:\/\/www.digiaccess.org\/wp-content\/uploads\/2025\/01\/digi-access_Packshot_assistant-958x1024.png"},{"@type":"BreadcrumbList","@id":"https:\/\/www.digiaccess.org\/it\/prodotti\/digi%c2%b7assistant\/#breadcrumb","itemListElement":[{"@type":"ListItem","position":1,"name":"Home","item":"https:\/\/www.digiaccess.org\/it\/"},{"@type":"ListItem","position":2,"name":"Prodotti","item":"https:\/\/www.digiaccess.org\/it\/prodotti\/"},{"@type":"ListItem","position":3,"name":"digi\u00b7assistant"}]},{"@type":"WebSite","@id":"https:\/\/www.digiaccess.org\/it\/#website","url":"https:\/\/www.digiaccess.org\/it\/","name":"digi\u00b7access","description":"Accessibilit\u00e0 digitale","publisher":{"@id":"https:\/\/www.digiaccess.org\/it\/#organization"},"potentialAction":[{"@type":"SearchAction","target":{"@type":"EntryPoint","urlTemplate":"https:\/\/www.digiaccess.org\/it\/?s={search_term_string}"},"query-input":{"@type":"PropertyValueSpecification","valueRequired":true,"valueName":"search_term_string"}}],"inLanguage":"it-IT"},{"@type":"Organization","@id":"https:\/\/www.digiaccess.org\/it\/#organization","name":"digi\u00b7access","url":"https:\/\/www.digiaccess.org\/it\/","logo":{"@type":"ImageObject","inLanguage":"it-IT","@id":"https:\/\/www.digiaccess.org\/it\/#\/schema\/logo\/image\/","url":"https:\/\/www.digiaccess.org\/wp-content\/uploads\/2024\/10\/digi-access_Logo_02_RZ.svg","contentUrl":"https:\/\/www.digiaccess.org\/wp-content\/uploads\/2024\/10\/digi-access_Logo_02_RZ.svg","caption":"digi\u00b7access"},"image":{"@id":"https:\/\/www.digiaccess.org\/it\/#\/schema\/logo\/image\/"}}]}},"_links":{"self":[{"href":"https:\/\/www.digiaccess.org\/it\/wp-json\/wp\/v2\/pages\/16872","targetHints":{"allow":["GET"]}}],"collection":[{"href":"https:\/\/www.digiaccess.org\/it\/wp-json\/wp\/v2\/pages"}],"about":[{"href":"https:\/\/www.digiaccess.org\/it\/wp-json\/wp\/v2\/types\/page"}],"author":[{"embeddable":true,"href":"https:\/\/www.digiaccess.org\/it\/wp-json\/wp\/v2\/users\/13"}],"replies":[{"embeddable":true,"href":"https:\/\/www.digiaccess.org\/it\/wp-json\/wp\/v2\/comments?post=16872"}],"version-history":[{"count":1,"href":"https:\/\/www.digiaccess.org\/it\/wp-json\/wp\/v2\/pages\/16872\/revisions"}],"predecessor-version":[{"id":16873,"href":"https:\/\/www.digiaccess.org\/it\/wp-json\/wp\/v2\/pages\/16872\/revisions\/16873"}],"up":[{"embeddable":true,"href":"https:\/\/www.digiaccess.org\/it\/wp-json\/wp\/v2\/pages\/10083"}],"wp:attachment":[{"href":"https:\/\/www.digiaccess.org\/it\/wp-json\/wp\/v2\/media?parent=16872"}],"curies":[{"name":"wp","href":"https:\/\/api.w.org\/{rel}","templated":true}]}}