{"id":9707,"date":"2021-09-16T18:10:36","date_gmt":"2021-09-16T16:10:36","guid":{"rendered":"https:\/\/www.digiaccess.org\/blog\/"},"modified":"2025-10-21T10:00:24","modified_gmt":"2025-10-21T08:00:24","slug":"blog","status":"publish","type":"page","link":"https:\/\/www.digiaccess.org\/it\/blog\/","title":{"rendered":"Blog"},"content":{"rendered":"\t\t<div data-elementor-type=\"wp-page\" data-elementor-id=\"9707\" class=\"elementor elementor-9707 elementor-1646\" data-elementor-post-type=\"page\">\n\t\t\t\t<div class=\"elementor-element elementor-element-9a3d434 e-flex e-con-boxed e-con e-parent\" data-id=\"9a3d434\" data-element_type=\"container\" data-settings=\"{&quot;background_background&quot;:&quot;classic&quot;}\">\n\t\t\t\t\t<div class=\"e-con-inner\">\n\t\t<div class=\"elementor-element elementor-element-ab93010 e-con-full e-flex e-con e-child\" data-id=\"ab93010\" data-element_type=\"container\">\n\t\t\t\t<div class=\"elementor-element elementor-element-62fd08a elementor-widget-mobile__width-inherit elementor-widget elementor-widget-text-editor\" data-id=\"62fd08a\" data-element_type=\"widget\" data-widget_type=\"text-editor.default\">\n\t\t\t\t<div class=\"elementor-widget-container\">\n\t\t\t\t\t\t\t\t\t<h1 class=\"vc_custom_heading vc_custom_1697468147211\" data-da-style=\"true\">digi\u00b7blog<\/h1><div class=\"wpb_text_column wpb_content_element vc_custom_1697632028066 vc_hidden-sm vc_hidden-xs\"><div class=\"wpb_wrapper\"> <\/div><\/div>\t\t\t\t\t\t\t\t<\/div>\n\t\t\t\t<\/div>\n\t\t\t\t<\/div>\n\t\t\t\t\t<\/div>\n\t\t\t\t<\/div>\n\t\t\t\t<section class=\"elementor-section elementor-top-section elementor-element elementor-element-f786690 elementor-section-boxed elementor-section-height-default elementor-section-height-default\" data-id=\"f786690\" data-element_type=\"section\" data-settings=\"{&quot;background_background&quot;:&quot;classic&quot;}\">\n\t\t\t\t\t\t<div class=\"elementor-container elementor-column-gap-wider\">\n\t\t\t\t\t<div class=\"elementor-column elementor-col-100 elementor-top-column elementor-element elementor-element-2cfd46f\" data-id=\"2cfd46f\" data-element_type=\"column\">\n\t\t\t<div class=\"elementor-widget-wrap elementor-element-populated\">\n\t\t\t\t\t\t<div class=\"elementor-element elementor-element-48b79f1 img-align-top img-align-mobile-top image-vertical-align-center icon-box-vertical-align-top preserve-img-ratio-cover slide-h-position-left elementor-widget elementor-widget-the7-elements-simple-posts\" data-id=\"48b79f1\" data-element_type=\"widget\" data-widget_type=\"the7-elements-simple-posts.default\">\n\t\t\t\t<div class=\"elementor-widget-container\">\n\t\t\t\t\t<div class=\"the7-simple-widget-posts the7-elementor-widget the7-elements-simple-posts-48b79f1 jquery-filter jquery-filter\" data-post-limit=\"-1\" data-pagination-mode=\"none\" data-scroll-offset=\"\" aria-live=\"assertive\">\t\t\t<div class=\"dt-css-grid custom-pagination-handler\" data-columns=\"{&quot;d&quot;:3,&quot;t&quot;:2,&quot;p&quot;:1,&quot;wd&quot;:&quot;&quot;}\">\n\t\t\t\t\t\t\t\t\t<div class=\"wf-cell visible \">\n\t\t\t\t\t\t<article class=\"post visible wrapper no-img post-11031 type-post status-publish format-standard hentry category-senza-categoria\">\n\n\t\t\t\t\t\t\t<div class=\"post-content-wrapper\">\n\t\t\t\t\t\t\t\t\t\t\t\t\t\t\t\t<div class=\"post-entry-content\">\n\t\t\t\t\t\t\t\t\t<h5 class=\"heading\"><a href=\"https:\/\/www.digiaccess.org\/it\/2025\/03\/04\/implementazione-di-google-tag-manager\/\" rel=\"bookmark\" title=\"Implementazione di Google Tag Manager\" class=\"post-title\">Implementazione di Google Tag Manager<\/a><\/h5><div class=\"entry-meta\"><a href=\"https:\/\/www.digiaccess.org\/it\/2025\/03\/04\/\" title=\"15:01\" class=\"meta-item data-link\" rel=\"bookmark\"><time class=\"entry-date updated\" datetime=\"2025-03-04T15:01:00+01:00\">4. Marzo 2025<\/time><\/a><\/div><p class=\"short-description\">Per integrare DIGIaccess nel tuo sito web tramite Google Tag Manager, accedi all&#8217;interfaccia del tuo account. Troverai la scheda &#8220;Tag&#8221; sul lato sinistro, apri la scheda e clicca sul pulsante blu &#8220;Nuovo&#8221; in alto a destra. Nell&#8217;area che si apre&hellip;<\/p><a href=\"https:\/\/www.digiaccess.org\/it\/2025\/03\/04\/implementazione-di-google-tag-manager\/\" target=\"\" aria-label=\"Ulteriori informazioni su Implementazione di Google Tag Manager\" class=\"box-button elementor-button elementor-size-md\">Per saperne di pi\u00f9<\/a>\t\t\t\t\t\t\t\t<\/div>\n\t\t\t\t\t\t\t<\/div>\n\t\t\t\t\t\t<\/article>\n\t\t\t\t\t<\/div>\t\t\t\t\t\t\t\t\t\t<div class=\"wf-cell visible \">\n\t\t\t\t\t\t<article class=\"post visible wrapper no-img post-11670 type-post status-publish format-standard hentry category-senza-categoria\">\n\n\t\t\t\t\t\t\t<div class=\"post-content-wrapper\">\n\t\t\t\t\t\t\t\t\t\t\t\t\t\t\t\t<div class=\"post-entry-content\">\n\t\t\t\t\t\t\t\t\t<h5 class=\"heading\"><a href=\"https:\/\/www.digiaccess.org\/it\/2025\/02\/12\/negozi-online-senza-barriere\/\" rel=\"bookmark\" title=\"Negozi online senza barriere\" class=\"post-title\">Negozi online senza barriere<\/a><\/h5><div class=\"entry-meta\"><a href=\"https:\/\/www.digiaccess.org\/it\/2025\/02\/12\/\" title=\"13:01\" class=\"meta-item data-link\" rel=\"bookmark\"><time class=\"entry-date updated\" datetime=\"2025-02-12T13:01:09+01:00\">12. Febbraio 2025<\/time><\/a><\/div><p class=\"short-description\">STUDIO CAPTERRA: IL 38% DELLE AZIENDE REGISTRA UN AUMENTO DELLE VENDITE CON SITI WEB ACCESSIBILI 54 % MIGLIORARE L&#8217;ACCESSIBILIT\u00c0 DIGITALE CON KI A partire da giugno 2025, i siti web e i negozi online dovranno essere accessibili, ma molti operatori&hellip;<\/p><a href=\"https:\/\/www.digiaccess.org\/it\/2025\/02\/12\/negozi-online-senza-barriere\/\" target=\"\" aria-label=\"Ulteriori informazioni su Negozi online senza barriere\" class=\"box-button elementor-button elementor-size-md\">Per saperne di pi\u00f9<\/a>\t\t\t\t\t\t\t\t<\/div>\n\t\t\t\t\t\t\t<\/div>\n\t\t\t\t\t\t<\/article>\n\t\t\t\t\t<\/div>\t\t\t\t\t\t\t\t\t\t<div class=\"wf-cell visible \">\n\t\t\t\t\t\t<article class=\"post visible wrapper no-img post-11686 type-post status-publish format-standard hentry category-senza-categoria\">\n\n\t\t\t\t\t\t\t<div class=\"post-content-wrapper\">\n\t\t\t\t\t\t\t\t\t\t\t\t\t\t\t\t<div class=\"post-entry-content\">\n\t\t\t\t\t\t\t\t\t<h5 class=\"heading\"><a href=\"https:\/\/www.digiaccess.org\/it\/2025\/01\/28\/strumenti-di-verifica-tecnica-dellaccessibilita\/\" rel=\"bookmark\" title=\"Strumenti di verifica tecnica dell&#8217;accessibilit\u00e0\" class=\"post-title\">Strumenti di verifica tecnica dell&#8217;accessibilit\u00e0<\/a><\/h5><div class=\"entry-meta\"><a href=\"https:\/\/www.digiaccess.org\/it\/2025\/01\/28\/\" title=\"13:04\" class=\"meta-item data-link\" rel=\"bookmark\"><time class=\"entry-date updated\" datetime=\"2025-01-28T13:04:13+01:00\">28. Gennaio 2025<\/time><\/a><\/div><p class=\"short-description\">Confronto tra strumenti di test tecnici per l&#8217;accessibilit\u00e0 digitale: Wave WebAIM \u00e8 il nostro primo candidato Il mondo digitale \u00e8 in costante crescita e con esso la responsabilit\u00e0 di rendere i siti web e i contenuti digitali accessibili a tutti.&hellip;<\/p><a href=\"https:\/\/www.digiaccess.org\/it\/2025\/01\/28\/strumenti-di-verifica-tecnica-dellaccessibilita\/\" target=\"\" aria-label=\"Ulteriori informazioni su Strumenti di verifica tecnica dell&#8217;accessibilit\u00e0\" class=\"box-button elementor-button elementor-size-md\">Per saperne di pi\u00f9<\/a>\t\t\t\t\t\t\t\t<\/div>\n\t\t\t\t\t\t\t<\/div>\n\t\t\t\t\t\t<\/article>\n\t\t\t\t\t<\/div>\t\t\t\t\t\t\t\t\t\t<div class=\"wf-cell visible \">\n\t\t\t\t\t\t<article class=\"post visible wrapper no-img post-11729 type-post status-publish format-standard hentry category-senza-categoria\">\n\n\t\t\t\t\t\t\t<div class=\"post-content-wrapper\">\n\t\t\t\t\t\t\t\t\t\t\t\t\t\t\t\t<div class=\"post-entry-content\">\n\t\t\t\t\t\t\t\t\t<h5 class=\"heading\"><a href=\"https:\/\/www.digiaccess.org\/it\/2025\/01\/10\/cose-un-pdf-accessibile\/\" rel=\"bookmark\" title=\"Cos&#8217;\u00e8 un PDF accessibile?\" class=\"post-title\">Cos&#8217;\u00e8 un PDF accessibile?<\/a><\/h5><div class=\"entry-meta\"><a href=\"https:\/\/www.digiaccess.org\/it\/2025\/01\/10\/\" title=\"13:07\" class=\"meta-item data-link\" rel=\"bookmark\"><time class=\"entry-date updated\" datetime=\"2025-01-10T13:07:20+01:00\">10. Gennaio 2025<\/time><\/a><\/div><p class=\"short-description\">Che cos&#8217;\u00e8 un PDF accessibile e come possiamo implementarlo con digi-pdf? In un mondo digitale in cui le informazioni devono essere accessibili a tutti, i PDF accessibili sono indispensabili. Garantiscono che le persone con disabilit\u00e0 possano leggere, comprendere e utilizzare&hellip;<\/p><a href=\"https:\/\/www.digiaccess.org\/it\/2025\/01\/10\/cose-un-pdf-accessibile\/\" target=\"\" aria-label=\"Ulteriori informazioni su Cos&#8217;\u00e8 un PDF accessibile?\" class=\"box-button elementor-button elementor-size-md\">Per saperne di pi\u00f9<\/a>\t\t\t\t\t\t\t\t<\/div>\n\t\t\t\t\t\t\t<\/div>\n\t\t\t\t\t\t<\/article>\n\t\t\t\t\t<\/div>\t\t\t\t\t\t\t\t\t\t<div class=\"wf-cell visible \">\n\t\t\t\t\t\t<article class=\"post visible wrapper no-img post-11711 type-post status-publish format-standard hentry category-senza-categoria\">\n\n\t\t\t\t\t\t\t<div class=\"post-content-wrapper\">\n\t\t\t\t\t\t\t\t\t\t\t\t\t\t\t\t<div class=\"post-entry-content\">\n\t\t\t\t\t\t\t\t\t<h5 class=\"heading\"><a href=\"https:\/\/www.digiaccess.org\/it\/2025\/01\/07\/cose-una-sovrapposizione\/\" rel=\"bookmark\" title=\"Cos&#8217;\u00e8 una sovrapposizione\" class=\"post-title\">Cos&#8217;\u00e8 una sovrapposizione<\/a><\/h5><div class=\"entry-meta\"><a href=\"https:\/\/www.digiaccess.org\/it\/2025\/01\/07\/\" title=\"13:10\" class=\"meta-item data-link\" rel=\"bookmark\"><time class=\"entry-date updated\" datetime=\"2025-01-07T13:10:13+01:00\">7. Gennaio 2025<\/time><\/a><\/div><p class=\"short-description\">Che cos&#8217;\u00e8 una sovrapposizione? Il termine &#8220;overlay&#8221; viene utilizzato per descrivere una tecnologia che consiste in due componenti principali: tecnologie di correzione automatica e strumenti di aiuto basati sul browser. Questi componenti permettono di migliorare in modo efficiente l&#8217;accessibilit\u00e0 dei&hellip;<\/p><a href=\"https:\/\/www.digiaccess.org\/it\/2025\/01\/07\/cose-una-sovrapposizione\/\" target=\"\" aria-label=\"Ulteriori informazioni su Cos&#8217;\u00e8 una sovrapposizione\" class=\"box-button elementor-button elementor-size-md\">Per saperne di pi\u00f9<\/a>\t\t\t\t\t\t\t\t<\/div>\n\t\t\t\t\t\t\t<\/div>\n\t\t\t\t\t\t<\/article>\n\t\t\t\t\t<\/div>\t\t\t\t\t\t\t\t\t\t<div class=\"wf-cell visible \">\n\t\t\t\t\t\t<article class=\"post visible wrapper no-img post-11033 type-post status-publish format-standard hentry category-senza-categoria\">\n\n\t\t\t\t\t\t\t<div class=\"post-content-wrapper\">\n\t\t\t\t\t\t\t\t\t\t\t\t\t\t\t\t<div class=\"post-entry-content\">\n\t\t\t\t\t\t\t\t\t<h5 class=\"heading\"><a href=\"https:\/\/www.digiaccess.org\/it\/2024\/12\/18\/implementazione-di-typo3\/\" rel=\"bookmark\" title=\"Implementazione di TYPO3\" class=\"post-title\">Implementazione di TYPO3<\/a><\/h5><div class=\"entry-meta\"><a href=\"https:\/\/www.digiaccess.org\/it\/2024\/12\/18\/\" title=\"15:01\" class=\"meta-item data-link\" rel=\"bookmark\"><time class=\"entry-date updated\" datetime=\"2024-12-18T15:01:02+01:00\">18. Dicembre 2024<\/time><\/a><\/div><p class=\"short-description\">Per integrare correttamente DIGIaccess nel tuo sito web Typo3, devi inserire lo script generato prima del tag di chiusura. Di seguito abbiamo realizzato una guida passo-passo che spiega la procedura in dettaglio. Passo 1 Accedi alla dashboard di TYPO3 e&hellip;<\/p><a href=\"https:\/\/www.digiaccess.org\/it\/2024\/12\/18\/implementazione-di-typo3\/\" target=\"\" aria-label=\"Ulteriori informazioni su Implementazione di TYPO3\" class=\"box-button elementor-button elementor-size-md\">Per saperne di pi\u00f9<\/a>\t\t\t\t\t\t\t\t<\/div>\n\t\t\t\t\t\t\t<\/div>\n\t\t\t\t\t\t<\/article>\n\t\t\t\t\t<\/div>\t\t\t\t\t\t\t\t\t\t<div class=\"wf-cell visible \">\n\t\t\t\t\t\t<article class=\"post visible wrapper no-img post-11062 type-post status-publish format-standard hentry category-senza-categoria\">\n\n\t\t\t\t\t\t\t<div class=\"post-content-wrapper\">\n\t\t\t\t\t\t\t\t\t\t\t\t\t\t\t\t<div class=\"post-entry-content\">\n\t\t\t\t\t\t\t\t\t<h5 class=\"heading\"><a href=\"https:\/\/www.digiaccess.org\/it\/2024\/11\/28\/implementazione-di-joomla\/\" rel=\"bookmark\" title=\"Implementazione di Joomla\" class=\"post-title\">Implementazione di Joomla<\/a><\/h5><div class=\"entry-meta\"><a href=\"https:\/\/www.digiaccess.org\/it\/2024\/11\/28\/\" title=\"15:01\" class=\"meta-item data-link\" rel=\"bookmark\"><time class=\"entry-date updated\" datetime=\"2024-11-28T15:01:04+01:00\">28. Novembre 2024<\/time><\/a><\/div><p class=\"short-description\">Per integrare correttamente DIGIaccess nel tuo sito Joomla, devi inserire lo script generato prima del tag. Se il tuo tema non prevede un&#8217;opzione in tal senso e non disponi di un plug-in che fornisca questa funzione, accedi al backend di&hellip;<\/p><a href=\"https:\/\/www.digiaccess.org\/it\/2024\/11\/28\/implementazione-di-joomla\/\" target=\"\" aria-label=\"Ulteriori informazioni su Implementazione di Joomla\" class=\"box-button elementor-button elementor-size-md\">Per saperne di pi\u00f9<\/a>\t\t\t\t\t\t\t\t<\/div>\n\t\t\t\t\t\t\t<\/div>\n\t\t\t\t\t\t<\/article>\n\t\t\t\t\t<\/div>\t\t\t\t\t\t\t\t\t\t<div class=\"wf-cell visible \">\n\t\t\t\t\t\t<article class=\"post visible wrapper no-img post-11020 type-post status-publish format-standard hentry category-senza-categoria\">\n\n\t\t\t\t\t\t\t<div class=\"post-content-wrapper\">\n\t\t\t\t\t\t\t\t\t\t\t\t\t\t\t\t<div class=\"post-entry-content\">\n\t\t\t\t\t\t\t\t\t<h5 class=\"heading\"><a href=\"https:\/\/www.digiaccess.org\/it\/2024\/11\/12\/implementazione-di-wordpress\/\" rel=\"bookmark\" title=\"Implementazione di WordPress\" class=\"post-title\">Implementazione di WordPress<\/a><\/h5><div class=\"entry-meta\"><a href=\"https:\/\/www.digiaccess.org\/it\/2024\/11\/12\/\" title=\"15:00\" class=\"meta-item data-link\" rel=\"bookmark\"><time class=\"entry-date updated\" datetime=\"2024-11-12T15:00:27+01:00\">12. Novembre 2024<\/time><\/a><\/div><p class=\"short-description\">Per integrare correttamente DIGIaccess nel tuo sito WordPress, devi inserire lo script generato prima del tag di chiusura. Se il tuo tema non prevede un&#8217;opzione in tal senso e non disponi di un plugin che offra questa funzione, ti consigliamo&hellip;<\/p><a href=\"https:\/\/www.digiaccess.org\/it\/2024\/11\/12\/implementazione-di-wordpress\/\" target=\"\" aria-label=\"Ulteriori informazioni su Implementazione di WordPress\" class=\"box-button elementor-button elementor-size-md\">Per saperne di pi\u00f9<\/a>\t\t\t\t\t\t\t\t<\/div>\n\t\t\t\t\t\t\t<\/div>\n\t\t\t\t\t\t<\/article>\n\t\t\t\t\t<\/div>\t\t\t\t\t\t\t\t<\/div>\n\t\t<\/div>\t\t\t\t<\/div>\n\t\t\t\t<\/div>\n\t\t\t\t\t<\/div>\n\t\t<\/div>\n\t\t\t\t\t<\/div>\n\t\t<\/section>\n\t\t<div class=\"elementor-element elementor-element-03512a7 e-flex e-con-boxed e-con e-parent\" data-id=\"03512a7\" data-element_type=\"container\" data-settings=\"{&quot;background_background&quot;:&quot;classic&quot;}\">\n\t\t\t\t\t<div class=\"e-con-inner\">\n\t\t\t\t<div class=\"elementor-element elementor-element-27b5763 elementor-widget elementor-widget-heading\" data-id=\"27b5763\" data-element_type=\"widget\" data-widget_type=\"heading.default\">\n\t\t\t\t<div class=\"elementor-widget-container\">\n\t\t\t\t\t<h2 class=\"elementor-heading-title elementor-size-default\">Hai qualche domanda?<\/h2>\t\t\t\t<\/div>\n\t\t\t\t<\/div>\n\t\t\t\t<div class=\"elementor-element elementor-element-86aa4d4 elementor-hidden-mobile elementor-widget elementor-widget-text-editor\" data-id=\"86aa4d4\" data-element_type=\"widget\" data-widget_type=\"text-editor.default\">\n\t\t\t\t<div class=\"elementor-widget-container\">\n\t\t\t\t\t\t\t\t\t<h4 class=\"vc_custom_heading vc_custom_1673620750774\" style=\"text-align: center;\" data-da-style=\"true\">I nostri esperti sono felici di aiutarti.<br>Ti aiutiamo a trovare la soluzione migliore per le tue esigenze.<\/h4>\t\t\t\t\t\t\t\t<\/div>\n\t\t\t\t<\/div>\n\t\t\t\t<div class=\"elementor-element elementor-element-85378e4 elementor-hidden-desktop elementor-hidden-tablet elementor-widget elementor-widget-text-editor\" data-id=\"85378e4\" data-element_type=\"widget\" data-widget_type=\"text-editor.default\">\n\t\t\t\t<div class=\"elementor-widget-container\">\n\t\t\t\t\t\t\t\t\t<p class=\"vc_custom_heading vc_custom_1673620750774\" style=\"text-align: center;\" data-da-style=\"true\">I nostri esperti sono qui per te. Ti aiuteremo a trovare la soluzione migliore per le tue esigenze. <\/p>\t\t\t\t\t\t\t\t<\/div>\n\t\t\t\t<\/div>\n\t\t\t\t\t<\/div>\n\t\t\t\t<\/div>\n\t\t\t\t<\/div>\n\t\t","protected":false},"excerpt":{"rendered":"<p>digi\u00b7blog Barrierefreiheitsst\u00e4rkungsgesetz (BFSG) \u2013 Ein Meilenstein f\u00fcr mehr Inklusion 26. M\u00e4rz 2025 Am 28. Juni 2025 tritt das Barrierefreiheitsst\u00e4rkungsgesetz (BFSG) in Kraft \u2013 ein bedeutender Schritt f\u00fcr mehr gesellschaftliche Teilhabe und Inklusion. Dieses Gesetz verpflichtet Unternehmen, zahlreiche Produkte und Dienstleistungen barrierefrei zu gestalten. Besonders betroffen sind Webseitenbetreiber und kleine bis mittlere Unternehmen&hellip; Per saperne di&hellip;<\/p>\n","protected":false},"author":2,"featured_media":11574,"parent":0,"menu_order":25,"comment_status":"closed","ping_status":"closed","template":"","meta":{"inline_featured_image":false,"footnotes":""},"class_list":["post-9707","page","type-page","status-publish","has-post-thumbnail","hentry"],"yoast_head":"<!-- This site is optimized with the Yoast SEO plugin v26.6 - https:\/\/yoast.com\/wordpress\/plugins\/seo\/ -->\n<title>Blog - digi\u00b7access<\/title>\n<meta name=\"description\" content=\"Scopri le ultime informazioni sull&#039;accessibilit\u00e0 nel blog digi\u00b7access: leggi, soluzioni tecniche e consigli per siti web inclusivi.\" \/>\n<meta name=\"robots\" content=\"index, follow, max-snippet:-1, max-image-preview:large, max-video-preview:-1\" \/>\n<link rel=\"canonical\" href=\"https:\/\/www.digiaccess.org\/it\/blog\/\" \/>\n<meta property=\"og:locale\" content=\"it_IT\" \/>\n<meta property=\"og:type\" content=\"article\" \/>\n<meta property=\"og:title\" content=\"Blog - digi\u00b7access\" \/>\n<meta property=\"og:description\" content=\"Scopri le ultime informazioni sull&#039;accessibilit\u00e0 nel blog digi\u00b7access: leggi, soluzioni tecniche e consigli per siti web inclusivi.\" \/>\n<meta property=\"og:url\" content=\"https:\/\/www.digiaccess.org\/it\/blog\/\" \/>\n<meta property=\"og:site_name\" content=\"digi\u00b7access\" \/>\n<meta property=\"article:modified_time\" content=\"2025-10-21T08:00:24+00:00\" \/>\n<meta property=\"og:image\" content=\"https:\/\/www.digiaccess.org\/wp-content\/uploads\/2020\/02\/cons004.jpg\" \/>\n\t<meta property=\"og:image:width\" content=\"1500\" \/>\n\t<meta property=\"og:image:height\" content=\"1000\" \/>\n\t<meta property=\"og:image:type\" content=\"image\/jpeg\" \/>\n<meta name=\"twitter:card\" content=\"summary_large_image\" \/>\n<meta name=\"twitter:label1\" content=\"Tempo di lettura stimato\" \/>\n\t<meta name=\"twitter:data1\" content=\"3 minuti\" \/>\n<script type=\"application\/ld+json\" class=\"yoast-schema-graph\">{\"@context\":\"https:\/\/schema.org\",\"@graph\":[{\"@type\":\"WebPage\",\"@id\":\"https:\/\/www.digiaccess.org\/it\/blog\/\",\"url\":\"https:\/\/www.digiaccess.org\/it\/blog\/\",\"name\":\"Blog - digi\u00b7access\",\"isPartOf\":{\"@id\":\"https:\/\/www.digiaccess.org\/it\/#website\"},\"primaryImageOfPage\":{\"@id\":\"https:\/\/www.digiaccess.org\/it\/blog\/#primaryimage\"},\"image\":{\"@id\":\"https:\/\/www.digiaccess.org\/it\/blog\/#primaryimage\"},\"thumbnailUrl\":\"https:\/\/www.digiaccess.org\/wp-content\/uploads\/2020\/02\/cons004.jpg\",\"datePublished\":\"2021-09-16T16:10:36+00:00\",\"dateModified\":\"2025-10-21T08:00:24+00:00\",\"description\":\"Scopri le ultime informazioni sull'accessibilit\u00e0 nel blog digi\u00b7access: leggi, soluzioni tecniche e consigli per siti web inclusivi.\",\"breadcrumb\":{\"@id\":\"https:\/\/www.digiaccess.org\/it\/blog\/#breadcrumb\"},\"inLanguage\":\"it-IT\",\"potentialAction\":[{\"@type\":\"ReadAction\",\"target\":[\"https:\/\/www.digiaccess.org\/it\/blog\/\"]}]},{\"@type\":\"ImageObject\",\"inLanguage\":\"it-IT\",\"@id\":\"https:\/\/www.digiaccess.org\/it\/blog\/#primaryimage\",\"url\":\"https:\/\/www.digiaccess.org\/wp-content\/uploads\/2020\/02\/cons004.jpg\",\"contentUrl\":\"https:\/\/www.digiaccess.org\/wp-content\/uploads\/2020\/02\/cons004.jpg\",\"width\":1500,\"height\":1000},{\"@type\":\"BreadcrumbList\",\"@id\":\"https:\/\/www.digiaccess.org\/it\/blog\/#breadcrumb\",\"itemListElement\":[{\"@type\":\"ListItem\",\"position\":1,\"name\":\"Home\",\"item\":\"https:\/\/www.digiaccess.org\/it\/\"},{\"@type\":\"ListItem\",\"position\":2,\"name\":\"Blog\"}]},{\"@type\":\"WebSite\",\"@id\":\"https:\/\/www.digiaccess.org\/it\/#website\",\"url\":\"https:\/\/www.digiaccess.org\/it\/\",\"name\":\"digi\u00b7access\",\"description\":\"Accessibilit\u00e0 digitale\",\"publisher\":{\"@id\":\"https:\/\/www.digiaccess.org\/it\/#organization\"},\"potentialAction\":[{\"@type\":\"SearchAction\",\"target\":{\"@type\":\"EntryPoint\",\"urlTemplate\":\"https:\/\/www.digiaccess.org\/it\/?s={search_term_string}\"},\"query-input\":{\"@type\":\"PropertyValueSpecification\",\"valueRequired\":true,\"valueName\":\"search_term_string\"}}],\"inLanguage\":\"it-IT\"},{\"@type\":\"Organization\",\"@id\":\"https:\/\/www.digiaccess.org\/it\/#organization\",\"name\":\"digi\u00b7access\",\"url\":\"https:\/\/www.digiaccess.org\/it\/\",\"logo\":{\"@type\":\"ImageObject\",\"inLanguage\":\"it-IT\",\"@id\":\"https:\/\/www.digiaccess.org\/it\/#\/schema\/logo\/image\/\",\"url\":\"https:\/\/www.digiaccess.org\/wp-content\/uploads\/2024\/10\/digi-access_Logo_02_RZ.svg\",\"contentUrl\":\"https:\/\/www.digiaccess.org\/wp-content\/uploads\/2024\/10\/digi-access_Logo_02_RZ.svg\",\"caption\":\"digi\u00b7access\"},\"image\":{\"@id\":\"https:\/\/www.digiaccess.org\/it\/#\/schema\/logo\/image\/\"}}]}<\/script>\n<!-- \/ Yoast SEO plugin. -->","yoast_head_json":{"title":"Blog - digi\u00b7access","description":"Scopri le ultime informazioni sull'accessibilit\u00e0 nel blog digi\u00b7access: leggi, soluzioni tecniche e consigli per siti web inclusivi.","robots":{"index":"index","follow":"follow","max-snippet":"max-snippet:-1","max-image-preview":"max-image-preview:large","max-video-preview":"max-video-preview:-1"},"canonical":"https:\/\/www.digiaccess.org\/it\/blog\/","og_locale":"it_IT","og_type":"article","og_title":"Blog - digi\u00b7access","og_description":"Scopri le ultime informazioni sull'accessibilit\u00e0 nel blog digi\u00b7access: leggi, soluzioni tecniche e consigli per siti web inclusivi.","og_url":"https:\/\/www.digiaccess.org\/it\/blog\/","og_site_name":"digi\u00b7access","article_modified_time":"2025-10-21T08:00:24+00:00","og_image":[{"width":1500,"height":1000,"url":"https:\/\/www.digiaccess.org\/wp-content\/uploads\/2020\/02\/cons004.jpg","type":"image\/jpeg"}],"twitter_card":"summary_large_image","twitter_misc":{"Tempo di lettura stimato":"3 minuti"},"schema":{"@context":"https:\/\/schema.org","@graph":[{"@type":"WebPage","@id":"https:\/\/www.digiaccess.org\/it\/blog\/","url":"https:\/\/www.digiaccess.org\/it\/blog\/","name":"Blog - digi\u00b7access","isPartOf":{"@id":"https:\/\/www.digiaccess.org\/it\/#website"},"primaryImageOfPage":{"@id":"https:\/\/www.digiaccess.org\/it\/blog\/#primaryimage"},"image":{"@id":"https:\/\/www.digiaccess.org\/it\/blog\/#primaryimage"},"thumbnailUrl":"https:\/\/www.digiaccess.org\/wp-content\/uploads\/2020\/02\/cons004.jpg","datePublished":"2021-09-16T16:10:36+00:00","dateModified":"2025-10-21T08:00:24+00:00","description":"Scopri le ultime informazioni sull'accessibilit\u00e0 nel blog digi\u00b7access: leggi, soluzioni tecniche e consigli per siti web inclusivi.","breadcrumb":{"@id":"https:\/\/www.digiaccess.org\/it\/blog\/#breadcrumb"},"inLanguage":"it-IT","potentialAction":[{"@type":"ReadAction","target":["https:\/\/www.digiaccess.org\/it\/blog\/"]}]},{"@type":"ImageObject","inLanguage":"it-IT","@id":"https:\/\/www.digiaccess.org\/it\/blog\/#primaryimage","url":"https:\/\/www.digiaccess.org\/wp-content\/uploads\/2020\/02\/cons004.jpg","contentUrl":"https:\/\/www.digiaccess.org\/wp-content\/uploads\/2020\/02\/cons004.jpg","width":1500,"height":1000},{"@type":"BreadcrumbList","@id":"https:\/\/www.digiaccess.org\/it\/blog\/#breadcrumb","itemListElement":[{"@type":"ListItem","position":1,"name":"Home","item":"https:\/\/www.digiaccess.org\/it\/"},{"@type":"ListItem","position":2,"name":"Blog"}]},{"@type":"WebSite","@id":"https:\/\/www.digiaccess.org\/it\/#website","url":"https:\/\/www.digiaccess.org\/it\/","name":"digi\u00b7access","description":"Accessibilit\u00e0 digitale","publisher":{"@id":"https:\/\/www.digiaccess.org\/it\/#organization"},"potentialAction":[{"@type":"SearchAction","target":{"@type":"EntryPoint","urlTemplate":"https:\/\/www.digiaccess.org\/it\/?s={search_term_string}"},"query-input":{"@type":"PropertyValueSpecification","valueRequired":true,"valueName":"search_term_string"}}],"inLanguage":"it-IT"},{"@type":"Organization","@id":"https:\/\/www.digiaccess.org\/it\/#organization","name":"digi\u00b7access","url":"https:\/\/www.digiaccess.org\/it\/","logo":{"@type":"ImageObject","inLanguage":"it-IT","@id":"https:\/\/www.digiaccess.org\/it\/#\/schema\/logo\/image\/","url":"https:\/\/www.digiaccess.org\/wp-content\/uploads\/2024\/10\/digi-access_Logo_02_RZ.svg","contentUrl":"https:\/\/www.digiaccess.org\/wp-content\/uploads\/2024\/10\/digi-access_Logo_02_RZ.svg","caption":"digi\u00b7access"},"image":{"@id":"https:\/\/www.digiaccess.org\/it\/#\/schema\/logo\/image\/"}}]}},"_links":{"self":[{"href":"https:\/\/www.digiaccess.org\/it\/wp-json\/wp\/v2\/pages\/9707","targetHints":{"allow":["GET"]}}],"collection":[{"href":"https:\/\/www.digiaccess.org\/it\/wp-json\/wp\/v2\/pages"}],"about":[{"href":"https:\/\/www.digiaccess.org\/it\/wp-json\/wp\/v2\/types\/page"}],"author":[{"embeddable":true,"href":"https:\/\/www.digiaccess.org\/it\/wp-json\/wp\/v2\/users\/2"}],"replies":[{"embeddable":true,"href":"https:\/\/www.digiaccess.org\/it\/wp-json\/wp\/v2\/comments?post=9707"}],"version-history":[{"count":8,"href":"https:\/\/www.digiaccess.org\/it\/wp-json\/wp\/v2\/pages\/9707\/revisions"}],"predecessor-version":[{"id":14648,"href":"https:\/\/www.digiaccess.org\/it\/wp-json\/wp\/v2\/pages\/9707\/revisions\/14648"}],"wp:featuredmedia":[{"embeddable":true,"href":"https:\/\/www.digiaccess.org\/it\/wp-json\/wp\/v2\/media\/11574"}],"wp:attachment":[{"href":"https:\/\/www.digiaccess.org\/it\/wp-json\/wp\/v2\/media?parent=9707"}],"curies":[{"name":"wp","href":"https:\/\/api.w.org\/{rel}","templated":true}]}}