{"id":9808,"date":"2024-10-30T09:37:14","date_gmt":"2024-10-30T08:37:14","guid":{"rendered":"https:\/\/www.digiaccess.org\/impronta\/"},"modified":"2025-10-21T10:33:10","modified_gmt":"2025-10-21T08:33:10","slug":"impronta","status":"publish","type":"page","link":"https:\/\/www.digiaccess.org\/it\/impronta\/","title":{"rendered":"Impronta"},"content":{"rendered":"\t\t<div data-elementor-type=\"wp-page\" data-elementor-id=\"9808\" class=\"elementor elementor-9808 elementor-4916\" data-elementor-post-type=\"page\">\n\t\t\t\t<div class=\"elementor-element elementor-element-f27c028 e-flex e-con-boxed e-con e-parent\" data-id=\"f27c028\" data-element_type=\"container\">\n\t\t\t\t\t<div class=\"e-con-inner\">\n\t\t\t\t<div class=\"elementor-element elementor-element-4d55966 elementor-widget elementor-widget-text-editor\" data-id=\"4d55966\" data-element_type=\"widget\" data-widget_type=\"text-editor.default\">\n\t\t\t\t<div class=\"elementor-widget-container\">\n\t\t\t\t\t\t\t\t\t<div><div data-padding-pos=\"all\" data-has-bg-color=\"false\" data-bg-color=\"\" data-bg-opacity=\"1\" data-animation=\"\" data-delay=\"0\"><div><div><h2 data-da-style=\"true\"><span data-olk-copy-source=\"MessageBody\">Fornitore di servizi responsabile ai sensi del \u00a7 5 DDG<\/span>:<\/h2><div><p>digi\u00b7access GmbH<br>Quarzstr. 4<br>51371 Leverkusen<br>Telefono: <a href=\"http:\/\/+4921732003760\" data-da-link-item=\"true\" data-da-id=\"122\" data-da-next=\"123\" data-da-prev=\"121\" data-da-focused=\"false\" data-da-down=\"123\" data-da-up=\"121\" data-wplink-url-error=\"true\">+492173 2003760<\/a><br>E-mail: <a href=\"mailto:%20hallo@digiaccess.org\" target=\"_blank\" rel=\"noopener\" data-da-link-item=\"true\" data-da-id=\"123\" data-da-next=\"124\" data-da-prev=\"122\" data-da-focused=\"false\" data-da-down=\"124\" data-da-up=\"122\">hallo@digiaccess.org<\/a><\/p><\/div><h3 data-da-style=\"true\"> <\/h3><h3 data-da-style=\"true\"><span data-olk-copy-source=\"MessageBody\">Amministratore delegato autorizzato a rappresentare la societ\u00e0:<\/span> <\/h3><div class=\"nectar-responsive-text font_line_height_1-6\"><p>Thomas Brumloop<\/p><\/div><h3 data-da-style=\"true\"><span data-olk-copy-source=\"MessageBody\">Registro commerciale<\/span>:<\/h3><div><p>Tribunale: Tribunale di Colonia<br>Numero di registro: HRB 119996<\/p><h3 data-da-style=\"true\"><span data-olk-copy-source=\"MessageBody\">Numero di identificazione dell&#8217;imposta sulle vendite ai sensi del \u00a7 27a UStG:<\/span><\/h3><p><span data-da-styleinline=\"true\">Partita IVA: DE328948451<\/span><\/p><\/div><h3 data-da-style=\"true\"><span data-olk-copy-source=\"MessageBody\">Responsabile dei contenuti ai sensi del \u00a7 18 Abs. 2 MStV: <\/span><\/h3><p data-da-style=\"true\">Thomas Brumloop<br>Quarzstra\u00dfe 4<br>51371 Leverkusen<\/p><p data-da-style=\"true\"> <\/p><\/div><\/div><\/div><\/div><h3 data-da-style=\"true\"><span data-olk-copy-source=\"MessageBody\">Nota ai sensi del \u00a7 14 BGB:<\/span><\/h3><p>I servizi offerti sono rivolti esclusivamente agli imprenditori ai sensi della Sezione 14 BGB.<br>Non sono previsti servizi per i consumatori ai sensi della Sezione 13 BGB.<\/p><div><div data-padding-pos=\"all\" data-has-bg-color=\"false\" data-bg-color=\"\" data-bg-opacity=\"1\" data-animation=\"\" data-delay=\"0\"><div><div><h3 data-da-style=\"true\">Risoluzione delle controversie:<\/h3><div><p>La Commissione europea mette a disposizione una piattaforma per la risoluzione delle controversie online (OS): https:\/\/ec.europa.eu\/consumers\/odr<\/p><p>Puoi trovare il nostro indirizzo e-mail nell&#8217;impronta. Non siamo disposti o obbligati a partecipare a procedure di risoluzione delle controversie davanti a un collegio arbitrale dei consumatori.<\/p><\/div><h2 data-da-style=\"true\">Responsabilit\u00e0<\/h2><h3 data-da-style=\"true\">Per i contenuti<\/h3><div><p>In qualit\u00e0 di fornitore di servizi, siamo responsabili dei nostri contenuti su queste pagine in conformit\u00e0 all&#8217;articolo 7 (1) TMG (legge tedesca sui media telematici) e alla legislazione generale. Ai sensi dei \u00a7\u00a7 8-10 TMG, tuttavia, in qualit\u00e0 di fornitore di servizi non siamo obbligati a monitorare le informazioni trasmesse o memorizzate da terzi o a indagare su circostanze che indicano un&#8217;attivit\u00e0 illegale. L&#8217;obbligo di rimuovere o bloccare l&#8217;uso delle informazioni in conformit\u00e0 alla legislazione generale rimane inalterato. Tuttavia, la responsabilit\u00e0 in questo senso \u00e8 possibile solo dal momento in cui si viene a conoscenza di una specifica violazione. Non appena verremo a conoscenza di tali violazioni, rimuoveremo immediatamente i contenuti.     <\/p><\/div><h3 data-da-style=\"true\">Responsabilit\u00e0 per i link<\/h3><div><p>Il nostro sito web contiene link a siti web esterni di terzi sui cui contenuti non abbiamo alcuna influenza. Pertanto, non possiamo assumerci alcuna responsabilit\u00e0 per questi contenuti di terzi. Il rispettivo fornitore o gestore delle pagine \u00e8 sempre responsabile del contenuto delle pagine collegate. Le pagine collegate sono state controllate per verificare la presenza di eventuali violazioni legali al momento del collegamento. I contenuti illegali non sono stati individuati al momento del collegamento. Tuttavia, il monitoraggio permanente del contenuto delle pagine collegate non \u00e8 ragionevole in assenza di prove concrete di una violazione. Se dovessimo venire a conoscenza di eventuali violazioni legali, rimuoveremo immediatamente tali link.      <\/p><\/div><h3 data-da-style=\"true\">Copyright<\/h3><div><p>I contenuti e le opere create dagli operatori del sito in queste pagine sono soggetti alla legge tedesca sul copyright. La duplicazione, l&#8217;elaborazione, la distribuzione e qualsiasi tipo di utilizzo al di fuori dei limiti della legge sul copyright richiedono il consenso scritto del rispettivo autore o creatore. I download e le copie di questo sito sono consentiti solo per uso privato e non commerciale. Nella misura in cui i contenuti di questo sito non sono stati creati dall&#8217;operatore, vengono rispettati i diritti d&#8217;autore di terzi. In particolare, i contenuti di terzi sono contrassegnati come tali. Se tuttavia dovessi venire a conoscenza di una violazione del copyright, ti preghiamo di informarci di conseguenza. Qualora venissimo a conoscenza di violazioni, provvederemo a rimuovere immediatamente tali contenuti.      <\/p><p>Fonte: <a href=\"https:\/\/www.e-recht24.de\/impressumgenerator.html\" target=\"_blank\" rel=\"noopener\" data-da-link-item=\"true\" data-da-id=\"131\" data-da-next=\"132\" data-da-prev=\"130\" data-da-focused=\"false\" data-da-down=\"134\" data-da-up=\"130\">https:\/\/www.e-recht24.de\/impressumgenerator.html<\/a><\/p><h3><span style=\"color: var(--textcolor,var(--the7-h3-color)); letter-spacing: var(--the7-h3-letter-spacing); text-transform: var(--the7-h3-text-transform); word-spacing: var(--the7-h3-word-spacing); text-align: var(--text-align); background-color: rgba(255, 255, 255, 0);\">Realizzazione tecnica<\/span><\/h3><p><a href=\"https:\/\/www.diemedialen.de\/\">La Medialen GmbH<\/a><br><span style=\"text-align: var(--text-align); background-color: rgba(255, 255, 255, 0); color: var(--the7-base-color); letter-spacing: var(--the7-base-letter-spacing); text-transform: var(--the7-base-text-transform); word-spacing: normal;\">Colmantstra\u00dfe 39<br><\/span><span style=\"text-align: var(--text-align); background-color: rgba(255, 255, 255, 0); color: var(--the7-base-color); letter-spacing: var(--the7-base-letter-spacing); text-transform: var(--the7-base-text-transform); word-spacing: normal;\">53115 Bonn<br><\/span><span style=\"text-align: var(--text-align); background-color: rgba(255, 255, 255, 0); color: var(--the7-base-color); letter-spacing: var(--the7-base-letter-spacing); text-transform: var(--the7-base-text-transform); word-spacing: normal;\">Telefono: 0049 (0)228 90822-0<br><\/span><span style=\"text-align: var(--text-align); background-color: rgba(255, 255, 255, 0); color: var(--the7-base-color); letter-spacing: var(--the7-base-letter-spacing); text-transform: var(--the7-base-text-transform); word-spacing: normal;\">Fax: 0049 (0)228 90822-10<br><\/span><span style=\"text-align: var(--text-align); background-color: rgba(255, 255, 255, 0); color: var(--the7-base-color); letter-spacing: var(--the7-base-letter-spacing); text-transform: var(--the7-base-text-transform); word-spacing: normal;\">E-mail: <a href=\"mailto:%20info@diemedialen.de\">info@diemedialen.de<\/a><\/span><\/p><\/div><\/div><\/div><\/div><\/div>\t\t\t\t\t\t\t\t<\/div>\n\t\t\t\t<\/div>\n\t\t\t\t\t<\/div>\n\t\t\t\t<\/div>\n\t\t\t\t<\/div>\n\t\t","protected":false},"excerpt":{"rendered":"<p>Fornitore di servizi responsabile ai sensi del \u00a7 5 DDG: digi\u00b7access GmbHQuarzstr. 451371 LeverkusenTelefono: +492173 2003760E-mail: hallo@digiaccess.org Amministratore delegato autorizzato a rappresentare la societ\u00e0: Thomas Brumloop Registro commerciale: Tribunale: Tribunale di ColoniaNumero di registro: HRB 119996 Numero di identificazione dell&#8217;imposta sulle vendite ai sensi del \u00a7 27a UStG: Partita IVA: DE328948451 Responsabile dei contenuti ai&hellip;<\/p>\n","protected":false},"author":2,"featured_media":0,"parent":0,"menu_order":0,"comment_status":"closed","ping_status":"closed","template":"","meta":{"inline_featured_image":false,"footnotes":""},"class_list":["post-9808","page","type-page","status-publish","hentry"],"yoast_head":"<!-- This site is optimized with the Yoast SEO plugin v26.6 - https:\/\/yoast.com\/wordpress\/plugins\/seo\/ -->\n<title>Impronta - digi\u00b7access<\/title>\n<meta name=\"description\" content=\"digi\u00b7access GmbH - Il tuo partner per l&#039;accessibilit\u00e0 digitale. Informazioni sulla nostra azienda, contatti e informazioni legali.\" \/>\n<meta name=\"robots\" content=\"index, follow, max-snippet:-1, max-image-preview:large, max-video-preview:-1\" \/>\n<link rel=\"canonical\" href=\"https:\/\/www.digiaccess.org\/it\/impronta\/\" \/>\n<meta property=\"og:locale\" content=\"it_IT\" \/>\n<meta property=\"og:type\" content=\"article\" \/>\n<meta property=\"og:title\" content=\"Impronta - digi\u00b7access\" \/>\n<meta property=\"og:description\" content=\"digi\u00b7access GmbH - Il tuo partner per l&#039;accessibilit\u00e0 digitale. Informazioni sulla nostra azienda, contatti e informazioni legali.\" \/>\n<meta property=\"og:url\" content=\"https:\/\/www.digiaccess.org\/it\/impronta\/\" \/>\n<meta property=\"og:site_name\" content=\"digi\u00b7access\" \/>\n<meta property=\"article:modified_time\" content=\"2025-10-21T08:33:10+00:00\" \/>\n<meta name=\"twitter:card\" content=\"summary_large_image\" \/>\n<meta name=\"twitter:label1\" content=\"Tempo di lettura stimato\" \/>\n\t<meta name=\"twitter:data1\" content=\"3 minuti\" \/>\n<script type=\"application\/ld+json\" class=\"yoast-schema-graph\">{\"@context\":\"https:\/\/schema.org\",\"@graph\":[{\"@type\":\"WebPage\",\"@id\":\"https:\/\/www.digiaccess.org\/it\/impronta\/\",\"url\":\"https:\/\/www.digiaccess.org\/it\/impronta\/\",\"name\":\"Impronta - digi\u00b7access\",\"isPartOf\":{\"@id\":\"https:\/\/www.digiaccess.org\/it\/#website\"},\"datePublished\":\"2024-10-30T08:37:14+00:00\",\"dateModified\":\"2025-10-21T08:33:10+00:00\",\"description\":\"digi\u00b7access GmbH - Il tuo partner per l'accessibilit\u00e0 digitale. Informazioni sulla nostra azienda, contatti e informazioni legali.\",\"breadcrumb\":{\"@id\":\"https:\/\/www.digiaccess.org\/it\/impronta\/#breadcrumb\"},\"inLanguage\":\"it-IT\",\"potentialAction\":[{\"@type\":\"ReadAction\",\"target\":[\"https:\/\/www.digiaccess.org\/it\/impronta\/\"]}]},{\"@type\":\"BreadcrumbList\",\"@id\":\"https:\/\/www.digiaccess.org\/it\/impronta\/#breadcrumb\",\"itemListElement\":[{\"@type\":\"ListItem\",\"position\":1,\"name\":\"Home\",\"item\":\"https:\/\/www.digiaccess.org\/it\/\"},{\"@type\":\"ListItem\",\"position\":2,\"name\":\"Impronta\"}]},{\"@type\":\"WebSite\",\"@id\":\"https:\/\/www.digiaccess.org\/it\/#website\",\"url\":\"https:\/\/www.digiaccess.org\/it\/\",\"name\":\"digi\u00b7access\",\"description\":\"Accessibilit\u00e0 digitale\",\"publisher\":{\"@id\":\"https:\/\/www.digiaccess.org\/it\/#organization\"},\"potentialAction\":[{\"@type\":\"SearchAction\",\"target\":{\"@type\":\"EntryPoint\",\"urlTemplate\":\"https:\/\/www.digiaccess.org\/it\/?s={search_term_string}\"},\"query-input\":{\"@type\":\"PropertyValueSpecification\",\"valueRequired\":true,\"valueName\":\"search_term_string\"}}],\"inLanguage\":\"it-IT\"},{\"@type\":\"Organization\",\"@id\":\"https:\/\/www.digiaccess.org\/it\/#organization\",\"name\":\"digi\u00b7access\",\"url\":\"https:\/\/www.digiaccess.org\/it\/\",\"logo\":{\"@type\":\"ImageObject\",\"inLanguage\":\"it-IT\",\"@id\":\"https:\/\/www.digiaccess.org\/it\/#\/schema\/logo\/image\/\",\"url\":\"https:\/\/www.digiaccess.org\/wp-content\/uploads\/2024\/10\/digi-access_Logo_02_RZ.svg\",\"contentUrl\":\"https:\/\/www.digiaccess.org\/wp-content\/uploads\/2024\/10\/digi-access_Logo_02_RZ.svg\",\"caption\":\"digi\u00b7access\"},\"image\":{\"@id\":\"https:\/\/www.digiaccess.org\/it\/#\/schema\/logo\/image\/\"}}]}<\/script>\n<!-- \/ Yoast SEO plugin. -->","yoast_head_json":{"title":"Impronta - digi\u00b7access","description":"digi\u00b7access GmbH - Il tuo partner per l'accessibilit\u00e0 digitale. Informazioni sulla nostra azienda, contatti e informazioni legali.","robots":{"index":"index","follow":"follow","max-snippet":"max-snippet:-1","max-image-preview":"max-image-preview:large","max-video-preview":"max-video-preview:-1"},"canonical":"https:\/\/www.digiaccess.org\/it\/impronta\/","og_locale":"it_IT","og_type":"article","og_title":"Impronta - digi\u00b7access","og_description":"digi\u00b7access GmbH - Il tuo partner per l'accessibilit\u00e0 digitale. Informazioni sulla nostra azienda, contatti e informazioni legali.","og_url":"https:\/\/www.digiaccess.org\/it\/impronta\/","og_site_name":"digi\u00b7access","article_modified_time":"2025-10-21T08:33:10+00:00","twitter_card":"summary_large_image","twitter_misc":{"Tempo di lettura stimato":"3 minuti"},"schema":{"@context":"https:\/\/schema.org","@graph":[{"@type":"WebPage","@id":"https:\/\/www.digiaccess.org\/it\/impronta\/","url":"https:\/\/www.digiaccess.org\/it\/impronta\/","name":"Impronta - digi\u00b7access","isPartOf":{"@id":"https:\/\/www.digiaccess.org\/it\/#website"},"datePublished":"2024-10-30T08:37:14+00:00","dateModified":"2025-10-21T08:33:10+00:00","description":"digi\u00b7access GmbH - Il tuo partner per l'accessibilit\u00e0 digitale. Informazioni sulla nostra azienda, contatti e informazioni legali.","breadcrumb":{"@id":"https:\/\/www.digiaccess.org\/it\/impronta\/#breadcrumb"},"inLanguage":"it-IT","potentialAction":[{"@type":"ReadAction","target":["https:\/\/www.digiaccess.org\/it\/impronta\/"]}]},{"@type":"BreadcrumbList","@id":"https:\/\/www.digiaccess.org\/it\/impronta\/#breadcrumb","itemListElement":[{"@type":"ListItem","position":1,"name":"Home","item":"https:\/\/www.digiaccess.org\/it\/"},{"@type":"ListItem","position":2,"name":"Impronta"}]},{"@type":"WebSite","@id":"https:\/\/www.digiaccess.org\/it\/#website","url":"https:\/\/www.digiaccess.org\/it\/","name":"digi\u00b7access","description":"Accessibilit\u00e0 digitale","publisher":{"@id":"https:\/\/www.digiaccess.org\/it\/#organization"},"potentialAction":[{"@type":"SearchAction","target":{"@type":"EntryPoint","urlTemplate":"https:\/\/www.digiaccess.org\/it\/?s={search_term_string}"},"query-input":{"@type":"PropertyValueSpecification","valueRequired":true,"valueName":"search_term_string"}}],"inLanguage":"it-IT"},{"@type":"Organization","@id":"https:\/\/www.digiaccess.org\/it\/#organization","name":"digi\u00b7access","url":"https:\/\/www.digiaccess.org\/it\/","logo":{"@type":"ImageObject","inLanguage":"it-IT","@id":"https:\/\/www.digiaccess.org\/it\/#\/schema\/logo\/image\/","url":"https:\/\/www.digiaccess.org\/wp-content\/uploads\/2024\/10\/digi-access_Logo_02_RZ.svg","contentUrl":"https:\/\/www.digiaccess.org\/wp-content\/uploads\/2024\/10\/digi-access_Logo_02_RZ.svg","caption":"digi\u00b7access"},"image":{"@id":"https:\/\/www.digiaccess.org\/it\/#\/schema\/logo\/image\/"}}]}},"_links":{"self":[{"href":"https:\/\/www.digiaccess.org\/it\/wp-json\/wp\/v2\/pages\/9808","targetHints":{"allow":["GET"]}}],"collection":[{"href":"https:\/\/www.digiaccess.org\/it\/wp-json\/wp\/v2\/pages"}],"about":[{"href":"https:\/\/www.digiaccess.org\/it\/wp-json\/wp\/v2\/types\/page"}],"author":[{"embeddable":true,"href":"https:\/\/www.digiaccess.org\/it\/wp-json\/wp\/v2\/users\/2"}],"replies":[{"embeddable":true,"href":"https:\/\/www.digiaccess.org\/it\/wp-json\/wp\/v2\/comments?post=9808"}],"version-history":[{"count":6,"href":"https:\/\/www.digiaccess.org\/it\/wp-json\/wp\/v2\/pages\/9808\/revisions"}],"predecessor-version":[{"id":15038,"href":"https:\/\/www.digiaccess.org\/it\/wp-json\/wp\/v2\/pages\/9808\/revisions\/15038"}],"wp:attachment":[{"href":"https:\/\/www.digiaccess.org\/it\/wp-json\/wp\/v2\/media?parent=9808"}],"curies":[{"name":"wp","href":"https:\/\/api.w.org\/{rel}","templated":true}]}}