{"id":9734,"date":"2021-09-16T18:10:36","date_gmt":"2021-09-16T16:10:36","guid":{"rendered":"https:\/\/www.digiaccess.org\/blog\/"},"modified":"2025-10-21T10:01:49","modified_gmt":"2025-10-21T08:01:49","slug":"blog","status":"publish","type":"page","link":"https:\/\/www.digiaccess.org\/nl\/blog\/","title":{"rendered":"Blog"},"content":{"rendered":"\t\t<div data-elementor-type=\"wp-page\" data-elementor-id=\"9734\" class=\"elementor elementor-9734 elementor-1646\" data-elementor-post-type=\"page\">\n\t\t\t\t<div class=\"elementor-element elementor-element-9a3d434 e-flex e-con-boxed e-con e-parent\" data-id=\"9a3d434\" data-element_type=\"container\" data-settings=\"{&quot;background_background&quot;:&quot;classic&quot;}\">\n\t\t\t\t\t<div class=\"e-con-inner\">\n\t\t<div class=\"elementor-element elementor-element-ab93010 e-con-full e-flex e-con e-child\" data-id=\"ab93010\" data-element_type=\"container\">\n\t\t\t\t<div class=\"elementor-element elementor-element-62fd08a elementor-widget-mobile__width-inherit elementor-widget elementor-widget-text-editor\" data-id=\"62fd08a\" data-element_type=\"widget\" data-widget_type=\"text-editor.default\">\n\t\t\t\t<div class=\"elementor-widget-container\">\n\t\t\t\t\t\t\t\t\t<h1 class=\"vc_custom_heading vc_custom_1697468147211\" data-da-style=\"true\">digi\u00b7blog<\/h1><div class=\"wpb_text_column wpb_content_element vc_custom_1697632028066 vc_hidden-sm vc_hidden-xs\"><div class=\"wpb_wrapper\"> <\/div><\/div>\t\t\t\t\t\t\t\t<\/div>\n\t\t\t\t<\/div>\n\t\t\t\t<\/div>\n\t\t\t\t\t<\/div>\n\t\t\t\t<\/div>\n\t\t\t\t<section class=\"elementor-section elementor-top-section elementor-element elementor-element-f786690 elementor-section-boxed elementor-section-height-default elementor-section-height-default\" data-id=\"f786690\" data-element_type=\"section\" data-settings=\"{&quot;background_background&quot;:&quot;classic&quot;}\">\n\t\t\t\t\t\t<div class=\"elementor-container elementor-column-gap-wider\">\n\t\t\t\t\t<div class=\"elementor-column elementor-col-100 elementor-top-column elementor-element elementor-element-2cfd46f\" data-id=\"2cfd46f\" data-element_type=\"column\">\n\t\t\t<div class=\"elementor-widget-wrap elementor-element-populated\">\n\t\t\t\t\t\t<div class=\"elementor-element elementor-element-48b79f1 img-align-top img-align-mobile-top image-vertical-align-center icon-box-vertical-align-top preserve-img-ratio-cover slide-h-position-left elementor-widget elementor-widget-the7-elements-simple-posts\" data-id=\"48b79f1\" data-element_type=\"widget\" data-widget_type=\"the7-elements-simple-posts.default\">\n\t\t\t\t<div class=\"elementor-widget-container\">\n\t\t\t\t\t<div class=\"the7-simple-widget-posts the7-elementor-widget the7-elements-simple-posts-48b79f1 jquery-filter jquery-filter\" data-post-limit=\"-1\" data-pagination-mode=\"none\" data-scroll-offset=\"\" aria-live=\"assertive\">\t\t\t<div class=\"dt-css-grid custom-pagination-handler\" data-columns=\"{&quot;d&quot;:3,&quot;t&quot;:2,&quot;p&quot;:1,&quot;wd&quot;:&quot;&quot;}\">\n\t\t\t\t\t\t\t\t\t<div class=\"wf-cell visible \">\n\t\t\t\t\t\t<article class=\"post visible wrapper no-img post-11040 type-post status-publish format-standard hentry category-ongecategoriseerd\">\n\n\t\t\t\t\t\t\t<div class=\"post-content-wrapper\">\n\t\t\t\t\t\t\t\t\t\t\t\t\t\t\t\t<div class=\"post-entry-content\">\n\t\t\t\t\t\t\t\t\t<h5 class=\"heading\"><a href=\"https:\/\/www.digiaccess.org\/nl\/2025\/03\/04\/google-tag-manager-implementatie\/\" rel=\"bookmark\" title=\"Google Tag Manager implementatie\" class=\"post-title\">Google Tag Manager implementatie<\/a><\/h5><div class=\"entry-meta\"><a href=\"https:\/\/www.digiaccess.org\/nl\/2025\/03\/04\/\" title=\"15:01\" class=\"meta-item data-link\" rel=\"bookmark\"><time class=\"entry-date updated\" datetime=\"2025-03-04T15:01:00+01:00\">4. maart 2025<\/time><\/a><\/div><p class=\"short-description\">Om DIGIaccess op uw website te integreren via de Google Tag Manager, logt u in op uw accountinterface. U vindt nu het tabblad &#8220;Tags&#8221; aan de linkerkant, open het tabblad en klik op de blauwe knop &#8220;Nieuw&#8221; in de rechterbovenhoek.&hellip;<\/p><a href=\"https:\/\/www.digiaccess.org\/nl\/2025\/03\/04\/google-tag-manager-implementatie\/\" target=\"\" aria-label=\"Lesen Sie mehr \u00fcber Google Tag Manager implementatie\" class=\"box-button elementor-button elementor-size-md\">meer leren<\/a>\t\t\t\t\t\t\t\t<\/div>\n\t\t\t\t\t\t\t<\/div>\n\t\t\t\t\t\t<\/article>\n\t\t\t\t\t<\/div>\t\t\t\t\t\t\t\t\t\t<div class=\"wf-cell visible \">\n\t\t\t\t\t\t<article class=\"post visible wrapper no-img post-11652 type-post status-publish format-standard hentry category-ongecategoriseerd\">\n\n\t\t\t\t\t\t\t<div class=\"post-content-wrapper\">\n\t\t\t\t\t\t\t\t\t\t\t\t\t\t\t\t<div class=\"post-entry-content\">\n\t\t\t\t\t\t\t\t\t<h5 class=\"heading\"><a href=\"https:\/\/www.digiaccess.org\/nl\/2025\/02\/12\/barrierevrije-online-winkels\/\" rel=\"bookmark\" title=\"Barri\u00e8revrije online winkels\" class=\"post-title\">Barri\u00e8revrije online winkels<\/a><\/h5><div class=\"entry-meta\"><a href=\"https:\/\/www.digiaccess.org\/nl\/2025\/02\/12\/\" title=\"13:01\" class=\"meta-item data-link\" rel=\"bookmark\"><time class=\"entry-date updated\" datetime=\"2025-02-12T13:01:09+01:00\">12. februari 2025<\/time><\/a><\/div><p class=\"short-description\">STUDIE VAN CAPTERRA: 38 % VAN DE BEDRIJVEN BOEKT MEER OMZET MET TOEGANKELIJKE WEBSITES 54 % VERBETERT DIGITALE TOEGANKELIJKHEID MET KI Vanaf juni 2025 moeten websites en online shops toegankelijk zijn, maar veel bedrijven zijn nog niet voorbereid op de&hellip;<\/p><a href=\"https:\/\/www.digiaccess.org\/nl\/2025\/02\/12\/barrierevrije-online-winkels\/\" target=\"\" aria-label=\"Lesen Sie mehr \u00fcber Barri\u00e8revrije online winkels\" class=\"box-button elementor-button elementor-size-md\">meer leren<\/a>\t\t\t\t\t\t\t\t<\/div>\n\t\t\t\t\t\t\t<\/div>\n\t\t\t\t\t\t<\/article>\n\t\t\t\t\t<\/div>\t\t\t\t\t\t\t\t\t\t<div class=\"wf-cell visible \">\n\t\t\t\t\t\t<article class=\"post visible wrapper no-img post-11685 type-post status-publish format-standard hentry category-ongecategoriseerd\">\n\n\t\t\t\t\t\t\t<div class=\"post-content-wrapper\">\n\t\t\t\t\t\t\t\t\t\t\t\t\t\t\t\t<div class=\"post-entry-content\">\n\t\t\t\t\t\t\t\t\t<h5 class=\"heading\"><a href=\"https:\/\/www.digiaccess.org\/nl\/2025\/01\/28\/technische-testtools-voor-toegankelijkheid\/\" rel=\"bookmark\" title=\"Technische testtools voor toegankelijkheid\" class=\"post-title\">Technische testtools voor toegankelijkheid<\/a><\/h5><div class=\"entry-meta\"><a href=\"https:\/\/www.digiaccess.org\/nl\/2025\/01\/28\/\" title=\"13:04\" class=\"meta-item data-link\" rel=\"bookmark\"><time class=\"entry-date updated\" datetime=\"2025-01-28T13:04:13+01:00\">28. januari 2025<\/time><\/a><\/div><p class=\"short-description\">Vergelijking van technische testtools voor digitale toegankelijkheid: Wave WebAIM is onze koploper De digitale wereld groeit voortdurend en daarmee ook de verantwoordelijkheid om websites en digitale inhoud voor iedereen toegankelijk te maken. Een belangrijke stap op weg naar toegankelijkheid is&hellip;<\/p><a href=\"https:\/\/www.digiaccess.org\/nl\/2025\/01\/28\/technische-testtools-voor-toegankelijkheid\/\" target=\"\" aria-label=\"Lesen Sie mehr \u00fcber Technische testtools voor toegankelijkheid\" class=\"box-button elementor-button elementor-size-md\">meer leren<\/a>\t\t\t\t\t\t\t\t<\/div>\n\t\t\t\t\t\t\t<\/div>\n\t\t\t\t\t\t<\/article>\n\t\t\t\t\t<\/div>\t\t\t\t\t\t\t\t\t\t<div class=\"wf-cell visible \">\n\t\t\t\t\t\t<article class=\"post visible wrapper no-img post-11691 type-post status-publish format-standard hentry category-ongecategoriseerd\">\n\n\t\t\t\t\t\t\t<div class=\"post-content-wrapper\">\n\t\t\t\t\t\t\t\t\t\t\t\t\t\t\t\t<div class=\"post-entry-content\">\n\t\t\t\t\t\t\t\t\t<h5 class=\"heading\"><a href=\"https:\/\/www.digiaccess.org\/nl\/2025\/01\/10\/wat-is-een-toegankelijke-pdf\/\" rel=\"bookmark\" title=\"Wat is een toegankelijke PDF?\" class=\"post-title\">Wat is een toegankelijke PDF?<\/a><\/h5><div class=\"entry-meta\"><a href=\"https:\/\/www.digiaccess.org\/nl\/2025\/01\/10\/\" title=\"13:07\" class=\"meta-item data-link\" rel=\"bookmark\"><time class=\"entry-date updated\" datetime=\"2025-01-10T13:07:20+01:00\">10. januari 2025<\/time><\/a><\/div><p class=\"short-description\">Wat is een toegankelijke PDF en hoe implementeren we die met digi-pdf? In een digitale wereld waarin informatie voor iedereen toegankelijk moet zijn, zijn toegankelijke PDF&#8217;s onmisbaar. Ze zorgen ervoor dat mensen met een handicap documenten kunnen lezen, begrijpen en&hellip;<\/p><a href=\"https:\/\/www.digiaccess.org\/nl\/2025\/01\/10\/wat-is-een-toegankelijke-pdf\/\" target=\"\" aria-label=\"Lesen Sie mehr \u00fcber Wat is een toegankelijke PDF?\" class=\"box-button elementor-button elementor-size-md\">meer leren<\/a>\t\t\t\t\t\t\t\t<\/div>\n\t\t\t\t\t\t\t<\/div>\n\t\t\t\t\t\t<\/article>\n\t\t\t\t\t<\/div>\t\t\t\t\t\t\t\t\t\t<div class=\"wf-cell visible \">\n\t\t\t\t\t\t<article class=\"post visible wrapper no-img post-11725 type-post status-publish format-standard hentry category-ongecategoriseerd\">\n\n\t\t\t\t\t\t\t<div class=\"post-content-wrapper\">\n\t\t\t\t\t\t\t\t\t\t\t\t\t\t\t\t<div class=\"post-entry-content\">\n\t\t\t\t\t\t\t\t\t<h5 class=\"heading\"><a href=\"https:\/\/www.digiaccess.org\/nl\/2025\/01\/07\/wat-is-een-overlay\/\" rel=\"bookmark\" title=\"Wat is een overlay\" class=\"post-title\">Wat is een overlay<\/a><\/h5><div class=\"entry-meta\"><a href=\"https:\/\/www.digiaccess.org\/nl\/2025\/01\/07\/\" title=\"13:10\" class=\"meta-item data-link\" rel=\"bookmark\"><time class=\"entry-date updated\" datetime=\"2025-01-07T13:10:13+01:00\">7. januari 2025<\/time><\/a><\/div><p class=\"short-description\">Wat is een overlay? De term &#8220;overlay&#8221; wordt gebruikt om een technologie aan te duiden die bestaat uit twee hoofdcomponenten: geautomatiseerde hersteltechnologie\u00ebn en browsergebaseerde hulptools. Deze componenten maken het mogelijk om de toegankelijkheid van websites effici\u00ebnt te verbeteren door bestaande&hellip;<\/p><a href=\"https:\/\/www.digiaccess.org\/nl\/2025\/01\/07\/wat-is-een-overlay\/\" target=\"\" aria-label=\"Lesen Sie mehr \u00fcber Wat is een overlay\" class=\"box-button elementor-button elementor-size-md\">meer leren<\/a>\t\t\t\t\t\t\t\t<\/div>\n\t\t\t\t\t\t\t<\/div>\n\t\t\t\t\t\t<\/article>\n\t\t\t\t\t<\/div>\t\t\t\t\t\t\t\t\t\t<div class=\"wf-cell visible \">\n\t\t\t\t\t\t<article class=\"post visible wrapper no-img post-11042 type-post status-publish format-standard hentry category-ongecategoriseerd\">\n\n\t\t\t\t\t\t\t<div class=\"post-content-wrapper\">\n\t\t\t\t\t\t\t\t\t\t\t\t\t\t\t\t<div class=\"post-entry-content\">\n\t\t\t\t\t\t\t\t\t<h5 class=\"heading\"><a href=\"https:\/\/www.digiaccess.org\/nl\/2024\/12\/18\/typo3-implementatie\/\" rel=\"bookmark\" title=\"TYPO3 implementatie\" class=\"post-title\">TYPO3 implementatie<\/a><\/h5><div class=\"entry-meta\"><a href=\"https:\/\/www.digiaccess.org\/nl\/2024\/12\/18\/\" title=\"15:01\" class=\"meta-item data-link\" rel=\"bookmark\"><time class=\"entry-date updated\" datetime=\"2024-12-18T15:01:02+01:00\">18. december 2024<\/time><\/a><\/div><p class=\"short-description\">Om DIGIaccess correct in je Typo3 website te integreren, moet je het gegenereerde script voor de closing tag invoegen. Hieronder hebben we een stap-voor-stap handleiding samengesteld die de procedure in detail uitlegt. Stap 1 Log in op je TYPO3 dashboard&hellip;<\/p><a href=\"https:\/\/www.digiaccess.org\/nl\/2024\/12\/18\/typo3-implementatie\/\" target=\"\" aria-label=\"Lesen Sie mehr \u00fcber TYPO3 implementatie\" class=\"box-button elementor-button elementor-size-md\">meer leren<\/a>\t\t\t\t\t\t\t\t<\/div>\n\t\t\t\t\t\t\t<\/div>\n\t\t\t\t\t\t<\/article>\n\t\t\t\t\t<\/div>\t\t\t\t\t\t\t\t\t\t<div class=\"wf-cell visible \">\n\t\t\t\t\t\t<article class=\"post visible wrapper no-img post-11053 type-post status-publish format-standard hentry category-ongecategoriseerd\">\n\n\t\t\t\t\t\t\t<div class=\"post-content-wrapper\">\n\t\t\t\t\t\t\t\t\t\t\t\t\t\t\t\t<div class=\"post-entry-content\">\n\t\t\t\t\t\t\t\t\t<h5 class=\"heading\"><a href=\"https:\/\/www.digiaccess.org\/nl\/2024\/11\/28\/joomla-implementatie\/\" rel=\"bookmark\" title=\"Joomla implementatie\" class=\"post-title\">Joomla implementatie<\/a><\/h5><div class=\"entry-meta\"><a href=\"https:\/\/www.digiaccess.org\/nl\/2024\/11\/28\/\" title=\"15:01\" class=\"meta-item data-link\" rel=\"bookmark\"><time class=\"entry-date updated\" datetime=\"2024-11-28T15:01:04+01:00\">28. november 2024<\/time><\/a><\/div><p class=\"short-description\">Om DIGIaccess correct op uw Joomla website te integreren, moet u het gegenereerde script voor de tag invoegen. Als je thema hier geen optie voor biedt en je hebt geen plug-in die deze functie biedt, ga dan naar het backend&hellip;<\/p><a href=\"https:\/\/www.digiaccess.org\/nl\/2024\/11\/28\/joomla-implementatie\/\" target=\"\" aria-label=\"Lesen Sie mehr \u00fcber Joomla implementatie\" class=\"box-button elementor-button elementor-size-md\">meer leren<\/a>\t\t\t\t\t\t\t\t<\/div>\n\t\t\t\t\t\t\t<\/div>\n\t\t\t\t\t\t<\/article>\n\t\t\t\t\t<\/div>\t\t\t\t\t\t\t\t\t\t<div class=\"wf-cell visible \">\n\t\t\t\t\t\t<article class=\"post visible wrapper no-img post-11009 type-post status-publish format-standard hentry category-ongecategoriseerd\">\n\n\t\t\t\t\t\t\t<div class=\"post-content-wrapper\">\n\t\t\t\t\t\t\t\t\t\t\t\t\t\t\t\t<div class=\"post-entry-content\">\n\t\t\t\t\t\t\t\t\t<h5 class=\"heading\"><a href=\"https:\/\/www.digiaccess.org\/nl\/2024\/11\/12\/wordpress-implementatie\/\" rel=\"bookmark\" title=\"WordPress implementatie\" class=\"post-title\">WordPress implementatie<\/a><\/h5><div class=\"entry-meta\"><a href=\"https:\/\/www.digiaccess.org\/nl\/2024\/11\/12\/\" title=\"15:00\" class=\"meta-item data-link\" rel=\"bookmark\"><time class=\"entry-date updated\" datetime=\"2024-11-12T15:00:27+01:00\">12. november 2024<\/time><\/a><\/div><p class=\"short-description\">Om DIGIaccess correct op je WordPress website te integreren, moet je het gegenereerde script voor de closing tag invoegen. Als je thema hier geen optie voor biedt en je geen plug-in hebt die deze functie biedt, raden we de plug-in&#8220;Kopteksten&hellip;<\/p><a href=\"https:\/\/www.digiaccess.org\/nl\/2024\/11\/12\/wordpress-implementatie\/\" target=\"\" aria-label=\"Lesen Sie mehr \u00fcber WordPress implementatie\" class=\"box-button elementor-button elementor-size-md\">meer leren<\/a>\t\t\t\t\t\t\t\t<\/div>\n\t\t\t\t\t\t\t<\/div>\n\t\t\t\t\t\t<\/article>\n\t\t\t\t\t<\/div>\t\t\t\t\t\t\t\t<\/div>\n\t\t<\/div>\t\t\t\t<\/div>\n\t\t\t\t<\/div>\n\t\t\t\t\t<\/div>\n\t\t<\/div>\n\t\t\t\t\t<\/div>\n\t\t<\/section>\n\t\t<div class=\"elementor-element elementor-element-03512a7 e-flex e-con-boxed e-con e-parent\" data-id=\"03512a7\" data-element_type=\"container\" data-settings=\"{&quot;background_background&quot;:&quot;classic&quot;}\">\n\t\t\t\t\t<div class=\"e-con-inner\">\n\t\t\t\t<div class=\"elementor-element elementor-element-27b5763 elementor-widget elementor-widget-heading\" data-id=\"27b5763\" data-element_type=\"widget\" data-widget_type=\"heading.default\">\n\t\t\t\t<div class=\"elementor-widget-container\">\n\t\t\t\t\t<h2 class=\"elementor-heading-title elementor-size-default\">Heb je nog vragen?<\/h2>\t\t\t\t<\/div>\n\t\t\t\t<\/div>\n\t\t\t\t<div class=\"elementor-element elementor-element-86aa4d4 elementor-hidden-mobile elementor-widget elementor-widget-text-editor\" data-id=\"86aa4d4\" data-element_type=\"widget\" data-widget_type=\"text-editor.default\">\n\t\t\t\t<div class=\"elementor-widget-container\">\n\t\t\t\t\t\t\t\t\t<h4 class=\"vc_custom_heading vc_custom_1673620750774\" style=\"text-align: center;\" data-da-style=\"true\">Onze experts helpen je graag.<br>We ondersteunen je bij het vinden van de beste oplossing voor jouw behoeften.<\/h4>\t\t\t\t\t\t\t\t<\/div>\n\t\t\t\t<\/div>\n\t\t\t\t<div class=\"elementor-element elementor-element-85378e4 elementor-hidden-desktop elementor-hidden-tablet elementor-widget elementor-widget-text-editor\" data-id=\"85378e4\" data-element_type=\"widget\" data-widget_type=\"text-editor.default\">\n\t\t\t\t<div class=\"elementor-widget-container\">\n\t\t\t\t\t\t\t\t\t<p class=\"vc_custom_heading vc_custom_1673620750774\" style=\"text-align: center;\" data-da-style=\"true\">Onze experts staan voor je klaar. We helpen je de beste oplossing te vinden voor jouw behoeften. <\/p>\t\t\t\t\t\t\t\t<\/div>\n\t\t\t\t<\/div>\n\t\t\t\t\t<\/div>\n\t\t\t\t<\/div>\n\t\t\t\t<\/div>\n\t\t","protected":false},"excerpt":{"rendered":"<p>digi\u00b7blog Barrierefreiheitsst\u00e4rkungsgesetz (BFSG) \u2013 Ein Meilenstein f\u00fcr mehr Inklusion 26. M\u00e4rz 2025 Am 28. Juni 2025 tritt das Barrierefreiheitsst\u00e4rkungsgesetz (BFSG) in Kraft \u2013 ein bedeutender Schritt f\u00fcr mehr gesellschaftliche Teilhabe und Inklusion. Dieses Gesetz verpflichtet Unternehmen, zahlreiche Produkte und Dienstleistungen barrierefrei zu gestalten. Besonders betroffen sind Webseitenbetreiber und kleine bis mittlere Unternehmen&hellip; meer leren Google&hellip;<\/p>\n","protected":false},"author":2,"featured_media":11575,"parent":0,"menu_order":25,"comment_status":"closed","ping_status":"closed","template":"","meta":{"inline_featured_image":false,"footnotes":""},"class_list":["post-9734","page","type-page","status-publish","has-post-thumbnail","hentry"],"yoast_head":"<!-- This site is optimized with the Yoast SEO plugin v26.6 - https:\/\/yoast.com\/wordpress\/plugins\/seo\/ -->\n<title>Blog - digi\u00b7access<\/title>\n<meta name=\"description\" content=\"Ontdek de laatste informatie over toegankelijkheid op de digi\u00b7access blog: wetten, technische oplossingen en tips voor inclusieve websites.\" \/>\n<meta name=\"robots\" content=\"index, follow, max-snippet:-1, max-image-preview:large, max-video-preview:-1\" \/>\n<link rel=\"canonical\" href=\"https:\/\/www.digiaccess.org\/nl\/blog\/\" \/>\n<meta property=\"og:locale\" content=\"nl_NL\" \/>\n<meta property=\"og:type\" content=\"article\" \/>\n<meta property=\"og:title\" content=\"Blog - digi\u00b7access\" \/>\n<meta property=\"og:description\" content=\"Ontdek de laatste informatie over toegankelijkheid op de digi\u00b7access blog: wetten, technische oplossingen en tips voor inclusieve websites.\" \/>\n<meta property=\"og:url\" content=\"https:\/\/www.digiaccess.org\/nl\/blog\/\" \/>\n<meta property=\"og:site_name\" content=\"digi\u00b7access\" \/>\n<meta property=\"article:modified_time\" content=\"2025-10-21T08:01:49+00:00\" \/>\n<meta property=\"og:image\" content=\"https:\/\/www.digiaccess.org\/wp-content\/uploads\/2020\/02\/cons004.jpg\" \/>\n\t<meta property=\"og:image:width\" content=\"1500\" \/>\n\t<meta property=\"og:image:height\" content=\"1000\" \/>\n\t<meta property=\"og:image:type\" content=\"image\/jpeg\" \/>\n<meta name=\"twitter:card\" content=\"summary_large_image\" \/>\n<meta name=\"twitter:label1\" content=\"Geschatte leestijd\" \/>\n\t<meta name=\"twitter:data1\" content=\"3 minuten\" \/>\n<script type=\"application\/ld+json\" class=\"yoast-schema-graph\">{\"@context\":\"https:\/\/schema.org\",\"@graph\":[{\"@type\":\"WebPage\",\"@id\":\"https:\/\/www.digiaccess.org\/nl\/blog\/\",\"url\":\"https:\/\/www.digiaccess.org\/nl\/blog\/\",\"name\":\"Blog - digi\u00b7access\",\"isPartOf\":{\"@id\":\"https:\/\/www.digiaccess.org\/nl\/#website\"},\"primaryImageOfPage\":{\"@id\":\"https:\/\/www.digiaccess.org\/nl\/blog\/#primaryimage\"},\"image\":{\"@id\":\"https:\/\/www.digiaccess.org\/nl\/blog\/#primaryimage\"},\"thumbnailUrl\":\"https:\/\/www.digiaccess.org\/wp-content\/uploads\/2020\/02\/cons004.jpg\",\"datePublished\":\"2021-09-16T16:10:36+00:00\",\"dateModified\":\"2025-10-21T08:01:49+00:00\",\"description\":\"Ontdek de laatste informatie over toegankelijkheid op de digi\u00b7access blog: wetten, technische oplossingen en tips voor inclusieve websites.\",\"breadcrumb\":{\"@id\":\"https:\/\/www.digiaccess.org\/nl\/blog\/#breadcrumb\"},\"inLanguage\":\"nl-NL\",\"potentialAction\":[{\"@type\":\"ReadAction\",\"target\":[\"https:\/\/www.digiaccess.org\/nl\/blog\/\"]}]},{\"@type\":\"ImageObject\",\"inLanguage\":\"nl-NL\",\"@id\":\"https:\/\/www.digiaccess.org\/nl\/blog\/#primaryimage\",\"url\":\"https:\/\/www.digiaccess.org\/wp-content\/uploads\/2020\/02\/cons004.jpg\",\"contentUrl\":\"https:\/\/www.digiaccess.org\/wp-content\/uploads\/2020\/02\/cons004.jpg\",\"width\":1500,\"height\":1000},{\"@type\":\"BreadcrumbList\",\"@id\":\"https:\/\/www.digiaccess.org\/nl\/blog\/#breadcrumb\",\"itemListElement\":[{\"@type\":\"ListItem\",\"position\":1,\"name\":\"Home\",\"item\":\"https:\/\/www.digiaccess.org\/nl\/\"},{\"@type\":\"ListItem\",\"position\":2,\"name\":\"Blog\"}]},{\"@type\":\"WebSite\",\"@id\":\"https:\/\/www.digiaccess.org\/nl\/#website\",\"url\":\"https:\/\/www.digiaccess.org\/nl\/\",\"name\":\"digi\u00b7access\",\"description\":\"Digitale toegankelijkheid\",\"publisher\":{\"@id\":\"https:\/\/www.digiaccess.org\/nl\/#organization\"},\"potentialAction\":[{\"@type\":\"SearchAction\",\"target\":{\"@type\":\"EntryPoint\",\"urlTemplate\":\"https:\/\/www.digiaccess.org\/nl\/?s={search_term_string}\"},\"query-input\":{\"@type\":\"PropertyValueSpecification\",\"valueRequired\":true,\"valueName\":\"search_term_string\"}}],\"inLanguage\":\"nl-NL\"},{\"@type\":\"Organization\",\"@id\":\"https:\/\/www.digiaccess.org\/nl\/#organization\",\"name\":\"digi\u00b7access\",\"url\":\"https:\/\/www.digiaccess.org\/nl\/\",\"logo\":{\"@type\":\"ImageObject\",\"inLanguage\":\"nl-NL\",\"@id\":\"https:\/\/www.digiaccess.org\/nl\/#\/schema\/logo\/image\/\",\"url\":\"https:\/\/www.digiaccess.org\/wp-content\/uploads\/2024\/10\/digi-access_Logo_02_RZ.svg\",\"contentUrl\":\"https:\/\/www.digiaccess.org\/wp-content\/uploads\/2024\/10\/digi-access_Logo_02_RZ.svg\",\"caption\":\"digi\u00b7access\"},\"image\":{\"@id\":\"https:\/\/www.digiaccess.org\/nl\/#\/schema\/logo\/image\/\"}}]}<\/script>\n<!-- \/ Yoast SEO plugin. -->","yoast_head_json":{"title":"Blog - digi\u00b7access","description":"Ontdek de laatste informatie over toegankelijkheid op de digi\u00b7access blog: wetten, technische oplossingen en tips voor inclusieve websites.","robots":{"index":"index","follow":"follow","max-snippet":"max-snippet:-1","max-image-preview":"max-image-preview:large","max-video-preview":"max-video-preview:-1"},"canonical":"https:\/\/www.digiaccess.org\/nl\/blog\/","og_locale":"nl_NL","og_type":"article","og_title":"Blog - digi\u00b7access","og_description":"Ontdek de laatste informatie over toegankelijkheid op de digi\u00b7access blog: wetten, technische oplossingen en tips voor inclusieve websites.","og_url":"https:\/\/www.digiaccess.org\/nl\/blog\/","og_site_name":"digi\u00b7access","article_modified_time":"2025-10-21T08:01:49+00:00","og_image":[{"width":1500,"height":1000,"url":"https:\/\/www.digiaccess.org\/wp-content\/uploads\/2020\/02\/cons004.jpg","type":"image\/jpeg"}],"twitter_card":"summary_large_image","twitter_misc":{"Geschatte leestijd":"3 minuten"},"schema":{"@context":"https:\/\/schema.org","@graph":[{"@type":"WebPage","@id":"https:\/\/www.digiaccess.org\/nl\/blog\/","url":"https:\/\/www.digiaccess.org\/nl\/blog\/","name":"Blog - digi\u00b7access","isPartOf":{"@id":"https:\/\/www.digiaccess.org\/nl\/#website"},"primaryImageOfPage":{"@id":"https:\/\/www.digiaccess.org\/nl\/blog\/#primaryimage"},"image":{"@id":"https:\/\/www.digiaccess.org\/nl\/blog\/#primaryimage"},"thumbnailUrl":"https:\/\/www.digiaccess.org\/wp-content\/uploads\/2020\/02\/cons004.jpg","datePublished":"2021-09-16T16:10:36+00:00","dateModified":"2025-10-21T08:01:49+00:00","description":"Ontdek de laatste informatie over toegankelijkheid op de digi\u00b7access blog: wetten, technische oplossingen en tips voor inclusieve websites.","breadcrumb":{"@id":"https:\/\/www.digiaccess.org\/nl\/blog\/#breadcrumb"},"inLanguage":"nl-NL","potentialAction":[{"@type":"ReadAction","target":["https:\/\/www.digiaccess.org\/nl\/blog\/"]}]},{"@type":"ImageObject","inLanguage":"nl-NL","@id":"https:\/\/www.digiaccess.org\/nl\/blog\/#primaryimage","url":"https:\/\/www.digiaccess.org\/wp-content\/uploads\/2020\/02\/cons004.jpg","contentUrl":"https:\/\/www.digiaccess.org\/wp-content\/uploads\/2020\/02\/cons004.jpg","width":1500,"height":1000},{"@type":"BreadcrumbList","@id":"https:\/\/www.digiaccess.org\/nl\/blog\/#breadcrumb","itemListElement":[{"@type":"ListItem","position":1,"name":"Home","item":"https:\/\/www.digiaccess.org\/nl\/"},{"@type":"ListItem","position":2,"name":"Blog"}]},{"@type":"WebSite","@id":"https:\/\/www.digiaccess.org\/nl\/#website","url":"https:\/\/www.digiaccess.org\/nl\/","name":"digi\u00b7access","description":"Digitale toegankelijkheid","publisher":{"@id":"https:\/\/www.digiaccess.org\/nl\/#organization"},"potentialAction":[{"@type":"SearchAction","target":{"@type":"EntryPoint","urlTemplate":"https:\/\/www.digiaccess.org\/nl\/?s={search_term_string}"},"query-input":{"@type":"PropertyValueSpecification","valueRequired":true,"valueName":"search_term_string"}}],"inLanguage":"nl-NL"},{"@type":"Organization","@id":"https:\/\/www.digiaccess.org\/nl\/#organization","name":"digi\u00b7access","url":"https:\/\/www.digiaccess.org\/nl\/","logo":{"@type":"ImageObject","inLanguage":"nl-NL","@id":"https:\/\/www.digiaccess.org\/nl\/#\/schema\/logo\/image\/","url":"https:\/\/www.digiaccess.org\/wp-content\/uploads\/2024\/10\/digi-access_Logo_02_RZ.svg","contentUrl":"https:\/\/www.digiaccess.org\/wp-content\/uploads\/2024\/10\/digi-access_Logo_02_RZ.svg","caption":"digi\u00b7access"},"image":{"@id":"https:\/\/www.digiaccess.org\/nl\/#\/schema\/logo\/image\/"}}]}},"_links":{"self":[{"href":"https:\/\/www.digiaccess.org\/nl\/wp-json\/wp\/v2\/pages\/9734","targetHints":{"allow":["GET"]}}],"collection":[{"href":"https:\/\/www.digiaccess.org\/nl\/wp-json\/wp\/v2\/pages"}],"about":[{"href":"https:\/\/www.digiaccess.org\/nl\/wp-json\/wp\/v2\/types\/page"}],"author":[{"embeddable":true,"href":"https:\/\/www.digiaccess.org\/nl\/wp-json\/wp\/v2\/users\/2"}],"replies":[{"embeddable":true,"href":"https:\/\/www.digiaccess.org\/nl\/wp-json\/wp\/v2\/comments?post=9734"}],"version-history":[{"count":10,"href":"https:\/\/www.digiaccess.org\/nl\/wp-json\/wp\/v2\/pages\/9734\/revisions"}],"predecessor-version":[{"id":14680,"href":"https:\/\/www.digiaccess.org\/nl\/wp-json\/wp\/v2\/pages\/9734\/revisions\/14680"}],"wp:featuredmedia":[{"embeddable":true,"href":"https:\/\/www.digiaccess.org\/nl\/wp-json\/wp\/v2\/media\/11575"}],"wp:attachment":[{"href":"https:\/\/www.digiaccess.org\/nl\/wp-json\/wp\/v2\/media?parent=9734"}],"curies":[{"name":"wp","href":"https:\/\/api.w.org\/{rel}","templated":true}]}}