{"id":16869,"date":"2026-01-23T06:31:06","date_gmt":"2026-01-23T05:31:06","guid":{"rendered":"https:\/\/www.digiaccess.org\/produkty\/digi%c2%b7asystent\/"},"modified":"2026-02-16T02:57:31","modified_gmt":"2026-02-16T01:57:31","slug":"digi%c2%b7asystent","status":"publish","type":"page","link":"https:\/\/www.digiaccess.org\/pl\/produkty\/digi%c2%b7asystent\/","title":{"rendered":"digi\u00b7asystent"},"content":{"rendered":"\t\t<div data-elementor-type=\"wp-page\" data-elementor-id=\"16869\" class=\"elementor elementor-16869 elementor-15727\" data-elementor-post-type=\"page\">\n\t\t\t\t<div class=\"elementor-element elementor-element-71f993a e-flex e-con-boxed e-con e-parent\" data-id=\"71f993a\" data-element_type=\"container\" data-settings=\"{&quot;background_background&quot;:&quot;classic&quot;}\">\n\t\t\t\t\t<div class=\"e-con-inner\">\n\t\t<div class=\"elementor-element elementor-element-7fce698 e-con-full e-flex e-con e-child\" data-id=\"7fce698\" data-element_type=\"container\">\n\t\t\t\t<div class=\"elementor-element elementor-element-e62dae6 elementor-widget elementor-widget-heading\" data-id=\"e62dae6\" data-element_type=\"widget\" data-widget_type=\"heading.default\">\n\t\t\t\t<div class=\"elementor-widget-container\">\n\t\t\t\t\t<h1 class=\"elementor-heading-title elementor-size-default\">digi\u00b7asystent <\/h1>\t\t\t\t<\/div>\n\t\t\t\t<\/div>\n\t\t\t\t<div class=\"elementor-element elementor-element-57819b0 elementor-widget elementor-widget-heading\" data-id=\"57819b0\" data-element_type=\"widget\" data-widget_type=\"heading.default\">\n\t\t\t\t<div class=\"elementor-widget-container\">\n\t\t\t\t\t<h4 class=\"elementor-heading-title elementor-size-default\">Dostosuj wy\u015bwietlacz. U\u0142atwienie u\u017cytkowania. <\/h4>\t\t\t\t<\/div>\n\t\t\t\t<\/div>\n\t\t\t\t<div class=\"elementor-element elementor-element-d1c8d4c elementor-widget elementor-widget-text-editor\" data-id=\"d1c8d4c\" data-element_type=\"widget\" data-widget_type=\"text-editor.default\">\n\t\t\t\t<div class=\"elementor-widget-container\">\n\t\t\t\t\t\t\t\t\t<p><strong>digi-assistant<\/strong> oferuje odwiedzaj\u0105cym witryn\u0119 indywidualne opcje dostosowywania wy\u015bwietlania i obs\u0142ugi.<\/p><p>Dzi\u0119ki temu korzystanie z witryny jest bardziej dost\u0119pne, wygodniejsze i lepiej dostosowane do r\u00f3\u017cnych potrzeb.<\/p>\t\t\t\t\t\t\t\t<\/div>\n\t\t\t\t<\/div>\n\t\t<div class=\"elementor-element elementor-element-0d4ac11 e-grid e-con-full e-con e-child\" data-id=\"0d4ac11\" data-element_type=\"container\">\n\t\t\t\t<div class=\"elementor-element elementor-element-572481f elementor-align-right elementor-mobile-align-center elementor-widget-mobile__width-inherit elementor-widget elementor-widget-the7_button_widget\" data-id=\"572481f\" data-element_type=\"widget\" data-widget_type=\"the7_button_widget.default\">\n\t\t\t\t<div class=\"elementor-widget-container\">\n\t\t\t\t\t<div class=\"elementor-button-wrapper\"><a href=\"https:\/\/dashboard.digiaccess.org\/auth\/free-trial\" target=\"_blank\" class=\"box-button elementor-button elementor-size-md\">odkryj digi-asystenta<\/a><\/div>\t\t\t\t<\/div>\n\t\t\t\t<\/div>\n\t\t\t\t<\/div>\n\t\t\t\t<\/div>\n\t\t<div class=\"elementor-element elementor-element-1a7af3a e-con-full e-flex e-con e-child\" data-id=\"1a7af3a\" data-element_type=\"container\">\n\t\t\t\t<div class=\"elementor-element elementor-element-9baa348 elementor-widget elementor-widget-image\" data-id=\"9baa348\" data-element_type=\"widget\" data-widget_type=\"image.default\">\n\t\t\t\t<div class=\"elementor-widget-container\">\n\t\t\t\t\t\t\t\t\t\t\t\t\t\t\t<img fetchpriority=\"high\" decoding=\"async\" width=\"958\" height=\"1024\" src=\"https:\/\/www.digiaccess.org\/wp-content\/uploads\/2025\/01\/digi-access_Packshot_assistant-958x1024.png\" class=\"attachment-large size-large wp-image-7645\" alt=\"\" srcset=\"https:\/\/www.digiaccess.org\/wp-content\/uploads\/2025\/01\/digi-access_Packshot_assistant-958x1024.png 958w, https:\/\/www.digiaccess.org\/wp-content\/uploads\/2025\/01\/digi-access_Packshot_assistant-281x300.png 281w, https:\/\/www.digiaccess.org\/wp-content\/uploads\/2025\/01\/digi-access_Packshot_assistant-768x821.png 768w, https:\/\/www.digiaccess.org\/wp-content\/uploads\/2025\/01\/digi-access_Packshot_assistant-1437x1536.png 1437w, https:\/\/www.digiaccess.org\/wp-content\/uploads\/2025\/01\/digi-access_Packshot_assistant-1916x2048.png 1916w\" sizes=\"(max-width: 958px) 100vw, 958px\" \/>\t\t\t\t\t\t\t\t\t\t\t\t\t\t\t<\/div>\n\t\t\t\t<\/div>\n\t\t\t\t<\/div>\n\t\t\t\t\t<\/div>\n\t\t\t\t<\/div>\n\t\t<div class=\"elementor-element elementor-element-fb35b3e e-grid e-con-boxed e-con e-parent\" data-id=\"fb35b3e\" data-element_type=\"container\">\n\t\t\t\t\t<div class=\"e-con-inner\">\n\t\t<div class=\"elementor-element elementor-element-27ab0f7 e-con-fit e-flex e-con e-child\" data-id=\"27ab0f7\" data-element_type=\"container\">\n\t\t\t\t<div class=\"elementor-element elementor-element-2232e54 elementor-widget elementor-widget-image\" data-id=\"2232e54\" data-element_type=\"widget\" data-widget_type=\"image.default\">\n\t\t\t\t<div class=\"elementor-widget-container\">\n\t\t\t\t\t\t\t\t\t\t\t\t\t\t\t<img decoding=\"async\" width=\"685\" height=\"378\" src=\"https:\/\/www.digiaccess.org\/wp-content\/uploads\/2026\/02\/digi-Assistand-1.png\" class=\"attachment-large size-large wp-image-16365\" alt=\"\" srcset=\"https:\/\/www.digiaccess.org\/wp-content\/uploads\/2026\/02\/digi-Assistand-1.png 685w, https:\/\/www.digiaccess.org\/wp-content\/uploads\/2026\/02\/digi-Assistand-1-300x166.png 300w\" sizes=\"(max-width: 685px) 100vw, 685px\" \/>\t\t\t\t\t\t\t\t\t\t\t\t\t\t\t<\/div>\n\t\t\t\t<\/div>\n\t\t\t\t<\/div>\n\t\t<div class=\"elementor-element elementor-element-32165fe e-con-full e-flex e-con e-child\" data-id=\"32165fe\" data-element_type=\"container\">\n\t\t\t\t<div class=\"elementor-element elementor-element-d4ff0ac elementor-widget elementor-widget-heading\" data-id=\"d4ff0ac\" data-element_type=\"widget\" data-widget_type=\"heading.default\">\n\t\t\t\t<div class=\"elementor-widget-container\">\n\t\t\t\t\t<h3 class=\"elementor-heading-title elementor-size-default\">Co robi digi-assistant<\/h3>\t\t\t\t<\/div>\n\t\t\t\t<\/div>\n\t\t\t\t<div class=\"elementor-element elementor-element-1734dfe elementor-widget elementor-widget-text-editor\" data-id=\"1734dfe\" data-element_type=\"widget\" data-widget_type=\"text-editor.default\">\n\t\t\t\t<div class=\"elementor-widget-container\">\n\t\t\t\t\t\t\t\t\t<p>digi-assistant poprawia przyjazno\u015b\u0107 dla u\u017cytkownika interfejsu witryny i wspiera w szczeg\u00f3lno\u015bci osoby z upo\u015bledzeniem wzroku lub ruchowym.<\/p><p><strong>Funkcje te obejmuj\u0105 mi\u0119dzy innymi:<\/strong><\/p><ul><li><strong>Dostosowanie kontrast\u00f3w, rozmiar\u00f3w czcionek i odst\u0119p\u00f3w<\/strong><\/li><li><strong>Optymalizacja wy\u015bwietlacza po stronie u\u017cytkownika dla lepszej czytelno\u015bci<\/strong><\/li><li><strong>Zintegrowana funkcja odczytu na g\u0142os tre\u015bci witryny z dostosowywan\u0105 pr\u0119dko\u015bci\u0105<\/strong><\/li><li><strong>Wsparcie dla dost\u0119pnego u\u017cytkowania bez ingerencji w tre\u015b\u0107 lub technologi\u0119<\/strong><\/li><\/ul><p>Wszystkie funkcje s\u0105 bezpo\u015brednio dost\u0119pne dla odwiedzaj\u0105cych witryn\u0119.<\/p>\t\t\t\t\t\t\t\t<\/div>\n\t\t\t\t<\/div>\n\t\t\t\t<\/div>\n\t\t\t\t\t<\/div>\n\t\t\t\t<\/div>\n\t\t<div class=\"elementor-element elementor-element-69384a0 e-grid e-con-boxed e-con e-parent\" data-id=\"69384a0\" data-element_type=\"container\">\n\t\t\t\t\t<div class=\"e-con-inner\">\n\t\t<div class=\"elementor-element elementor-element-d43749f e-con-full e-flex e-con e-child\" data-id=\"d43749f\" data-element_type=\"container\">\n\t\t\t\t<div class=\"elementor-element elementor-element-e95c8f8 elementor-widget elementor-widget-heading\" data-id=\"e95c8f8\" data-element_type=\"widget\" data-widget_type=\"heading.default\">\n\t\t\t\t<div class=\"elementor-widget-container\">\n\t\t\t\t\t<h3 class=\"elementor-heading-title elementor-size-default\">Jak dzia\u0142a digi-assistant<\/h3>\t\t\t\t<\/div>\n\t\t\t\t<\/div>\n\t\t\t\t<div class=\"elementor-element elementor-element-43631f1 elementor-widget elementor-widget-text-editor\" data-id=\"43631f1\" data-element_type=\"widget\" data-widget_type=\"text-editor.default\">\n\t\t\t\t<div class=\"elementor-widget-container\">\n\t\t\t\t\t\t\t\t\t<p>Digi-assistant jest cz\u0119\u015bci\u0105 digi-smartPlugin i jest tam do\u0142\u0105czony na sta\u0142e i bezp\u0142atnie w standardzie.<\/p><ul><li><strong>Dynamiczne dostosowywanie wy\u015bwietlania za pomoc\u0105 CSS<\/strong><\/li><li><strong>Kontrola u\u017cytkownika bez zmiany zawarto\u015bci strony<\/strong><\/li><li><strong>P\u0142ynna integracja z istniej\u0105cymi stronami internetowymi<\/strong><\/li><\/ul><p>Tworzy to elastyczne, niskobarierowe do\u015bwiadczenie u\u017cytkownika &#8211; opr\u00f3cz technicznych poprawek wtyczki digi-smart.<\/p>\t\t\t\t\t\t\t\t<\/div>\n\t\t\t\t<\/div>\n\t\t\t\t<\/div>\n\t\t<div class=\"elementor-element elementor-element-285d598 e-con-full e-flex e-con e-child\" data-id=\"285d598\" data-element_type=\"container\">\n\t\t\t\t<div class=\"elementor-element elementor-element-b4c10aa elementor-widget elementor-widget-image\" data-id=\"b4c10aa\" data-element_type=\"widget\" data-widget_type=\"image.default\">\n\t\t\t\t<div class=\"elementor-widget-container\">\n\t\t\t\t\t\t\t\t\t\t\t\t\t\t\t<img decoding=\"async\" width=\"768\" height=\"729\" src=\"https:\/\/www.digiaccess.org\/wp-content\/uploads\/2026\/01\/Digi-asistand-768x729.png\" class=\"attachment-medium_large size-medium_large wp-image-15995\" alt=\"\" srcset=\"https:\/\/www.digiaccess.org\/wp-content\/uploads\/2026\/01\/Digi-asistand-768x729.png 768w, https:\/\/www.digiaccess.org\/wp-content\/uploads\/2026\/01\/Digi-asistand-300x285.png 300w, https:\/\/www.digiaccess.org\/wp-content\/uploads\/2026\/01\/Digi-asistand-1024x973.png 1024w, https:\/\/www.digiaccess.org\/wp-content\/uploads\/2026\/01\/Digi-asistand-1536x1459.png 1536w, https:\/\/www.digiaccess.org\/wp-content\/uploads\/2026\/01\/Digi-asistand-2048x1945.png 2048w\" sizes=\"(max-width: 768px) 100vw, 768px\" \/>\t\t\t\t\t\t\t\t\t\t\t\t\t\t\t<\/div>\n\t\t\t\t<\/div>\n\t\t\t\t<\/div>\n\t\t\t\t\t<\/div>\n\t\t\t\t<\/div>\n\t\t<div class=\"elementor-element elementor-element-b81e3d0 e-flex e-con-boxed e-con e-parent\" data-id=\"b81e3d0\" data-element_type=\"container\" data-settings=\"{&quot;background_background&quot;:&quot;classic&quot;}\">\n\t\t\t\t\t<div class=\"e-con-inner\">\n\t\t\t\t<div class=\"elementor-element elementor-element-1749c22 elementor-widget elementor-widget-heading\" data-id=\"1749c22\" data-element_type=\"widget\" data-widget_type=\"heading.default\">\n\t\t\t\t<div class=\"elementor-widget-container\">\n\t\t\t\t\t<h2 class=\"elementor-heading-title elementor-size-default\">Czy masz jakie\u015b pytania?<\/h2>\t\t\t\t<\/div>\n\t\t\t\t<\/div>\n\t\t\t\t<div class=\"elementor-element elementor-element-9bf94c6 elementor-hidden-mobile elementor-widget elementor-widget-text-editor\" data-id=\"9bf94c6\" data-element_type=\"widget\" data-widget_type=\"text-editor.default\">\n\t\t\t\t<div class=\"elementor-widget-container\">\n\t\t\t\t\t\t\t\t\t<h4 class=\"vc_custom_heading vc_custom_1673620750774\" data-da-style=\"true\">Nasi eksperci ch\u0119tnie Ci pomog\u0105.<br>Wspieramy Ci\u0119 w znalezieniu najlepszego rozwi\u0105zania dla Twoich potrzeb.<\/h4>\t\t\t\t\t\t\t\t<\/div>\n\t\t\t\t<\/div>\n\t\t\t\t<div class=\"elementor-element elementor-element-5329c76 elementor-hidden-desktop elementor-hidden-tablet elementor-widget elementor-widget-text-editor\" data-id=\"5329c76\" data-element_type=\"widget\" data-widget_type=\"text-editor.default\">\n\t\t\t\t<div class=\"elementor-widget-container\">\n\t\t\t\t\t\t\t\t\t<p class=\"vc_custom_heading vc_custom_1673620750774\" style=\"text-align: center;\" data-da-style=\"true\">Nasi eksperci s\u0105 do Twojej dyspozycji. Pomo\u017cemy Ci znale\u017a\u0107 najlepsze rozwi\u0105zanie dla Twoich potrzeb. <\/p>\t\t\t\t\t\t\t\t<\/div>\n\t\t\t\t<\/div>\n\t\t\t\t\t<\/div>\n\t\t\t\t<\/div>\n\t\t\t\t<\/div>\n\t\t","protected":false},"excerpt":{"rendered":"<p>digi\u00b7asystent Dostosuj wy\u015bwietlacz. U\u0142atwienie u\u017cytkowania. digi-assistant oferuje odwiedzaj\u0105cym witryn\u0119 indywidualne opcje dostosowywania wy\u015bwietlania i obs\u0142ugi. Dzi\u0119ki temu korzystanie z witryny jest bardziej dost\u0119pne, wygodniejsze i lepiej dostosowane do r\u00f3\u017cnych potrzeb. odkryj digi-asystenta Co robi digi-assistant digi-assistant poprawia przyjazno\u015b\u0107 dla u\u017cytkownika interfejsu witryny i wspiera w szczeg\u00f3lno\u015bci osoby z upo\u015bledzeniem wzroku lub ruchowym. Funkcje te obejmuj\u0105&hellip;<\/p>\n","protected":false},"author":13,"featured_media":0,"parent":10071,"menu_order":0,"comment_status":"closed","ping_status":"closed","template":"","meta":{"inline_featured_image":false,"footnotes":""},"class_list":["post-16869","page","type-page","status-publish","hentry"],"yoast_head":"<!-- This site is optimized with the Yoast SEO plugin v26.6 - https:\/\/yoast.com\/wordpress\/plugins\/seo\/ -->\n<title>digi\u00b7asystent - digi\u00b7access<\/title>\n<meta name=\"description\" content=\"digi\u00b7assistant optymalizuje CSS, kontrasty, rozmiary czcionek i oferuje funkcje czytania na g\u0142os, zapewniaj\u0105c przyjazne dla u\u017cytkownika wra\u017cenia internetowe.\" \/>\n<meta name=\"robots\" content=\"index, follow, max-snippet:-1, max-image-preview:large, max-video-preview:-1\" \/>\n<link rel=\"canonical\" href=\"https:\/\/www.digiaccess.org\/pl\/produkty\/digi%c2%b7asystent\/\" \/>\n<meta property=\"og:locale\" content=\"pl_PL\" \/>\n<meta property=\"og:type\" content=\"article\" \/>\n<meta property=\"og:title\" content=\"digi\u00b7asystent - digi\u00b7access\" \/>\n<meta property=\"og:description\" content=\"digi\u00b7assistant optymalizuje CSS, kontrasty, rozmiary czcionek i oferuje funkcje czytania na g\u0142os, zapewniaj\u0105c przyjazne dla u\u017cytkownika wra\u017cenia internetowe.\" \/>\n<meta property=\"og:url\" content=\"https:\/\/www.digiaccess.org\/pl\/produkty\/digi%c2%b7asystent\/\" \/>\n<meta property=\"og:site_name\" content=\"digi\u00b7access\" \/>\n<meta property=\"article:modified_time\" content=\"2026-02-16T01:57:31+00:00\" \/>\n<meta property=\"og:image\" content=\"https:\/\/www.digiaccess.org\/wp-content\/uploads\/2025\/01\/digi-access_Packshot_assistant-958x1024.png\" \/>\n\t<meta property=\"og:image:width\" content=\"958\" \/>\n\t<meta property=\"og:image:height\" content=\"1024\" \/>\n\t<meta property=\"og:image:type\" content=\"image\/png\" \/>\n<meta name=\"twitter:card\" content=\"summary_large_image\" \/>\n<meta name=\"twitter:label1\" content=\"Szacowany czas czytania\" \/>\n\t<meta name=\"twitter:data1\" content=\"1 minuta\" \/>\n<script type=\"application\/ld+json\" class=\"yoast-schema-graph\">{\"@context\":\"https:\/\/schema.org\",\"@graph\":[{\"@type\":\"WebPage\",\"@id\":\"https:\/\/www.digiaccess.org\/pl\/produkty\/digi%c2%b7asystent\/\",\"url\":\"https:\/\/www.digiaccess.org\/pl\/produkty\/digi%c2%b7asystent\/\",\"name\":\"digi\u00b7asystent - digi\u00b7access\",\"isPartOf\":{\"@id\":\"https:\/\/www.digiaccess.org\/pl\/#website\"},\"primaryImageOfPage\":{\"@id\":\"https:\/\/www.digiaccess.org\/pl\/produkty\/digi%c2%b7asystent\/#primaryimage\"},\"image\":{\"@id\":\"https:\/\/www.digiaccess.org\/pl\/produkty\/digi%c2%b7asystent\/#primaryimage\"},\"thumbnailUrl\":\"https:\/\/www.digiaccess.org\/wp-content\/uploads\/2025\/01\/digi-access_Packshot_assistant-958x1024.png\",\"datePublished\":\"2026-01-23T05:31:06+00:00\",\"dateModified\":\"2026-02-16T01:57:31+00:00\",\"description\":\"digi\u00b7assistant optymalizuje CSS, kontrasty, rozmiary czcionek i oferuje funkcje czytania na g\u0142os, zapewniaj\u0105c przyjazne dla u\u017cytkownika wra\u017cenia internetowe.\",\"breadcrumb\":{\"@id\":\"https:\/\/www.digiaccess.org\/pl\/produkty\/digi%c2%b7asystent\/#breadcrumb\"},\"inLanguage\":\"pl-PL\",\"potentialAction\":[{\"@type\":\"ReadAction\",\"target\":[\"https:\/\/www.digiaccess.org\/pl\/produkty\/digi%c2%b7asystent\/\"]}]},{\"@type\":\"ImageObject\",\"inLanguage\":\"pl-PL\",\"@id\":\"https:\/\/www.digiaccess.org\/pl\/produkty\/digi%c2%b7asystent\/#primaryimage\",\"url\":\"https:\/\/www.digiaccess.org\/wp-content\/uploads\/2025\/01\/digi-access_Packshot_assistant-958x1024.png\",\"contentUrl\":\"https:\/\/www.digiaccess.org\/wp-content\/uploads\/2025\/01\/digi-access_Packshot_assistant-958x1024.png\"},{\"@type\":\"BreadcrumbList\",\"@id\":\"https:\/\/www.digiaccess.org\/pl\/produkty\/digi%c2%b7asystent\/#breadcrumb\",\"itemListElement\":[{\"@type\":\"ListItem\",\"position\":1,\"name\":\"Home\",\"item\":\"https:\/\/www.digiaccess.org\/pl\/\"},{\"@type\":\"ListItem\",\"position\":2,\"name\":\"Produkty\",\"item\":\"https:\/\/www.digiaccess.org\/pl\/produkty\/\"},{\"@type\":\"ListItem\",\"position\":3,\"name\":\"digi\u00b7asystent\"}]},{\"@type\":\"WebSite\",\"@id\":\"https:\/\/www.digiaccess.org\/pl\/#website\",\"url\":\"https:\/\/www.digiaccess.org\/pl\/\",\"name\":\"digi\u00b7access\",\"description\":\"Dost\u0119pno\u015b\u0107 cyfrowa\",\"publisher\":{\"@id\":\"https:\/\/www.digiaccess.org\/pl\/#organization\"},\"potentialAction\":[{\"@type\":\"SearchAction\",\"target\":{\"@type\":\"EntryPoint\",\"urlTemplate\":\"https:\/\/www.digiaccess.org\/pl\/?s={search_term_string}\"},\"query-input\":{\"@type\":\"PropertyValueSpecification\",\"valueRequired\":true,\"valueName\":\"search_term_string\"}}],\"inLanguage\":\"pl-PL\"},{\"@type\":\"Organization\",\"@id\":\"https:\/\/www.digiaccess.org\/pl\/#organization\",\"name\":\"digi\u00b7access\",\"url\":\"https:\/\/www.digiaccess.org\/pl\/\",\"logo\":{\"@type\":\"ImageObject\",\"inLanguage\":\"pl-PL\",\"@id\":\"https:\/\/www.digiaccess.org\/pl\/#\/schema\/logo\/image\/\",\"url\":\"https:\/\/www.digiaccess.org\/wp-content\/uploads\/2024\/10\/digi-access_Logo_02_RZ.svg\",\"contentUrl\":\"https:\/\/www.digiaccess.org\/wp-content\/uploads\/2024\/10\/digi-access_Logo_02_RZ.svg\",\"caption\":\"digi\u00b7access\"},\"image\":{\"@id\":\"https:\/\/www.digiaccess.org\/pl\/#\/schema\/logo\/image\/\"}}]}<\/script>\n<!-- \/ Yoast SEO plugin. -->","yoast_head_json":{"title":"digi\u00b7asystent - digi\u00b7access","description":"digi\u00b7assistant optymalizuje CSS, kontrasty, rozmiary czcionek i oferuje funkcje czytania na g\u0142os, zapewniaj\u0105c przyjazne dla u\u017cytkownika wra\u017cenia internetowe.","robots":{"index":"index","follow":"follow","max-snippet":"max-snippet:-1","max-image-preview":"max-image-preview:large","max-video-preview":"max-video-preview:-1"},"canonical":"https:\/\/www.digiaccess.org\/pl\/produkty\/digi%c2%b7asystent\/","og_locale":"pl_PL","og_type":"article","og_title":"digi\u00b7asystent - digi\u00b7access","og_description":"digi\u00b7assistant optymalizuje CSS, kontrasty, rozmiary czcionek i oferuje funkcje czytania na g\u0142os, zapewniaj\u0105c przyjazne dla u\u017cytkownika wra\u017cenia internetowe.","og_url":"https:\/\/www.digiaccess.org\/pl\/produkty\/digi%c2%b7asystent\/","og_site_name":"digi\u00b7access","article_modified_time":"2026-02-16T01:57:31+00:00","og_image":[{"width":958,"height":1024,"url":"https:\/\/www.digiaccess.org\/wp-content\/uploads\/2025\/01\/digi-access_Packshot_assistant-958x1024.png","type":"image\/png"}],"twitter_card":"summary_large_image","twitter_misc":{"Szacowany czas czytania":"1 minuta"},"schema":{"@context":"https:\/\/schema.org","@graph":[{"@type":"WebPage","@id":"https:\/\/www.digiaccess.org\/pl\/produkty\/digi%c2%b7asystent\/","url":"https:\/\/www.digiaccess.org\/pl\/produkty\/digi%c2%b7asystent\/","name":"digi\u00b7asystent - digi\u00b7access","isPartOf":{"@id":"https:\/\/www.digiaccess.org\/pl\/#website"},"primaryImageOfPage":{"@id":"https:\/\/www.digiaccess.org\/pl\/produkty\/digi%c2%b7asystent\/#primaryimage"},"image":{"@id":"https:\/\/www.digiaccess.org\/pl\/produkty\/digi%c2%b7asystent\/#primaryimage"},"thumbnailUrl":"https:\/\/www.digiaccess.org\/wp-content\/uploads\/2025\/01\/digi-access_Packshot_assistant-958x1024.png","datePublished":"2026-01-23T05:31:06+00:00","dateModified":"2026-02-16T01:57:31+00:00","description":"digi\u00b7assistant optymalizuje CSS, kontrasty, rozmiary czcionek i oferuje funkcje czytania na g\u0142os, zapewniaj\u0105c przyjazne dla u\u017cytkownika wra\u017cenia internetowe.","breadcrumb":{"@id":"https:\/\/www.digiaccess.org\/pl\/produkty\/digi%c2%b7asystent\/#breadcrumb"},"inLanguage":"pl-PL","potentialAction":[{"@type":"ReadAction","target":["https:\/\/www.digiaccess.org\/pl\/produkty\/digi%c2%b7asystent\/"]}]},{"@type":"ImageObject","inLanguage":"pl-PL","@id":"https:\/\/www.digiaccess.org\/pl\/produkty\/digi%c2%b7asystent\/#primaryimage","url":"https:\/\/www.digiaccess.org\/wp-content\/uploads\/2025\/01\/digi-access_Packshot_assistant-958x1024.png","contentUrl":"https:\/\/www.digiaccess.org\/wp-content\/uploads\/2025\/01\/digi-access_Packshot_assistant-958x1024.png"},{"@type":"BreadcrumbList","@id":"https:\/\/www.digiaccess.org\/pl\/produkty\/digi%c2%b7asystent\/#breadcrumb","itemListElement":[{"@type":"ListItem","position":1,"name":"Home","item":"https:\/\/www.digiaccess.org\/pl\/"},{"@type":"ListItem","position":2,"name":"Produkty","item":"https:\/\/www.digiaccess.org\/pl\/produkty\/"},{"@type":"ListItem","position":3,"name":"digi\u00b7asystent"}]},{"@type":"WebSite","@id":"https:\/\/www.digiaccess.org\/pl\/#website","url":"https:\/\/www.digiaccess.org\/pl\/","name":"digi\u00b7access","description":"Dost\u0119pno\u015b\u0107 cyfrowa","publisher":{"@id":"https:\/\/www.digiaccess.org\/pl\/#organization"},"potentialAction":[{"@type":"SearchAction","target":{"@type":"EntryPoint","urlTemplate":"https:\/\/www.digiaccess.org\/pl\/?s={search_term_string}"},"query-input":{"@type":"PropertyValueSpecification","valueRequired":true,"valueName":"search_term_string"}}],"inLanguage":"pl-PL"},{"@type":"Organization","@id":"https:\/\/www.digiaccess.org\/pl\/#organization","name":"digi\u00b7access","url":"https:\/\/www.digiaccess.org\/pl\/","logo":{"@type":"ImageObject","inLanguage":"pl-PL","@id":"https:\/\/www.digiaccess.org\/pl\/#\/schema\/logo\/image\/","url":"https:\/\/www.digiaccess.org\/wp-content\/uploads\/2024\/10\/digi-access_Logo_02_RZ.svg","contentUrl":"https:\/\/www.digiaccess.org\/wp-content\/uploads\/2024\/10\/digi-access_Logo_02_RZ.svg","caption":"digi\u00b7access"},"image":{"@id":"https:\/\/www.digiaccess.org\/pl\/#\/schema\/logo\/image\/"}}]}},"_links":{"self":[{"href":"https:\/\/www.digiaccess.org\/pl\/wp-json\/wp\/v2\/pages\/16869","targetHints":{"allow":["GET"]}}],"collection":[{"href":"https:\/\/www.digiaccess.org\/pl\/wp-json\/wp\/v2\/pages"}],"about":[{"href":"https:\/\/www.digiaccess.org\/pl\/wp-json\/wp\/v2\/types\/page"}],"author":[{"embeddable":true,"href":"https:\/\/www.digiaccess.org\/pl\/wp-json\/wp\/v2\/users\/13"}],"replies":[{"embeddable":true,"href":"https:\/\/www.digiaccess.org\/pl\/wp-json\/wp\/v2\/comments?post=16869"}],"version-history":[{"count":1,"href":"https:\/\/www.digiaccess.org\/pl\/wp-json\/wp\/v2\/pages\/16869\/revisions"}],"predecessor-version":[{"id":16871,"href":"https:\/\/www.digiaccess.org\/pl\/wp-json\/wp\/v2\/pages\/16869\/revisions\/16871"}],"up":[{"embeddable":true,"href":"https:\/\/www.digiaccess.org\/pl\/wp-json\/wp\/v2\/pages\/10071"}],"wp:attachment":[{"href":"https:\/\/www.digiaccess.org\/pl\/wp-json\/wp\/v2\/media?parent=16869"}],"curies":[{"name":"wp","href":"https:\/\/api.w.org\/{rel}","templated":true}]}}