{"id":9744,"date":"2024-10-29T13:21:50","date_gmt":"2024-10-29T12:21:50","guid":{"rendered":"https:\/\/www.digiaccess.org\/deklaracja-w-sprawie-dostepnosci\/"},"modified":"2025-10-21T11:30:10","modified_gmt":"2025-10-21T09:30:10","slug":"deklaracja-w-sprawie-dostepnosci","status":"publish","type":"page","link":"https:\/\/www.digiaccess.org\/pl\/deklaracja-w-sprawie-dostepnosci\/","title":{"rendered":"Deklaracja w sprawie dost\u0119pno\u015bci"},"content":{"rendered":"\t\t<div data-elementor-type=\"wp-page\" data-elementor-id=\"9744\" class=\"elementor elementor-9744 elementor-4830\" data-elementor-post-type=\"page\">\n\t\t\t\t<div class=\"elementor-element elementor-element-2f7cbf7 e-flex e-con-boxed e-con e-parent\" data-id=\"2f7cbf7\" data-element_type=\"container\">\n\t\t\t\t\t<div class=\"e-con-inner\">\n\t\t\t\t<div class=\"elementor-element elementor-element-f5be017 elementor-widget elementor-widget-text-editor\" data-id=\"f5be017\" data-element_type=\"widget\" data-widget_type=\"text-editor.default\">\n\t\t\t\t<div class=\"elementor-widget-container\">\n\t\t\t\t\t\t\t\t\t<div class=\"nectar-responsive-text font_line_height_1-6\">\n<p>digi\u00b7access zapewnia dost\u0119pno\u015b\u0107 strony internetowej <a href=\"https:\/\/www.digiaccess.org\/pl\/\">www.digiaccess.org<\/a> zgodnie z przepisami krajowymi wdra\u017caj\u0105cymi dyrektyw\u0119 Parlamentu Europejskiego i Rady (UE) 2016\/2102. Wymagania techniczne dotycz\u0105ce dost\u0119pno\u015bci s\u0105 okre\u015blone w Wytycznych dotycz\u0105cych dost\u0119pno\u015bci tre\u015bci internetowych (WCAG). <\/p>\n<p>Niniejsza deklaracja dotycz\u0105ca dost\u0119pno\u015bci cyfrowej ma zastosowanie do strony internetowej digi\u00b7access GmbH.<\/p>\n<p>Ostatnia aktualizacja mia\u0142a miejsce 14 marca 2025 r.<\/p>\n<p>Cyfrowa kontrola dost\u0119pno\u015bci zosta\u0142a przeprowadzona przez sam\u0105 firm\u0119.<\/p>\n<\/div>\t\t\t\t\t\t\t\t<\/div>\n\t\t\t\t<\/div>\n\t\t\t\t<div class=\"elementor-element elementor-element-bc7ccf0 elementor-widget elementor-widget-heading\" data-id=\"bc7ccf0\" data-element_type=\"widget\" data-widget_type=\"heading.default\">\n\t\t\t\t<div class=\"elementor-widget-container\">\n\t\t\t\t\t<h2 class=\"elementor-heading-title elementor-size-default\">Zg\u0142aszanie barier i pro\u015bba o informacje na temat dost\u0119pno\u015bci tej strony internetowej<\/h2>\t\t\t\t<\/div>\n\t\t\t\t<\/div>\n\t\t\t\t<div class=\"elementor-element elementor-element-598a357 elementor-widget elementor-widget-text-editor\" data-id=\"598a357\" data-element_type=\"widget\" data-widget_type=\"text-editor.default\">\n\t\t\t\t<div class=\"elementor-widget-container\">\n\t\t\t\t\t\t\t\t\t<div class=\"nectar-responsive-text font_line_height_1-6\"><p>Czy chcesz poinformowa\u0107 nas o istniej\u0105cych barierach lub poprosi\u0107 o informacje na temat wdra\u017cania dost\u0119pno\u015bci? W celu uzyskania opinii i wszelkich dalszych informacji prosimy o kontakt z naszymi odpowiedzialnymi osobami kontaktowymi pod adresem <a href=\"mailto:hallo@digiaccess.org\">hallo@digiaccess.org<\/a>. <\/p><h4>osoba kontaktowa ds. dost\u0119pno\u015bci bez barier:<\/h4><p>digi\u00b7access GmbH<br>+49 2173-2003760<br>Quarzstr. 4<br>51371 Leverkusen<\/p><p><a href=\"http:\/\/www.digiaccess.org\">www.digiaccess.org<\/a><\/p><\/div>\t\t\t\t\t\t\t\t<\/div>\n\t\t\t\t<\/div>\n\t\t\t\t\t<\/div>\n\t\t\t\t<\/div>\n\t\t\t\t<\/div>\n\t\t","protected":false},"excerpt":{"rendered":"<p>digi\u00b7access zapewnia dost\u0119pno\u015b\u0107 strony internetowej www.digiaccess.org zgodnie z przepisami krajowymi wdra\u017caj\u0105cymi dyrektyw\u0119 Parlamentu Europejskiego i Rady (UE) 2016\/2102. Wymagania techniczne dotycz\u0105ce dost\u0119pno\u015bci s\u0105 okre\u015blone w Wytycznych dotycz\u0105cych dost\u0119pno\u015bci tre\u015bci internetowych (WCAG). Niniejsza deklaracja dotycz\u0105ca dost\u0119pno\u015bci cyfrowej ma zastosowanie do strony internetowej digi\u00b7access GmbH. Ostatnia aktualizacja mia\u0142a miejsce 14 marca 2025 r. Cyfrowa kontrola dost\u0119pno\u015bci zosta\u0142a&hellip;<\/p>\n","protected":false},"author":2,"featured_media":0,"parent":0,"menu_order":0,"comment_status":"closed","ping_status":"closed","template":"","meta":{"inline_featured_image":false,"footnotes":""},"class_list":["post-9744","page","type-page","status-publish","hentry"],"yoast_head":"<!-- This site is optimized with the Yoast SEO plugin v26.6 - https:\/\/yoast.com\/wordpress\/plugins\/seo\/ -->\n<title>Deklaracja w sprawie dost\u0119pno\u015bci - digi\u00b7access<\/title>\n<meta name=\"description\" content=\"DIGIaccess zapewnia dost\u0119pne strony internetowe zgodnie z dyrektyw\u0105 UE 2016\/2102 i standardami WCAG. Prosimy o kontakt w celu uzyskania opinii i informacji!\" \/>\n<meta name=\"robots\" content=\"index, follow, max-snippet:-1, max-image-preview:large, max-video-preview:-1\" \/>\n<link rel=\"canonical\" href=\"https:\/\/www.digiaccess.org\/pl\/deklaracja-w-sprawie-dostepnosci\/\" \/>\n<meta property=\"og:locale\" content=\"pl_PL\" \/>\n<meta property=\"og:type\" content=\"article\" \/>\n<meta property=\"og:title\" content=\"Deklaracja w sprawie dost\u0119pno\u015bci - digi\u00b7access\" \/>\n<meta property=\"og:description\" content=\"DIGIaccess zapewnia dost\u0119pne strony internetowe zgodnie z dyrektyw\u0105 UE 2016\/2102 i standardami WCAG. Prosimy o kontakt w celu uzyskania opinii i informacji!\" \/>\n<meta property=\"og:url\" content=\"https:\/\/www.digiaccess.org\/pl\/deklaracja-w-sprawie-dostepnosci\/\" \/>\n<meta property=\"og:site_name\" content=\"digi\u00b7access\" \/>\n<meta property=\"article:modified_time\" content=\"2025-10-21T09:30:10+00:00\" \/>\n<meta name=\"twitter:card\" content=\"summary_large_image\" \/>\n<meta name=\"twitter:label1\" content=\"Szacowany czas czytania\" \/>\n\t<meta name=\"twitter:data1\" content=\"1 minuta\" \/>\n<script type=\"application\/ld+json\" class=\"yoast-schema-graph\">{\"@context\":\"https:\/\/schema.org\",\"@graph\":[{\"@type\":\"WebPage\",\"@id\":\"https:\/\/www.digiaccess.org\/pl\/deklaracja-w-sprawie-dostepnosci\/\",\"url\":\"https:\/\/www.digiaccess.org\/pl\/deklaracja-w-sprawie-dostepnosci\/\",\"name\":\"Deklaracja w sprawie dost\u0119pno\u015bci - digi\u00b7access\",\"isPartOf\":{\"@id\":\"https:\/\/www.digiaccess.org\/pl\/#website\"},\"datePublished\":\"2024-10-29T12:21:50+00:00\",\"dateModified\":\"2025-10-21T09:30:10+00:00\",\"description\":\"DIGIaccess zapewnia dost\u0119pne strony internetowe zgodnie z dyrektyw\u0105 UE 2016\/2102 i standardami WCAG. Prosimy o kontakt w celu uzyskania opinii i informacji!\",\"breadcrumb\":{\"@id\":\"https:\/\/www.digiaccess.org\/pl\/deklaracja-w-sprawie-dostepnosci\/#breadcrumb\"},\"inLanguage\":\"pl-PL\",\"potentialAction\":[{\"@type\":\"ReadAction\",\"target\":[\"https:\/\/www.digiaccess.org\/pl\/deklaracja-w-sprawie-dostepnosci\/\"]}]},{\"@type\":\"BreadcrumbList\",\"@id\":\"https:\/\/www.digiaccess.org\/pl\/deklaracja-w-sprawie-dostepnosci\/#breadcrumb\",\"itemListElement\":[{\"@type\":\"ListItem\",\"position\":1,\"name\":\"Home\",\"item\":\"https:\/\/www.digiaccess.org\/pl\/\"},{\"@type\":\"ListItem\",\"position\":2,\"name\":\"Deklaracja w sprawie dost\u0119pno\u015bci\"}]},{\"@type\":\"WebSite\",\"@id\":\"https:\/\/www.digiaccess.org\/pl\/#website\",\"url\":\"https:\/\/www.digiaccess.org\/pl\/\",\"name\":\"digi\u00b7access\",\"description\":\"Dost\u0119pno\u015b\u0107 cyfrowa\",\"publisher\":{\"@id\":\"https:\/\/www.digiaccess.org\/pl\/#organization\"},\"potentialAction\":[{\"@type\":\"SearchAction\",\"target\":{\"@type\":\"EntryPoint\",\"urlTemplate\":\"https:\/\/www.digiaccess.org\/pl\/?s={search_term_string}\"},\"query-input\":{\"@type\":\"PropertyValueSpecification\",\"valueRequired\":true,\"valueName\":\"search_term_string\"}}],\"inLanguage\":\"pl-PL\"},{\"@type\":\"Organization\",\"@id\":\"https:\/\/www.digiaccess.org\/pl\/#organization\",\"name\":\"digi\u00b7access\",\"url\":\"https:\/\/www.digiaccess.org\/pl\/\",\"logo\":{\"@type\":\"ImageObject\",\"inLanguage\":\"pl-PL\",\"@id\":\"https:\/\/www.digiaccess.org\/pl\/#\/schema\/logo\/image\/\",\"url\":\"https:\/\/www.digiaccess.org\/wp-content\/uploads\/2024\/10\/digi-access_Logo_02_RZ.svg\",\"contentUrl\":\"https:\/\/www.digiaccess.org\/wp-content\/uploads\/2024\/10\/digi-access_Logo_02_RZ.svg\",\"caption\":\"digi\u00b7access\"},\"image\":{\"@id\":\"https:\/\/www.digiaccess.org\/pl\/#\/schema\/logo\/image\/\"}}]}<\/script>\n<!-- \/ Yoast SEO plugin. -->","yoast_head_json":{"title":"Deklaracja w sprawie dost\u0119pno\u015bci - digi\u00b7access","description":"DIGIaccess zapewnia dost\u0119pne strony internetowe zgodnie z dyrektyw\u0105 UE 2016\/2102 i standardami WCAG. Prosimy o kontakt w celu uzyskania opinii i informacji!","robots":{"index":"index","follow":"follow","max-snippet":"max-snippet:-1","max-image-preview":"max-image-preview:large","max-video-preview":"max-video-preview:-1"},"canonical":"https:\/\/www.digiaccess.org\/pl\/deklaracja-w-sprawie-dostepnosci\/","og_locale":"pl_PL","og_type":"article","og_title":"Deklaracja w sprawie dost\u0119pno\u015bci - digi\u00b7access","og_description":"DIGIaccess zapewnia dost\u0119pne strony internetowe zgodnie z dyrektyw\u0105 UE 2016\/2102 i standardami WCAG. Prosimy o kontakt w celu uzyskania opinii i informacji!","og_url":"https:\/\/www.digiaccess.org\/pl\/deklaracja-w-sprawie-dostepnosci\/","og_site_name":"digi\u00b7access","article_modified_time":"2025-10-21T09:30:10+00:00","twitter_card":"summary_large_image","twitter_misc":{"Szacowany czas czytania":"1 minuta"},"schema":{"@context":"https:\/\/schema.org","@graph":[{"@type":"WebPage","@id":"https:\/\/www.digiaccess.org\/pl\/deklaracja-w-sprawie-dostepnosci\/","url":"https:\/\/www.digiaccess.org\/pl\/deklaracja-w-sprawie-dostepnosci\/","name":"Deklaracja w sprawie dost\u0119pno\u015bci - digi\u00b7access","isPartOf":{"@id":"https:\/\/www.digiaccess.org\/pl\/#website"},"datePublished":"2024-10-29T12:21:50+00:00","dateModified":"2025-10-21T09:30:10+00:00","description":"DIGIaccess zapewnia dost\u0119pne strony internetowe zgodnie z dyrektyw\u0105 UE 2016\/2102 i standardami WCAG. Prosimy o kontakt w celu uzyskania opinii i informacji!","breadcrumb":{"@id":"https:\/\/www.digiaccess.org\/pl\/deklaracja-w-sprawie-dostepnosci\/#breadcrumb"},"inLanguage":"pl-PL","potentialAction":[{"@type":"ReadAction","target":["https:\/\/www.digiaccess.org\/pl\/deklaracja-w-sprawie-dostepnosci\/"]}]},{"@type":"BreadcrumbList","@id":"https:\/\/www.digiaccess.org\/pl\/deklaracja-w-sprawie-dostepnosci\/#breadcrumb","itemListElement":[{"@type":"ListItem","position":1,"name":"Home","item":"https:\/\/www.digiaccess.org\/pl\/"},{"@type":"ListItem","position":2,"name":"Deklaracja w sprawie dost\u0119pno\u015bci"}]},{"@type":"WebSite","@id":"https:\/\/www.digiaccess.org\/pl\/#website","url":"https:\/\/www.digiaccess.org\/pl\/","name":"digi\u00b7access","description":"Dost\u0119pno\u015b\u0107 cyfrowa","publisher":{"@id":"https:\/\/www.digiaccess.org\/pl\/#organization"},"potentialAction":[{"@type":"SearchAction","target":{"@type":"EntryPoint","urlTemplate":"https:\/\/www.digiaccess.org\/pl\/?s={search_term_string}"},"query-input":{"@type":"PropertyValueSpecification","valueRequired":true,"valueName":"search_term_string"}}],"inLanguage":"pl-PL"},{"@type":"Organization","@id":"https:\/\/www.digiaccess.org\/pl\/#organization","name":"digi\u00b7access","url":"https:\/\/www.digiaccess.org\/pl\/","logo":{"@type":"ImageObject","inLanguage":"pl-PL","@id":"https:\/\/www.digiaccess.org\/pl\/#\/schema\/logo\/image\/","url":"https:\/\/www.digiaccess.org\/wp-content\/uploads\/2024\/10\/digi-access_Logo_02_RZ.svg","contentUrl":"https:\/\/www.digiaccess.org\/wp-content\/uploads\/2024\/10\/digi-access_Logo_02_RZ.svg","caption":"digi\u00b7access"},"image":{"@id":"https:\/\/www.digiaccess.org\/pl\/#\/schema\/logo\/image\/"}}]}},"_links":{"self":[{"href":"https:\/\/www.digiaccess.org\/pl\/wp-json\/wp\/v2\/pages\/9744","targetHints":{"allow":["GET"]}}],"collection":[{"href":"https:\/\/www.digiaccess.org\/pl\/wp-json\/wp\/v2\/pages"}],"about":[{"href":"https:\/\/www.digiaccess.org\/pl\/wp-json\/wp\/v2\/types\/page"}],"author":[{"embeddable":true,"href":"https:\/\/www.digiaccess.org\/pl\/wp-json\/wp\/v2\/users\/2"}],"replies":[{"embeddable":true,"href":"https:\/\/www.digiaccess.org\/pl\/wp-json\/wp\/v2\/comments?post=9744"}],"version-history":[{"count":6,"href":"https:\/\/www.digiaccess.org\/pl\/wp-json\/wp\/v2\/pages\/9744\/revisions"}],"predecessor-version":[{"id":15133,"href":"https:\/\/www.digiaccess.org\/pl\/wp-json\/wp\/v2\/pages\/9744\/revisions\/15133"}],"wp:attachment":[{"href":"https:\/\/www.digiaccess.org\/pl\/wp-json\/wp\/v2\/media?parent=9744"}],"curies":[{"name":"wp","href":"https:\/\/api.w.org\/{rel}","templated":true}]}}