{"id":9806,"date":"2024-10-30T09:37:14","date_gmt":"2024-10-30T08:37:14","guid":{"rendered":"https:\/\/www.digiaccess.org\/nadruk\/"},"modified":"2025-10-21T10:32:58","modified_gmt":"2025-10-21T08:32:58","slug":"nadruk","status":"publish","type":"page","link":"https:\/\/www.digiaccess.org\/pl\/nadruk\/","title":{"rendered":"Nadruk"},"content":{"rendered":"\t\t<div data-elementor-type=\"wp-page\" data-elementor-id=\"9806\" class=\"elementor elementor-9806 elementor-4916\" data-elementor-post-type=\"page\">\n\t\t\t\t<div class=\"elementor-element elementor-element-f27c028 e-flex e-con-boxed e-con e-parent\" data-id=\"f27c028\" data-element_type=\"container\">\n\t\t\t\t\t<div class=\"e-con-inner\">\n\t\t\t\t<div class=\"elementor-element elementor-element-4d55966 elementor-widget elementor-widget-text-editor\" data-id=\"4d55966\" data-element_type=\"widget\" data-widget_type=\"text-editor.default\">\n\t\t\t\t<div class=\"elementor-widget-container\">\n\t\t\t\t\t\t\t\t\t<div><div data-padding-pos=\"all\" data-has-bg-color=\"false\" data-bg-color=\"\" data-bg-opacity=\"1\" data-animation=\"\" data-delay=\"0\"><div><div><h2 data-da-style=\"true\"><span data-olk-copy-source=\"MessageBody\">Odpowiedzialny dostawca us\u0142ug zgodnie z \u00a7 5 DDG<\/span>:<\/h2><div><p>digi\u00b7access GmbH<br>Quarzstr. 4<br>51371 Leverkusen<br>Telefon: <a href=\"http:\/\/+4921732003760\" data-da-link-item=\"true\" data-da-id=\"122\" data-da-next=\"123\" data-da-prev=\"121\" data-da-focused=\"false\" data-da-down=\"123\" data-da-up=\"121\" data-wplink-url-error=\"true\">+492173 2003760<\/a><br>E-mail: <a href=\"mailto:%20hallo@digiaccess.org\" target=\"_blank\" rel=\"noopener\" data-da-link-item=\"true\" data-da-id=\"123\" data-da-next=\"124\" data-da-prev=\"122\" data-da-focused=\"false\" data-da-down=\"124\" data-da-up=\"122\">hallo@digiaccess.org<\/a><\/p><\/div><h3 data-da-style=\"true\"> <\/h3><h3 data-da-style=\"true\"><span data-olk-copy-source=\"MessageBody\">Dyrektor zarz\u0105dzaj\u0105cy upowa\u017cniony do reprezentowania sp\u00f3\u0142ki:<\/span> <\/h3><div class=\"nectar-responsive-text font_line_height_1-6\"><p>Thomas Brumloop<\/p><\/div><h3 data-da-style=\"true\"><span data-olk-copy-source=\"MessageBody\">Rejestr handlowy<\/span>:<\/h3><div><p>S\u0105d rejestrowy: S\u0105d Rejonowy w Kolonii<br>Numer rejestru: HRB 119996<\/p><h3 data-da-style=\"true\"><span data-olk-copy-source=\"MessageBody\">Numer identyfikacji podatkowej zgodnie z \u00a7 27a UStG:<\/span><\/h3><p><span data-da-styleinline=\"true\">Numer identyfikacyjny VAT: DE328948451<\/span><\/p><\/div><h3 data-da-style=\"true\"><span data-olk-copy-source=\"MessageBody\">Odpowiedzialny za tre\u015b\u0107 zgodnie z \u00a7 18 Abs. 2 MStV: <\/span><\/h3><p data-da-style=\"true\">Thomas Brumloop<br>Quarzstra\u00dfe 4<br>51371 Leverkusen<\/p><p data-da-style=\"true\"> <\/p><\/div><\/div><\/div><\/div><h3 data-da-style=\"true\"><span data-olk-copy-source=\"MessageBody\">Uwaga zgodnie z \u00a7 14 BGB:<\/span><\/h3><p>Oferowane us\u0142ugi s\u0105 skierowane wy\u0142\u0105cznie do przedsi\u0119biorc\u00f3w w rozumieniu \u00a7 14 BGB.<br>\u017badne us\u0142ugi nie s\u0105 \u015bwiadczone dla konsument\u00f3w w rozumieniu \u00a7 13 BGB.<\/p><div><div data-padding-pos=\"all\" data-has-bg-color=\"false\" data-bg-color=\"\" data-bg-opacity=\"1\" data-animation=\"\" data-delay=\"0\"><div><div><h3 data-da-style=\"true\">Rozstrzyganie spor\u00f3w:<\/h3><div><p>Komisja Europejska zapewnia platform\u0119 internetowego rozstrzygania spor\u00f3w (OS): https:\/\/ec.europa.eu\/consumers\/odr<\/p><p>Nasz adres e-mail znajduje si\u0119 w stopce redakcyjnej. Nie jeste\u015bmy sk\u0142onni ani zobowi\u0105zani do udzia\u0142u w post\u0119powaniu rozstrzygaj\u0105cym spory przed komisj\u0105 arbitra\u017cow\u0105 ds. konsument\u00f3w.<\/p><\/div><h2 data-da-style=\"true\">Odpowiedzialno\u015b\u0107<\/h2><h3 data-da-style=\"true\">Dla zawarto\u015bci<\/h3><div><p>Jako dostawca us\u0142ug jeste\u015bmy odpowiedzialni za w\u0142asne tre\u015bci na tych stronach zgodnie z \u00a7 7 (1) TMG (niemiecka ustawa o telemediach) i og\u00f3lnymi przepisami prawa. Zgodnie z \u00a7\u00a7 8 do 10 TMG, jako us\u0142ugodawca nie jeste\u015bmy jednak zobowi\u0105zani do monitorowania przekazywanych lub przechowywanych informacji os\u00f3b trzecich ani do badania okoliczno\u015bci wskazuj\u0105cych na nielegaln\u0105 dzia\u0142alno\u015b\u0107. Nie ma to wp\u0142ywu na obowi\u0105zek usuni\u0119cia lub zablokowania korzystania z informacji zgodnie z og\u00f3lnymi przepisami prawa. Odpowiedzialno\u015b\u0107 w tym zakresie jest jednak mo\u017cliwa dopiero od momentu powzi\u0119cia informacji o konkretnym naruszeniu. Gdy tylko dowiemy si\u0119 o takich naruszeniach, niezw\u0142ocznie usuniemy te tre\u015bci.     <\/p><\/div><h3 data-da-style=\"true\">Odpowiedzialno\u015b\u0107 za linki<\/h3><div><p>Nasza witryna internetowa zawiera \u0142\u0105cza do zewn\u0119trznych witryn internetowych os\u00f3b trzecich, na kt\u00f3rych tre\u015b\u0107 nie mamy wp\u0142ywu. W zwi\u0105zku z tym nie mo\u017cemy ponosi\u0107 \u017cadnej odpowiedzialno\u015bci za tre\u015bci stron trzecich. Odpowiedni dostawca lub operator stron jest zawsze odpowiedzialny za tre\u015b\u0107 stron, do kt\u00f3rych prowadz\u0105 linki. Po\u0142\u0105czone strony zosta\u0142y sprawdzone pod k\u0105tem mo\u017cliwych narusze\u0144 prawa w momencie \u0142\u0105czenia. Nielegalne tre\u015bci nie zosta\u0142y rozpoznane w momencie linkowania. Sta\u0142e monitorowanie tre\u015bci stron, do kt\u00f3rych prowadz\u0105 linki, nie jest jednak uzasadnione bez konkretnych dowod\u00f3w naruszenia prawa. Je\u015bli dowiemy si\u0119 o jakichkolwiek naruszeniach prawa, natychmiast usuniemy takie linki.      <\/p><\/div><h3 data-da-style=\"true\">Prawa autorskie<\/h3><div><p>Tre\u015bci i dzie\u0142a stworzone przez operator\u00f3w witryn na tych stronach podlegaj\u0105 niemieckiemu prawu autorskiemu. Powielanie, przetwarzanie, rozpowszechnianie i wszelkiego rodzaju wykorzystywanie poza granicami prawa autorskiego wymaga pisemnej zgody odpowiedniego autora lub tw\u00f3rcy. Pobieranie i kopiowanie tej strony jest dozwolone wy\u0142\u0105cznie do prywatnego, niekomercyjnego u\u017cytku. O ile tre\u015bci na tej stronie nie zosta\u0142y stworzone przez operatora, prawa autorskie os\u00f3b trzecich s\u0105 przestrzegane. W szczeg\u00f3lno\u015bci tre\u015bci os\u00f3b trzecich s\u0105 oznaczone jako takie. Je\u015bli mimo to dowiesz si\u0119 o naruszeniu praw autorskich, poinformuj nas o tym. Je\u015bli dowiemy si\u0119 o jakichkolwiek naruszeniach, niezw\u0142ocznie usuniemy takie tre\u015bci.      <\/p><p>\u0179r\u00f3d\u0142o: <a href=\"https:\/\/www.e-recht24.de\/impressumgenerator.html\" target=\"_blank\" rel=\"noopener\" data-da-link-item=\"true\" data-da-id=\"131\" data-da-next=\"132\" data-da-prev=\"130\" data-da-focused=\"false\" data-da-down=\"134\" data-da-up=\"130\">https:\/\/www.e-recht24.de\/impressumgenerator.html<\/a><\/p><h3><span style=\"color: var(--textcolor,var(--the7-h3-color)); letter-spacing: var(--the7-h3-letter-spacing); text-transform: var(--the7-h3-text-transform); word-spacing: var(--the7-h3-word-spacing); text-align: var(--text-align); background-color: rgba(255, 255, 255, 0);\">Realizacja techniczna<\/span><\/h3><p><a href=\"https:\/\/www.diemedialen.de\/\">Medialen GmbH<\/a><br><span style=\"text-align: var(--text-align); background-color: rgba(255, 255, 255, 0); color: var(--the7-base-color); letter-spacing: var(--the7-base-letter-spacing); text-transform: var(--the7-base-text-transform); word-spacing: normal;\">Colmantstra\u00dfe 39<br><\/span><span style=\"text-align: var(--text-align); background-color: rgba(255, 255, 255, 0); color: var(--the7-base-color); letter-spacing: var(--the7-base-letter-spacing); text-transform: var(--the7-base-text-transform); word-spacing: normal;\">53115 Bonn<br><\/span><span style=\"text-align: var(--text-align); background-color: rgba(255, 255, 255, 0); color: var(--the7-base-color); letter-spacing: var(--the7-base-letter-spacing); text-transform: var(--the7-base-text-transform); word-spacing: normal;\">Telefon: 0049 (0)228 90822-0<br><\/span><span style=\"text-align: var(--text-align); background-color: rgba(255, 255, 255, 0); color: var(--the7-base-color); letter-spacing: var(--the7-base-letter-spacing); text-transform: var(--the7-base-text-transform); word-spacing: normal;\">Fax: 0049 (0)228 90822-10<br><\/span><span style=\"text-align: var(--text-align); background-color: rgba(255, 255, 255, 0); color: var(--the7-base-color); letter-spacing: var(--the7-base-letter-spacing); text-transform: var(--the7-base-text-transform); word-spacing: normal;\">E-mail: <a href=\"mailto:%20info@diemedialen.de\">info@diemedialen.de<\/a><\/span><\/p><\/div><\/div><\/div><\/div><\/div>\t\t\t\t\t\t\t\t<\/div>\n\t\t\t\t<\/div>\n\t\t\t\t\t<\/div>\n\t\t\t\t<\/div>\n\t\t\t\t<\/div>\n\t\t","protected":false},"excerpt":{"rendered":"<p>Odpowiedzialny dostawca us\u0142ug zgodnie z \u00a7 5 DDG: digi\u00b7access GmbHQuarzstr. 451371 LeverkusenTelefon: +492173 2003760E-mail: hallo@digiaccess.org Dyrektor zarz\u0105dzaj\u0105cy upowa\u017cniony do reprezentowania sp\u00f3\u0142ki: Thomas Brumloop Rejestr handlowy: S\u0105d rejestrowy: S\u0105d Rejonowy w KoloniiNumer rejestru: HRB 119996 Numer identyfikacji podatkowej zgodnie z \u00a7 27a UStG: Numer identyfikacyjny VAT: DE328948451 Odpowiedzialny za tre\u015b\u0107 zgodnie z \u00a7 18 Abs. 2&hellip;<\/p>\n","protected":false},"author":2,"featured_media":0,"parent":0,"menu_order":0,"comment_status":"closed","ping_status":"closed","template":"","meta":{"inline_featured_image":false,"footnotes":""},"class_list":["post-9806","page","type-page","status-publish","hentry"],"yoast_head":"<!-- This site is optimized with the Yoast SEO plugin v26.6 - https:\/\/yoast.com\/wordpress\/plugins\/seo\/ -->\n<title>Nadruk - digi\u00b7access<\/title>\n<meta name=\"description\" content=\"digi\u00b7access GmbH - Tw\u00f3j partner w zakresie dost\u0119pno\u015bci cyfrowej. Imprint, kontakt i informacje prawne o naszej firmie.\" \/>\n<meta name=\"robots\" content=\"index, follow, max-snippet:-1, max-image-preview:large, max-video-preview:-1\" \/>\n<link rel=\"canonical\" href=\"https:\/\/www.digiaccess.org\/pl\/nadruk\/\" \/>\n<meta property=\"og:locale\" content=\"pl_PL\" \/>\n<meta property=\"og:type\" content=\"article\" \/>\n<meta property=\"og:title\" content=\"Nadruk - digi\u00b7access\" \/>\n<meta property=\"og:description\" content=\"digi\u00b7access GmbH - Tw\u00f3j partner w zakresie dost\u0119pno\u015bci cyfrowej. Imprint, kontakt i informacje prawne o naszej firmie.\" \/>\n<meta property=\"og:url\" content=\"https:\/\/www.digiaccess.org\/pl\/nadruk\/\" \/>\n<meta property=\"og:site_name\" content=\"digi\u00b7access\" \/>\n<meta property=\"article:modified_time\" content=\"2025-10-21T08:32:58+00:00\" \/>\n<meta name=\"twitter:card\" content=\"summary_large_image\" \/>\n<meta name=\"twitter:label1\" content=\"Szacowany czas czytania\" \/>\n\t<meta name=\"twitter:data1\" content=\"2 minuty\" \/>\n<script type=\"application\/ld+json\" class=\"yoast-schema-graph\">{\"@context\":\"https:\/\/schema.org\",\"@graph\":[{\"@type\":\"WebPage\",\"@id\":\"https:\/\/www.digiaccess.org\/pl\/nadruk\/\",\"url\":\"https:\/\/www.digiaccess.org\/pl\/nadruk\/\",\"name\":\"Nadruk - digi\u00b7access\",\"isPartOf\":{\"@id\":\"https:\/\/www.digiaccess.org\/pl\/#website\"},\"datePublished\":\"2024-10-30T08:37:14+00:00\",\"dateModified\":\"2025-10-21T08:32:58+00:00\",\"description\":\"digi\u00b7access GmbH - Tw\u00f3j partner w zakresie dost\u0119pno\u015bci cyfrowej. Imprint, kontakt i informacje prawne o naszej firmie.\",\"breadcrumb\":{\"@id\":\"https:\/\/www.digiaccess.org\/pl\/nadruk\/#breadcrumb\"},\"inLanguage\":\"pl-PL\",\"potentialAction\":[{\"@type\":\"ReadAction\",\"target\":[\"https:\/\/www.digiaccess.org\/pl\/nadruk\/\"]}]},{\"@type\":\"BreadcrumbList\",\"@id\":\"https:\/\/www.digiaccess.org\/pl\/nadruk\/#breadcrumb\",\"itemListElement\":[{\"@type\":\"ListItem\",\"position\":1,\"name\":\"Home\",\"item\":\"https:\/\/www.digiaccess.org\/pl\/\"},{\"@type\":\"ListItem\",\"position\":2,\"name\":\"Nadruk\"}]},{\"@type\":\"WebSite\",\"@id\":\"https:\/\/www.digiaccess.org\/pl\/#website\",\"url\":\"https:\/\/www.digiaccess.org\/pl\/\",\"name\":\"digi\u00b7access\",\"description\":\"Dost\u0119pno\u015b\u0107 cyfrowa\",\"publisher\":{\"@id\":\"https:\/\/www.digiaccess.org\/pl\/#organization\"},\"potentialAction\":[{\"@type\":\"SearchAction\",\"target\":{\"@type\":\"EntryPoint\",\"urlTemplate\":\"https:\/\/www.digiaccess.org\/pl\/?s={search_term_string}\"},\"query-input\":{\"@type\":\"PropertyValueSpecification\",\"valueRequired\":true,\"valueName\":\"search_term_string\"}}],\"inLanguage\":\"pl-PL\"},{\"@type\":\"Organization\",\"@id\":\"https:\/\/www.digiaccess.org\/pl\/#organization\",\"name\":\"digi\u00b7access\",\"url\":\"https:\/\/www.digiaccess.org\/pl\/\",\"logo\":{\"@type\":\"ImageObject\",\"inLanguage\":\"pl-PL\",\"@id\":\"https:\/\/www.digiaccess.org\/pl\/#\/schema\/logo\/image\/\",\"url\":\"https:\/\/www.digiaccess.org\/wp-content\/uploads\/2024\/10\/digi-access_Logo_02_RZ.svg\",\"contentUrl\":\"https:\/\/www.digiaccess.org\/wp-content\/uploads\/2024\/10\/digi-access_Logo_02_RZ.svg\",\"caption\":\"digi\u00b7access\"},\"image\":{\"@id\":\"https:\/\/www.digiaccess.org\/pl\/#\/schema\/logo\/image\/\"}}]}<\/script>\n<!-- \/ Yoast SEO plugin. -->","yoast_head_json":{"title":"Nadruk - digi\u00b7access","description":"digi\u00b7access GmbH - Tw\u00f3j partner w zakresie dost\u0119pno\u015bci cyfrowej. Imprint, kontakt i informacje prawne o naszej firmie.","robots":{"index":"index","follow":"follow","max-snippet":"max-snippet:-1","max-image-preview":"max-image-preview:large","max-video-preview":"max-video-preview:-1"},"canonical":"https:\/\/www.digiaccess.org\/pl\/nadruk\/","og_locale":"pl_PL","og_type":"article","og_title":"Nadruk - digi\u00b7access","og_description":"digi\u00b7access GmbH - Tw\u00f3j partner w zakresie dost\u0119pno\u015bci cyfrowej. Imprint, kontakt i informacje prawne o naszej firmie.","og_url":"https:\/\/www.digiaccess.org\/pl\/nadruk\/","og_site_name":"digi\u00b7access","article_modified_time":"2025-10-21T08:32:58+00:00","twitter_card":"summary_large_image","twitter_misc":{"Szacowany czas czytania":"2 minuty"},"schema":{"@context":"https:\/\/schema.org","@graph":[{"@type":"WebPage","@id":"https:\/\/www.digiaccess.org\/pl\/nadruk\/","url":"https:\/\/www.digiaccess.org\/pl\/nadruk\/","name":"Nadruk - digi\u00b7access","isPartOf":{"@id":"https:\/\/www.digiaccess.org\/pl\/#website"},"datePublished":"2024-10-30T08:37:14+00:00","dateModified":"2025-10-21T08:32:58+00:00","description":"digi\u00b7access GmbH - Tw\u00f3j partner w zakresie dost\u0119pno\u015bci cyfrowej. Imprint, kontakt i informacje prawne o naszej firmie.","breadcrumb":{"@id":"https:\/\/www.digiaccess.org\/pl\/nadruk\/#breadcrumb"},"inLanguage":"pl-PL","potentialAction":[{"@type":"ReadAction","target":["https:\/\/www.digiaccess.org\/pl\/nadruk\/"]}]},{"@type":"BreadcrumbList","@id":"https:\/\/www.digiaccess.org\/pl\/nadruk\/#breadcrumb","itemListElement":[{"@type":"ListItem","position":1,"name":"Home","item":"https:\/\/www.digiaccess.org\/pl\/"},{"@type":"ListItem","position":2,"name":"Nadruk"}]},{"@type":"WebSite","@id":"https:\/\/www.digiaccess.org\/pl\/#website","url":"https:\/\/www.digiaccess.org\/pl\/","name":"digi\u00b7access","description":"Dost\u0119pno\u015b\u0107 cyfrowa","publisher":{"@id":"https:\/\/www.digiaccess.org\/pl\/#organization"},"potentialAction":[{"@type":"SearchAction","target":{"@type":"EntryPoint","urlTemplate":"https:\/\/www.digiaccess.org\/pl\/?s={search_term_string}"},"query-input":{"@type":"PropertyValueSpecification","valueRequired":true,"valueName":"search_term_string"}}],"inLanguage":"pl-PL"},{"@type":"Organization","@id":"https:\/\/www.digiaccess.org\/pl\/#organization","name":"digi\u00b7access","url":"https:\/\/www.digiaccess.org\/pl\/","logo":{"@type":"ImageObject","inLanguage":"pl-PL","@id":"https:\/\/www.digiaccess.org\/pl\/#\/schema\/logo\/image\/","url":"https:\/\/www.digiaccess.org\/wp-content\/uploads\/2024\/10\/digi-access_Logo_02_RZ.svg","contentUrl":"https:\/\/www.digiaccess.org\/wp-content\/uploads\/2024\/10\/digi-access_Logo_02_RZ.svg","caption":"digi\u00b7access"},"image":{"@id":"https:\/\/www.digiaccess.org\/pl\/#\/schema\/logo\/image\/"}}]}},"_links":{"self":[{"href":"https:\/\/www.digiaccess.org\/pl\/wp-json\/wp\/v2\/pages\/9806","targetHints":{"allow":["GET"]}}],"collection":[{"href":"https:\/\/www.digiaccess.org\/pl\/wp-json\/wp\/v2\/pages"}],"about":[{"href":"https:\/\/www.digiaccess.org\/pl\/wp-json\/wp\/v2\/types\/page"}],"author":[{"embeddable":true,"href":"https:\/\/www.digiaccess.org\/pl\/wp-json\/wp\/v2\/users\/2"}],"replies":[{"embeddable":true,"href":"https:\/\/www.digiaccess.org\/pl\/wp-json\/wp\/v2\/comments?post=9806"}],"version-history":[{"count":6,"href":"https:\/\/www.digiaccess.org\/pl\/wp-json\/wp\/v2\/pages\/9806\/revisions"}],"predecessor-version":[{"id":15030,"href":"https:\/\/www.digiaccess.org\/pl\/wp-json\/wp\/v2\/pages\/9806\/revisions\/15030"}],"wp:attachment":[{"href":"https:\/\/www.digiaccess.org\/pl\/wp-json\/wp\/v2\/media?parent=9806"}],"curies":[{"name":"wp","href":"https:\/\/api.w.org\/{rel}","templated":true}]}}