{"id":10180,"date":"2024-10-31T11:08:12","date_gmt":"2024-10-31T10:08:12","guid":{"rendered":"https:\/\/www.digiaccess.org\/bize-ulasin\/"},"modified":"2025-10-21T10:28:12","modified_gmt":"2025-10-21T08:28:12","slug":"bize-ulasin","status":"publish","type":"page","link":"https:\/\/www.digiaccess.org\/tr\/bize-ulasin\/","title":{"rendered":"Bize ula\u015f\u0131n"},"content":{"rendered":"\t\t<div data-elementor-type=\"wp-page\" data-elementor-id=\"10180\" class=\"elementor elementor-10180 elementor-5239\" data-elementor-post-type=\"page\">\n\t\t\t\t<div class=\"elementor-element elementor-element-65b0ff8 e-flex e-con-boxed e-con e-parent\" data-id=\"65b0ff8\" data-element_type=\"container\" data-settings=\"{&quot;background_background&quot;:&quot;classic&quot;}\">\n\t\t\t\t\t<div class=\"e-con-inner\">\n\t\t<div class=\"elementor-element elementor-element-dadd614 e-con-full e-flex e-con e-child\" data-id=\"dadd614\" data-element_type=\"container\">\n\t\t\t\t<div class=\"elementor-element elementor-element-aa25f9c elementor-widget elementor-widget-heading\" data-id=\"aa25f9c\" data-element_type=\"widget\" data-widget_type=\"heading.default\">\n\t\t\t\t<div class=\"elementor-widget-container\">\n\t\t\t\t\t<h1 class=\"elementor-heading-title elementor-size-default\">Bize ula\u015f\u0131n\n\n<\/h1>\t\t\t\t<\/div>\n\t\t\t\t<\/div>\n\t\t\t\t<div class=\"elementor-element elementor-element-453d7bb content-align-left icon-box-vertical-align-top icon-position-left icon-vertical-align-start elementor-widget elementor-widget-the7_icon_box_grid_widget\" data-id=\"453d7bb\" data-element_type=\"widget\" data-widget_type=\"the7_icon_box_grid_widget.default\">\n\t\t\t\t<div class=\"elementor-widget-container\">\n\t\t\t\t\t<div class=\"the7-box-grid-wrapper the7-elementor-widget loading-effect-none the7_icon_box_grid_widget-453d7bb\">\t\t\t<div class=\"dt-css-grid\">\n\t\t\t\t\t\t\t\t\t<div class=\"wf-cell shown\">\n\t\t\t\t\t\t<a class=\"the7-icon-box-grid box-hover\" aria-label=\"Adres:\">\t\t\t\t\t\t\t<div class=\"box-content-wrapper\">\n\t\t\t\t\t\t\t\t\t\t\t\t\t\t\t\t\t<div class=\"elementor-icon-div\">\t\t\t\t\t\t\t\t\t\t<div class=\"elementor-icon\">\n\t\t\t\t\t\t\t\t\t\t\t<svg xmlns=\"http:\/\/www.w3.org\/2000\/svg\" width=\"98\" height=\"98\" viewBox=\"0 0 98 98\" fill=\"none\"><circle cx=\"49\" cy=\"49\" r=\"49\" fill=\"#1C304A\"><\/circle><path d=\"M44.3027 66.3453V54.5095H53.7713V66.3453C53.7713 67.6472 54.8365 68.7124 56.1384 68.7124H63.2399C64.5418 68.7124 65.607 67.6472 65.607 66.3453V49.7752H69.6312C70.7201 49.7752 71.2408 48.4259 70.4123 47.7158L50.623 29.8912C49.7234 29.0863 48.3505 29.0863 47.451 29.8912L27.6616 47.7158C26.8568 48.4259 27.3539 49.7752 28.4428 49.7752H32.4669V66.3453C32.4669 67.6472 33.5321 68.7124 34.8341 68.7124H41.9355C43.2375 68.7124 44.3027 67.6472 44.3027 66.3453Z\" fill=\"white\"><\/path><\/svg>\t\t\t\t\t\t\t\t\t\t<\/div>\n\t\t\t\t\t\t\t\t\t<\/div>\t\t\t\t\t\t\t\t\t\t\t\t\t\t\t\t<div class=\"box-content\">\n\t\t\t\t\t\t\t\t\t\t\t\t\t\t\t\t\t\t\t\t\t\t\t\t\t\t\t\t\t<h4 class=\"box-heading\">\n\t\t\t\t\t\t\t\t\t\t\t\t\t\t\t\t\t\t\t\t\t\t\tAdres:\t\t\t\t\t\t\t\t\t\t\t\t\t\t\t\t\t\t\t\t\t<\/h4>\n\t\t\t\t\t\t\t\t\t\t\t\t\t\t\t\t\t\t\t\t\t\t\t\t\t\t\t\t<div class=\"box-description\">  Quarzstr. 4, 51371 Leverkusen <\/div>\n\t\t\t\t\t\t\t\t\t\t\t\t\t\t\t\t\t\t\t\t\t\t\t\t\t\t<\/div>\n\t\t\t\t\t\t\t<\/div>\n\t\t\t\t\t\t<\/a>\t\t\t\t\t<\/div>\n\t\t\t\t\t\t\t\t\t<div class=\"wf-cell shown\">\n\t\t\t\t\t\t<a class=\"the7-icon-box-grid box-hover\" href=\"tel:+4921732003760\" aria-label=\"Telefon:\">\t\t\t\t\t\t\t<div class=\"box-content-wrapper\">\n\t\t\t\t\t\t\t\t\t\t\t\t\t\t\t\t\t<div class=\"elementor-icon-div\">\t\t\t\t\t\t\t\t\t\t<div class=\"elementor-icon\">\n\t\t\t\t\t\t\t\t\t\t\t<svg xmlns=\"http:\/\/www.w3.org\/2000\/svg\" width=\"98\" height=\"98\" viewBox=\"0 0 98 98\" fill=\"none\"><circle cx=\"49\" cy=\"49\" r=\"49\" fill=\"#1C304A\"><\/circle><path d=\"M66.1373 56.7362L60.1247 56.0498C58.6808 55.8841 57.2605 56.3812 56.2426 57.399L51.887 61.7546C45.188 58.3459 39.6962 52.8778 36.2875 46.1551L40.6668 41.7758C41.6846 40.758 42.1817 39.3377 42.016 37.8937L41.3296 31.9285C41.0455 29.5377 39.0334 27.7386 36.6189 27.7386H32.5238C29.8489 27.7386 27.6238 29.9638 27.7895 32.6386C29.044 52.8541 45.2117 68.9981 65.4035 70.2527C68.0784 70.4184 70.3035 68.1932 70.3035 65.5184V61.4232C70.3271 59.0324 68.5281 57.0203 66.1373 56.7362Z\" fill=\"white\"><\/path><\/svg>\t\t\t\t\t\t\t\t\t\t<\/div>\n\t\t\t\t\t\t\t\t\t<\/div>\t\t\t\t\t\t\t\t\t\t\t\t\t\t\t\t<div class=\"box-content\">\n\t\t\t\t\t\t\t\t\t\t\t\t\t\t\t\t\t\t\t\t\t\t\t\t\t\t\t\t\t<h4 class=\"box-heading\">\n\t\t\t\t\t\t\t\t\t\t\t\t\t\t\t\t\t\t\t\t\t\t\tTelefon:\t\t\t\t\t\t\t\t\t\t\t\t\t\t\t\t\t\t\t\t\t<\/h4>\n\t\t\t\t\t\t\t\t\t\t\t\t\t\t\t\t\t\t\t\t\t\t\t\t\t\t\t\t<div class=\"box-description\">  +49 2173 200 3760<\/div>\n\t\t\t\t\t\t\t\t\t\t\t\t\t\t\t\t\t\t\t\t\t\t\t\t\t\t<\/div>\n\t\t\t\t\t\t\t<\/div>\n\t\t\t\t\t\t<\/a>\t\t\t\t\t<\/div>\n\t\t\t\t\t\t\t\t\t<div class=\"wf-cell shown\">\n\t\t\t\t\t\t<a class=\"the7-icon-box-grid box-hover\" href=\"mailto:hallo@digiaccess.org\" aria-label=\"E-posta:\">\t\t\t\t\t\t\t<div class=\"box-content-wrapper\">\n\t\t\t\t\t\t\t\t\t\t\t\t\t\t\t\t\t<div class=\"elementor-icon-div\">\t\t\t\t\t\t\t\t\t\t<div class=\"elementor-icon\">\n\t\t\t\t\t\t\t\t\t\t\t<svg xmlns=\"http:\/\/www.w3.org\/2000\/svg\" width=\"98\" height=\"98\" viewBox=\"0 0 98 98\" fill=\"none\"><circle cx=\"49\" cy=\"49\" r=\"49\" fill=\"#1C304A\"><\/circle><path d=\"M67.9794 30.0628H30.105C27.5012 30.0628 25.3944 32.1932 25.3944 34.7971L25.3707 63.2029C25.3707 65.8068 27.5012 67.9372 30.105 67.9372H67.9794C70.5833 67.9372 72.7137 65.8068 72.7137 63.2029V34.7971C72.7137 32.1932 70.5833 30.0628 67.9794 30.0628ZM67.0326 40.1232L50.2968 50.586C49.5393 51.0594 48.5451 51.0594 47.7876 50.586L31.0519 40.1232C30.4601 39.7444 30.105 39.1053 30.105 38.4188C30.105 36.8329 31.833 35.886 33.1823 36.7145L49.0422 46.6329L64.9021 36.7145C66.2514 35.886 67.9794 36.8329 67.9794 38.4188C67.9794 39.1053 67.6244 39.7444 67.0326 40.1232Z\" fill=\"white\"><\/path><\/svg>\t\t\t\t\t\t\t\t\t\t<\/div>\n\t\t\t\t\t\t\t\t\t<\/div>\t\t\t\t\t\t\t\t\t\t\t\t\t\t\t\t<div class=\"box-content\">\n\t\t\t\t\t\t\t\t\t\t\t\t\t\t\t\t\t\t\t\t\t\t\t\t\t\t\t\t\t<h4 class=\"box-heading\">\n\t\t\t\t\t\t\t\t\t\t\t\t\t\t\t\t\t\t\t\t\t\t\tE-posta:\t\t\t\t\t\t\t\t\t\t\t\t\t\t\t\t\t\t\t\t\t<\/h4>\n\t\t\t\t\t\t\t\t\t\t\t\t\t\t\t\t\t\t\t\t\t\t\t\t\t\t\t\t<div class=\"box-description\">  hallo@digiaccess.org<\/div>\n\t\t\t\t\t\t\t\t\t\t\t\t\t\t\t\t\t\t\t\t\t\t\t\t\t\t<\/div>\n\t\t\t\t\t\t\t<\/div>\n\t\t\t\t\t\t<\/a>\t\t\t\t\t<\/div>\n\t\t\t\t\t\t\t<\/div>\n\t\t<\/div>\t\t\t\t<\/div>\n\t\t\t\t<\/div>\n\t\t\t\t<\/div>\n\t\t<div class=\"elementor-element elementor-element-34c037f e-flex e-con-boxed e-con e-child\" data-id=\"34c037f\" data-element_type=\"container\">\n\t\t\t\t\t<div class=\"e-con-inner\">\n\t\t\t\t<div class=\"elementor-element elementor-element-718d0bf elementor-button-align-stretch elementor-widget elementor-widget-form\" data-id=\"718d0bf\" data-element_type=\"widget\" data-settings=\"{&quot;step_next_label&quot;:&quot;Sonraki&quot;,&quot;step_previous_label&quot;:&quot;\\u00d6nceki&quot;,&quot;button_width&quot;:&quot;25&quot;,&quot;step_type&quot;:&quot;number_text&quot;,&quot;step_icon_shape&quot;:&quot;circle&quot;}\" data-widget_type=\"form.default\">\n\t\t\t\t<div class=\"elementor-widget-container\">\n\t\t\t\t\t\t\t<form class=\"elementor-form\" method=\"post\" name=\"Yeni Form\" aria-label=\"Yeni Form\">\n\t\t\t<input type=\"hidden\" name=\"post_id\" value=\"10180\"\/>\n\t\t\t<input type=\"hidden\" name=\"form_id\" value=\"718d0bf\"\/>\n\t\t\t<input type=\"hidden\" name=\"referer_title\" value=\"digi\u00b7access\" \/>\n\n\t\t\t\n\t\t\t<div class=\"elementor-form-fields-wrapper elementor-labels-above\">\n\t\t\t\t\t\t\t\t<div class=\"elementor-field-type-text elementor-field-group elementor-column elementor-field-group-name elementor-col-100\">\n\t\t\t\t\t\t\t\t\t\t\t\t<label for=\"form-field-name\" class=\"elementor-field-label\">\n\t\t\t\t\t\t\t\t\u0130sim *\t\t\t\t\t\t\t<\/label>\n\t\t\t\t\t\t\t\t\t\t\t\t\t\t<input size=\"1\" type=\"text\" name=\"form_fields[name]\" id=\"form-field-name\" class=\"elementor-field elementor-size-sm  elementor-field-textual\" placeholder=\"\u00f6rne\u011fin John Doe\">\n\t\t\t\t\t\t\t\t\t\t\t<\/div>\n\t\t\t\t\t\t\t\t<div class=\"elementor-field-type-email elementor-field-group elementor-column elementor-field-group-email elementor-col-100 elementor-field-required\">\n\t\t\t\t\t\t\t\t\t\t\t\t<label for=\"form-field-email\" class=\"elementor-field-label\">\n\t\t\t\t\t\t\t\tE-posta *\t\t\t\t\t\t\t<\/label>\n\t\t\t\t\t\t\t\t\t\t\t\t\t\t<input size=\"1\" type=\"email\" name=\"form_fields[email]\" id=\"form-field-email\" class=\"elementor-field elementor-size-sm  elementor-field-textual\" placeholder=\"\u00f6rne\u011fin john@doe.com\" required=\"required\">\n\t\t\t\t\t\t\t\t\t\t\t<\/div>\n\t\t\t\t\t\t\t\t<div class=\"elementor-field-type-tel elementor-field-group elementor-column elementor-field-group-field_04f87df elementor-col-100\">\n\t\t\t\t\t\t\t\t\t\t\t\t<label for=\"form-field-field_04f87df\" class=\"elementor-field-label\">\n\t\t\t\t\t\t\t\t  Telefon (iste\u011fe ba\u011fl\u0131)\t\t\t\t\t\t\t<\/label>\n\t\t\t\t\t\t\t\t<input size=\"1\" type=\"tel\" name=\"form_fields[field_04f87df]\" id=\"form-field-field_04f87df\" class=\"elementor-field elementor-size-sm  elementor-field-textual\" placeholder=\"\u00f6rn. +49 300 00 50 000\" pattern=\"[0-9()#&amp;+*-=.]+\" title=\"Only numbers and phone characters (#, -, *, etc) are accepted.\">\n\n\t\t\t\t\t\t<\/div>\n\t\t\t\t\t\t\t\t<div class=\"elementor-field-type-textarea elementor-field-group elementor-column elementor-field-group-message elementor-col-100 elementor-field-required\">\n\t\t\t\t\t\t\t\t\t\t\t\t<label for=\"form-field-message\" class=\"elementor-field-label\">\n\t\t\t\t\t\t\t\t  Mesaj\u0131n\u0131z *\t\t\t\t\t\t\t<\/label>\n\t\t\t\t\t\t<textarea class=\"elementor-field-textual elementor-field  elementor-size-sm\" name=\"form_fields[message]\" id=\"form-field-message\" rows=\"4\" required=\"required\"><\/textarea>\t\t\t\t<\/div>\n\t\t\t\t\t\t\t\t<div class=\"elementor-field-type-url elementor-field-group elementor-column elementor-field-group-field_d1ef042 elementor-col-100\">\n\t\t\t\t\t\t\t\t\t\t\t\t<label for=\"form-field-field_d1ef042\" class=\"elementor-field-label\">\n\t\t\t\t\t\t\t\t  Web sitesi URL'si (iste\u011fe ba\u011fl\u0131)\t\t\t\t\t\t\t<\/label>\n\t\t\t\t\t\t\t\t\t\t\t\t\t\t<input size=\"1\" type=\"url\" name=\"form_fields[field_d1ef042]\" id=\"form-field-field_d1ef042\" class=\"elementor-field elementor-size-sm  elementor-field-textual\" placeholder=\"\u00f6rne\u011fin https:\/\/www.example.com\">\n\t\t\t\t\t\t\t\t\t\t\t<\/div>\n\t\t\t\t\t\t\t\t<div class=\"elementor-field-type-acceptance elementor-field-group elementor-column elementor-field-group-field_b19d6c9 elementor-col-100 elementor-field-required\">\n\t\t\t\t\t\t\t\t\t\t\t\t<label for=\"form-field-field_b19d6c9\" class=\"elementor-field-label\">\n\t\t\t\t\t\t\t\tR\u0131za\t\t\t\t\t\t\t<\/label>\n\t\t\t\t\t\t\t\t<div class=\"elementor-field-subgroup\">\n\t\t\t<span class=\"elementor-field-option\">\n\t\t\t\t<input type=\"checkbox\" name=\"form_fields[field_b19d6c9]\" id=\"form-field-field_b19d6c9\" class=\"elementor-field elementor-size-sm  elementor-acceptance-field\" required=\"required\">\n\t\t\t\t<label for=\"form-field-field_b19d6c9\">\u0130\u015fbu belge ile digi\u00b7access GmbH'nin talebimi i\u015fleme koymak i\u00e7in verilerimi kullanmas\u0131na izin veriyorum. Veri koruma hakk\u0131nda daha fazla bilgiyi burada bulabilirsiniz*. <\/label>\t\t\t<\/span>\n\t\t<\/div>\n\t\t\t\t\t\t<\/div>\n\t\t\t\t\t\t\t\t<div class=\"elementor-field-group elementor-column elementor-field-type-submit elementor-col-25 e-form__buttons\">\n\t\t\t\t\t<button class=\"elementor-button elementor-size-md\" type=\"submit\">\n\t\t\t\t\t\t<span class=\"elementor-button-content-wrapper\">\n\t\t\t\t\t\t\t\t\t\t\t\t\t\t\t\t\t\t\t\t\t\t<span class=\"elementor-button-text\">G\u00f6nder<\/span>\n\t\t\t\t\t\t\t\t\t\t\t\t\t<\/span>\n\t\t\t\t\t<\/button>\n\t\t\t\t<\/div>\n\t\t\t<\/div>\n\t\t<\/form>\n\t\t\t\t\t\t<\/div>\n\t\t\t\t<\/div>\n\t\t\t\t\t<\/div>\n\t\t\t\t<\/div>\n\t\t\t\t\t<\/div>\n\t\t\t\t<\/div>\n\t\t<div class=\"elementor-element elementor-element-b83d711 e-flex e-con-boxed e-con e-parent\" data-id=\"b83d711\" data-element_type=\"container\" data-settings=\"{&quot;background_background&quot;:&quot;classic&quot;}\">\n\t\t\t\t\t<div class=\"e-con-inner\">\n\t\t\t\t<div class=\"elementor-element elementor-element-4056d74 elementor-widget elementor-widget-text-editor\" data-id=\"4056d74\" data-element_type=\"widget\" data-widget_type=\"text-editor.default\">\n\t\t\t\t<div class=\"elementor-widget-container\">\n\t\t\t\t\t\t\t\t\t<h2 class=\"vc_custom_heading vc_custom_1673622074918\" style=\"text-align: center;\" data-da-style=\"true\">digi\u00b7access standartlar\u0131 kar\u015f\u0131l\u0131yor<\/h2>\t\t\t\t\t\t\t\t<\/div>\n\t\t\t\t<\/div>\n\t\t<div class=\"elementor-element elementor-element-c7cc82d e-con-full e-flex e-con e-child\" data-id=\"c7cc82d\" data-element_type=\"container\">\n\t\t<div class=\"elementor-element elementor-element-288a494 e-con-full e-flex e-con e-child\" data-id=\"288a494\" data-element_type=\"container\">\n\t\t\t\t<div class=\"elementor-element elementor-element-c85404c elementor-align-center elementor-widget elementor-widget-the7_button_widget\" data-id=\"c85404c\" data-element_type=\"widget\" data-widget_type=\"the7_button_widget.default\">\n\t\t\t\t<div class=\"elementor-widget-container\">\n\t\t\t\t\t<div class=\"elementor-button-wrapper\"><a href=\"https:\/\/www.digiaccess.org\/tr\/yasal-konular\/#wcag\" target=\"_blank\" class=\"box-button elementor-button elementor-size-md\">WCAG 2.2<\/a><\/div>\t\t\t\t<\/div>\n\t\t\t\t<\/div>\n\t\t\t\t<\/div>\n\t\t<div class=\"elementor-element elementor-element-3c26a8c e-con-full e-flex e-con e-child\" data-id=\"3c26a8c\" data-element_type=\"container\">\n\t\t\t\t<div class=\"elementor-element elementor-element-18b9e9a elementor-align-center elementor-widget elementor-widget-the7_button_widget\" data-id=\"18b9e9a\" data-element_type=\"widget\" data-widget_type=\"the7_button_widget.default\">\n\t\t\t\t<div class=\"elementor-widget-container\">\n\t\t\t\t\t<div class=\"elementor-button-wrapper\"><a href=\"https:\/\/www.digiaccess.org\/tr\/yasal-konular\/#bitv\" target=\"_blank\" class=\"box-button elementor-button elementor-size-md\">BITV<\/a><\/div>\t\t\t\t<\/div>\n\t\t\t\t<\/div>\n\t\t\t\t<\/div>\n\t\t<div class=\"elementor-element elementor-element-7b2c801 e-con-full e-flex e-con e-child\" data-id=\"7b2c801\" data-element_type=\"container\">\n\t\t\t\t<div class=\"elementor-element elementor-element-2bb1a83 elementor-align-center elementor-widget-mobile__width-inherit elementor-widget elementor-widget-the7_button_widget\" data-id=\"2bb1a83\" data-element_type=\"widget\" data-widget_type=\"the7_button_widget.default\">\n\t\t\t\t<div class=\"elementor-widget-container\">\n\t\t\t\t\t<div class=\"elementor-button-wrapper\"><a href=\"https:\/\/www.digiaccess.org\/tr\/yasal-konular\/#en301549\" target=\"_blank\" class=\"box-button elementor-button elementor-size-md\">EN 301549<\/a><\/div>\t\t\t\t<\/div>\n\t\t\t\t<\/div>\n\t\t\t\t<\/div>\n\t\t\t\t<\/div>\n\t\t\t\t\t<\/div>\n\t\t\t\t<\/div>\n\t\t\t\t<\/div>\n\t\t","protected":false},"excerpt":{"rendered":"<p>Bize ula\u015f\u0131n Adres: Quarzstr. 4, 51371 Leverkusen Telefon: +49 2173 200 3760 E-posta: hallo@digiaccess.org digi\u00b7access standartlar\u0131 kar\u015f\u0131l\u0131yor WCAG 2.2 BITV EN 301549<\/p>\n","protected":false},"author":2,"featured_media":0,"parent":0,"menu_order":0,"comment_status":"closed","ping_status":"closed","template":"","meta":{"inline_featured_image":false,"footnotes":""},"class_list":["post-10180","page","type-page","status-publish","hentry"],"yoast_head":"<!-- This site is optimized with the Yoast SEO plugin v26.6 - https:\/\/yoast.com\/wordpress\/plugins\/seo\/ -->\n<title>Bize ula\u015f\u0131n - digi\u00b7access<\/title>\n<meta name=\"description\" content=\"Dijital eri\u015filebilirlik i\u00e7in digi\u00b7access ile ileti\u015fime ge\u00e7in. Telefon, e-posta veya form yoluyla - sizi h\u0131zl\u0131 ve verimli bir \u015fekilde destekleyece\u011fiz.\" \/>\n<meta name=\"robots\" content=\"index, follow, max-snippet:-1, max-image-preview:large, max-video-preview:-1\" \/>\n<link rel=\"canonical\" href=\"https:\/\/www.digiaccess.org\/tr\/bize-ulasin\/\" \/>\n<meta property=\"og:locale\" content=\"tr_TR\" \/>\n<meta property=\"og:type\" content=\"article\" \/>\n<meta property=\"og:title\" content=\"Bize ula\u015f\u0131n - digi\u00b7access\" \/>\n<meta property=\"og:description\" content=\"Dijital eri\u015filebilirlik i\u00e7in digi\u00b7access ile ileti\u015fime ge\u00e7in. Telefon, e-posta veya form yoluyla - sizi h\u0131zl\u0131 ve verimli bir \u015fekilde destekleyece\u011fiz.\" \/>\n<meta property=\"og:url\" content=\"https:\/\/www.digiaccess.org\/tr\/bize-ulasin\/\" \/>\n<meta property=\"og:site_name\" content=\"digi\u00b7access\" \/>\n<meta property=\"article:modified_time\" content=\"2025-10-21T08:28:12+00:00\" \/>\n<meta name=\"twitter:card\" content=\"summary_large_image\" \/>\n<script type=\"application\/ld+json\" class=\"yoast-schema-graph\">{\"@context\":\"https:\/\/schema.org\",\"@graph\":[{\"@type\":\"WebPage\",\"@id\":\"https:\/\/www.digiaccess.org\/tr\/bize-ulasin\/\",\"url\":\"https:\/\/www.digiaccess.org\/tr\/bize-ulasin\/\",\"name\":\"Bize ula\u015f\u0131n - digi\u00b7access\",\"isPartOf\":{\"@id\":\"https:\/\/www.digiaccess.org\/tr\/#website\"},\"datePublished\":\"2024-10-31T10:08:12+00:00\",\"dateModified\":\"2025-10-21T08:28:12+00:00\",\"description\":\"Dijital eri\u015filebilirlik i\u00e7in digi\u00b7access ile ileti\u015fime ge\u00e7in. Telefon, e-posta veya form yoluyla - sizi h\u0131zl\u0131 ve verimli bir \u015fekilde destekleyece\u011fiz.\",\"breadcrumb\":{\"@id\":\"https:\/\/www.digiaccess.org\/tr\/bize-ulasin\/#breadcrumb\"},\"inLanguage\":\"tr\",\"potentialAction\":[{\"@type\":\"ReadAction\",\"target\":[\"https:\/\/www.digiaccess.org\/tr\/bize-ulasin\/\"]}]},{\"@type\":\"BreadcrumbList\",\"@id\":\"https:\/\/www.digiaccess.org\/tr\/bize-ulasin\/#breadcrumb\",\"itemListElement\":[{\"@type\":\"ListItem\",\"position\":1,\"name\":\"Home\",\"item\":\"https:\/\/www.digiaccess.org\/tr\/\"},{\"@type\":\"ListItem\",\"position\":2,\"name\":\"Bize ula\u015f\u0131n\"}]},{\"@type\":\"WebSite\",\"@id\":\"https:\/\/www.digiaccess.org\/tr\/#website\",\"url\":\"https:\/\/www.digiaccess.org\/tr\/\",\"name\":\"digi\u00b7access\",\"description\":\"Dijital eri\u015filebilirlik\",\"publisher\":{\"@id\":\"https:\/\/www.digiaccess.org\/tr\/#organization\"},\"potentialAction\":[{\"@type\":\"SearchAction\",\"target\":{\"@type\":\"EntryPoint\",\"urlTemplate\":\"https:\/\/www.digiaccess.org\/tr\/?s={search_term_string}\"},\"query-input\":{\"@type\":\"PropertyValueSpecification\",\"valueRequired\":true,\"valueName\":\"search_term_string\"}}],\"inLanguage\":\"tr\"},{\"@type\":\"Organization\",\"@id\":\"https:\/\/www.digiaccess.org\/tr\/#organization\",\"name\":\"digi\u00b7access\",\"url\":\"https:\/\/www.digiaccess.org\/tr\/\",\"logo\":{\"@type\":\"ImageObject\",\"inLanguage\":\"tr\",\"@id\":\"https:\/\/www.digiaccess.org\/tr\/#\/schema\/logo\/image\/\",\"url\":\"https:\/\/www.digiaccess.org\/wp-content\/uploads\/2024\/10\/digi-access_Logo_02_RZ.svg\",\"contentUrl\":\"https:\/\/www.digiaccess.org\/wp-content\/uploads\/2024\/10\/digi-access_Logo_02_RZ.svg\",\"caption\":\"digi\u00b7access\"},\"image\":{\"@id\":\"https:\/\/www.digiaccess.org\/tr\/#\/schema\/logo\/image\/\"}}]}<\/script>\n<!-- \/ Yoast SEO plugin. -->","yoast_head_json":{"title":"Bize ula\u015f\u0131n - digi\u00b7access","description":"Dijital eri\u015filebilirlik i\u00e7in digi\u00b7access ile ileti\u015fime ge\u00e7in. Telefon, e-posta veya form yoluyla - sizi h\u0131zl\u0131 ve verimli bir \u015fekilde destekleyece\u011fiz.","robots":{"index":"index","follow":"follow","max-snippet":"max-snippet:-1","max-image-preview":"max-image-preview:large","max-video-preview":"max-video-preview:-1"},"canonical":"https:\/\/www.digiaccess.org\/tr\/bize-ulasin\/","og_locale":"tr_TR","og_type":"article","og_title":"Bize ula\u015f\u0131n - digi\u00b7access","og_description":"Dijital eri\u015filebilirlik i\u00e7in digi\u00b7access ile ileti\u015fime ge\u00e7in. Telefon, e-posta veya form yoluyla - sizi h\u0131zl\u0131 ve verimli bir \u015fekilde destekleyece\u011fiz.","og_url":"https:\/\/www.digiaccess.org\/tr\/bize-ulasin\/","og_site_name":"digi\u00b7access","article_modified_time":"2025-10-21T08:28:12+00:00","twitter_card":"summary_large_image","schema":{"@context":"https:\/\/schema.org","@graph":[{"@type":"WebPage","@id":"https:\/\/www.digiaccess.org\/tr\/bize-ulasin\/","url":"https:\/\/www.digiaccess.org\/tr\/bize-ulasin\/","name":"Bize ula\u015f\u0131n - digi\u00b7access","isPartOf":{"@id":"https:\/\/www.digiaccess.org\/tr\/#website"},"datePublished":"2024-10-31T10:08:12+00:00","dateModified":"2025-10-21T08:28:12+00:00","description":"Dijital eri\u015filebilirlik i\u00e7in digi\u00b7access ile ileti\u015fime ge\u00e7in. Telefon, e-posta veya form yoluyla - sizi h\u0131zl\u0131 ve verimli bir \u015fekilde destekleyece\u011fiz.","breadcrumb":{"@id":"https:\/\/www.digiaccess.org\/tr\/bize-ulasin\/#breadcrumb"},"inLanguage":"tr","potentialAction":[{"@type":"ReadAction","target":["https:\/\/www.digiaccess.org\/tr\/bize-ulasin\/"]}]},{"@type":"BreadcrumbList","@id":"https:\/\/www.digiaccess.org\/tr\/bize-ulasin\/#breadcrumb","itemListElement":[{"@type":"ListItem","position":1,"name":"Home","item":"https:\/\/www.digiaccess.org\/tr\/"},{"@type":"ListItem","position":2,"name":"Bize ula\u015f\u0131n"}]},{"@type":"WebSite","@id":"https:\/\/www.digiaccess.org\/tr\/#website","url":"https:\/\/www.digiaccess.org\/tr\/","name":"digi\u00b7access","description":"Dijital eri\u015filebilirlik","publisher":{"@id":"https:\/\/www.digiaccess.org\/tr\/#organization"},"potentialAction":[{"@type":"SearchAction","target":{"@type":"EntryPoint","urlTemplate":"https:\/\/www.digiaccess.org\/tr\/?s={search_term_string}"},"query-input":{"@type":"PropertyValueSpecification","valueRequired":true,"valueName":"search_term_string"}}],"inLanguage":"tr"},{"@type":"Organization","@id":"https:\/\/www.digiaccess.org\/tr\/#organization","name":"digi\u00b7access","url":"https:\/\/www.digiaccess.org\/tr\/","logo":{"@type":"ImageObject","inLanguage":"tr","@id":"https:\/\/www.digiaccess.org\/tr\/#\/schema\/logo\/image\/","url":"https:\/\/www.digiaccess.org\/wp-content\/uploads\/2024\/10\/digi-access_Logo_02_RZ.svg","contentUrl":"https:\/\/www.digiaccess.org\/wp-content\/uploads\/2024\/10\/digi-access_Logo_02_RZ.svg","caption":"digi\u00b7access"},"image":{"@id":"https:\/\/www.digiaccess.org\/tr\/#\/schema\/logo\/image\/"}}]}},"_links":{"self":[{"href":"https:\/\/www.digiaccess.org\/tr\/wp-json\/wp\/v2\/pages\/10180","targetHints":{"allow":["GET"]}}],"collection":[{"href":"https:\/\/www.digiaccess.org\/tr\/wp-json\/wp\/v2\/pages"}],"about":[{"href":"https:\/\/www.digiaccess.org\/tr\/wp-json\/wp\/v2\/types\/page"}],"author":[{"embeddable":true,"href":"https:\/\/www.digiaccess.org\/tr\/wp-json\/wp\/v2\/users\/2"}],"replies":[{"embeddable":true,"href":"https:\/\/www.digiaccess.org\/tr\/wp-json\/wp\/v2\/comments?post=10180"}],"version-history":[{"count":12,"href":"https:\/\/www.digiaccess.org\/tr\/wp-json\/wp\/v2\/pages\/10180\/revisions"}],"predecessor-version":[{"id":14972,"href":"https:\/\/www.digiaccess.org\/tr\/wp-json\/wp\/v2\/pages\/10180\/revisions\/14972"}],"wp:attachment":[{"href":"https:\/\/www.digiaccess.org\/tr\/wp-json\/wp\/v2\/media?parent=10180"}],"curies":[{"name":"wp","href":"https:\/\/api.w.org\/{rel}","templated":true}]}}