{"id":10815,"date":"2024-11-13T10:15:06","date_gmt":"2024-11-13T09:15:06","guid":{"rendered":"https:\/\/www.digiaccess.org\/ueruenler\/digi-accessscan\/"},"modified":"2025-10-21T10:15:23","modified_gmt":"2025-10-21T08:15:23","slug":"digi-scan","status":"publish","type":"page","link":"https:\/\/www.digiaccess.org\/tr\/ueruenler\/digi-scan\/","title":{"rendered":"digi\u00b7Scan"},"content":{"rendered":"\t\t<div data-elementor-type=\"wp-page\" data-elementor-id=\"10815\" class=\"elementor elementor-10815 elementor-5930\" data-elementor-post-type=\"page\">\n\t\t\t\t<div class=\"elementor-element elementor-element-e2ec29f e-flex e-con-boxed e-con e-parent\" data-id=\"e2ec29f\" data-element_type=\"container\" data-settings=\"{&quot;background_background&quot;:&quot;classic&quot;}\">\n\t\t\t\t\t<div class=\"e-con-inner\">\n\t\t<div class=\"elementor-element elementor-element-002d367 e-con-full e-flex e-con e-child\" data-id=\"002d367\" data-element_type=\"container\">\n\t\t\t\t<div class=\"elementor-element elementor-element-862ac8c elementor-widget elementor-widget-heading\" data-id=\"862ac8c\" data-element_type=\"widget\" data-widget_type=\"heading.default\">\n\t\t\t\t<div class=\"elementor-widget-container\">\n\t\t\t\t\t<h1 class=\"elementor-heading-title elementor-size-default\">digi\u00b7Scan<\/h1>\t\t\t\t<\/div>\n\t\t\t\t<\/div>\n\t\t\t\t<div class=\"elementor-element elementor-element-0bd5e91 elementor-widget elementor-widget-heading\" data-id=\"0bd5e91\" data-element_type=\"widget\" data-widget_type=\"heading.default\">\n\t\t\t\t<div class=\"elementor-widget-container\">\n\t\t\t\t\t<h4 class=\"elementor-heading-title elementor-size-default\">digi\u00b7Scan, web sitenizin teknik eri\u015filebilirlik standartlar\u0131na uygunlu\u011funu kontrol eder. <\/h4>\t\t\t\t<\/div>\n\t\t\t\t<\/div>\n\t\t\t\t<div class=\"elementor-element elementor-element-3e29236 elementor-widget elementor-widget-text-editor\" data-id=\"3e29236\" data-element_type=\"widget\" data-widget_type=\"text-editor.default\">\n\t\t\t\t<div class=\"elementor-widget-container\">\n\t\t\t\t\t\t\t\t\t<div class=\"flex max-w-full flex-col flex-grow\"><div class=\"min-h-8 text-message flex w-full flex-col items-end gap-2 whitespace-normal break-words text-start [.text-message+&amp;]:mt-5\" dir=\"auto\" data-message-author-role=\"assistant\" data-message-id=\"ad76f75c-b4bd-402e-9ad6-9240b7af4008\" data-message-model-slug=\"gpt-4o\"><div class=\"flex w-full flex-col gap-1 empty:hidden first:pt-[3px]\"><div class=\"markdown prose w-full break-words dark:prose-invert light\"><p>Eri\u015filebilirlik sorunlar\u0131n\u0131 sizin i\u00e7in belirler ve bunlar\u0131 net bir raporda \u00f6zetler. Bu \u015fekilde digi\u00b7Scan, web sitenizin dijital eri\u015filebilirli\u011fini geli\u015ftirmenize ve t\u00fcm kullan\u0131c\u0131lar i\u00e7in eri\u015filebilir hale getirmenize destek olur. Bu rapor, zaten m\u00fc\u015fterimizseniz mevcut eri\u015filebilirlik sorunlar\u0131n\u0131 sizin i\u00e7in ne kadar etkili bir \u015fekilde \u00e7\u00f6zebilece\u011fimizi de g\u00f6sterir. Ya da hen\u00fcz m\u00fc\u015fterimiz de\u011filseniz bunlar\u0131 \u00e7\u00f6zebiliriz.    <\/p><\/div><\/div><\/div><\/div>\t\t\t\t\t\t\t\t<\/div>\n\t\t\t\t<\/div>\n\t\t\t\t<\/div>\n\t\t<div class=\"elementor-element elementor-element-fe0c612 e-con-full e-flex e-con e-child\" data-id=\"fe0c612\" data-element_type=\"container\">\n\t\t\t\t<div class=\"elementor-element elementor-element-e2c36fd elementor-widget elementor-widget-image\" data-id=\"e2c36fd\" data-element_type=\"widget\" data-widget_type=\"image.default\">\n\t\t\t\t<div class=\"elementor-widget-container\">\n\t\t\t\t\t\t\t\t\t\t\t\t\t\t\t<img fetchpriority=\"high\" decoding=\"async\" width=\"958\" height=\"1024\" src=\"https:\/\/www.digiaccess.org\/wp-content\/uploads\/2025\/06\/digi-access_Packshot_Scan-1-958x1024.png\" class=\"attachment-large size-large wp-image-12632\" alt=\"\" srcset=\"https:\/\/www.digiaccess.org\/wp-content\/uploads\/2025\/06\/digi-access_Packshot_Scan-1-958x1024.png 958w, https:\/\/www.digiaccess.org\/wp-content\/uploads\/2025\/06\/digi-access_Packshot_Scan-1-281x300.png 281w, https:\/\/www.digiaccess.org\/wp-content\/uploads\/2025\/06\/digi-access_Packshot_Scan-1-768x821.png 768w, https:\/\/www.digiaccess.org\/wp-content\/uploads\/2025\/06\/digi-access_Packshot_Scan-1-1437x1536.png 1437w, https:\/\/www.digiaccess.org\/wp-content\/uploads\/2025\/06\/digi-access_Packshot_Scan-1-1916x2048.png 1916w\" sizes=\"(max-width: 958px) 100vw, 958px\" \/>\t\t\t\t\t\t\t\t\t\t\t\t\t\t\t<\/div>\n\t\t\t\t<\/div>\n\t\t\t\t<\/div>\n\t\t\t\t\t<\/div>\n\t\t\t\t<\/div>\n\t\t<div class=\"elementor-element elementor-element-8c976f5 e-flex e-con-boxed e-con e-parent\" data-id=\"8c976f5\" data-element_type=\"container\" data-settings=\"{&quot;background_background&quot;:&quot;classic&quot;}\">\n\t\t\t\t\t<div class=\"e-con-inner\">\n\t\t<div class=\"elementor-element elementor-element-8db07d4 e-con-full e-flex e-con e-child\" data-id=\"8db07d4\" data-element_type=\"container\">\n\t\t<div class=\"elementor-element elementor-element-63dcb41 e-grid e-con-full e-con e-child\" data-id=\"63dcb41\" data-element_type=\"container\">\n\t\t\t\t<div class=\"elementor-element elementor-element-cd2a830 elementor-widget-mobile__width-inherit elementor-widget elementor-widget-text-editor\" data-id=\"cd2a830\" data-element_type=\"widget\" data-widget_type=\"text-editor.default\">\n\t\t\t\t<div class=\"elementor-widget-container\">\n\t\t\t\t\t\t\t\t\t<h3>\u00dccretsiz digi\u00b7Scan talep edin<\/h3>\t\t\t\t\t\t\t\t<\/div>\n\t\t\t\t<\/div>\n\t\t\t\t<div class=\"elementor-element elementor-element-76808fb elementor-widget__width-initial elementor-button-align-stretch elementor-widget elementor-widget-form\" data-id=\"76808fb\" data-element_type=\"widget\" data-settings=\"{&quot;step_next_label&quot;:&quot;Sonraki&quot;,&quot;step_previous_label&quot;:&quot;\\u00d6nceki&quot;,&quot;button_width&quot;:&quot;100&quot;,&quot;step_type&quot;:&quot;number_text&quot;,&quot;step_icon_shape&quot;:&quot;circle&quot;}\" data-widget_type=\"form.default\">\n\t\t\t\t<div class=\"elementor-widget-container\">\n\t\t\t\t\t\t\t<form class=\"elementor-form\" method=\"post\" name=\"Yeni Form\" aria-label=\"Yeni Form\">\n\t\t\t<input type=\"hidden\" name=\"post_id\" value=\"10815\"\/>\n\t\t\t<input type=\"hidden\" name=\"form_id\" value=\"76808fb\"\/>\n\t\t\t<input type=\"hidden\" name=\"referer_title\" value=\"digi\u00b7Scan - digi\u00b7access\" \/>\n\n\t\t\t\t\t\t\t<input type=\"hidden\" name=\"queried_id\" value=\"10815\"\/>\n\t\t\t\n\t\t\t<div class=\"elementor-form-fields-wrapper elementor-labels-\">\n\t\t\t\t\t\t\t\t<div class=\"elementor-field-type-email elementor-field-group elementor-column elementor-field-group-field_1f79d6e elementor-col-50 elementor-field-required\">\n\t\t\t\t\t\t\t\t\t\t\t\t<label for=\"form-field-field_1f79d6e\" class=\"elementor-field-label elementor-screen-only\">\n\t\t\t\t\t\t\t\tE-posta adresi\t\t\t\t\t\t\t<\/label>\n\t\t\t\t\t\t\t\t\t\t\t\t\t\t<input size=\"1\" type=\"email\" name=\"form_fields[field_1f79d6e]\" id=\"form-field-field_1f79d6e\" class=\"elementor-field elementor-size-lg  elementor-field-textual\" placeholder=\"E-posta adresi\" required=\"required\">\n\t\t\t\t\t\t\t\t\t\t\t<\/div>\n\t\t\t\t\t\t\t\t<div class=\"elementor-field-type-url elementor-field-group elementor-column elementor-field-group-field_deffdac elementor-col-50 elementor-field-required\">\n\t\t\t\t\t\t\t\t\t\t\t\t<label for=\"form-field-field_deffdac\" class=\"elementor-field-label elementor-screen-only\">\n\t\t\t\t\t\t\t\tEtki Alan\u0131\t\t\t\t\t\t\t<\/label>\n\t\t\t\t\t\t\t\t\t\t\t\t\t\t<input size=\"1\" type=\"url\" name=\"form_fields[field_deffdac]\" id=\"form-field-field_deffdac\" class=\"elementor-field elementor-size-lg  elementor-field-textual\" placeholder=\"Etki Alan\u0131\" required=\"required\">\n\t\t\t\t\t\t\t\t\t\t\t<\/div>\n\t\t\t\t\t\t\t\t<div class=\"elementor-field-group elementor-column elementor-field-type-submit elementor-col-100 e-form__buttons\">\n\t\t\t\t\t<button class=\"elementor-button elementor-size-lg\" type=\"submit\">\n\t\t\t\t\t\t<span class=\"elementor-button-content-wrapper\">\n\t\t\t\t\t\t\t\t\t\t\t\t\t\t\t\t\t\t\t\t\t\t<span class=\"elementor-button-text\">Taramay\u0131 ba\u015flat<\/span>\n\t\t\t\t\t\t\t\t\t\t\t\t\t<\/span>\n\t\t\t\t\t<\/button>\n\t\t\t\t<\/div>\n\t\t\t<\/div>\n\t\t<\/form>\n\t\t\t\t\t\t<\/div>\n\t\t\t\t<\/div>\n\t\t\t\t<\/div>\n\t\t\t\t<\/div>\n\t\t\t\t\t<\/div>\n\t\t\t\t<\/div>\n\t\t<div class=\"elementor-element elementor-element-c1599db elementor-hidden-desktop elementor-hidden-tablet elementor-hidden-mobile e-flex e-con-boxed e-con e-parent\" data-id=\"c1599db\" data-element_type=\"container\" data-settings=\"{&quot;background_background&quot;:&quot;classic&quot;}\">\n\t\t\t\t\t<div class=\"e-con-inner\">\n\t\t<div class=\"elementor-element elementor-element-8ce7722 e-con-full e-flex e-con e-child\" data-id=\"8ce7722\" data-element_type=\"container\">\n\t\t\t\t<div class=\"elementor-element elementor-element-c7c718b elementor-widget elementor-widget-heading\" data-id=\"c7c718b\" data-element_type=\"widget\" data-widget_type=\"heading.default\">\n\t\t\t\t<div class=\"elementor-widget-container\">\n\t\t\t\t\t<h4 class=\"elementor-heading-title elementor-size-default\">Otomatik testler ve net raporlar<\/h4>\t\t\t\t<\/div>\n\t\t\t\t<\/div>\n\t\t\t\t<div class=\"elementor-element elementor-element-8d6d987 elementor-widget elementor-widget-text-editor\" data-id=\"8d6d987\" data-element_type=\"widget\" data-widget_type=\"text-editor.default\">\n\t\t\t\t<div class=\"elementor-widget-container\">\n\t\t\t\t\t\t\t\t\t<p>Her taramadan sonra PDF format\u0131nda kapsaml\u0131 bir test raporu al\u0131rs\u0131n\u0131z. Bu raporun anla\u015f\u0131lmas\u0131 kolayd\u0131r, somut sonu\u00e7lar i\u00e7erir ve tespit edilen her hata i\u00e7in net a\u00e7\u0131klamalar sa\u011flar. Ayr\u0131ca, web sitenizi optimize etmek i\u00e7in hedeflenen \u00f6nlemleri alabilmeniz i\u00e7in iyile\u015ftirme i\u00e7in \u00f6zel \u00f6neriler sunar.  <\/p>\t\t\t\t\t\t\t\t<\/div>\n\t\t\t\t<\/div>\n\t\t\t\t<div class=\"elementor-element elementor-element-d4b0393 elementor-widget elementor-widget-heading\" data-id=\"d4b0393\" data-element_type=\"widget\" data-widget_type=\"heading.default\">\n\t\t\t\t<div class=\"elementor-widget-container\">\n\t\t\t\t\t<h4 class=\"elementor-heading-title elementor-size-default\">G\u00fcncel ve uluslararas\u0131 standartlarla uyumlu<\/h4>\t\t\t\t<\/div>\n\t\t\t\t<\/div>\n\t\t\t\t<div class=\"elementor-element elementor-element-e76ef17 elementor-widget elementor-widget-text-editor\" data-id=\"e76ef17\" data-element_type=\"widget\" data-widget_type=\"text-editor.default\">\n\t\t\t\t<div class=\"elementor-widget-container\">\n\t\t\t\t\t\t\t\t\t<p>digi\u00b7accessScan, en son eri\u015filebilirlik standartlar\u0131n\u0131 ve yasal gereklilikleri kar\u015f\u0131lamak i\u00e7in d\u00fczenli olarak g\u00fcncellenir. Bu, WCAG gibi uluslararas\u0131 y\u00f6nergeler ve di\u011fer tan\u0131nm\u0131\u015f standartlarla her zaman uyumlu olaca\u011f\u0131n\u0131z anlam\u0131na gelir. <\/p>\t\t\t\t\t\t\t\t<\/div>\n\t\t\t\t<\/div>\n\t\t\t\t<div class=\"elementor-element elementor-element-21258a2 elementor-widget elementor-widget-heading\" data-id=\"21258a2\" data-element_type=\"widget\" data-widget_type=\"heading.default\">\n\t\t\t\t<div class=\"elementor-widget-container\">\n\t\t\t\t\t<h4 class=\"elementor-heading-title elementor-size-default\">Verimli zaman ve maliyet tasarrufu<\/h4>\t\t\t\t<\/div>\n\t\t\t\t<\/div>\n\t\t\t\t<div class=\"elementor-element elementor-element-5f03133 elementor-widget elementor-widget-text-editor\" data-id=\"5f03133\" data-element_type=\"widget\" data-widget_type=\"text-editor.default\">\n\t\t\t\t<div class=\"elementor-widget-container\">\n\t\t\t\t\t\t\t\t\t<p>Yaz\u0131l\u0131m\u0131m\u0131z test s\u00fcrecini sadece birka\u00e7 dakikaya indirerek manuel test zahmetine girmeden etkili bir eri\u015filebilirlik kontrol\u00fc yapman\u0131z\u0131 sa\u011flar. Bu sadece zamandan de\u011fil, ayn\u0131 zamanda maliyetten de tasarruf sa\u011flar ve tamamen optimize edilmi\u015f, eri\u015filebilir bir web sitesine eri\u015fimi kolayla\u015ft\u0131r\u0131r. <\/p><p>digi\u00b7accessScan ile web sitenizi herkes i\u00e7in eri\u015filebilir hale getirebilirsiniz &#8211; h\u0131zl\u0131, kolay ve etkili bir \u015fekilde.<\/p>\t\t\t\t\t\t\t\t<\/div>\n\t\t\t\t<\/div>\n\t\t<div class=\"elementor-element elementor-element-40b1107 e-grid e-con-full e-con e-child\" data-id=\"40b1107\" data-element_type=\"container\">\n\t\t\t\t<\/div>\n\t\t\t\t<\/div>\n\t\t\t\t\t<\/div>\n\t\t\t\t<\/div>\n\t\t<div class=\"elementor-element elementor-element-30e0dbb e-flex e-con-boxed e-con e-parent\" data-id=\"30e0dbb\" data-element_type=\"container\" data-settings=\"{&quot;background_background&quot;:&quot;classic&quot;}\">\n\t\t\t\t\t<div class=\"e-con-inner\">\n\t\t\t\t<div class=\"elementor-element elementor-element-f7ee2ca elementor-widget elementor-widget-heading\" data-id=\"f7ee2ca\" data-element_type=\"widget\" data-widget_type=\"heading.default\">\n\t\t\t\t<div class=\"elementor-widget-container\">\n\t\t\t\t\t<h2 class=\"elementor-heading-title elementor-size-default\">Herhangi bir sorunuz var m\u0131?<\/h2>\t\t\t\t<\/div>\n\t\t\t\t<\/div>\n\t\t\t\t<div class=\"elementor-element elementor-element-e357b04 elementor-hidden-mobile elementor-widget elementor-widget-text-editor\" data-id=\"e357b04\" data-element_type=\"widget\" data-widget_type=\"text-editor.default\">\n\t\t\t\t<div class=\"elementor-widget-container\">\n\t\t\t\t\t\t\t\t\t<h4 class=\"vc_custom_heading vc_custom_1673620750774\" style=\"text-align: center;\" data-da-style=\"true\">Uzmanlar\u0131m\u0131z size yard\u0131mc\u0131 olmaktan mutluluk duyacakt\u0131r.<br>\u0130htiya\u00e7lar\u0131n\u0131za en uygun \u00e7\u00f6z\u00fcm\u00fc bulman\u0131zda size destek oluyoruz.<\/h4>\t\t\t\t\t\t\t\t<\/div>\n\t\t\t\t<\/div>\n\t\t\t\t<div class=\"elementor-element elementor-element-9ed1801 elementor-hidden-desktop elementor-hidden-tablet elementor-widget elementor-widget-text-editor\" data-id=\"9ed1801\" data-element_type=\"widget\" data-widget_type=\"text-editor.default\">\n\t\t\t\t<div class=\"elementor-widget-container\">\n\t\t\t\t\t\t\t\t\t<p class=\"vc_custom_heading vc_custom_1673620750774\" style=\"text-align: center;\" data-da-style=\"true\">Uzmanlar\u0131m\u0131z sizin i\u00e7in burada. \u0130htiya\u00e7lar\u0131n\u0131z i\u00e7in en iyi \u00e7\u00f6z\u00fcm\u00fc bulman\u0131zda size destek olaca\u011f\u0131z. <\/p>\t\t\t\t\t\t\t\t<\/div>\n\t\t\t\t<\/div>\n\t\t\t\t\t<\/div>\n\t\t\t\t<\/div>\n\t\t\t\t<\/div>\n\t\t","protected":false},"excerpt":{"rendered":"<p>digi\u00b7Scan digi\u00b7Scan, web sitenizin teknik eri\u015filebilirlik standartlar\u0131na uygunlu\u011funu kontrol eder. Eri\u015filebilirlik sorunlar\u0131n\u0131 sizin i\u00e7in belirler ve bunlar\u0131 net bir raporda \u00f6zetler. Bu \u015fekilde digi\u00b7Scan, web sitenizin dijital eri\u015filebilirli\u011fini geli\u015ftirmenize ve t\u00fcm kullan\u0131c\u0131lar i\u00e7in eri\u015filebilir hale getirmenize destek olur. Bu rapor, zaten m\u00fc\u015fterimizseniz mevcut eri\u015filebilirlik sorunlar\u0131n\u0131 sizin i\u00e7in ne kadar etkili bir \u015fekilde \u00e7\u00f6zebilece\u011fimizi de g\u00f6sterir.&hellip;<\/p>\n","protected":false},"author":2,"featured_media":0,"parent":10025,"menu_order":0,"comment_status":"closed","ping_status":"closed","template":"","meta":{"inline_featured_image":false,"footnotes":""},"class_list":["post-10815","page","type-page","status-publish","hentry"],"yoast_head":"<!-- This site is optimized with the Yoast SEO plugin v26.6 - https:\/\/yoast.com\/wordpress\/plugins\/seo\/ -->\n<title>digi\u00b7Scan - digi\u00b7access<\/title>\n<meta name=\"description\" content=\"digi\u00b7Scan web sitenizi eri\u015filebilirlik a\u00e7\u0131s\u0131ndan kontrol eder, eri\u015filebilirlik sorunlar\u0131n\u0131 tespit eder ve net bir optimizasyon raporu sunar.\" \/>\n<meta name=\"robots\" content=\"index, follow, max-snippet:-1, max-image-preview:large, max-video-preview:-1\" \/>\n<link rel=\"canonical\" href=\"https:\/\/www.digiaccess.org\/tr\/ueruenler\/digi-scan\/\" \/>\n<meta property=\"og:locale\" content=\"tr_TR\" \/>\n<meta property=\"og:type\" content=\"article\" \/>\n<meta property=\"og:title\" content=\"digi\u00b7Scan - digi\u00b7access\" \/>\n<meta property=\"og:description\" content=\"digi\u00b7Scan web sitenizi eri\u015filebilirlik a\u00e7\u0131s\u0131ndan kontrol eder, eri\u015filebilirlik sorunlar\u0131n\u0131 tespit eder ve net bir optimizasyon raporu sunar.\" \/>\n<meta property=\"og:url\" content=\"https:\/\/www.digiaccess.org\/tr\/ueruenler\/digi-scan\/\" \/>\n<meta property=\"og:site_name\" content=\"digi\u00b7access\" \/>\n<meta property=\"article:modified_time\" content=\"2025-10-21T08:15:23+00:00\" \/>\n<meta property=\"og:image\" content=\"https:\/\/www.digiaccess.org\/wp-content\/uploads\/2025\/06\/digi-access_Packshot_Scan-1-scaled.png\" \/>\n\t<meta property=\"og:image:width\" content=\"2395\" \/>\n\t<meta property=\"og:image:height\" content=\"2560\" \/>\n\t<meta property=\"og:image:type\" content=\"image\/png\" \/>\n<meta name=\"twitter:card\" content=\"summary_large_image\" \/>\n<meta name=\"twitter:label1\" content=\"Tahmini okuma s\u00fcresi\" \/>\n\t<meta name=\"twitter:data1\" content=\"2 dakika\" \/>\n<script type=\"application\/ld+json\" class=\"yoast-schema-graph\">{\"@context\":\"https:\/\/schema.org\",\"@graph\":[{\"@type\":\"WebPage\",\"@id\":\"https:\/\/www.digiaccess.org\/tr\/ueruenler\/digi-scan\/\",\"url\":\"https:\/\/www.digiaccess.org\/tr\/ueruenler\/digi-scan\/\",\"name\":\"digi\u00b7Scan - digi\u00b7access\",\"isPartOf\":{\"@id\":\"https:\/\/www.digiaccess.org\/tr\/#website\"},\"primaryImageOfPage\":{\"@id\":\"https:\/\/www.digiaccess.org\/tr\/ueruenler\/digi-scan\/#primaryimage\"},\"image\":{\"@id\":\"https:\/\/www.digiaccess.org\/tr\/ueruenler\/digi-scan\/#primaryimage\"},\"thumbnailUrl\":\"https:\/\/www.digiaccess.org\/wp-content\/uploads\/2025\/06\/digi-access_Packshot_Scan-1-958x1024.png\",\"datePublished\":\"2024-11-13T09:15:06+00:00\",\"dateModified\":\"2025-10-21T08:15:23+00:00\",\"description\":\"digi\u00b7Scan web sitenizi eri\u015filebilirlik a\u00e7\u0131s\u0131ndan kontrol eder, eri\u015filebilirlik sorunlar\u0131n\u0131 tespit eder ve net bir optimizasyon raporu sunar.\",\"breadcrumb\":{\"@id\":\"https:\/\/www.digiaccess.org\/tr\/ueruenler\/digi-scan\/#breadcrumb\"},\"inLanguage\":\"tr\",\"potentialAction\":[{\"@type\":\"ReadAction\",\"target\":[\"https:\/\/www.digiaccess.org\/tr\/ueruenler\/digi-scan\/\"]}]},{\"@type\":\"ImageObject\",\"inLanguage\":\"tr\",\"@id\":\"https:\/\/www.digiaccess.org\/tr\/ueruenler\/digi-scan\/#primaryimage\",\"url\":\"https:\/\/www.digiaccess.org\/wp-content\/uploads\/2025\/06\/digi-access_Packshot_Scan-1-958x1024.png\",\"contentUrl\":\"https:\/\/www.digiaccess.org\/wp-content\/uploads\/2025\/06\/digi-access_Packshot_Scan-1-958x1024.png\"},{\"@type\":\"BreadcrumbList\",\"@id\":\"https:\/\/www.digiaccess.org\/tr\/ueruenler\/digi-scan\/#breadcrumb\",\"itemListElement\":[{\"@type\":\"ListItem\",\"position\":1,\"name\":\"Home\",\"item\":\"https:\/\/www.digiaccess.org\/tr\/\"},{\"@type\":\"ListItem\",\"position\":2,\"name\":\"\u00dcr\u00fcnler\",\"item\":\"https:\/\/www.digiaccess.org\/tr\/ueruenler\/\"},{\"@type\":\"ListItem\",\"position\":3,\"name\":\"digi\u00b7Scan\"}]},{\"@type\":\"WebSite\",\"@id\":\"https:\/\/www.digiaccess.org\/tr\/#website\",\"url\":\"https:\/\/www.digiaccess.org\/tr\/\",\"name\":\"digi\u00b7access\",\"description\":\"Dijital eri\u015filebilirlik\",\"publisher\":{\"@id\":\"https:\/\/www.digiaccess.org\/tr\/#organization\"},\"potentialAction\":[{\"@type\":\"SearchAction\",\"target\":{\"@type\":\"EntryPoint\",\"urlTemplate\":\"https:\/\/www.digiaccess.org\/tr\/?s={search_term_string}\"},\"query-input\":{\"@type\":\"PropertyValueSpecification\",\"valueRequired\":true,\"valueName\":\"search_term_string\"}}],\"inLanguage\":\"tr\"},{\"@type\":\"Organization\",\"@id\":\"https:\/\/www.digiaccess.org\/tr\/#organization\",\"name\":\"digi\u00b7access\",\"url\":\"https:\/\/www.digiaccess.org\/tr\/\",\"logo\":{\"@type\":\"ImageObject\",\"inLanguage\":\"tr\",\"@id\":\"https:\/\/www.digiaccess.org\/tr\/#\/schema\/logo\/image\/\",\"url\":\"https:\/\/www.digiaccess.org\/wp-content\/uploads\/2024\/10\/digi-access_Logo_02_RZ.svg\",\"contentUrl\":\"https:\/\/www.digiaccess.org\/wp-content\/uploads\/2024\/10\/digi-access_Logo_02_RZ.svg\",\"caption\":\"digi\u00b7access\"},\"image\":{\"@id\":\"https:\/\/www.digiaccess.org\/tr\/#\/schema\/logo\/image\/\"}}]}<\/script>\n<!-- \/ Yoast SEO plugin. -->","yoast_head_json":{"title":"digi\u00b7Scan - digi\u00b7access","description":"digi\u00b7Scan web sitenizi eri\u015filebilirlik a\u00e7\u0131s\u0131ndan kontrol eder, eri\u015filebilirlik sorunlar\u0131n\u0131 tespit eder ve net bir optimizasyon raporu sunar.","robots":{"index":"index","follow":"follow","max-snippet":"max-snippet:-1","max-image-preview":"max-image-preview:large","max-video-preview":"max-video-preview:-1"},"canonical":"https:\/\/www.digiaccess.org\/tr\/ueruenler\/digi-scan\/","og_locale":"tr_TR","og_type":"article","og_title":"digi\u00b7Scan - digi\u00b7access","og_description":"digi\u00b7Scan web sitenizi eri\u015filebilirlik a\u00e7\u0131s\u0131ndan kontrol eder, eri\u015filebilirlik sorunlar\u0131n\u0131 tespit eder ve net bir optimizasyon raporu sunar.","og_url":"https:\/\/www.digiaccess.org\/tr\/ueruenler\/digi-scan\/","og_site_name":"digi\u00b7access","article_modified_time":"2025-10-21T08:15:23+00:00","og_image":[{"width":2395,"height":2560,"url":"https:\/\/www.digiaccess.org\/wp-content\/uploads\/2025\/06\/digi-access_Packshot_Scan-1-scaled.png","type":"image\/png"}],"twitter_card":"summary_large_image","twitter_misc":{"Tahmini okuma s\u00fcresi":"2 dakika"},"schema":{"@context":"https:\/\/schema.org","@graph":[{"@type":"WebPage","@id":"https:\/\/www.digiaccess.org\/tr\/ueruenler\/digi-scan\/","url":"https:\/\/www.digiaccess.org\/tr\/ueruenler\/digi-scan\/","name":"digi\u00b7Scan - digi\u00b7access","isPartOf":{"@id":"https:\/\/www.digiaccess.org\/tr\/#website"},"primaryImageOfPage":{"@id":"https:\/\/www.digiaccess.org\/tr\/ueruenler\/digi-scan\/#primaryimage"},"image":{"@id":"https:\/\/www.digiaccess.org\/tr\/ueruenler\/digi-scan\/#primaryimage"},"thumbnailUrl":"https:\/\/www.digiaccess.org\/wp-content\/uploads\/2025\/06\/digi-access_Packshot_Scan-1-958x1024.png","datePublished":"2024-11-13T09:15:06+00:00","dateModified":"2025-10-21T08:15:23+00:00","description":"digi\u00b7Scan web sitenizi eri\u015filebilirlik a\u00e7\u0131s\u0131ndan kontrol eder, eri\u015filebilirlik sorunlar\u0131n\u0131 tespit eder ve net bir optimizasyon raporu sunar.","breadcrumb":{"@id":"https:\/\/www.digiaccess.org\/tr\/ueruenler\/digi-scan\/#breadcrumb"},"inLanguage":"tr","potentialAction":[{"@type":"ReadAction","target":["https:\/\/www.digiaccess.org\/tr\/ueruenler\/digi-scan\/"]}]},{"@type":"ImageObject","inLanguage":"tr","@id":"https:\/\/www.digiaccess.org\/tr\/ueruenler\/digi-scan\/#primaryimage","url":"https:\/\/www.digiaccess.org\/wp-content\/uploads\/2025\/06\/digi-access_Packshot_Scan-1-958x1024.png","contentUrl":"https:\/\/www.digiaccess.org\/wp-content\/uploads\/2025\/06\/digi-access_Packshot_Scan-1-958x1024.png"},{"@type":"BreadcrumbList","@id":"https:\/\/www.digiaccess.org\/tr\/ueruenler\/digi-scan\/#breadcrumb","itemListElement":[{"@type":"ListItem","position":1,"name":"Home","item":"https:\/\/www.digiaccess.org\/tr\/"},{"@type":"ListItem","position":2,"name":"\u00dcr\u00fcnler","item":"https:\/\/www.digiaccess.org\/tr\/ueruenler\/"},{"@type":"ListItem","position":3,"name":"digi\u00b7Scan"}]},{"@type":"WebSite","@id":"https:\/\/www.digiaccess.org\/tr\/#website","url":"https:\/\/www.digiaccess.org\/tr\/","name":"digi\u00b7access","description":"Dijital eri\u015filebilirlik","publisher":{"@id":"https:\/\/www.digiaccess.org\/tr\/#organization"},"potentialAction":[{"@type":"SearchAction","target":{"@type":"EntryPoint","urlTemplate":"https:\/\/www.digiaccess.org\/tr\/?s={search_term_string}"},"query-input":{"@type":"PropertyValueSpecification","valueRequired":true,"valueName":"search_term_string"}}],"inLanguage":"tr"},{"@type":"Organization","@id":"https:\/\/www.digiaccess.org\/tr\/#organization","name":"digi\u00b7access","url":"https:\/\/www.digiaccess.org\/tr\/","logo":{"@type":"ImageObject","inLanguage":"tr","@id":"https:\/\/www.digiaccess.org\/tr\/#\/schema\/logo\/image\/","url":"https:\/\/www.digiaccess.org\/wp-content\/uploads\/2024\/10\/digi-access_Logo_02_RZ.svg","contentUrl":"https:\/\/www.digiaccess.org\/wp-content\/uploads\/2024\/10\/digi-access_Logo_02_RZ.svg","caption":"digi\u00b7access"},"image":{"@id":"https:\/\/www.digiaccess.org\/tr\/#\/schema\/logo\/image\/"}}]}},"_links":{"self":[{"href":"https:\/\/www.digiaccess.org\/tr\/wp-json\/wp\/v2\/pages\/10815","targetHints":{"allow":["GET"]}}],"collection":[{"href":"https:\/\/www.digiaccess.org\/tr\/wp-json\/wp\/v2\/pages"}],"about":[{"href":"https:\/\/www.digiaccess.org\/tr\/wp-json\/wp\/v2\/types\/page"}],"author":[{"embeddable":true,"href":"https:\/\/www.digiaccess.org\/tr\/wp-json\/wp\/v2\/users\/2"}],"replies":[{"embeddable":true,"href":"https:\/\/www.digiaccess.org\/tr\/wp-json\/wp\/v2\/comments?post=10815"}],"version-history":[{"count":14,"href":"https:\/\/www.digiaccess.org\/tr\/wp-json\/wp\/v2\/pages\/10815\/revisions"}],"predecessor-version":[{"id":14822,"href":"https:\/\/www.digiaccess.org\/tr\/wp-json\/wp\/v2\/pages\/10815\/revisions\/14822"}],"up":[{"embeddable":true,"href":"https:\/\/www.digiaccess.org\/tr\/wp-json\/wp\/v2\/pages\/10025"}],"wp:attachment":[{"href":"https:\/\/www.digiaccess.org\/tr\/wp-json\/wp\/v2\/media?parent=10815"}],"curies":[{"name":"wp","href":"https:\/\/api.w.org\/{rel}","templated":true}]}}