{"id":16824,"date":"2026-01-23T06:45:30","date_gmt":"2026-01-23T05:45:30","guid":{"rendered":"https:\/\/www.digiaccess.org\/ueruenler\/digi-pdfua\/"},"modified":"2026-02-16T02:47:45","modified_gmt":"2026-02-16T01:47:45","slug":"digi-pdfua","status":"publish","type":"page","link":"https:\/\/www.digiaccess.org\/tr\/ueruenler\/digi-pdfua\/","title":{"rendered":"digi-pdfUA"},"content":{"rendered":"\t\t<div data-elementor-type=\"wp-page\" data-elementor-id=\"16824\" class=\"elementor elementor-16824 elementor-15750\" data-elementor-post-type=\"page\">\n\t\t\t\t<div class=\"elementor-element elementor-element-9a2e16a e-flex e-con-boxed e-con e-parent\" data-id=\"9a2e16a\" data-element_type=\"container\" data-settings=\"{&quot;background_background&quot;:&quot;classic&quot;}\">\n\t\t\t\t\t<div class=\"e-con-inner\">\n\t\t<div class=\"elementor-element elementor-element-f11515e e-con-full e-flex e-con e-child\" data-id=\"f11515e\" data-element_type=\"container\">\n\t\t\t\t<div class=\"elementor-element elementor-element-e304611 elementor-widget elementor-widget-heading\" data-id=\"e304611\" data-element_type=\"widget\" data-widget_type=\"heading.default\">\n\t\t\t\t<div class=\"elementor-widget-container\">\n\t\t\t\t\t<h1 class=\"elementor-heading-title elementor-size-default\">digi-pdfUA<\/h1>\t\t\t\t<\/div>\n\t\t\t\t<\/div>\n\t\t\t\t<div class=\"elementor-element elementor-element-83e9e72 elementor-widget elementor-widget-heading\" data-id=\"83e9e72\" data-element_type=\"widget\" data-widget_type=\"heading.default\">\n\t\t\t\t<div class=\"elementor-widget-container\">\n\t\t\t\t\t<h4 class=\"elementor-heading-title elementor-size-default\">Eri\u015filebilir PDF'ler haz\u0131rlay\u0131n. Eri\u015filebilirli\u011fi sa\u011flay\u0131n. <\/h4>\t\t\t\t<\/div>\n\t\t\t\t<\/div>\n\t\t\t\t<div class=\"elementor-element elementor-element-193f1ef elementor-widget elementor-widget-text-editor\" data-id=\"193f1ef\" data-element_type=\"widget\" data-widget_type=\"text-editor.default\">\n\t\t\t\t<div class=\"elementor-widget-container\">\n\t\t\t\t\t\t\t\t\t<p>digi-pdfUA, mevcut PDF belgelerini PDF\/UA&#8217;ya uygun olarak eri\u015filebilir PDF&#8217;lere d\u00f6n\u00fc\u015ft\u00fcr\u00fcr.<\/p><p>Bu, belgelerin g\u00fcvenilir bir \u015fekilde eri\u015filebilir ve standartlarla uyumlu olmas\u0131n\u0131 sa\u011flar &#8211; editoryal veya mizanpaj i\u00e7in ek \u00e7al\u0131\u015fma gerektirmeden.<\/p><p> <\/p>\t\t\t\t\t\t\t\t<\/div>\n\t\t\t\t<\/div>\n\t\t<div class=\"elementor-element elementor-element-bb514a4 e-grid e-con-full e-con e-child\" data-id=\"bb514a4\" data-element_type=\"container\">\n\t\t\t\t<div class=\"elementor-element elementor-element-15bf5e1 elementor-align-right elementor-widget-mobile__width-inherit elementor-widget elementor-widget-the7_button_widget\" data-id=\"15bf5e1\" data-element_type=\"widget\" data-widget_type=\"the7_button_widget.default\">\n\t\t\t\t<div class=\"elementor-widget-container\">\n\t\t\t\t\t<div class=\"elementor-button-wrapper\"><a href=\"https:\/\/dashboard.digiaccess.org\/auth\/signin\" target=\"_blank\" class=\"box-button elementor-button elementor-size-md\">digi-pdfUA sipari\u015f edin<\/a><\/div>\t\t\t\t<\/div>\n\t\t\t\t<\/div>\n\t\t\t\t<\/div>\n\t\t\t\t<\/div>\n\t\t<div class=\"elementor-element elementor-element-ea67493 e-con-full e-flex e-con e-child\" data-id=\"ea67493\" data-element_type=\"container\">\n\t\t\t\t<div class=\"elementor-element elementor-element-e2610d8 elementor-widget elementor-widget-image\" data-id=\"e2610d8\" data-element_type=\"widget\" data-widget_type=\"image.default\">\n\t\t\t\t<div class=\"elementor-widget-container\">\n\t\t\t\t\t\t\t\t\t\t\t\t\t\t\t<img fetchpriority=\"high\" decoding=\"async\" width=\"957\" height=\"1024\" src=\"https:\/\/www.digiaccess.org\/wp-content\/uploads\/2026\/02\/digi-pdfUA.png\" class=\"attachment-large size-large wp-image-16695\" alt=\"\" srcset=\"https:\/\/www.digiaccess.org\/wp-content\/uploads\/2026\/02\/digi-pdfUA.png 958w, https:\/\/www.digiaccess.org\/wp-content\/uploads\/2026\/02\/digi-pdfUA-280x300.png 280w, https:\/\/www.digiaccess.org\/wp-content\/uploads\/2026\/02\/digi-pdfUA-768x822.png 768w\" sizes=\"(max-width: 957px) 100vw, 957px\" \/>\t\t\t\t\t\t\t\t\t\t\t\t\t\t\t<\/div>\n\t\t\t\t<\/div>\n\t\t\t\t<\/div>\n\t\t\t\t\t<\/div>\n\t\t\t\t<\/div>\n\t\t<div class=\"elementor-element elementor-element-dbf51ac e-grid e-con-boxed e-con e-parent\" data-id=\"dbf51ac\" data-element_type=\"container\">\n\t\t\t\t\t<div class=\"e-con-inner\">\n\t\t<div class=\"elementor-element elementor-element-918a894 e-con-full e-flex e-con e-child\" data-id=\"918a894\" data-element_type=\"container\">\n\t\t\t\t<div class=\"elementor-element elementor-element-a27ef39 elementor-widget elementor-widget-image\" data-id=\"a27ef39\" data-element_type=\"widget\" data-widget_type=\"image.default\">\n\t\t\t\t<div class=\"elementor-widget-container\">\n\t\t\t\t\t\t\t\t\t\t\t\t\t\t\t<img decoding=\"async\" width=\"1024\" height=\"925\" src=\"https:\/\/www.digiaccess.org\/wp-content\/uploads\/2026\/02\/PDF_EUA-1024x925.png\" class=\"attachment-large size-large wp-image-16417\" alt=\"\" srcset=\"https:\/\/www.digiaccess.org\/wp-content\/uploads\/2026\/02\/PDF_EUA-1024x925.png 1024w, https:\/\/www.digiaccess.org\/wp-content\/uploads\/2026\/02\/PDF_EUA-300x271.png 300w, https:\/\/www.digiaccess.org\/wp-content\/uploads\/2026\/02\/PDF_EUA-768x694.png 768w, https:\/\/www.digiaccess.org\/wp-content\/uploads\/2026\/02\/PDF_EUA.png 1100w\" sizes=\"(max-width: 1024px) 100vw, 1024px\" \/>\t\t\t\t\t\t\t\t\t\t\t\t\t\t\t<\/div>\n\t\t\t\t<\/div>\n\t\t\t\t<\/div>\n\t\t<div class=\"elementor-element elementor-element-92f9088 e-con-full e-flex e-con e-child\" data-id=\"92f9088\" data-element_type=\"container\">\n\t\t\t\t<div class=\"elementor-element elementor-element-5e59c04 elementor-widget elementor-widget-heading\" data-id=\"5e59c04\" data-element_type=\"widget\" data-widget_type=\"heading.default\">\n\t\t\t\t<div class=\"elementor-widget-container\">\n\t\t\t\t\t<h3 class=\"elementor-heading-title elementor-size-default\">digi-pdfUA ne yapar<\/h3>\t\t\t\t<\/div>\n\t\t\t\t<\/div>\n\t\t\t\t<div class=\"elementor-element elementor-element-c986140 elementor-widget elementor-widget-text-editor\" data-id=\"c986140\" data-element_type=\"widget\" data-widget_type=\"text-editor.default\">\n\t\t\t\t<div class=\"elementor-widget-container\">\n\t\t\t\t\t\t\t\t\t<p>Digi-pdfUA, PDF belgelerini eri\u015filebilir hale getirir ve PDF\/UA standard\u0131n\u0131n gerekliliklerini yerine getirmelerini sa\u011flar.<\/p><p><strong>Di\u011ferlerinin yan\u0131 s\u0131ra a\u015fa\u011f\u0131dakiler i\u00e7in uygundur:<\/strong><\/p><ul><li><strong>S\u00f6zle\u015fmeler ve t\u00fcz\u00fckler<\/strong><\/li><li><strong>Y\u0131ll\u0131k raporlar ve \u00e7al\u0131\u015fmalar<\/strong><\/li><li><strong>\u0130haleler ve bilgilendirme dok\u00fcmanlar\u0131<\/strong><\/li><li><strong>Formlar ve etkile\u015fimli PDF&#8217;ler<\/strong><\/li><\/ul><p>D\u00f6n\u00fc\u015ft\u00fcr\u00fclen t\u00fcm belgeler, ekran okuyucularla kolayca kullan\u0131labilecek ve yap\u0131land\u0131r\u0131lm\u0131\u015f bir \u015fekilde eri\u015filebilecek \u015fekilde haz\u0131rlan\u0131r.<\/p>\t\t\t\t\t\t\t\t<\/div>\n\t\t\t\t<\/div>\n\t\t\t\t<\/div>\n\t\t\t\t\t<\/div>\n\t\t\t\t<\/div>\n\t\t<div class=\"elementor-element elementor-element-5cce4d2 e-grid e-con-boxed e-con e-parent\" data-id=\"5cce4d2\" data-element_type=\"container\">\n\t\t\t\t\t<div class=\"e-con-inner\">\n\t\t<div class=\"elementor-element elementor-element-7277b25 e-con-full e-flex e-con e-child\" data-id=\"7277b25\" data-element_type=\"container\">\n\t\t\t\t<div class=\"elementor-element elementor-element-6c555e7 elementor-widget elementor-widget-heading\" data-id=\"6c555e7\" data-element_type=\"widget\" data-widget_type=\"heading.default\">\n\t\t\t\t<div class=\"elementor-widget-container\">\n\t\t\t\t\t<h3 class=\"elementor-heading-title elementor-size-default\">digi-pdfUA nas\u0131l \u00e7al\u0131\u015f\u0131r?<\/h3>\t\t\t\t<\/div>\n\t\t\t\t<\/div>\n\t\t\t\t<div class=\"elementor-element elementor-element-49a2cbd elementor-widget elementor-widget-text-editor\" data-id=\"49a2cbd\" data-element_type=\"widget\" data-widget_type=\"text-editor.default\">\n\t\t\t\t<div class=\"elementor-widget-container\">\n\t\t\t\t\t\t\t\t\t<p>digi-pdfUA, mevcut PDF&#8217;leri teknik ve yap\u0131sal olarak PDF\/UA&#8217;ya g\u00f6re haz\u0131rlar.<\/p><ul><li><strong>Ba\u015fl\u0131klar\u0131n, paragraflar\u0131n ve listelerin do\u011fru etiketlenmesi<\/strong><\/li><li><strong>Mant\u0131ksal olarak yap\u0131land\u0131r\u0131lm\u0131\u015f okuma s\u0131ras\u0131<\/strong><\/li><li><strong>Resimler ve grafikler i\u00e7in alternatif metinler<\/strong><\/li><li><strong>Ba\u011flant\u0131lar\u0131n, formlar\u0131n ve etkile\u015fimli \u00f6\u011felerin engelsiz uygulanmas\u0131<\/strong><\/li><li><strong>Net belge yap\u0131s\u0131<\/strong><\/li><\/ul><p>PAC testinin (PDF Accessibility Checker) sonucu, eri\u015filebilir her PDF i\u00e7in \u00fccretsiz olarak sa\u011flan\u0131r (<a href=\"https:\/\/pac.pdf-accessibility.org\/de\"><strong><em>PDF Eri\u015filebilirlik Denetleyicisini \u00fccretsiz indirin<\/em><\/strong><\/a>). Bu \u015fekilde, eri\u015filebilirlik do\u011frulanabilir ve anla\u015f\u0131labilir bir \u015fekilde belgelenir. <\/p>\t\t\t\t\t\t\t\t<\/div>\n\t\t\t\t<\/div>\n\t\t\t\t<\/div>\n\t\t<div class=\"elementor-element elementor-element-8941006 e-con-full e-flex e-con e-child\" data-id=\"8941006\" data-element_type=\"container\">\n\t\t\t\t<div class=\"elementor-element elementor-element-a9b295c elementor-widget elementor-widget-image\" data-id=\"a9b295c\" data-element_type=\"widget\" data-widget_type=\"image.default\">\n\t\t\t\t<div class=\"elementor-widget-container\">\n\t\t\t\t\t\t\t\t\t\t\t\t\t\t\t<img decoding=\"async\" width=\"1024\" height=\"830\" src=\"https:\/\/www.digiaccess.org\/wp-content\/uploads\/2026\/02\/PDF-1024x830.png\" class=\"attachment-large size-large wp-image-16433\" alt=\"\" srcset=\"https:\/\/www.digiaccess.org\/wp-content\/uploads\/2026\/02\/PDF-1024x830.png 1024w, https:\/\/www.digiaccess.org\/wp-content\/uploads\/2026\/02\/PDF-300x243.png 300w, https:\/\/www.digiaccess.org\/wp-content\/uploads\/2026\/02\/PDF-768x623.png 768w, https:\/\/www.digiaccess.org\/wp-content\/uploads\/2026\/02\/PDF-1536x1245.png 1536w, https:\/\/www.digiaccess.org\/wp-content\/uploads\/2026\/02\/PDF-2048x1661.png 2048w\" sizes=\"(max-width: 1024px) 100vw, 1024px\" \/>\t\t\t\t\t\t\t\t\t\t\t\t\t\t\t<\/div>\n\t\t\t\t<\/div>\n\t\t\t\t<\/div>\n\t\t\t\t\t<\/div>\n\t\t\t\t<\/div>\n\t\t<div class=\"elementor-element elementor-element-b6bb331 e-flex e-con-boxed e-con e-parent\" data-id=\"b6bb331\" data-element_type=\"container\">\n\t\t\t\t\t<div class=\"e-con-inner\">\n\t\t<div class=\"elementor-element elementor-element-9ad2469 e-grid e-con-full priceset e-con e-child\" data-id=\"9ad2469\" data-element_type=\"container\">\n\t\t\t\t<div class=\"elementor-element elementor-element-f40a108 elementor-position-left elementor-view-default elementor-mobile-position-top elementor-widget elementor-widget-icon-box\" data-id=\"f40a108\" data-element_type=\"widget\" data-widget_type=\"icon-box.default\">\n\t\t\t\t<div class=\"elementor-widget-container\">\n\t\t\t\t\t\t\t<div class=\"elementor-icon-box-wrapper\">\n\n\t\t\t\t\t\t<div class=\"elementor-icon-box-icon\">\n\t\t\t\t<span  class=\"elementor-icon\">\n\t\t\t\t<svg aria-hidden=\"true\" class=\"e-font-icon-svg e-far-smile\" viewBox=\"0 0 496 512\" xmlns=\"http:\/\/www.w3.org\/2000\/svg\"><path d=\"M248 8C111 8 0 119 0 256s111 248 248 248 248-111 248-248S385 8 248 8zm0 448c-110.3 0-200-89.7-200-200S137.7 56 248 56s200 89.7 200 200-89.7 200-200 200zm-80-216c17.7 0 32-14.3 32-32s-14.3-32-32-32-32 14.3-32 32 14.3 32 32 32zm160 0c17.7 0 32-14.3 32-32s-14.3-32-32-32-32 14.3-32 32 14.3 32 32 32zm4 72.6c-20.8 25-51.5 39.4-84 39.4s-63.2-14.3-84-39.4c-8.5-10.2-23.7-11.5-33.8-3.1-10.2 8.5-11.5 23.6-3.1 33.8 30 36 74.1 56.6 120.9 56.6s90.9-20.6 120.9-56.6c8.5-10.2 7.1-25.3-3.1-33.8-10.1-8.4-25.3-7.1-33.8 3.1z\"><\/path><\/svg>\t\t\t\t<\/span>\n\t\t\t<\/div>\n\t\t\t\n\t\t\t\t\t\t<div class=\"elementor-icon-box-content\">\n\n\t\t\t\t\t\t\t\t\t<h3 class=\"elementor-icon-box-title\">\n\t\t\t\t\t\t<span  >\n\t\t\t\t\t\t\tSabit fiyat\t\t\t\t\t\t<\/span>\n\t\t\t\t\t<\/h3>\n\t\t\t\t\n\t\t\t\t\n\t\t\t<\/div>\n\t\t\t\n\t\t<\/div>\n\t\t\t\t\t\t<\/div>\n\t\t\t\t<\/div>\n\t\t\t\t<div class=\"elementor-element elementor-element-e561006 elementor-widget elementor-widget-text-editor\" data-id=\"e561006\" data-element_type=\"widget\" data-widget_type=\"text-editor.default\">\n\t\t\t\t<div class=\"elementor-widget-container\">\n\t\t\t\t\t\t\t\t\t<p>   <\/p>\t\t\t\t\t\t\t\t<\/div>\n\t\t\t\t<\/div>\n\t\t\t\t<div class=\"elementor-element elementor-element-bce5bf7 elementor-widget elementor-widget-text-editor\" data-id=\"bce5bf7\" data-element_type=\"widget\" data-widget_type=\"text-editor.default\">\n\t\t\t\t<div class=\"elementor-widget-container\">\n\t\t\t\t\t\t\t\t\t<div class=\"nectar-list-item\" data-text-align=\"left\"><div class=\"nectar-list-item\" data-text-align=\"left\"><p>9,90 \u20ac\/sayfa ba\u015f\u0131na<\/p><\/div><\/div>\t\t\t\t\t\t\t\t<\/div>\n\t\t\t\t<\/div>\n\t\t\t\t<\/div>\n\t\t\t\t\t<\/div>\n\t\t\t\t<\/div>\n\t\t<div class=\"elementor-element elementor-element-ac191fc e-flex e-con-boxed e-con e-parent\" data-id=\"ac191fc\" data-element_type=\"container\" data-settings=\"{&quot;background_background&quot;:&quot;classic&quot;}\">\n\t\t\t\t\t<div class=\"e-con-inner\">\n\t\t\t\t<div class=\"elementor-element elementor-element-e2d9437 elementor-widget elementor-widget-heading\" data-id=\"e2d9437\" data-element_type=\"widget\" data-widget_type=\"heading.default\">\n\t\t\t\t<div class=\"elementor-widget-container\">\n\t\t\t\t\t<h2 class=\"elementor-heading-title elementor-size-default\">Herhangi bir sorunuz var m\u0131?<\/h2>\t\t\t\t<\/div>\n\t\t\t\t<\/div>\n\t\t\t\t<div class=\"elementor-element elementor-element-bc049fe elementor-hidden-mobile elementor-widget elementor-widget-text-editor\" data-id=\"bc049fe\" data-element_type=\"widget\" data-widget_type=\"text-editor.default\">\n\t\t\t\t<div class=\"elementor-widget-container\">\n\t\t\t\t\t\t\t\t\t<h4 class=\"vc_custom_heading vc_custom_1673620750774\" data-da-style=\"true\">Uzmanlar\u0131m\u0131z size yard\u0131mc\u0131 olmaktan mutluluk duyacakt\u0131r.<br>\u0130htiya\u00e7lar\u0131n\u0131za en uygun \u00e7\u00f6z\u00fcm\u00fc bulman\u0131zda size destek oluyoruz.<\/h4>\t\t\t\t\t\t\t\t<\/div>\n\t\t\t\t<\/div>\n\t\t\t\t<div class=\"elementor-element elementor-element-2f83d14 elementor-hidden-desktop elementor-hidden-tablet elementor-widget elementor-widget-text-editor\" data-id=\"2f83d14\" data-element_type=\"widget\" data-widget_type=\"text-editor.default\">\n\t\t\t\t<div class=\"elementor-widget-container\">\n\t\t\t\t\t\t\t\t\t<p class=\"vc_custom_heading vc_custom_1673620750774\" style=\"text-align: center;\" data-da-style=\"true\">Uzmanlar\u0131m\u0131z sizin i\u00e7in burada. \u0130htiya\u00e7lar\u0131n\u0131z i\u00e7in en iyi \u00e7\u00f6z\u00fcm\u00fc bulman\u0131zda size destek olaca\u011f\u0131z. <\/p>\t\t\t\t\t\t\t\t<\/div>\n\t\t\t\t<\/div>\n\t\t\t\t\t<\/div>\n\t\t\t\t<\/div>\n\t\t\t\t<\/div>\n\t\t","protected":false},"excerpt":{"rendered":"<p>digi-pdfUA Eri\u015filebilir PDF&#8217;ler haz\u0131rlay\u0131n. Eri\u015filebilirli\u011fi sa\u011flay\u0131n. digi-pdfUA, mevcut PDF belgelerini PDF\/UA&#8217;ya uygun olarak eri\u015filebilir PDF&#8217;lere d\u00f6n\u00fc\u015ft\u00fcr\u00fcr. Bu, belgelerin g\u00fcvenilir bir \u015fekilde eri\u015filebilir ve standartlarla uyumlu olmas\u0131n\u0131 sa\u011flar &#8211; editoryal veya mizanpaj i\u00e7in ek \u00e7al\u0131\u015fma gerektirmeden. digi-pdfUA sipari\u015f edin digi-pdfUA ne yapar Digi-pdfUA, PDF belgelerini eri\u015filebilir hale getirir ve PDF\/UA standard\u0131n\u0131n gerekliliklerini yerine getirmelerini sa\u011flar. Di\u011ferlerinin&hellip;<\/p>\n","protected":false},"author":13,"featured_media":0,"parent":10025,"menu_order":0,"comment_status":"closed","ping_status":"closed","template":"","meta":{"inline_featured_image":false,"footnotes":""},"class_list":["post-16824","page","type-page","status-publish","hentry"],"yoast_head":"<!-- This site is optimized with the Yoast SEO plugin v26.6 - https:\/\/yoast.com\/wordpress\/plugins\/seo\/ -->\n<title>digi-pdfUA - digi\u00b7access<\/title>\n<meta name=\"description\" content=\"digi\u00b7pdf, PDF&#039;lerinizi PDF\/UA standard\u0131na uygun olarak eri\u015filebilir hale getirir - optimum eri\u015filebilirlik ve kullan\u0131c\u0131 dostu olmas\u0131 i\u00e7in bir PAC testi de dahil.\" \/>\n<meta name=\"robots\" content=\"index, follow, max-snippet:-1, max-image-preview:large, max-video-preview:-1\" \/>\n<link rel=\"canonical\" href=\"https:\/\/www.digiaccess.org\/tr\/ueruenler\/digi-pdfua\/\" \/>\n<meta property=\"og:locale\" content=\"tr_TR\" \/>\n<meta property=\"og:type\" content=\"article\" \/>\n<meta property=\"og:title\" content=\"digi-pdfUA - digi\u00b7access\" \/>\n<meta property=\"og:description\" content=\"digi\u00b7pdf, PDF&#039;lerinizi PDF\/UA standard\u0131na uygun olarak eri\u015filebilir hale getirir - optimum eri\u015filebilirlik ve kullan\u0131c\u0131 dostu olmas\u0131 i\u00e7in bir PAC testi de dahil.\" \/>\n<meta property=\"og:url\" content=\"https:\/\/www.digiaccess.org\/tr\/ueruenler\/digi-pdfua\/\" \/>\n<meta property=\"og:site_name\" content=\"digi\u00b7access\" \/>\n<meta property=\"article:modified_time\" content=\"2026-02-16T01:47:45+00:00\" \/>\n<meta property=\"og:image\" content=\"https:\/\/www.digiaccess.org\/wp-content\/uploads\/2026\/02\/digi-pdfUA.png\" \/>\n\t<meta property=\"og:image:width\" content=\"958\" \/>\n\t<meta property=\"og:image:height\" content=\"1025\" \/>\n\t<meta property=\"og:image:type\" content=\"image\/png\" \/>\n<meta name=\"twitter:card\" content=\"summary_large_image\" \/>\n<meta name=\"twitter:label1\" content=\"Tahmini okuma s\u00fcresi\" \/>\n\t<meta name=\"twitter:data1\" content=\"1 dakika\" \/>\n<script type=\"application\/ld+json\" class=\"yoast-schema-graph\">{\"@context\":\"https:\/\/schema.org\",\"@graph\":[{\"@type\":\"WebPage\",\"@id\":\"https:\/\/www.digiaccess.org\/tr\/ueruenler\/digi-pdfua\/\",\"url\":\"https:\/\/www.digiaccess.org\/tr\/ueruenler\/digi-pdfua\/\",\"name\":\"digi-pdfUA - digi\u00b7access\",\"isPartOf\":{\"@id\":\"https:\/\/www.digiaccess.org\/tr\/#website\"},\"primaryImageOfPage\":{\"@id\":\"https:\/\/www.digiaccess.org\/tr\/ueruenler\/digi-pdfua\/#primaryimage\"},\"image\":{\"@id\":\"https:\/\/www.digiaccess.org\/tr\/ueruenler\/digi-pdfua\/#primaryimage\"},\"thumbnailUrl\":\"https:\/\/www.digiaccess.org\/wp-content\/uploads\/2026\/02\/digi-pdfUA.png\",\"datePublished\":\"2026-01-23T05:45:30+00:00\",\"dateModified\":\"2026-02-16T01:47:45+00:00\",\"description\":\"digi\u00b7pdf, PDF'lerinizi PDF\/UA standard\u0131na uygun olarak eri\u015filebilir hale getirir - optimum eri\u015filebilirlik ve kullan\u0131c\u0131 dostu olmas\u0131 i\u00e7in bir PAC testi de dahil.\",\"breadcrumb\":{\"@id\":\"https:\/\/www.digiaccess.org\/tr\/ueruenler\/digi-pdfua\/#breadcrumb\"},\"inLanguage\":\"tr\",\"potentialAction\":[{\"@type\":\"ReadAction\",\"target\":[\"https:\/\/www.digiaccess.org\/tr\/ueruenler\/digi-pdfua\/\"]}]},{\"@type\":\"ImageObject\",\"inLanguage\":\"tr\",\"@id\":\"https:\/\/www.digiaccess.org\/tr\/ueruenler\/digi-pdfua\/#primaryimage\",\"url\":\"https:\/\/www.digiaccess.org\/wp-content\/uploads\/2026\/02\/digi-pdfUA.png\",\"contentUrl\":\"https:\/\/www.digiaccess.org\/wp-content\/uploads\/2026\/02\/digi-pdfUA.png\"},{\"@type\":\"BreadcrumbList\",\"@id\":\"https:\/\/www.digiaccess.org\/tr\/ueruenler\/digi-pdfua\/#breadcrumb\",\"itemListElement\":[{\"@type\":\"ListItem\",\"position\":1,\"name\":\"Home\",\"item\":\"https:\/\/www.digiaccess.org\/tr\/\"},{\"@type\":\"ListItem\",\"position\":2,\"name\":\"\u00dcr\u00fcnler\",\"item\":\"https:\/\/www.digiaccess.org\/tr\/ueruenler\/\"},{\"@type\":\"ListItem\",\"position\":3,\"name\":\"digi-pdfUA\"}]},{\"@type\":\"WebSite\",\"@id\":\"https:\/\/www.digiaccess.org\/tr\/#website\",\"url\":\"https:\/\/www.digiaccess.org\/tr\/\",\"name\":\"digi\u00b7access\",\"description\":\"Dijital eri\u015filebilirlik\",\"publisher\":{\"@id\":\"https:\/\/www.digiaccess.org\/tr\/#organization\"},\"potentialAction\":[{\"@type\":\"SearchAction\",\"target\":{\"@type\":\"EntryPoint\",\"urlTemplate\":\"https:\/\/www.digiaccess.org\/tr\/?s={search_term_string}\"},\"query-input\":{\"@type\":\"PropertyValueSpecification\",\"valueRequired\":true,\"valueName\":\"search_term_string\"}}],\"inLanguage\":\"tr\"},{\"@type\":\"Organization\",\"@id\":\"https:\/\/www.digiaccess.org\/tr\/#organization\",\"name\":\"digi\u00b7access\",\"url\":\"https:\/\/www.digiaccess.org\/tr\/\",\"logo\":{\"@type\":\"ImageObject\",\"inLanguage\":\"tr\",\"@id\":\"https:\/\/www.digiaccess.org\/tr\/#\/schema\/logo\/image\/\",\"url\":\"https:\/\/www.digiaccess.org\/wp-content\/uploads\/2024\/10\/digi-access_Logo_02_RZ.svg\",\"contentUrl\":\"https:\/\/www.digiaccess.org\/wp-content\/uploads\/2024\/10\/digi-access_Logo_02_RZ.svg\",\"caption\":\"digi\u00b7access\"},\"image\":{\"@id\":\"https:\/\/www.digiaccess.org\/tr\/#\/schema\/logo\/image\/\"}}]}<\/script>\n<!-- \/ Yoast SEO plugin. -->","yoast_head_json":{"title":"digi-pdfUA - digi\u00b7access","description":"digi\u00b7pdf, PDF'lerinizi PDF\/UA standard\u0131na uygun olarak eri\u015filebilir hale getirir - optimum eri\u015filebilirlik ve kullan\u0131c\u0131 dostu olmas\u0131 i\u00e7in bir PAC testi de dahil.","robots":{"index":"index","follow":"follow","max-snippet":"max-snippet:-1","max-image-preview":"max-image-preview:large","max-video-preview":"max-video-preview:-1"},"canonical":"https:\/\/www.digiaccess.org\/tr\/ueruenler\/digi-pdfua\/","og_locale":"tr_TR","og_type":"article","og_title":"digi-pdfUA - digi\u00b7access","og_description":"digi\u00b7pdf, PDF'lerinizi PDF\/UA standard\u0131na uygun olarak eri\u015filebilir hale getirir - optimum eri\u015filebilirlik ve kullan\u0131c\u0131 dostu olmas\u0131 i\u00e7in bir PAC testi de dahil.","og_url":"https:\/\/www.digiaccess.org\/tr\/ueruenler\/digi-pdfua\/","og_site_name":"digi\u00b7access","article_modified_time":"2026-02-16T01:47:45+00:00","og_image":[{"width":958,"height":1025,"url":"https:\/\/www.digiaccess.org\/wp-content\/uploads\/2026\/02\/digi-pdfUA.png","type":"image\/png"}],"twitter_card":"summary_large_image","twitter_misc":{"Tahmini okuma s\u00fcresi":"1 dakika"},"schema":{"@context":"https:\/\/schema.org","@graph":[{"@type":"WebPage","@id":"https:\/\/www.digiaccess.org\/tr\/ueruenler\/digi-pdfua\/","url":"https:\/\/www.digiaccess.org\/tr\/ueruenler\/digi-pdfua\/","name":"digi-pdfUA - digi\u00b7access","isPartOf":{"@id":"https:\/\/www.digiaccess.org\/tr\/#website"},"primaryImageOfPage":{"@id":"https:\/\/www.digiaccess.org\/tr\/ueruenler\/digi-pdfua\/#primaryimage"},"image":{"@id":"https:\/\/www.digiaccess.org\/tr\/ueruenler\/digi-pdfua\/#primaryimage"},"thumbnailUrl":"https:\/\/www.digiaccess.org\/wp-content\/uploads\/2026\/02\/digi-pdfUA.png","datePublished":"2026-01-23T05:45:30+00:00","dateModified":"2026-02-16T01:47:45+00:00","description":"digi\u00b7pdf, PDF'lerinizi PDF\/UA standard\u0131na uygun olarak eri\u015filebilir hale getirir - optimum eri\u015filebilirlik ve kullan\u0131c\u0131 dostu olmas\u0131 i\u00e7in bir PAC testi de dahil.","breadcrumb":{"@id":"https:\/\/www.digiaccess.org\/tr\/ueruenler\/digi-pdfua\/#breadcrumb"},"inLanguage":"tr","potentialAction":[{"@type":"ReadAction","target":["https:\/\/www.digiaccess.org\/tr\/ueruenler\/digi-pdfua\/"]}]},{"@type":"ImageObject","inLanguage":"tr","@id":"https:\/\/www.digiaccess.org\/tr\/ueruenler\/digi-pdfua\/#primaryimage","url":"https:\/\/www.digiaccess.org\/wp-content\/uploads\/2026\/02\/digi-pdfUA.png","contentUrl":"https:\/\/www.digiaccess.org\/wp-content\/uploads\/2026\/02\/digi-pdfUA.png"},{"@type":"BreadcrumbList","@id":"https:\/\/www.digiaccess.org\/tr\/ueruenler\/digi-pdfua\/#breadcrumb","itemListElement":[{"@type":"ListItem","position":1,"name":"Home","item":"https:\/\/www.digiaccess.org\/tr\/"},{"@type":"ListItem","position":2,"name":"\u00dcr\u00fcnler","item":"https:\/\/www.digiaccess.org\/tr\/ueruenler\/"},{"@type":"ListItem","position":3,"name":"digi-pdfUA"}]},{"@type":"WebSite","@id":"https:\/\/www.digiaccess.org\/tr\/#website","url":"https:\/\/www.digiaccess.org\/tr\/","name":"digi\u00b7access","description":"Dijital eri\u015filebilirlik","publisher":{"@id":"https:\/\/www.digiaccess.org\/tr\/#organization"},"potentialAction":[{"@type":"SearchAction","target":{"@type":"EntryPoint","urlTemplate":"https:\/\/www.digiaccess.org\/tr\/?s={search_term_string}"},"query-input":{"@type":"PropertyValueSpecification","valueRequired":true,"valueName":"search_term_string"}}],"inLanguage":"tr"},{"@type":"Organization","@id":"https:\/\/www.digiaccess.org\/tr\/#organization","name":"digi\u00b7access","url":"https:\/\/www.digiaccess.org\/tr\/","logo":{"@type":"ImageObject","inLanguage":"tr","@id":"https:\/\/www.digiaccess.org\/tr\/#\/schema\/logo\/image\/","url":"https:\/\/www.digiaccess.org\/wp-content\/uploads\/2024\/10\/digi-access_Logo_02_RZ.svg","contentUrl":"https:\/\/www.digiaccess.org\/wp-content\/uploads\/2024\/10\/digi-access_Logo_02_RZ.svg","caption":"digi\u00b7access"},"image":{"@id":"https:\/\/www.digiaccess.org\/tr\/#\/schema\/logo\/image\/"}}]}},"_links":{"self":[{"href":"https:\/\/www.digiaccess.org\/tr\/wp-json\/wp\/v2\/pages\/16824","targetHints":{"allow":["GET"]}}],"collection":[{"href":"https:\/\/www.digiaccess.org\/tr\/wp-json\/wp\/v2\/pages"}],"about":[{"href":"https:\/\/www.digiaccess.org\/tr\/wp-json\/wp\/v2\/types\/page"}],"author":[{"embeddable":true,"href":"https:\/\/www.digiaccess.org\/tr\/wp-json\/wp\/v2\/users\/13"}],"replies":[{"embeddable":true,"href":"https:\/\/www.digiaccess.org\/tr\/wp-json\/wp\/v2\/comments?post=16824"}],"version-history":[{"count":1,"href":"https:\/\/www.digiaccess.org\/tr\/wp-json\/wp\/v2\/pages\/16824\/revisions"}],"predecessor-version":[{"id":16825,"href":"https:\/\/www.digiaccess.org\/tr\/wp-json\/wp\/v2\/pages\/16824\/revisions\/16825"}],"up":[{"embeddable":true,"href":"https:\/\/www.digiaccess.org\/tr\/wp-json\/wp\/v2\/pages\/10025"}],"wp:attachment":[{"href":"https:\/\/www.digiaccess.org\/tr\/wp-json\/wp\/v2\/media?parent=16824"}],"curies":[{"name":"wp","href":"https:\/\/api.w.org\/{rel}","templated":true}]}}