{"id":16893,"date":"2026-01-23T06:31:06","date_gmt":"2026-01-23T05:31:06","guid":{"rendered":"https:\/\/www.digiaccess.org\/ueruenler\/digi%c2%b7assistant\/"},"modified":"2026-02-16T02:59:53","modified_gmt":"2026-02-16T01:59:53","slug":"digi%c2%b7assistant","status":"publish","type":"page","link":"https:\/\/www.digiaccess.org\/tr\/ueruenler\/digi%c2%b7assistant\/","title":{"rendered":"digi\u00b7assistant"},"content":{"rendered":"\t\t<div data-elementor-type=\"wp-page\" data-elementor-id=\"16893\" class=\"elementor elementor-16893 elementor-15727\" data-elementor-post-type=\"page\">\n\t\t\t\t<div class=\"elementor-element elementor-element-71f993a e-flex e-con-boxed e-con e-parent\" data-id=\"71f993a\" data-element_type=\"container\" data-settings=\"{&quot;background_background&quot;:&quot;classic&quot;}\">\n\t\t\t\t\t<div class=\"e-con-inner\">\n\t\t<div class=\"elementor-element elementor-element-7fce698 e-con-full e-flex e-con e-child\" data-id=\"7fce698\" data-element_type=\"container\">\n\t\t\t\t<div class=\"elementor-element elementor-element-e62dae6 elementor-widget elementor-widget-heading\" data-id=\"e62dae6\" data-element_type=\"widget\" data-widget_type=\"heading.default\">\n\t\t\t\t<div class=\"elementor-widget-container\">\n\t\t\t\t\t<h1 class=\"elementor-heading-title elementor-size-default\">digi\u00b7assistant <\/h1>\t\t\t\t<\/div>\n\t\t\t\t<\/div>\n\t\t\t\t<div class=\"elementor-element elementor-element-57819b0 elementor-widget elementor-widget-heading\" data-id=\"57819b0\" data-element_type=\"widget\" data-widget_type=\"heading.default\">\n\t\t\t\t<div class=\"elementor-widget-container\">\n\t\t\t\t\t<h4 class=\"elementor-heading-title elementor-size-default\">Ekran\u0131 \u00f6zelle\u015ftirin. Kullan\u0131m\u0131 kolayla\u015ft\u0131r\u0131n. <\/h4>\t\t\t\t<\/div>\n\t\t\t\t<\/div>\n\t\t\t\t<div class=\"elementor-element elementor-element-d1c8d4c elementor-widget elementor-widget-text-editor\" data-id=\"d1c8d4c\" data-element_type=\"widget\" data-widget_type=\"text-editor.default\">\n\t\t\t\t<div class=\"elementor-widget-container\">\n\t\t\t\t\t\t\t\t\t<p><strong>digi-assistant<\/strong>, web sitesi ziyaret\u00e7ilerine g\u00f6r\u00fcnt\u00fcleme ve \u00e7al\u0131\u015ft\u0131rma i\u00e7in bireysel \u00f6zelle\u015ftirme se\u00e7enekleri sunar.<\/p><p>Bu, web sitenizin kullan\u0131m\u0131n\u0131 daha eri\u015filebilir, daha rahat ve farkl\u0131 ihtiya\u00e7lara daha iyi uyarlanm\u0131\u015f hale getirir.<\/p>\t\t\t\t\t\t\t\t<\/div>\n\t\t\t\t<\/div>\n\t\t<div class=\"elementor-element elementor-element-0d4ac11 e-grid e-con-full e-con e-child\" data-id=\"0d4ac11\" data-element_type=\"container\">\n\t\t\t\t<div class=\"elementor-element elementor-element-572481f elementor-align-right elementor-mobile-align-center elementor-widget-mobile__width-inherit elementor-widget elementor-widget-the7_button_widget\" data-id=\"572481f\" data-element_type=\"widget\" data-widget_type=\"the7_button_widget.default\">\n\t\t\t\t<div class=\"elementor-widget-container\">\n\t\t\t\t\t<div class=\"elementor-button-wrapper\"><a href=\"https:\/\/dashboard.digiaccess.org\/auth\/free-trial\" target=\"_blank\" class=\"box-button elementor-button elementor-size-md\">digi-assistant&#039;i ke\u015ffedi\u0307n<\/a><\/div>\t\t\t\t<\/div>\n\t\t\t\t<\/div>\n\t\t\t\t<\/div>\n\t\t\t\t<\/div>\n\t\t<div class=\"elementor-element elementor-element-1a7af3a e-con-full e-flex e-con e-child\" data-id=\"1a7af3a\" data-element_type=\"container\">\n\t\t\t\t<div class=\"elementor-element elementor-element-9baa348 elementor-widget elementor-widget-image\" data-id=\"9baa348\" data-element_type=\"widget\" data-widget_type=\"image.default\">\n\t\t\t\t<div class=\"elementor-widget-container\">\n\t\t\t\t\t\t\t\t\t\t\t\t\t\t\t<img fetchpriority=\"high\" decoding=\"async\" width=\"958\" height=\"1024\" src=\"https:\/\/www.digiaccess.org\/wp-content\/uploads\/2025\/01\/digi-access_Packshot_assistant-958x1024.png\" class=\"attachment-large size-large wp-image-7645\" alt=\"\" srcset=\"https:\/\/www.digiaccess.org\/wp-content\/uploads\/2025\/01\/digi-access_Packshot_assistant-958x1024.png 958w, https:\/\/www.digiaccess.org\/wp-content\/uploads\/2025\/01\/digi-access_Packshot_assistant-281x300.png 281w, https:\/\/www.digiaccess.org\/wp-content\/uploads\/2025\/01\/digi-access_Packshot_assistant-768x821.png 768w, https:\/\/www.digiaccess.org\/wp-content\/uploads\/2025\/01\/digi-access_Packshot_assistant-1437x1536.png 1437w, https:\/\/www.digiaccess.org\/wp-content\/uploads\/2025\/01\/digi-access_Packshot_assistant-1916x2048.png 1916w\" sizes=\"(max-width: 958px) 100vw, 958px\" \/>\t\t\t\t\t\t\t\t\t\t\t\t\t\t\t<\/div>\n\t\t\t\t<\/div>\n\t\t\t\t<\/div>\n\t\t\t\t\t<\/div>\n\t\t\t\t<\/div>\n\t\t<div class=\"elementor-element elementor-element-fb35b3e e-grid e-con-boxed e-con e-parent\" data-id=\"fb35b3e\" data-element_type=\"container\">\n\t\t\t\t\t<div class=\"e-con-inner\">\n\t\t<div class=\"elementor-element elementor-element-27ab0f7 e-con-fit e-flex e-con e-child\" data-id=\"27ab0f7\" data-element_type=\"container\">\n\t\t\t\t<div class=\"elementor-element elementor-element-2232e54 elementor-widget elementor-widget-image\" data-id=\"2232e54\" data-element_type=\"widget\" data-widget_type=\"image.default\">\n\t\t\t\t<div class=\"elementor-widget-container\">\n\t\t\t\t\t\t\t\t\t\t\t\t\t\t\t<img decoding=\"async\" width=\"685\" height=\"378\" src=\"https:\/\/www.digiaccess.org\/wp-content\/uploads\/2026\/02\/digi-Assistand-1.png\" class=\"attachment-large size-large wp-image-16365\" alt=\"\" srcset=\"https:\/\/www.digiaccess.org\/wp-content\/uploads\/2026\/02\/digi-Assistand-1.png 685w, https:\/\/www.digiaccess.org\/wp-content\/uploads\/2026\/02\/digi-Assistand-1-300x166.png 300w\" sizes=\"(max-width: 685px) 100vw, 685px\" \/>\t\t\t\t\t\t\t\t\t\t\t\t\t\t\t<\/div>\n\t\t\t\t<\/div>\n\t\t\t\t<\/div>\n\t\t<div class=\"elementor-element elementor-element-32165fe e-con-full e-flex e-con e-child\" data-id=\"32165fe\" data-element_type=\"container\">\n\t\t\t\t<div class=\"elementor-element elementor-element-d4ff0ac elementor-widget elementor-widget-heading\" data-id=\"d4ff0ac\" data-element_type=\"widget\" data-widget_type=\"heading.default\">\n\t\t\t\t<div class=\"elementor-widget-container\">\n\t\t\t\t\t<h3 class=\"elementor-heading-title elementor-size-default\">Digi-assistant ne yapar<\/h3>\t\t\t\t<\/div>\n\t\t\t\t<\/div>\n\t\t\t\t<div class=\"elementor-element elementor-element-1734dfe elementor-widget elementor-widget-text-editor\" data-id=\"1734dfe\" data-element_type=\"widget\" data-widget_type=\"text-editor.default\">\n\t\t\t\t<div class=\"elementor-widget-container\">\n\t\t\t\t\t\t\t\t\t<p>digi-assistant, web sitenizin aray\u00fcz\u00fcn\u00fcn kullan\u0131c\u0131 dostu olmas\u0131n\u0131 sa\u011flar ve \u00f6zellikle g\u00f6rme veya motor bozuklu\u011fu olan ki\u015fileri destekler.<\/p><p><strong>Bu i\u015flevler aras\u0131nda \u015funlar yer almaktad\u0131r<\/strong><\/p><ul><li><strong>Kontrastlar\u0131n, yaz\u0131 tipi boyutlar\u0131n\u0131n ve bo\u015fluklar\u0131n ayarlanmas\u0131<\/strong><\/li><li><strong>Daha iyi okunabilirlik i\u00e7in ekran\u0131n kullan\u0131c\u0131 taraf\u0131nda optimizasyonu<\/strong><\/li><li><strong>Web sitesi i\u00e7eri\u011fi i\u00e7in \u00f6zelle\u015ftirilebilir h\u0131za sahip entegre sesli okuma i\u015flevi<\/strong><\/li><li><strong>\u0130\u00e7erik veya teknolojiye m\u00fcdahale etmeden eri\u015filebilir kullan\u0131m i\u00e7in destek<\/strong><\/li><\/ul><p>T\u00fcm fonksiyonlar web sitesi ziyaret\u00e7ileri taraf\u0131ndan do\u011frudan kullan\u0131labilir.<\/p>\t\t\t\t\t\t\t\t<\/div>\n\t\t\t\t<\/div>\n\t\t\t\t<\/div>\n\t\t\t\t\t<\/div>\n\t\t\t\t<\/div>\n\t\t<div class=\"elementor-element elementor-element-69384a0 e-grid e-con-boxed e-con e-parent\" data-id=\"69384a0\" data-element_type=\"container\">\n\t\t\t\t\t<div class=\"e-con-inner\">\n\t\t<div class=\"elementor-element elementor-element-d43749f e-con-full e-flex e-con e-child\" data-id=\"d43749f\" data-element_type=\"container\">\n\t\t\t\t<div class=\"elementor-element elementor-element-e95c8f8 elementor-widget elementor-widget-heading\" data-id=\"e95c8f8\" data-element_type=\"widget\" data-widget_type=\"heading.default\">\n\t\t\t\t<div class=\"elementor-widget-container\">\n\t\t\t\t\t<h3 class=\"elementor-heading-title elementor-size-default\">Digi-assistant nas\u0131l \u00e7al\u0131\u015f\u0131r?<\/h3>\t\t\t\t<\/div>\n\t\t\t\t<\/div>\n\t\t\t\t<div class=\"elementor-element elementor-element-43631f1 elementor-widget elementor-widget-text-editor\" data-id=\"43631f1\" data-element_type=\"widget\" data-widget_type=\"text-editor.default\">\n\t\t\t\t<div class=\"elementor-widget-container\">\n\t\t\t\t\t\t\t\t\t<p>digi-assistant, digi-smartPlugin&#8217;in bir par\u00e7as\u0131d\u0131r ve standart olarak kal\u0131c\u0131 ve \u00fccretsiz olarak dahil edilmi\u015ftir.<\/p><ul><li><strong>CSS arac\u0131l\u0131\u011f\u0131yla ekran\u0131n dinamik olarak \u00f6zelle\u015ftirilmesi<\/strong><\/li><li><strong>Web sitesi i\u00e7eri\u011fini de\u011fi\u015ftirmeden kullan\u0131c\u0131 kontrol\u00fc<\/strong><\/li><li><strong>Mevcut web sitelerine sorunsuz entegrasyon<\/strong><\/li><\/ul><p>Bu, digi-smart eklentisinin teknik d\u00fczeltmelerine ek olarak esnek, d\u00fc\u015f\u00fck bariyerli bir kullan\u0131c\u0131 deneyimi yarat\u0131r.<\/p>\t\t\t\t\t\t\t\t<\/div>\n\t\t\t\t<\/div>\n\t\t\t\t<\/div>\n\t\t<div class=\"elementor-element elementor-element-285d598 e-con-full e-flex e-con e-child\" data-id=\"285d598\" data-element_type=\"container\">\n\t\t\t\t<div class=\"elementor-element elementor-element-b4c10aa elementor-widget elementor-widget-image\" data-id=\"b4c10aa\" data-element_type=\"widget\" data-widget_type=\"image.default\">\n\t\t\t\t<div class=\"elementor-widget-container\">\n\t\t\t\t\t\t\t\t\t\t\t\t\t\t\t<img decoding=\"async\" width=\"768\" height=\"729\" src=\"https:\/\/www.digiaccess.org\/wp-content\/uploads\/2026\/01\/Digi-asistand-768x729.png\" class=\"attachment-medium_large size-medium_large wp-image-15995\" alt=\"\" srcset=\"https:\/\/www.digiaccess.org\/wp-content\/uploads\/2026\/01\/Digi-asistand-768x729.png 768w, https:\/\/www.digiaccess.org\/wp-content\/uploads\/2026\/01\/Digi-asistand-300x285.png 300w, https:\/\/www.digiaccess.org\/wp-content\/uploads\/2026\/01\/Digi-asistand-1024x973.png 1024w, https:\/\/www.digiaccess.org\/wp-content\/uploads\/2026\/01\/Digi-asistand-1536x1459.png 1536w, https:\/\/www.digiaccess.org\/wp-content\/uploads\/2026\/01\/Digi-asistand-2048x1945.png 2048w\" sizes=\"(max-width: 768px) 100vw, 768px\" \/>\t\t\t\t\t\t\t\t\t\t\t\t\t\t\t<\/div>\n\t\t\t\t<\/div>\n\t\t\t\t<\/div>\n\t\t\t\t\t<\/div>\n\t\t\t\t<\/div>\n\t\t<div class=\"elementor-element elementor-element-b81e3d0 e-flex e-con-boxed e-con e-parent\" data-id=\"b81e3d0\" data-element_type=\"container\" data-settings=\"{&quot;background_background&quot;:&quot;classic&quot;}\">\n\t\t\t\t\t<div class=\"e-con-inner\">\n\t\t\t\t<div class=\"elementor-element elementor-element-1749c22 elementor-widget elementor-widget-heading\" data-id=\"1749c22\" data-element_type=\"widget\" data-widget_type=\"heading.default\">\n\t\t\t\t<div class=\"elementor-widget-container\">\n\t\t\t\t\t<h2 class=\"elementor-heading-title elementor-size-default\">Herhangi bir sorunuz var m\u0131?<\/h2>\t\t\t\t<\/div>\n\t\t\t\t<\/div>\n\t\t\t\t<div class=\"elementor-element elementor-element-9bf94c6 elementor-hidden-mobile elementor-widget elementor-widget-text-editor\" data-id=\"9bf94c6\" data-element_type=\"widget\" data-widget_type=\"text-editor.default\">\n\t\t\t\t<div class=\"elementor-widget-container\">\n\t\t\t\t\t\t\t\t\t<h4 class=\"vc_custom_heading vc_custom_1673620750774\" data-da-style=\"true\">Uzmanlar\u0131m\u0131z size yard\u0131mc\u0131 olmaktan mutluluk duyacakt\u0131r.<br>\u0130htiya\u00e7lar\u0131n\u0131za en uygun \u00e7\u00f6z\u00fcm\u00fc bulman\u0131zda size destek oluyoruz.<\/h4>\t\t\t\t\t\t\t\t<\/div>\n\t\t\t\t<\/div>\n\t\t\t\t<div class=\"elementor-element elementor-element-5329c76 elementor-hidden-desktop elementor-hidden-tablet elementor-widget elementor-widget-text-editor\" data-id=\"5329c76\" data-element_type=\"widget\" data-widget_type=\"text-editor.default\">\n\t\t\t\t<div class=\"elementor-widget-container\">\n\t\t\t\t\t\t\t\t\t<p class=\"vc_custom_heading vc_custom_1673620750774\" style=\"text-align: center;\" data-da-style=\"true\">Uzmanlar\u0131m\u0131z sizin i\u00e7in burada. \u0130htiya\u00e7lar\u0131n\u0131z i\u00e7in en iyi \u00e7\u00f6z\u00fcm\u00fc bulman\u0131zda size destek olaca\u011f\u0131z. <\/p>\t\t\t\t\t\t\t\t<\/div>\n\t\t\t\t<\/div>\n\t\t\t\t\t<\/div>\n\t\t\t\t<\/div>\n\t\t\t\t<\/div>\n\t\t","protected":false},"excerpt":{"rendered":"<p>digi\u00b7assistant Ekran\u0131 \u00f6zelle\u015ftirin. Kullan\u0131m\u0131 kolayla\u015ft\u0131r\u0131n. digi-assistant, web sitesi ziyaret\u00e7ilerine g\u00f6r\u00fcnt\u00fcleme ve \u00e7al\u0131\u015ft\u0131rma i\u00e7in bireysel \u00f6zelle\u015ftirme se\u00e7enekleri sunar. Bu, web sitenizin kullan\u0131m\u0131n\u0131 daha eri\u015filebilir, daha rahat ve farkl\u0131 ihtiya\u00e7lara daha iyi uyarlanm\u0131\u015f hale getirir. digi-assistant&#039;i ke\u015ffedi\u0307n Digi-assistant ne yapar digi-assistant, web sitenizin aray\u00fcz\u00fcn\u00fcn kullan\u0131c\u0131 dostu olmas\u0131n\u0131 sa\u011flar ve \u00f6zellikle g\u00f6rme veya motor bozuklu\u011fu olan ki\u015fileri destekler.&hellip;<\/p>\n","protected":false},"author":13,"featured_media":0,"parent":10025,"menu_order":0,"comment_status":"closed","ping_status":"closed","template":"","meta":{"inline_featured_image":false,"footnotes":""},"class_list":["post-16893","page","type-page","status-publish","hentry"],"yoast_head":"<!-- This site is optimized with the Yoast SEO plugin v26.6 - https:\/\/yoast.com\/wordpress\/plugins\/seo\/ -->\n<title>digi\u00b7assistant - digi\u00b7access<\/title>\n<meta name=\"description\" content=\"digi\u00b7assistant CSS&#039;yi, kontrastlar\u0131, yaz\u0131 tipi boyutlar\u0131n\u0131 optimize eder ve d\u00fc\u015f\u00fck bariyerli, kullan\u0131c\u0131 dostu bir web deneyimi i\u00e7in sesli okuma i\u015flevleri sunar.\" \/>\n<meta name=\"robots\" content=\"index, follow, max-snippet:-1, max-image-preview:large, max-video-preview:-1\" \/>\n<link rel=\"canonical\" href=\"https:\/\/www.digiaccess.org\/tr\/ueruenler\/digi%c2%b7assistant\/\" \/>\n<meta property=\"og:locale\" content=\"tr_TR\" \/>\n<meta property=\"og:type\" content=\"article\" \/>\n<meta property=\"og:title\" content=\"digi\u00b7assistant - digi\u00b7access\" \/>\n<meta property=\"og:description\" content=\"digi\u00b7assistant CSS&#039;yi, kontrastlar\u0131, yaz\u0131 tipi boyutlar\u0131n\u0131 optimize eder ve d\u00fc\u015f\u00fck bariyerli, kullan\u0131c\u0131 dostu bir web deneyimi i\u00e7in sesli okuma i\u015flevleri sunar.\" \/>\n<meta property=\"og:url\" content=\"https:\/\/www.digiaccess.org\/tr\/ueruenler\/digi%c2%b7assistant\/\" \/>\n<meta property=\"og:site_name\" content=\"digi\u00b7access\" \/>\n<meta property=\"article:modified_time\" content=\"2026-02-16T01:59:53+00:00\" \/>\n<meta property=\"og:image\" content=\"https:\/\/www.digiaccess.org\/wp-content\/uploads\/2025\/01\/digi-access_Packshot_assistant-958x1024.png\" \/>\n\t<meta property=\"og:image:width\" content=\"958\" \/>\n\t<meta property=\"og:image:height\" content=\"1024\" \/>\n\t<meta property=\"og:image:type\" content=\"image\/png\" \/>\n<meta name=\"twitter:card\" content=\"summary_large_image\" \/>\n<meta name=\"twitter:label1\" content=\"Tahmini okuma s\u00fcresi\" \/>\n\t<meta name=\"twitter:data1\" content=\"1 dakika\" \/>\n<script type=\"application\/ld+json\" class=\"yoast-schema-graph\">{\"@context\":\"https:\/\/schema.org\",\"@graph\":[{\"@type\":\"WebPage\",\"@id\":\"https:\/\/www.digiaccess.org\/tr\/ueruenler\/digi%c2%b7assistant\/\",\"url\":\"https:\/\/www.digiaccess.org\/tr\/ueruenler\/digi%c2%b7assistant\/\",\"name\":\"digi\u00b7assistant - digi\u00b7access\",\"isPartOf\":{\"@id\":\"https:\/\/www.digiaccess.org\/tr\/#website\"},\"primaryImageOfPage\":{\"@id\":\"https:\/\/www.digiaccess.org\/tr\/ueruenler\/digi%c2%b7assistant\/#primaryimage\"},\"image\":{\"@id\":\"https:\/\/www.digiaccess.org\/tr\/ueruenler\/digi%c2%b7assistant\/#primaryimage\"},\"thumbnailUrl\":\"https:\/\/www.digiaccess.org\/wp-content\/uploads\/2025\/01\/digi-access_Packshot_assistant-958x1024.png\",\"datePublished\":\"2026-01-23T05:31:06+00:00\",\"dateModified\":\"2026-02-16T01:59:53+00:00\",\"description\":\"digi\u00b7assistant CSS'yi, kontrastlar\u0131, yaz\u0131 tipi boyutlar\u0131n\u0131 optimize eder ve d\u00fc\u015f\u00fck bariyerli, kullan\u0131c\u0131 dostu bir web deneyimi i\u00e7in sesli okuma i\u015flevleri sunar.\",\"breadcrumb\":{\"@id\":\"https:\/\/www.digiaccess.org\/tr\/ueruenler\/digi%c2%b7assistant\/#breadcrumb\"},\"inLanguage\":\"tr\",\"potentialAction\":[{\"@type\":\"ReadAction\",\"target\":[\"https:\/\/www.digiaccess.org\/tr\/ueruenler\/digi%c2%b7assistant\/\"]}]},{\"@type\":\"ImageObject\",\"inLanguage\":\"tr\",\"@id\":\"https:\/\/www.digiaccess.org\/tr\/ueruenler\/digi%c2%b7assistant\/#primaryimage\",\"url\":\"https:\/\/www.digiaccess.org\/wp-content\/uploads\/2025\/01\/digi-access_Packshot_assistant-958x1024.png\",\"contentUrl\":\"https:\/\/www.digiaccess.org\/wp-content\/uploads\/2025\/01\/digi-access_Packshot_assistant-958x1024.png\"},{\"@type\":\"BreadcrumbList\",\"@id\":\"https:\/\/www.digiaccess.org\/tr\/ueruenler\/digi%c2%b7assistant\/#breadcrumb\",\"itemListElement\":[{\"@type\":\"ListItem\",\"position\":1,\"name\":\"Home\",\"item\":\"https:\/\/www.digiaccess.org\/tr\/\"},{\"@type\":\"ListItem\",\"position\":2,\"name\":\"\u00dcr\u00fcnler\",\"item\":\"https:\/\/www.digiaccess.org\/tr\/ueruenler\/\"},{\"@type\":\"ListItem\",\"position\":3,\"name\":\"digi\u00b7assistant\"}]},{\"@type\":\"WebSite\",\"@id\":\"https:\/\/www.digiaccess.org\/tr\/#website\",\"url\":\"https:\/\/www.digiaccess.org\/tr\/\",\"name\":\"digi\u00b7access\",\"description\":\"Dijital eri\u015filebilirlik\",\"publisher\":{\"@id\":\"https:\/\/www.digiaccess.org\/tr\/#organization\"},\"potentialAction\":[{\"@type\":\"SearchAction\",\"target\":{\"@type\":\"EntryPoint\",\"urlTemplate\":\"https:\/\/www.digiaccess.org\/tr\/?s={search_term_string}\"},\"query-input\":{\"@type\":\"PropertyValueSpecification\",\"valueRequired\":true,\"valueName\":\"search_term_string\"}}],\"inLanguage\":\"tr\"},{\"@type\":\"Organization\",\"@id\":\"https:\/\/www.digiaccess.org\/tr\/#organization\",\"name\":\"digi\u00b7access\",\"url\":\"https:\/\/www.digiaccess.org\/tr\/\",\"logo\":{\"@type\":\"ImageObject\",\"inLanguage\":\"tr\",\"@id\":\"https:\/\/www.digiaccess.org\/tr\/#\/schema\/logo\/image\/\",\"url\":\"https:\/\/www.digiaccess.org\/wp-content\/uploads\/2024\/10\/digi-access_Logo_02_RZ.svg\",\"contentUrl\":\"https:\/\/www.digiaccess.org\/wp-content\/uploads\/2024\/10\/digi-access_Logo_02_RZ.svg\",\"caption\":\"digi\u00b7access\"},\"image\":{\"@id\":\"https:\/\/www.digiaccess.org\/tr\/#\/schema\/logo\/image\/\"}}]}<\/script>\n<!-- \/ Yoast SEO plugin. -->","yoast_head_json":{"title":"digi\u00b7assistant - digi\u00b7access","description":"digi\u00b7assistant CSS'yi, kontrastlar\u0131, yaz\u0131 tipi boyutlar\u0131n\u0131 optimize eder ve d\u00fc\u015f\u00fck bariyerli, kullan\u0131c\u0131 dostu bir web deneyimi i\u00e7in sesli okuma i\u015flevleri sunar.","robots":{"index":"index","follow":"follow","max-snippet":"max-snippet:-1","max-image-preview":"max-image-preview:large","max-video-preview":"max-video-preview:-1"},"canonical":"https:\/\/www.digiaccess.org\/tr\/ueruenler\/digi%c2%b7assistant\/","og_locale":"tr_TR","og_type":"article","og_title":"digi\u00b7assistant - digi\u00b7access","og_description":"digi\u00b7assistant CSS'yi, kontrastlar\u0131, yaz\u0131 tipi boyutlar\u0131n\u0131 optimize eder ve d\u00fc\u015f\u00fck bariyerli, kullan\u0131c\u0131 dostu bir web deneyimi i\u00e7in sesli okuma i\u015flevleri sunar.","og_url":"https:\/\/www.digiaccess.org\/tr\/ueruenler\/digi%c2%b7assistant\/","og_site_name":"digi\u00b7access","article_modified_time":"2026-02-16T01:59:53+00:00","og_image":[{"width":958,"height":1024,"url":"https:\/\/www.digiaccess.org\/wp-content\/uploads\/2025\/01\/digi-access_Packshot_assistant-958x1024.png","type":"image\/png"}],"twitter_card":"summary_large_image","twitter_misc":{"Tahmini okuma s\u00fcresi":"1 dakika"},"schema":{"@context":"https:\/\/schema.org","@graph":[{"@type":"WebPage","@id":"https:\/\/www.digiaccess.org\/tr\/ueruenler\/digi%c2%b7assistant\/","url":"https:\/\/www.digiaccess.org\/tr\/ueruenler\/digi%c2%b7assistant\/","name":"digi\u00b7assistant - digi\u00b7access","isPartOf":{"@id":"https:\/\/www.digiaccess.org\/tr\/#website"},"primaryImageOfPage":{"@id":"https:\/\/www.digiaccess.org\/tr\/ueruenler\/digi%c2%b7assistant\/#primaryimage"},"image":{"@id":"https:\/\/www.digiaccess.org\/tr\/ueruenler\/digi%c2%b7assistant\/#primaryimage"},"thumbnailUrl":"https:\/\/www.digiaccess.org\/wp-content\/uploads\/2025\/01\/digi-access_Packshot_assistant-958x1024.png","datePublished":"2026-01-23T05:31:06+00:00","dateModified":"2026-02-16T01:59:53+00:00","description":"digi\u00b7assistant CSS'yi, kontrastlar\u0131, yaz\u0131 tipi boyutlar\u0131n\u0131 optimize eder ve d\u00fc\u015f\u00fck bariyerli, kullan\u0131c\u0131 dostu bir web deneyimi i\u00e7in sesli okuma i\u015flevleri sunar.","breadcrumb":{"@id":"https:\/\/www.digiaccess.org\/tr\/ueruenler\/digi%c2%b7assistant\/#breadcrumb"},"inLanguage":"tr","potentialAction":[{"@type":"ReadAction","target":["https:\/\/www.digiaccess.org\/tr\/ueruenler\/digi%c2%b7assistant\/"]}]},{"@type":"ImageObject","inLanguage":"tr","@id":"https:\/\/www.digiaccess.org\/tr\/ueruenler\/digi%c2%b7assistant\/#primaryimage","url":"https:\/\/www.digiaccess.org\/wp-content\/uploads\/2025\/01\/digi-access_Packshot_assistant-958x1024.png","contentUrl":"https:\/\/www.digiaccess.org\/wp-content\/uploads\/2025\/01\/digi-access_Packshot_assistant-958x1024.png"},{"@type":"BreadcrumbList","@id":"https:\/\/www.digiaccess.org\/tr\/ueruenler\/digi%c2%b7assistant\/#breadcrumb","itemListElement":[{"@type":"ListItem","position":1,"name":"Home","item":"https:\/\/www.digiaccess.org\/tr\/"},{"@type":"ListItem","position":2,"name":"\u00dcr\u00fcnler","item":"https:\/\/www.digiaccess.org\/tr\/ueruenler\/"},{"@type":"ListItem","position":3,"name":"digi\u00b7assistant"}]},{"@type":"WebSite","@id":"https:\/\/www.digiaccess.org\/tr\/#website","url":"https:\/\/www.digiaccess.org\/tr\/","name":"digi\u00b7access","description":"Dijital eri\u015filebilirlik","publisher":{"@id":"https:\/\/www.digiaccess.org\/tr\/#organization"},"potentialAction":[{"@type":"SearchAction","target":{"@type":"EntryPoint","urlTemplate":"https:\/\/www.digiaccess.org\/tr\/?s={search_term_string}"},"query-input":{"@type":"PropertyValueSpecification","valueRequired":true,"valueName":"search_term_string"}}],"inLanguage":"tr"},{"@type":"Organization","@id":"https:\/\/www.digiaccess.org\/tr\/#organization","name":"digi\u00b7access","url":"https:\/\/www.digiaccess.org\/tr\/","logo":{"@type":"ImageObject","inLanguage":"tr","@id":"https:\/\/www.digiaccess.org\/tr\/#\/schema\/logo\/image\/","url":"https:\/\/www.digiaccess.org\/wp-content\/uploads\/2024\/10\/digi-access_Logo_02_RZ.svg","contentUrl":"https:\/\/www.digiaccess.org\/wp-content\/uploads\/2024\/10\/digi-access_Logo_02_RZ.svg","caption":"digi\u00b7access"},"image":{"@id":"https:\/\/www.digiaccess.org\/tr\/#\/schema\/logo\/image\/"}}]}},"_links":{"self":[{"href":"https:\/\/www.digiaccess.org\/tr\/wp-json\/wp\/v2\/pages\/16893","targetHints":{"allow":["GET"]}}],"collection":[{"href":"https:\/\/www.digiaccess.org\/tr\/wp-json\/wp\/v2\/pages"}],"about":[{"href":"https:\/\/www.digiaccess.org\/tr\/wp-json\/wp\/v2\/types\/page"}],"author":[{"embeddable":true,"href":"https:\/\/www.digiaccess.org\/tr\/wp-json\/wp\/v2\/users\/13"}],"replies":[{"embeddable":true,"href":"https:\/\/www.digiaccess.org\/tr\/wp-json\/wp\/v2\/comments?post=16893"}],"version-history":[{"count":1,"href":"https:\/\/www.digiaccess.org\/tr\/wp-json\/wp\/v2\/pages\/16893\/revisions"}],"predecessor-version":[{"id":16895,"href":"https:\/\/www.digiaccess.org\/tr\/wp-json\/wp\/v2\/pages\/16893\/revisions\/16895"}],"up":[{"embeddable":true,"href":"https:\/\/www.digiaccess.org\/tr\/wp-json\/wp\/v2\/pages\/10025"}],"wp:attachment":[{"href":"https:\/\/www.digiaccess.org\/tr\/wp-json\/wp\/v2\/media?parent=16893"}],"curies":[{"name":"wp","href":"https:\/\/api.w.org\/{rel}","templated":true}]}}