{"id":9797,"date":"2024-10-30T09:37:14","date_gmt":"2024-10-30T08:37:14","guid":{"rendered":"https:\/\/www.digiaccess.org\/kuenye\/"},"modified":"2025-10-21T10:32:58","modified_gmt":"2025-10-21T08:32:58","slug":"kuenye","status":"publish","type":"page","link":"https:\/\/www.digiaccess.org\/tr\/kuenye\/","title":{"rendered":"K\u00fcnye"},"content":{"rendered":"\t\t<div data-elementor-type=\"wp-page\" data-elementor-id=\"9797\" class=\"elementor elementor-9797 elementor-4916\" data-elementor-post-type=\"page\">\n\t\t\t\t<div class=\"elementor-element elementor-element-f27c028 e-flex e-con-boxed e-con e-parent\" data-id=\"f27c028\" data-element_type=\"container\">\n\t\t\t\t\t<div class=\"e-con-inner\">\n\t\t\t\t<div class=\"elementor-element elementor-element-4d55966 elementor-widget elementor-widget-text-editor\" data-id=\"4d55966\" data-element_type=\"widget\" data-widget_type=\"text-editor.default\">\n\t\t\t\t<div class=\"elementor-widget-container\">\n\t\t\t\t\t\t\t\t\t<div><div data-padding-pos=\"all\" data-has-bg-color=\"false\" data-bg-color=\"\" data-bg-opacity=\"1\" data-animation=\"\" data-delay=\"0\"><div><div><h2 data-da-style=\"true\"><span data-olk-copy-source=\"MessageBody\">Madde 5 DDG&#8217;ye g\u00f6re sorumlu hizmet sa\u011flay\u0131c\u0131<\/span>:<\/h2><div><p>digi\u00b7access GmbH<br>Quarzstr. 4<br>51371 Leverkusen<br>Telefon: <a href=\"http:\/\/+4921732003760\" data-da-link-item=\"true\" data-da-id=\"122\" data-da-next=\"123\" data-da-prev=\"121\" data-da-focused=\"false\" data-da-down=\"123\" data-da-up=\"121\" data-wplink-url-error=\"true\">+492173 2003760<\/a><br>E-posta: <a href=\"mailto:%20hallo@digiaccess.org\" target=\"_blank\" rel=\"noopener\" data-da-link-item=\"true\" data-da-id=\"123\" data-da-next=\"124\" data-da-prev=\"122\" data-da-focused=\"false\" data-da-down=\"124\" data-da-up=\"122\">hallo@digiaccess.org<\/a><\/p><\/div><h3 data-da-style=\"true\"> <\/h3><h3 data-da-style=\"true\"><span data-olk-copy-source=\"MessageBody\">\u015eirketi temsile yetkili genel m\u00fcd\u00fcr:<\/span> <\/h3><div class=\"nectar-responsive-text font_line_height_1-6\"><p>Thomas Brumloop<\/p><\/div><h3 data-da-style=\"true\"><span data-olk-copy-source=\"MessageBody\">Ticaret sicili<\/span>:<\/h3><div><p>Kay\u0131t mahkemesi: K\u00f6ln Yerel Mahkemesi<br>Kay\u0131t numaras\u0131: HRB 119996<\/p><h3 data-da-style=\"true\"><span data-olk-copy-source=\"MessageBody\">UStG \u00a7 27a uyar\u0131nca sat\u0131\u015f vergisi kimlik numaras\u0131:<\/span><\/h3><p><span data-da-styleinline=\"true\">KDV Kimlik No: DE328948451<\/span><\/p><\/div><h3 data-da-style=\"true\"><span data-olk-copy-source=\"MessageBody\">MStV \u00a7 18 Abs. 2 uyar\u0131nca i\u00e7erikten sorumludur: <\/span><\/h3><p data-da-style=\"true\">Thomas Brumloop<br>Quarzstra\u00dfe 4<br>51371 Leverkusen<\/p><p data-da-style=\"true\"> <\/p><\/div><\/div><\/div><\/div><h3 data-da-style=\"true\"><span data-olk-copy-source=\"MessageBody\">BGB Madde 14&#8217;e g\u00f6re not:<\/span><\/h3><p>Sunulan hizmetler, BGB Madde 14 anlam\u0131nda yaln\u0131zca giri\u015fimcilere y\u00f6neliktir.<br>BGB Madde 13 anlam\u0131nda t\u00fcketiciler i\u00e7in hi\u00e7bir hizmet sunulmamaktad\u0131r.<\/p><div><div data-padding-pos=\"all\" data-has-bg-color=\"false\" data-bg-color=\"\" data-bg-opacity=\"1\" data-animation=\"\" data-delay=\"0\"><div><div><h3 data-da-style=\"true\">Uyu\u015fmazl\u0131k \u00e7\u00f6z\u00fcm\u00fc:<\/h3><div><p>Avrupa Komisyonu \u00e7evrimi\u00e7i uyu\u015fmazl\u0131k \u00e7\u00f6z\u00fcm\u00fc i\u00e7in bir platform sa\u011flamaktad\u0131r (OS): https:\/\/ec.europa.eu\/consumers\/odr<\/p><p>E-posta adresimizi k\u00fcnyede bulabilirsiniz. Bir t\u00fcketici hakem heyeti nezdindeki uyu\u015fmazl\u0131k \u00e7\u00f6z\u00fcm i\u015flemlerine kat\u0131lmaya istekli veya y\u00fck\u00fcml\u00fc de\u011filiz.<\/p><\/div><h2 data-da-style=\"true\">Sorumluluk<\/h2><h3 data-da-style=\"true\">\u0130\u00e7erik i\u00e7in<\/h3><div><p>Bir hizmet sa\u011flay\u0131c\u0131 olarak, TMG (Alman Telemedya Yasas\u0131) Madde 7 (1) ve genel mevzuat uyar\u0131nca bu sayfalardaki kendi i\u00e7eri\u011fimizden sorumluyuz. Bununla birlikte, TMG \u00a7\u00a7 8 ila 10&#8217;a g\u00f6re, bir hizmet sa\u011flay\u0131c\u0131 olarak iletilen veya saklanan \u00fc\u00e7\u00fcnc\u00fc taraf bilgilerini izlemek veya yasa d\u0131\u015f\u0131 faaliyetlere i\u015faret eden durumlar\u0131 ara\u015ft\u0131rmak zorunda de\u011filiz. Genel mevzuat uyar\u0131nca bilgilerin kullan\u0131m\u0131n\u0131 kald\u0131rma veya engelleme y\u00fck\u00fcml\u00fcl\u00fckleri bundan etkilenmez. Ancak, bu konudaki sorumluluk yaln\u0131zca belirli bir ihlalin \u00f6\u011frenildi\u011fi andan itibaren m\u00fcmk\u00fcnd\u00fcr. Bu t\u00fcr ihlallerin fark\u0131na var\u0131r varmaz, bu i\u00e7eri\u011fi derhal kald\u0131raca\u011f\u0131z.     <\/p><\/div><h3 data-da-style=\"true\">Ba\u011flant\u0131lar i\u00e7in sorumluluk<\/h3><div><p>Web sitemiz, i\u00e7eri\u011fi \u00fczerinde hi\u00e7bir etkimiz olmayan harici \u00fc\u00e7\u00fcnc\u00fc taraf web sitelerine ba\u011flant\u0131lar i\u00e7ermektedir. Bu nedenle, bu \u00fc\u00e7\u00fcnc\u00fc taraf i\u00e7eri\u011fi i\u00e7in herhangi bir sorumluluk kabul edemeyiz. Ba\u011flant\u0131l\u0131 sayfalar\u0131n i\u00e7eri\u011finden her zaman sayfalar\u0131n ilgili sa\u011flay\u0131c\u0131s\u0131 veya operat\u00f6r\u00fc sorumludur. Ba\u011flant\u0131 verilen sayfalar, ba\u011flant\u0131 verildi\u011fi s\u0131rada olas\u0131 yasal ihlallere kar\u015f\u0131 kontrol edilmi\u015ftir. Ba\u011flant\u0131 verildi\u011fi s\u0131rada yasa d\u0131\u015f\u0131 i\u00e7erikler tespit edilememi\u015ftir. Ancak, ba\u011flant\u0131l\u0131 sayfalar\u0131n i\u00e7eri\u011finin s\u00fcrekli olarak izlenmesi, bir ihlalin somut kan\u0131t\u0131 olmadan makul de\u011fildir. Herhangi bir yasal ihlalden haberdar olursak, bu t\u00fcr ba\u011flant\u0131lar\u0131 derhal kald\u0131raca\u011f\u0131z.      <\/p><\/div><h3 data-da-style=\"true\">Telif Hakk\u0131<\/h3><div><p>Bu sayfalarda site operat\u00f6rleri taraf\u0131ndan olu\u015fturulan i\u00e7erik ve eserler Alman telif hakk\u0131 yasas\u0131na tabidir. \u00c7o\u011faltma, i\u015fleme, da\u011f\u0131t\u0131m ve telif hakk\u0131 yasas\u0131n\u0131n s\u0131n\u0131rlar\u0131 d\u0131\u015f\u0131ndaki her t\u00fcrl\u00fc kullan\u0131m, ilgili yazar\u0131n veya yarat\u0131c\u0131n\u0131n yaz\u0131l\u0131 onay\u0131n\u0131 gerektirir. Bu sitenin indirilmesine ve kopyalanmas\u0131na yaln\u0131zca \u00f6zel, ticari olmayan kullan\u0131m i\u00e7in izin verilir. Bu sitedeki i\u00e7erik operat\u00f6r taraf\u0131ndan olu\u015fturulmad\u0131\u011f\u0131 s\u00fcrece, \u00fc\u00e7\u00fcnc\u00fc taraflar\u0131n telif haklar\u0131na sayg\u0131 g\u00f6sterilir. \u00d6zellikle, \u00fc\u00e7\u00fcnc\u00fc taraf i\u00e7eri\u011fi bu \u015fekilde etiketlenir. Yine de bir telif hakk\u0131 ihlalinden haberdar olursan\u0131z, l\u00fctfen bizi uygun \u015fekilde bilgilendirin. Herhangi bir ihlalden haberdar olursak, bu t\u00fcr i\u00e7eri\u011fi derhal kald\u0131raca\u011f\u0131z.      <\/p><p>Kaynak: <a href=\"https:\/\/www.e-recht24.de\/impressumgenerator.html\" target=\"_blank\" rel=\"noopener\" data-da-link-item=\"true\" data-da-id=\"131\" data-da-next=\"132\" data-da-prev=\"130\" data-da-focused=\"false\" data-da-down=\"134\" data-da-up=\"130\">https:\/\/www.e-recht24.de\/impressumgenerator.html<\/a><\/p><h3><span style=\"color: var(--textcolor,var(--the7-h3-color)); letter-spacing: var(--the7-h3-letter-spacing); text-transform: var(--the7-h3-text-transform); word-spacing: var(--the7-h3-word-spacing); text-align: var(--text-align); background-color: rgba(255, 255, 255, 0);\">Teknik ger\u00e7ekle\u015ftirme<\/span><\/h3><p><a href=\"https:\/\/www.diemedialen.de\/\">Medialen GmbH<\/a><br><span style=\"text-align: var(--text-align); background-color: rgba(255, 255, 255, 0); color: var(--the7-base-color); letter-spacing: var(--the7-base-letter-spacing); text-transform: var(--the7-base-text-transform); word-spacing: normal;\">Colmantstra\u00dfe 39<br><\/span><span style=\"text-align: var(--text-align); background-color: rgba(255, 255, 255, 0); color: var(--the7-base-color); letter-spacing: var(--the7-base-letter-spacing); text-transform: var(--the7-base-text-transform); word-spacing: normal;\">53115 Bonn<br><\/span><span style=\"text-align: var(--text-align); background-color: rgba(255, 255, 255, 0); color: var(--the7-base-color); letter-spacing: var(--the7-base-letter-spacing); text-transform: var(--the7-base-text-transform); word-spacing: normal;\">Telefon: 0049 (0)228 90822-0<br><\/span><span style=\"text-align: var(--text-align); background-color: rgba(255, 255, 255, 0); color: var(--the7-base-color); letter-spacing: var(--the7-base-letter-spacing); text-transform: var(--the7-base-text-transform); word-spacing: normal;\">Faks: 0049 (0)228 90822-10<br><\/span><span style=\"text-align: var(--text-align); background-color: rgba(255, 255, 255, 0); color: var(--the7-base-color); letter-spacing: var(--the7-base-letter-spacing); text-transform: var(--the7-base-text-transform); word-spacing: normal;\">E-posta: <a href=\"mailto:%20info@diemedialen.de\">info@diemedialen.de<\/a><\/span><\/p><\/div><\/div><\/div><\/div><\/div>\t\t\t\t\t\t\t\t<\/div>\n\t\t\t\t<\/div>\n\t\t\t\t\t<\/div>\n\t\t\t\t<\/div>\n\t\t\t\t<\/div>\n\t\t","protected":false},"excerpt":{"rendered":"<p>Madde 5 DDG&#8217;ye g\u00f6re sorumlu hizmet sa\u011flay\u0131c\u0131: digi\u00b7access GmbHQuarzstr. 451371 LeverkusenTelefon: +492173 2003760E-posta: hallo@digiaccess.org \u015eirketi temsile yetkili genel m\u00fcd\u00fcr: Thomas Brumloop Ticaret sicili: Kay\u0131t mahkemesi: K\u00f6ln Yerel MahkemesiKay\u0131t numaras\u0131: HRB 119996 UStG \u00a7 27a uyar\u0131nca sat\u0131\u015f vergisi kimlik numaras\u0131: KDV Kimlik No: DE328948451 MStV \u00a7 18 Abs. 2 uyar\u0131nca i\u00e7erikten sorumludur: Thomas BrumloopQuarzstra\u00dfe 451371 Leverkusen&hellip;<\/p>\n","protected":false},"author":2,"featured_media":0,"parent":0,"menu_order":0,"comment_status":"closed","ping_status":"closed","template":"","meta":{"inline_featured_image":false,"footnotes":""},"class_list":["post-9797","page","type-page","status-publish","hentry"],"yoast_head":"<!-- This site is optimized with the Yoast SEO plugin v26.6 - https:\/\/yoast.com\/wordpress\/plugins\/seo\/ -->\n<title>K\u00fcnye - digi\u00b7access<\/title>\n<meta name=\"description\" content=\"digi\u00b7access GmbH - Dijital eri\u015filebilirlik i\u00e7in orta\u011f\u0131n\u0131z. K\u00fcnye, ileti\u015fim ve \u015firketimiz hakk\u0131nda yasal bilgiler.\" \/>\n<meta name=\"robots\" content=\"index, follow, max-snippet:-1, max-image-preview:large, max-video-preview:-1\" \/>\n<link rel=\"canonical\" href=\"https:\/\/www.digiaccess.org\/tr\/kuenye\/\" \/>\n<meta property=\"og:locale\" content=\"tr_TR\" \/>\n<meta property=\"og:type\" content=\"article\" \/>\n<meta property=\"og:title\" content=\"K\u00fcnye - digi\u00b7access\" \/>\n<meta property=\"og:description\" content=\"digi\u00b7access GmbH - Dijital eri\u015filebilirlik i\u00e7in orta\u011f\u0131n\u0131z. K\u00fcnye, ileti\u015fim ve \u015firketimiz hakk\u0131nda yasal bilgiler.\" \/>\n<meta property=\"og:url\" content=\"https:\/\/www.digiaccess.org\/tr\/kuenye\/\" \/>\n<meta property=\"og:site_name\" content=\"digi\u00b7access\" \/>\n<meta property=\"article:modified_time\" content=\"2025-10-21T08:32:58+00:00\" \/>\n<meta name=\"twitter:card\" content=\"summary_large_image\" \/>\n<meta name=\"twitter:label1\" content=\"Tahmini okuma s\u00fcresi\" \/>\n\t<meta name=\"twitter:data1\" content=\"3 dakika\" \/>\n<script type=\"application\/ld+json\" class=\"yoast-schema-graph\">{\"@context\":\"https:\/\/schema.org\",\"@graph\":[{\"@type\":\"WebPage\",\"@id\":\"https:\/\/www.digiaccess.org\/tr\/kuenye\/\",\"url\":\"https:\/\/www.digiaccess.org\/tr\/kuenye\/\",\"name\":\"K\u00fcnye - digi\u00b7access\",\"isPartOf\":{\"@id\":\"https:\/\/www.digiaccess.org\/tr\/#website\"},\"datePublished\":\"2024-10-30T08:37:14+00:00\",\"dateModified\":\"2025-10-21T08:32:58+00:00\",\"description\":\"digi\u00b7access GmbH - Dijital eri\u015filebilirlik i\u00e7in orta\u011f\u0131n\u0131z. K\u00fcnye, ileti\u015fim ve \u015firketimiz hakk\u0131nda yasal bilgiler.\",\"breadcrumb\":{\"@id\":\"https:\/\/www.digiaccess.org\/tr\/kuenye\/#breadcrumb\"},\"inLanguage\":\"tr\",\"potentialAction\":[{\"@type\":\"ReadAction\",\"target\":[\"https:\/\/www.digiaccess.org\/tr\/kuenye\/\"]}]},{\"@type\":\"BreadcrumbList\",\"@id\":\"https:\/\/www.digiaccess.org\/tr\/kuenye\/#breadcrumb\",\"itemListElement\":[{\"@type\":\"ListItem\",\"position\":1,\"name\":\"Home\",\"item\":\"https:\/\/www.digiaccess.org\/tr\/\"},{\"@type\":\"ListItem\",\"position\":2,\"name\":\"K\u00fcnye\"}]},{\"@type\":\"WebSite\",\"@id\":\"https:\/\/www.digiaccess.org\/tr\/#website\",\"url\":\"https:\/\/www.digiaccess.org\/tr\/\",\"name\":\"digi\u00b7access\",\"description\":\"Dijital eri\u015filebilirlik\",\"publisher\":{\"@id\":\"https:\/\/www.digiaccess.org\/tr\/#organization\"},\"potentialAction\":[{\"@type\":\"SearchAction\",\"target\":{\"@type\":\"EntryPoint\",\"urlTemplate\":\"https:\/\/www.digiaccess.org\/tr\/?s={search_term_string}\"},\"query-input\":{\"@type\":\"PropertyValueSpecification\",\"valueRequired\":true,\"valueName\":\"search_term_string\"}}],\"inLanguage\":\"tr\"},{\"@type\":\"Organization\",\"@id\":\"https:\/\/www.digiaccess.org\/tr\/#organization\",\"name\":\"digi\u00b7access\",\"url\":\"https:\/\/www.digiaccess.org\/tr\/\",\"logo\":{\"@type\":\"ImageObject\",\"inLanguage\":\"tr\",\"@id\":\"https:\/\/www.digiaccess.org\/tr\/#\/schema\/logo\/image\/\",\"url\":\"https:\/\/www.digiaccess.org\/wp-content\/uploads\/2024\/10\/digi-access_Logo_02_RZ.svg\",\"contentUrl\":\"https:\/\/www.digiaccess.org\/wp-content\/uploads\/2024\/10\/digi-access_Logo_02_RZ.svg\",\"caption\":\"digi\u00b7access\"},\"image\":{\"@id\":\"https:\/\/www.digiaccess.org\/tr\/#\/schema\/logo\/image\/\"}}]}<\/script>\n<!-- \/ Yoast SEO plugin. -->","yoast_head_json":{"title":"K\u00fcnye - digi\u00b7access","description":"digi\u00b7access GmbH - Dijital eri\u015filebilirlik i\u00e7in orta\u011f\u0131n\u0131z. K\u00fcnye, ileti\u015fim ve \u015firketimiz hakk\u0131nda yasal bilgiler.","robots":{"index":"index","follow":"follow","max-snippet":"max-snippet:-1","max-image-preview":"max-image-preview:large","max-video-preview":"max-video-preview:-1"},"canonical":"https:\/\/www.digiaccess.org\/tr\/kuenye\/","og_locale":"tr_TR","og_type":"article","og_title":"K\u00fcnye - digi\u00b7access","og_description":"digi\u00b7access GmbH - Dijital eri\u015filebilirlik i\u00e7in orta\u011f\u0131n\u0131z. K\u00fcnye, ileti\u015fim ve \u015firketimiz hakk\u0131nda yasal bilgiler.","og_url":"https:\/\/www.digiaccess.org\/tr\/kuenye\/","og_site_name":"digi\u00b7access","article_modified_time":"2025-10-21T08:32:58+00:00","twitter_card":"summary_large_image","twitter_misc":{"Tahmini okuma s\u00fcresi":"3 dakika"},"schema":{"@context":"https:\/\/schema.org","@graph":[{"@type":"WebPage","@id":"https:\/\/www.digiaccess.org\/tr\/kuenye\/","url":"https:\/\/www.digiaccess.org\/tr\/kuenye\/","name":"K\u00fcnye - digi\u00b7access","isPartOf":{"@id":"https:\/\/www.digiaccess.org\/tr\/#website"},"datePublished":"2024-10-30T08:37:14+00:00","dateModified":"2025-10-21T08:32:58+00:00","description":"digi\u00b7access GmbH - Dijital eri\u015filebilirlik i\u00e7in orta\u011f\u0131n\u0131z. K\u00fcnye, ileti\u015fim ve \u015firketimiz hakk\u0131nda yasal bilgiler.","breadcrumb":{"@id":"https:\/\/www.digiaccess.org\/tr\/kuenye\/#breadcrumb"},"inLanguage":"tr","potentialAction":[{"@type":"ReadAction","target":["https:\/\/www.digiaccess.org\/tr\/kuenye\/"]}]},{"@type":"BreadcrumbList","@id":"https:\/\/www.digiaccess.org\/tr\/kuenye\/#breadcrumb","itemListElement":[{"@type":"ListItem","position":1,"name":"Home","item":"https:\/\/www.digiaccess.org\/tr\/"},{"@type":"ListItem","position":2,"name":"K\u00fcnye"}]},{"@type":"WebSite","@id":"https:\/\/www.digiaccess.org\/tr\/#website","url":"https:\/\/www.digiaccess.org\/tr\/","name":"digi\u00b7access","description":"Dijital eri\u015filebilirlik","publisher":{"@id":"https:\/\/www.digiaccess.org\/tr\/#organization"},"potentialAction":[{"@type":"SearchAction","target":{"@type":"EntryPoint","urlTemplate":"https:\/\/www.digiaccess.org\/tr\/?s={search_term_string}"},"query-input":{"@type":"PropertyValueSpecification","valueRequired":true,"valueName":"search_term_string"}}],"inLanguage":"tr"},{"@type":"Organization","@id":"https:\/\/www.digiaccess.org\/tr\/#organization","name":"digi\u00b7access","url":"https:\/\/www.digiaccess.org\/tr\/","logo":{"@type":"ImageObject","inLanguage":"tr","@id":"https:\/\/www.digiaccess.org\/tr\/#\/schema\/logo\/image\/","url":"https:\/\/www.digiaccess.org\/wp-content\/uploads\/2024\/10\/digi-access_Logo_02_RZ.svg","contentUrl":"https:\/\/www.digiaccess.org\/wp-content\/uploads\/2024\/10\/digi-access_Logo_02_RZ.svg","caption":"digi\u00b7access"},"image":{"@id":"https:\/\/www.digiaccess.org\/tr\/#\/schema\/logo\/image\/"}}]}},"_links":{"self":[{"href":"https:\/\/www.digiaccess.org\/tr\/wp-json\/wp\/v2\/pages\/9797","targetHints":{"allow":["GET"]}}],"collection":[{"href":"https:\/\/www.digiaccess.org\/tr\/wp-json\/wp\/v2\/pages"}],"about":[{"href":"https:\/\/www.digiaccess.org\/tr\/wp-json\/wp\/v2\/types\/page"}],"author":[{"embeddable":true,"href":"https:\/\/www.digiaccess.org\/tr\/wp-json\/wp\/v2\/users\/2"}],"replies":[{"embeddable":true,"href":"https:\/\/www.digiaccess.org\/tr\/wp-json\/wp\/v2\/comments?post=9797"}],"version-history":[{"count":6,"href":"https:\/\/www.digiaccess.org\/tr\/wp-json\/wp\/v2\/pages\/9797\/revisions"}],"predecessor-version":[{"id":15033,"href":"https:\/\/www.digiaccess.org\/tr\/wp-json\/wp\/v2\/pages\/9797\/revisions\/15033"}],"wp:attachment":[{"href":"https:\/\/www.digiaccess.org\/tr\/wp-json\/wp\/v2\/media?parent=9797"}],"curies":[{"name":"wp","href":"https:\/\/api.w.org\/{rel}","templated":true}]}}