{"id":9830,"date":"2024-10-30T10:48:43","date_gmt":"2024-10-30T09:48:43","guid":{"rendered":"https:\/\/www.digiaccess.org\/sirket\/"},"modified":"2025-10-21T10:07:02","modified_gmt":"2025-10-21T08:07:02","slug":"sirket","status":"publish","type":"page","link":"https:\/\/www.digiaccess.org\/tr\/sirket\/","title":{"rendered":"\u015eirket"},"content":{"rendered":"\t\t<div data-elementor-type=\"wp-page\" data-elementor-id=\"9830\" class=\"elementor elementor-9830 elementor-4973\" data-elementor-post-type=\"page\">\n\t\t\t\t<div class=\"elementor-element elementor-element-47897e0 e-con-full e-flex e-con e-parent\" data-id=\"47897e0\" data-element_type=\"container\" data-settings=\"{&quot;background_background&quot;:&quot;classic&quot;}\">\n\t\t<div class=\"elementor-element elementor-element-73e4672 e-con-full e-flex e-con e-child\" data-id=\"73e4672\" data-element_type=\"container\">\n\t\t\t\t<\/div>\n\t\t<div class=\"elementor-element elementor-element-2f1b0d5 e-con-full e-flex e-con e-child\" data-id=\"2f1b0d5\" data-element_type=\"container\">\n\t\t\t\t<div class=\"elementor-element elementor-element-60e3373 elementor-widget elementor-widget-text-editor\" data-id=\"60e3373\" data-element_type=\"widget\" data-widget_type=\"text-editor.default\">\n\t\t\t\t<div class=\"elementor-widget-container\">\n\t\t\t\t\t\t\t\t\t<h2 class=\"vc_custom_heading vc_custom_1716812882264\" data-da-style=\"true\">Misyonumuz ve de\u011ferlerimiz<\/h2><p class=\"vc_custom_heading vc_custom_1716819418202\" data-da-style=\"true\">Nihai hedefimiz, t\u00fcm insanlar i\u00e7in kapsay\u0131c\u0131 bir \u00e7evrimi\u00e7i deneyim yaratmakt\u0131r.<\/p>\t\t\t\t\t\t\t\t<\/div>\n\t\t\t\t<\/div>\n\t\t\t\t<div class=\"elementor-element elementor-element-d5b5e86 content-align-left icon-box-vertical-align-top icon-position-left icon-vertical-align-start elementor-widget elementor-widget-the7_icon_box_grid_widget\" data-id=\"d5b5e86\" data-element_type=\"widget\" data-widget_type=\"the7_icon_box_grid_widget.default\">\n\t\t\t\t<div class=\"elementor-widget-container\">\n\t\t\t\t\t<div class=\"the7-box-grid-wrapper the7-elementor-widget loading-effect-none the7_icon_box_grid_widget-d5b5e86\">\t\t\t<div class=\"dt-css-grid\">\n\t\t\t\t\t\t\t\t\t<div class=\"wf-cell shown\">\n\t\t\t\t\t\t<div class=\"the7-icon-box-grid\">\t\t\t\t\t\t\t<div class=\"box-content-wrapper\">\n\t\t\t\t\t\t\t\t\t\t\t\t\t\t\t\t\t<a class=\"elementor-icon-div\" aria-label=\"D\u00fcr\u00fcstl\u00fck:\">\t\t\t\t\t\t\t\t\t\t<div class=\"elementor-icon\">\n\t\t\t\t\t\t\t\t\t\t\t<svg aria-hidden=\"true\" class=\"e-font-icon-svg e-fas-check\" viewBox=\"0 0 512 512\" xmlns=\"http:\/\/www.w3.org\/2000\/svg\"><path d=\"M173.898 439.404l-166.4-166.4c-9.997-9.997-9.997-26.206 0-36.204l36.203-36.204c9.997-9.998 26.207-9.998 36.204 0L192 312.69 432.095 72.596c9.997-9.997 26.207-9.997 36.204 0l36.203 36.204c9.997 9.997 9.997 26.206 0 36.204l-294.4 294.401c-9.998 9.997-26.207 9.997-36.204-.001z\"><\/path><\/svg>\t\t\t\t\t\t\t\t\t\t<\/div>\n\t\t\t\t\t\t\t\t\t<\/a>\t\t\t\t\t\t\t\t\t\t\t\t\t\t\t\t<div class=\"box-content\">\n\t\t\t\t\t\t\t\t\t\t\t\t\t\t\t\t\t\t\t\t\t\t\t\t\t\t\t\t\t<h4 class=\"box-heading\">\n\t\t\t\t\t\t\t\t\t\t\t<a aria-label=\"D\u00fcr\u00fcstl\u00fck:\">\t\t\t\t\t\t\t\t\t\t\t\tD\u00fcr\u00fcstl\u00fck:\t\t\t\t\t\t\t\t\t\t\t<\/a>\t\t\t\t\t\t\t\t\t\t<\/h4>\n\t\t\t\t\t\t\t\t\t\t\t\t\t\t\t\t\t\t\t\t\t\t\t\t\t\t\t\t<div class=\"box-description\">M\u00fc\u015fterilerimizin ve ortaklar\u0131m\u0131z\u0131n g\u00fcvenini kazanmak ve s\u00fcrd\u00fcrmek i\u00e7in her zaman etik ve sorumlu bir \u015fekilde hareket ediyoruz.<\/div>\n\t\t\t\t\t\t\t\t\t\t\t\t\t\t\t\t\t\t\t\t\t\t\t\t\t\t<\/div>\n\t\t\t\t\t\t\t<\/div>\n\t\t\t\t\t\t<\/div>\t\t\t\t\t<\/div>\n\t\t\t\t\t\t\t\t\t<div class=\"wf-cell shown\">\n\t\t\t\t\t\t<div class=\"the7-icon-box-grid\">\t\t\t\t\t\t\t<div class=\"box-content-wrapper\">\n\t\t\t\t\t\t\t\t\t\t\t\t\t\t\t\t\t<a class=\"elementor-icon-div\" aria-label=\"\u0130novasyon:\">\t\t\t\t\t\t\t\t\t\t<div class=\"elementor-icon\">\n\t\t\t\t\t\t\t\t\t\t\t<svg aria-hidden=\"true\" class=\"e-font-icon-svg e-fas-check\" viewBox=\"0 0 512 512\" xmlns=\"http:\/\/www.w3.org\/2000\/svg\"><path d=\"M173.898 439.404l-166.4-166.4c-9.997-9.997-9.997-26.206 0-36.204l36.203-36.204c9.997-9.998 26.207-9.998 36.204 0L192 312.69 432.095 72.596c9.997-9.997 26.207-9.997 36.204 0l36.203 36.204c9.997 9.997 9.997 26.206 0 36.204l-294.4 294.401c-9.998 9.997-26.207 9.997-36.204-.001z\"><\/path><\/svg>\t\t\t\t\t\t\t\t\t\t<\/div>\n\t\t\t\t\t\t\t\t\t<\/a>\t\t\t\t\t\t\t\t\t\t\t\t\t\t\t\t<div class=\"box-content\">\n\t\t\t\t\t\t\t\t\t\t\t\t\t\t\t\t\t\t\t\t\t\t\t\t\t\t\t\t\t<h4 class=\"box-heading\">\n\t\t\t\t\t\t\t\t\t\t\t<a aria-label=\"\u0130novasyon:\">\t\t\t\t\t\t\t\t\t\t\t\t\u0130novasyon:\t\t\t\t\t\t\t\t\t\t\t<\/a>\t\t\t\t\t\t\t\t\t\t<\/h4>\n\t\t\t\t\t\t\t\t\t\t\t\t\t\t\t\t\t\t\t\t\t\t\t\t\t\t\t\t<div class=\"box-description\">Dijital eri\u015filebilirli\u011fi te\u015fvik etmenin ve geli\u015ftirmenin yeni yollar\u0131n\u0131 bulmak i\u00e7in s\u00fcrekli yenili\u011fe odaklan\u0131yoruz.<\/div>\n\t\t\t\t\t\t\t\t\t\t\t\t\t\t\t\t\t\t\t\t\t\t\t\t\t\t<\/div>\n\t\t\t\t\t\t\t<\/div>\n\t\t\t\t\t\t<\/div>\t\t\t\t\t<\/div>\n\t\t\t\t\t\t\t\t\t<div class=\"wf-cell shown\">\n\t\t\t\t\t\t<div class=\"the7-icon-box-grid\">\t\t\t\t\t\t\t<div class=\"box-content-wrapper\">\n\t\t\t\t\t\t\t\t\t\t\t\t\t\t\t\t\t<a class=\"elementor-icon-div\" aria-label=\"B\u00fct\u00fcnsel yakla\u015f\u0131m:\">\t\t\t\t\t\t\t\t\t\t<div class=\"elementor-icon\">\n\t\t\t\t\t\t\t\t\t\t\t<svg aria-hidden=\"true\" class=\"e-font-icon-svg e-fas-check\" viewBox=\"0 0 512 512\" xmlns=\"http:\/\/www.w3.org\/2000\/svg\"><path d=\"M173.898 439.404l-166.4-166.4c-9.997-9.997-9.997-26.206 0-36.204l36.203-36.204c9.997-9.998 26.207-9.998 36.204 0L192 312.69 432.095 72.596c9.997-9.997 26.207-9.997 36.204 0l36.203 36.204c9.997 9.997 9.997 26.206 0 36.204l-294.4 294.401c-9.998 9.997-26.207 9.997-36.204-.001z\"><\/path><\/svg>\t\t\t\t\t\t\t\t\t\t<\/div>\n\t\t\t\t\t\t\t\t\t<\/a>\t\t\t\t\t\t\t\t\t\t\t\t\t\t\t\t<div class=\"box-content\">\n\t\t\t\t\t\t\t\t\t\t\t\t\t\t\t\t\t\t\t\t\t\t\t\t\t\t\t\t\t<h4 class=\"box-heading\">\n\t\t\t\t\t\t\t\t\t\t\t<a aria-label=\"B\u00fct\u00fcnsel yakla\u015f\u0131m:\">\t\t\t\t\t\t\t\t\t\t\t\tB\u00fct\u00fcnsel yakla\u015f\u0131m:\t\t\t\t\t\t\t\t\t\t\t<\/a>\t\t\t\t\t\t\t\t\t\t<\/h4>\n\t\t\t\t\t\t\t\t\t\t\t\t\t\t\t\t\t\t\t\t\t\t\t\t\t\t\t\t<div class=\"box-description\">M\u00fc\u015fterilerimizin dijital eri\u015filebilirliklerini etkili bir \u015fekilde geli\u015ftirmelerini ve geni\u015f bir kitlenin ihtiya\u00e7lar\u0131n\u0131 kar\u015f\u0131lamalar\u0131n\u0131 sa\u011fl\u0131yoruz. \u0130stenirse yasal gerekliliklerin \u00f6tesine de ge\u00e7ebiliyoruz. <\/div>\n\t\t\t\t\t\t\t\t\t\t\t\t\t\t\t\t\t\t\t\t\t\t\t\t\t\t<\/div>\n\t\t\t\t\t\t\t<\/div>\n\t\t\t\t\t\t<\/div>\t\t\t\t\t<\/div>\n\t\t\t\t\t\t\t\t\t<div class=\"wf-cell shown\">\n\t\t\t\t\t\t<div class=\"the7-icon-box-grid\">\t\t\t\t\t\t\t<div class=\"box-content-wrapper\">\n\t\t\t\t\t\t\t\t\t\t\t\t\t\t\t\t\t<a class=\"elementor-icon-div\" aria-label=\"Uzmanl\u0131k\">\t\t\t\t\t\t\t\t\t\t<div class=\"elementor-icon\">\n\t\t\t\t\t\t\t\t\t\t\t<svg aria-hidden=\"true\" class=\"e-font-icon-svg e-fas-check\" viewBox=\"0 0 512 512\" xmlns=\"http:\/\/www.w3.org\/2000\/svg\"><path d=\"M173.898 439.404l-166.4-166.4c-9.997-9.997-9.997-26.206 0-36.204l36.203-36.204c9.997-9.998 26.207-9.998 36.204 0L192 312.69 432.095 72.596c9.997-9.997 26.207-9.997 36.204 0l36.203 36.204c9.997 9.997 9.997 26.206 0 36.204l-294.4 294.401c-9.998 9.997-26.207 9.997-36.204-.001z\"><\/path><\/svg>\t\t\t\t\t\t\t\t\t\t<\/div>\n\t\t\t\t\t\t\t\t\t<\/a>\t\t\t\t\t\t\t\t\t\t\t\t\t\t\t\t<div class=\"box-content\">\n\t\t\t\t\t\t\t\t\t\t\t\t\t\t\t\t\t\t\t\t\t\t\t\t\t\t\t\t\t<h4 class=\"box-heading\">\n\t\t\t\t\t\t\t\t\t\t\t<a aria-label=\"Uzmanl\u0131k\">\t\t\t\t\t\t\t\t\t\t\t\tUzmanl\u0131k\t\t\t\t\t\t\t\t\t\t\t<\/a>\t\t\t\t\t\t\t\t\t\t<\/h4>\n\t\t\t\t\t\t\t\t\t\t\t\t\t\t\t\t\t\t\t\t\t\t\t\t\t\t\t\t<div class=\"box-description\">10 y\u0131l\u0131 a\u015fk\u0131n uzmanl\u0131\u011f\u0131m\u0131zla dijital eri\u015filebilirlik konusunda i\u015f orta\u011f\u0131n\u0131z\u0131z.<\/div>\n\t\t\t\t\t\t\t\t\t\t\t\t\t\t\t\t\t\t\t\t\t\t\t\t\t\t<\/div>\n\t\t\t\t\t\t\t<\/div>\n\t\t\t\t\t\t<\/div>\t\t\t\t\t<\/div>\n\t\t\t\t\t\t\t\t\t<div class=\"wf-cell shown\">\n\t\t\t\t\t\t<div class=\"the7-icon-box-grid\">\t\t\t\t\t\t\t<div class=\"box-content-wrapper\">\n\t\t\t\t\t\t\t\t\t\t\t\t\t\t\t\t\t<a class=\"elementor-icon-div\" aria-label=\"M\u00fc\u015fteri odakl\u0131l\u0131k\">\t\t\t\t\t\t\t\t\t\t<div class=\"elementor-icon\">\n\t\t\t\t\t\t\t\t\t\t\t<svg aria-hidden=\"true\" class=\"e-font-icon-svg e-fas-check\" viewBox=\"0 0 512 512\" xmlns=\"http:\/\/www.w3.org\/2000\/svg\"><path d=\"M173.898 439.404l-166.4-166.4c-9.997-9.997-9.997-26.206 0-36.204l36.203-36.204c9.997-9.998 26.207-9.998 36.204 0L192 312.69 432.095 72.596c9.997-9.997 26.207-9.997 36.204 0l36.203 36.204c9.997 9.997 9.997 26.206 0 36.204l-294.4 294.401c-9.998 9.997-26.207 9.997-36.204-.001z\"><\/path><\/svg>\t\t\t\t\t\t\t\t\t\t<\/div>\n\t\t\t\t\t\t\t\t\t<\/a>\t\t\t\t\t\t\t\t\t\t\t\t\t\t\t\t<div class=\"box-content\">\n\t\t\t\t\t\t\t\t\t\t\t\t\t\t\t\t\t\t\t\t\t\t\t\t\t\t\t\t\t<h4 class=\"box-heading\">\n\t\t\t\t\t\t\t\t\t\t\t<a aria-label=\"M\u00fc\u015fteri odakl\u0131l\u0131k\">\t\t\t\t\t\t\t\t\t\t\t\tM\u00fc\u015fteri odakl\u0131l\u0131k\t\t\t\t\t\t\t\t\t\t\t<\/a>\t\t\t\t\t\t\t\t\t\t<\/h4>\n\t\t\t\t\t\t\t\t\t\t\t\t\t\t\t\t\t\t\t\t\t\t\t\t\t\t\t\t<div class=\"box-description\">M\u00fc\u015fterilerimizin ihtiya\u00e7lar\u0131 \u00f6n plandad\u0131r. \u0130lerlemenize yard\u0131mc\u0131 olacak \u00f6zelle\u015ftirilmi\u015f \u00e7\u00f6z\u00fcmler geli\u015ftirmek i\u00e7in sizinle yak\u0131n i\u015fbirli\u011fi i\u00e7inde \u00e7al\u0131\u015f\u0131yoruz. <\/div>\n\t\t\t\t\t\t\t\t\t\t\t\t\t\t\t\t\t\t\t\t\t\t\t\t\t\t<\/div>\n\t\t\t\t\t\t\t<\/div>\n\t\t\t\t\t\t<\/div>\t\t\t\t\t<\/div>\n\t\t\t\t\t\t\t\t\t<div class=\"wf-cell shown\">\n\t\t\t\t\t\t<div class=\"the7-icon-box-grid\">\t\t\t\t\t\t\t<div class=\"box-content-wrapper\">\n\t\t\t\t\t\t\t\t\t\t\t\t\t\t\t\t\t<a class=\"elementor-icon-div\" aria-label=\"\u0130\u00e7erme:\">\t\t\t\t\t\t\t\t\t\t<div class=\"elementor-icon\">\n\t\t\t\t\t\t\t\t\t\t\t<svg aria-hidden=\"true\" class=\"e-font-icon-svg e-fas-check\" viewBox=\"0 0 512 512\" xmlns=\"http:\/\/www.w3.org\/2000\/svg\"><path d=\"M173.898 439.404l-166.4-166.4c-9.997-9.997-9.997-26.206 0-36.204l36.203-36.204c9.997-9.998 26.207-9.998 36.204 0L192 312.69 432.095 72.596c9.997-9.997 26.207-9.997 36.204 0l36.203 36.204c9.997 9.997 9.997 26.206 0 36.204l-294.4 294.401c-9.998 9.997-26.207 9.997-36.204-.001z\"><\/path><\/svg>\t\t\t\t\t\t\t\t\t\t<\/div>\n\t\t\t\t\t\t\t\t\t<\/a>\t\t\t\t\t\t\t\t\t\t\t\t\t\t\t\t<div class=\"box-content\">\n\t\t\t\t\t\t\t\t\t\t\t\t\t\t\t\t\t\t\t\t\t\t\t\t\t\t\t\t\t<h4 class=\"box-heading\">\n\t\t\t\t\t\t\t\t\t\t\t<a aria-label=\"\u0130\u00e7erme:\">\t\t\t\t\t\t\t\t\t\t\t\t\u0130\u00e7erme:\t\t\t\t\t\t\t\t\t\t\t<\/a>\t\t\t\t\t\t\t\t\t\t<\/h4>\n\t\t\t\t\t\t\t\t\t\t\t\t\t\t\t\t\t\t\t\t\t\t\t\t\t\t\t\t<div class=\"box-description\">Kapsay\u0131c\u0131 bir topluma inan\u0131yoruz ve herkesin dijital i\u00e7erik ve hizmetlere e\u015fit eri\u015fimini sa\u011flamaya kararl\u0131y\u0131z.<\/div>\n\t\t\t\t\t\t\t\t\t\t\t\t\t\t\t\t\t\t\t\t\t\t\t\t\t\t<\/div>\n\t\t\t\t\t\t\t<\/div>\n\t\t\t\t\t\t<\/div>\t\t\t\t\t<\/div>\n\t\t\t\t\t\t\t<\/div>\n\t\t<\/div>\t\t\t\t<\/div>\n\t\t\t\t<\/div>\n\t\t\t\t<\/div>\n\t\t<div class=\"elementor-element elementor-element-a2c5ef1 e-con-full e-flex e-con e-child\" data-id=\"a2c5ef1\" data-element_type=\"container\">\n\t\t\t\t<\/div>\n\t\t\t\t<\/div>\n\t\t<div class=\"elementor-element elementor-element-9b99913 e-flex e-con-boxed e-con e-parent\" data-id=\"9b99913\" data-element_type=\"container\" data-settings=\"{&quot;background_background&quot;:&quot;classic&quot;}\">\n\t\t\t\t\t<div class=\"e-con-inner\">\n\t\t\t\t<div class=\"elementor-element elementor-element-8ed1c38 elementor-widget elementor-widget-text-editor\" data-id=\"8ed1c38\" data-element_type=\"widget\" data-widget_type=\"text-editor.default\">\n\t\t\t\t<div class=\"elementor-widget-container\">\n\t\t\t\t\t\t\t\t\t<h2 class=\"vc_custom_heading vc_custom_1716814221048\" style=\"text-align: center;\" data-da-style=\"true\">Bize ula\u015f\u0131n<\/h2><div class=\"wpb_text_column wpb_content_element \"><div class=\"wpb_wrapper\"><h3 style=\"text-align: center;\" data-da-style=\"true\">\u0130stedi\u011finiz zaman bizimle ileti\u015fime ge\u00e7ebilirsiniz.<\/h3><h4 style=\"text-align: center;\" data-da-style=\"true\">Eri\u015filebilir bir \u00e7evrimi\u00e7i varl\u0131k olu\u015fturman\u0131za ve dijital eri\u015filebilirli\u011finizi geli\u015ftirmenize nas\u0131l yard\u0131mc\u0131 olabilece\u011fimizi \u00f6\u011frenin.<\/h4><\/div><\/div>\t\t\t\t\t\t\t\t<\/div>\n\t\t\t\t<\/div>\n\t\t\t\t\t<\/div>\n\t\t\t\t<\/div>\n\t\t<div class=\"elementor-element elementor-element-fcb6fb2 e-flex e-con-boxed e-con e-parent\" data-id=\"fcb6fb2\" data-element_type=\"container\" data-settings=\"{&quot;background_background&quot;:&quot;classic&quot;}\">\n\t\t\t\t\t<div class=\"e-con-inner\">\n\t\t\t\t<div class=\"elementor-element elementor-element-984e6c3 elementor-widget elementor-widget-heading\" data-id=\"984e6c3\" data-element_type=\"widget\" data-widget_type=\"heading.default\">\n\t\t\t\t<div class=\"elementor-widget-container\">\n\t\t\t\t\t<h2 class=\"elementor-heading-title elementor-size-default\">Herhangi bir sorunuz var m\u0131?<\/h2>\t\t\t\t<\/div>\n\t\t\t\t<\/div>\n\t\t\t\t<div class=\"elementor-element elementor-element-0bfa64d elementor-hidden-mobile elementor-widget elementor-widget-text-editor\" data-id=\"0bfa64d\" data-element_type=\"widget\" data-widget_type=\"text-editor.default\">\n\t\t\t\t<div class=\"elementor-widget-container\">\n\t\t\t\t\t\t\t\t\t<h4 class=\"vc_custom_heading vc_custom_1673620750774\" style=\"text-align: center;\" data-da-style=\"true\">Uzmanlar\u0131m\u0131z size yard\u0131mc\u0131 olmaktan mutluluk duyacakt\u0131r.<br>\u0130htiya\u00e7lar\u0131n\u0131za en uygun \u00e7\u00f6z\u00fcm\u00fc bulman\u0131zda size destek oluyoruz.<\/h4>\t\t\t\t\t\t\t\t<\/div>\n\t\t\t\t<\/div>\n\t\t\t\t<div class=\"elementor-element elementor-element-8ec20fb elementor-hidden-desktop elementor-hidden-tablet elementor-widget elementor-widget-text-editor\" data-id=\"8ec20fb\" data-element_type=\"widget\" data-widget_type=\"text-editor.default\">\n\t\t\t\t<div class=\"elementor-widget-container\">\n\t\t\t\t\t\t\t\t\t<p class=\"vc_custom_heading vc_custom_1673620750774\" style=\"text-align: center;\" data-da-style=\"true\">Uzmanlar\u0131m\u0131z sizin i\u00e7in burada. \u0130htiya\u00e7lar\u0131n\u0131z i\u00e7in en iyi \u00e7\u00f6z\u00fcm\u00fc bulman\u0131zda size destek olaca\u011f\u0131z. <\/p>\t\t\t\t\t\t\t\t<\/div>\n\t\t\t\t<\/div>\n\t\t\t\t\t<\/div>\n\t\t\t\t<\/div>\n\t\t\t\t<\/div>\n\t\t","protected":false},"excerpt":{"rendered":"<p>Misyonumuz ve de\u011ferlerimiz Nihai hedefimiz, t\u00fcm insanlar i\u00e7in kapsay\u0131c\u0131 bir \u00e7evrimi\u00e7i deneyim yaratmakt\u0131r. D\u00fcr\u00fcstl\u00fck: M\u00fc\u015fterilerimizin ve ortaklar\u0131m\u0131z\u0131n g\u00fcvenini kazanmak ve s\u00fcrd\u00fcrmek i\u00e7in her zaman etik ve sorumlu bir \u015fekilde hareket ediyoruz. \u0130novasyon: Dijital eri\u015filebilirli\u011fi te\u015fvik etmenin ve geli\u015ftirmenin yeni yollar\u0131n\u0131 bulmak i\u00e7in s\u00fcrekli yenili\u011fe odaklan\u0131yoruz. B\u00fct\u00fcnsel yakla\u015f\u0131m: M\u00fc\u015fterilerimizin dijital eri\u015filebilirliklerini etkili bir \u015fekilde geli\u015ftirmelerini ve&hellip;<\/p>\n","protected":false},"author":2,"featured_media":0,"parent":0,"menu_order":0,"comment_status":"closed","ping_status":"closed","template":"","meta":{"inline_featured_image":false,"footnotes":""},"class_list":["post-9830","page","type-page","status-publish","hentry"],"yoast_head":"<!-- This site is optimized with the Yoast SEO plugin v26.6 - https:\/\/yoast.com\/wordpress\/plugins\/seo\/ -->\n<title>\u015eirket - digi\u00b7access<\/title>\n<meta name=\"description\" content=\"digi\u00b7access herkes i\u00e7in eri\u015filebilir web siteleri ve dijital i\u00e7erikler tasarlar - kapsay\u0131c\u0131, kullan\u0131c\u0131 dostu ve 10 y\u0131l\u0131 a\u015fk\u0131n uzmanl\u0131\u011fa sahiptir.\" \/>\n<meta name=\"robots\" content=\"index, follow, max-snippet:-1, max-image-preview:large, max-video-preview:-1\" \/>\n<link rel=\"canonical\" href=\"https:\/\/www.digiaccess.org\/tr\/sirket\/\" \/>\n<meta property=\"og:locale\" content=\"tr_TR\" \/>\n<meta property=\"og:type\" content=\"article\" \/>\n<meta property=\"og:title\" content=\"\u015eirket - digi\u00b7access\" \/>\n<meta property=\"og:description\" content=\"digi\u00b7access herkes i\u00e7in eri\u015filebilir web siteleri ve dijital i\u00e7erikler tasarlar - kapsay\u0131c\u0131, kullan\u0131c\u0131 dostu ve 10 y\u0131l\u0131 a\u015fk\u0131n uzmanl\u0131\u011fa sahiptir.\" \/>\n<meta property=\"og:url\" content=\"https:\/\/www.digiaccess.org\/tr\/sirket\/\" \/>\n<meta property=\"og:site_name\" content=\"digi\u00b7access\" \/>\n<meta property=\"article:modified_time\" content=\"2025-10-21T08:07:02+00:00\" \/>\n<meta name=\"twitter:card\" content=\"summary_large_image\" \/>\n<meta name=\"twitter:label1\" content=\"Tahmini okuma s\u00fcresi\" \/>\n\t<meta name=\"twitter:data1\" content=\"1 dakika\" \/>\n<script type=\"application\/ld+json\" class=\"yoast-schema-graph\">{\"@context\":\"https:\/\/schema.org\",\"@graph\":[{\"@type\":\"WebPage\",\"@id\":\"https:\/\/www.digiaccess.org\/tr\/sirket\/\",\"url\":\"https:\/\/www.digiaccess.org\/tr\/sirket\/\",\"name\":\"\u015eirket - digi\u00b7access\",\"isPartOf\":{\"@id\":\"https:\/\/www.digiaccess.org\/tr\/#website\"},\"datePublished\":\"2024-10-30T09:48:43+00:00\",\"dateModified\":\"2025-10-21T08:07:02+00:00\",\"description\":\"digi\u00b7access herkes i\u00e7in eri\u015filebilir web siteleri ve dijital i\u00e7erikler tasarlar - kapsay\u0131c\u0131, kullan\u0131c\u0131 dostu ve 10 y\u0131l\u0131 a\u015fk\u0131n uzmanl\u0131\u011fa sahiptir.\",\"breadcrumb\":{\"@id\":\"https:\/\/www.digiaccess.org\/tr\/sirket\/#breadcrumb\"},\"inLanguage\":\"tr\",\"potentialAction\":[{\"@type\":\"ReadAction\",\"target\":[\"https:\/\/www.digiaccess.org\/tr\/sirket\/\"]}]},{\"@type\":\"BreadcrumbList\",\"@id\":\"https:\/\/www.digiaccess.org\/tr\/sirket\/#breadcrumb\",\"itemListElement\":[{\"@type\":\"ListItem\",\"position\":1,\"name\":\"Home\",\"item\":\"https:\/\/www.digiaccess.org\/tr\/\"},{\"@type\":\"ListItem\",\"position\":2,\"name\":\"\u015eirket\"}]},{\"@type\":\"WebSite\",\"@id\":\"https:\/\/www.digiaccess.org\/tr\/#website\",\"url\":\"https:\/\/www.digiaccess.org\/tr\/\",\"name\":\"digi\u00b7access\",\"description\":\"Dijital eri\u015filebilirlik\",\"publisher\":{\"@id\":\"https:\/\/www.digiaccess.org\/tr\/#organization\"},\"potentialAction\":[{\"@type\":\"SearchAction\",\"target\":{\"@type\":\"EntryPoint\",\"urlTemplate\":\"https:\/\/www.digiaccess.org\/tr\/?s={search_term_string}\"},\"query-input\":{\"@type\":\"PropertyValueSpecification\",\"valueRequired\":true,\"valueName\":\"search_term_string\"}}],\"inLanguage\":\"tr\"},{\"@type\":\"Organization\",\"@id\":\"https:\/\/www.digiaccess.org\/tr\/#organization\",\"name\":\"digi\u00b7access\",\"url\":\"https:\/\/www.digiaccess.org\/tr\/\",\"logo\":{\"@type\":\"ImageObject\",\"inLanguage\":\"tr\",\"@id\":\"https:\/\/www.digiaccess.org\/tr\/#\/schema\/logo\/image\/\",\"url\":\"https:\/\/www.digiaccess.org\/wp-content\/uploads\/2024\/10\/digi-access_Logo_02_RZ.svg\",\"contentUrl\":\"https:\/\/www.digiaccess.org\/wp-content\/uploads\/2024\/10\/digi-access_Logo_02_RZ.svg\",\"caption\":\"digi\u00b7access\"},\"image\":{\"@id\":\"https:\/\/www.digiaccess.org\/tr\/#\/schema\/logo\/image\/\"}}]}<\/script>\n<!-- \/ Yoast SEO plugin. -->","yoast_head_json":{"title":"\u015eirket - digi\u00b7access","description":"digi\u00b7access herkes i\u00e7in eri\u015filebilir web siteleri ve dijital i\u00e7erikler tasarlar - kapsay\u0131c\u0131, kullan\u0131c\u0131 dostu ve 10 y\u0131l\u0131 a\u015fk\u0131n uzmanl\u0131\u011fa sahiptir.","robots":{"index":"index","follow":"follow","max-snippet":"max-snippet:-1","max-image-preview":"max-image-preview:large","max-video-preview":"max-video-preview:-1"},"canonical":"https:\/\/www.digiaccess.org\/tr\/sirket\/","og_locale":"tr_TR","og_type":"article","og_title":"\u015eirket - digi\u00b7access","og_description":"digi\u00b7access herkes i\u00e7in eri\u015filebilir web siteleri ve dijital i\u00e7erikler tasarlar - kapsay\u0131c\u0131, kullan\u0131c\u0131 dostu ve 10 y\u0131l\u0131 a\u015fk\u0131n uzmanl\u0131\u011fa sahiptir.","og_url":"https:\/\/www.digiaccess.org\/tr\/sirket\/","og_site_name":"digi\u00b7access","article_modified_time":"2025-10-21T08:07:02+00:00","twitter_card":"summary_large_image","twitter_misc":{"Tahmini okuma s\u00fcresi":"1 dakika"},"schema":{"@context":"https:\/\/schema.org","@graph":[{"@type":"WebPage","@id":"https:\/\/www.digiaccess.org\/tr\/sirket\/","url":"https:\/\/www.digiaccess.org\/tr\/sirket\/","name":"\u015eirket - digi\u00b7access","isPartOf":{"@id":"https:\/\/www.digiaccess.org\/tr\/#website"},"datePublished":"2024-10-30T09:48:43+00:00","dateModified":"2025-10-21T08:07:02+00:00","description":"digi\u00b7access herkes i\u00e7in eri\u015filebilir web siteleri ve dijital i\u00e7erikler tasarlar - kapsay\u0131c\u0131, kullan\u0131c\u0131 dostu ve 10 y\u0131l\u0131 a\u015fk\u0131n uzmanl\u0131\u011fa sahiptir.","breadcrumb":{"@id":"https:\/\/www.digiaccess.org\/tr\/sirket\/#breadcrumb"},"inLanguage":"tr","potentialAction":[{"@type":"ReadAction","target":["https:\/\/www.digiaccess.org\/tr\/sirket\/"]}]},{"@type":"BreadcrumbList","@id":"https:\/\/www.digiaccess.org\/tr\/sirket\/#breadcrumb","itemListElement":[{"@type":"ListItem","position":1,"name":"Home","item":"https:\/\/www.digiaccess.org\/tr\/"},{"@type":"ListItem","position":2,"name":"\u015eirket"}]},{"@type":"WebSite","@id":"https:\/\/www.digiaccess.org\/tr\/#website","url":"https:\/\/www.digiaccess.org\/tr\/","name":"digi\u00b7access","description":"Dijital eri\u015filebilirlik","publisher":{"@id":"https:\/\/www.digiaccess.org\/tr\/#organization"},"potentialAction":[{"@type":"SearchAction","target":{"@type":"EntryPoint","urlTemplate":"https:\/\/www.digiaccess.org\/tr\/?s={search_term_string}"},"query-input":{"@type":"PropertyValueSpecification","valueRequired":true,"valueName":"search_term_string"}}],"inLanguage":"tr"},{"@type":"Organization","@id":"https:\/\/www.digiaccess.org\/tr\/#organization","name":"digi\u00b7access","url":"https:\/\/www.digiaccess.org\/tr\/","logo":{"@type":"ImageObject","inLanguage":"tr","@id":"https:\/\/www.digiaccess.org\/tr\/#\/schema\/logo\/image\/","url":"https:\/\/www.digiaccess.org\/wp-content\/uploads\/2024\/10\/digi-access_Logo_02_RZ.svg","contentUrl":"https:\/\/www.digiaccess.org\/wp-content\/uploads\/2024\/10\/digi-access_Logo_02_RZ.svg","caption":"digi\u00b7access"},"image":{"@id":"https:\/\/www.digiaccess.org\/tr\/#\/schema\/logo\/image\/"}}]}},"_links":{"self":[{"href":"https:\/\/www.digiaccess.org\/tr\/wp-json\/wp\/v2\/pages\/9830","targetHints":{"allow":["GET"]}}],"collection":[{"href":"https:\/\/www.digiaccess.org\/tr\/wp-json\/wp\/v2\/pages"}],"about":[{"href":"https:\/\/www.digiaccess.org\/tr\/wp-json\/wp\/v2\/types\/page"}],"author":[{"embeddable":true,"href":"https:\/\/www.digiaccess.org\/tr\/wp-json\/wp\/v2\/users\/2"}],"replies":[{"embeddable":true,"href":"https:\/\/www.digiaccess.org\/tr\/wp-json\/wp\/v2\/comments?post=9830"}],"version-history":[{"count":7,"href":"https:\/\/www.digiaccess.org\/tr\/wp-json\/wp\/v2\/pages\/9830\/revisions"}],"predecessor-version":[{"id":14770,"href":"https:\/\/www.digiaccess.org\/tr\/wp-json\/wp\/v2\/pages\/9830\/revisions\/14770"}],"wp:attachment":[{"href":"https:\/\/www.digiaccess.org\/tr\/wp-json\/wp\/v2\/media?parent=9830"}],"curies":[{"name":"wp","href":"https:\/\/api.w.org\/{rel}","templated":true}]}}